{"id":8185,"date":"2020-10-02T09:12:30","date_gmt":"2020-10-02T07:12:30","guid":{"rendered":"https:\/\/agora.xtec.cat\/ceiplagaraldapalleja\/?page_id=8185"},"modified":"2020-10-09T18:43:11","modified_gmt":"2020-10-09T16:43:11","slug":"per-que-ens-diem-la-garalda","status":"publish","type":"page","link":"https:\/\/agora.xtec.cat\/ceiplagaraldapalleja\/per-que-ens-diem-la-garalda\/","title":{"rendered":"Per qu\u00e8 ens diem La Garalda ?"},"content":{"rendered":"<h2 style=\"text-align: center;\"><span style=\"color: #993300;\"><strong>PER QU\u00c8 LA NOSTRA ESCOLA ES DIU LA GARALDA?<\/strong><\/span><\/h2>\n<p style=\"text-align: center;\"><strong>LA GUERAULA \u2013 GUERALDA \u2013 GERALDA \u2013 GIRALDA o GARALDA<\/strong><\/p>\n<p>Antigament el cam\u00ed ral (reial) que passava per Pallej\u00e0 i anava a Martorell, quan arribava a l\u2019altura del castell, es bifurcava en dos. Un pujava cap dalt del poble, sortia pel que avui \u00e9s el carrer Mart\u00ed i Juli\u00e0, seguia amunt i no conflu\u00efa amb el principal fins m\u00e9s enll\u00e0 de la Garalda.<\/p>\n<p>La Garalda era una gran extensi\u00f3 de terra de correu, principalment de sembrats, que pel sud donava amb un torrent, la Riera Boter, la qual compartien varis pagesos. Si b\u00e9 el segle XVI la posse\u00efen complerta Pere i Ant\u00f3n Marcet, pare i fill, de Pallej\u00e0, els qual vivien a la sagrera de la parr\u00f2quia, o sigui prop de l\u2019esgl\u00e9sia vella situada a la Pla\u00e7a Verdaguer actual.<\/p>\n<p>El 1639 vengueren una part a Ant\u00f3n Joan Figueres i una altra a Ant\u00f3n Coll, tots de Pallej\u00e0. El 1725 els Figueres la vengueren a Joan Amig\u00f3 i el 1731 el fill d\u2019aquest, Josep, posse\u00efa tamb\u00e9 la dels Coll. Si b\u00e9 una part la tenien els Albareda de dalt. El 1748 Josep Amig\u00f3 va establir en emfiteusi (la f\u00f3rmula com es feien tots els arrendaments) a Francesc Gavarr\u00f3, una extensi\u00f3 de terra de la Garalda, tota de sembrats amb alguns arbres fruiters, la qual abans era plantada de vinya.<\/p>\n<p>Doncs b\u00e9, veiem com la Garalda havia estat sempre terra agr\u00edcola on s\u2019hi feien tota classe de conreus, fins i tot blat forment (blat de qualitat alta). El segle XX era plantada d\u2019arbres fruiters com la majoria de les terres planes de Pallej\u00e0. A finals del segle XIX els Albareda de dalt hi tenien una b\u00f2bila per fabricar maons i teules, la qual despr\u00e9s crec que tingueren els Roca. En quan als dos ramals del Cam\u00ed Ral, tant el segle XVI com en el XVII i XVIII, passaven per la Garalda, per l\u2019est i oest respectivament. Per\u00f2 la nova carretera general realitzada pels volts de 1764, ara carretera vella, queda a l\u2019oest de la Garalda. M\u00e9s enll\u00e0 el terreny tenia un altre nom, Mas del Prat.<\/p>\n<p>L\u2019origen del nom de La garalda es pot situar a principis del segle XIV. Per una coincid\u00e8ncia i per la costum d\u2019anomenar els llocs que tenia la gent d\u2019abans: En efecte, l\u2019any 1306, un tal Pere de Prat i la seva esposa GUERAUA (Gueraula), establiren en emfiteusi a un altre pag\u00e8s una pe\u00e7a de terra, la qual era pr\u00f2pia d\u2019un tal GUERAU (Gueraldus) d\u2019Esplugues. Dues persones amb el mateix nom, Gueraula i Guerald, propietaris d\u2019aquella pe\u00e7a de terra. \u00c9s f\u00e0cil deduir doncs, que aquella terra la gent l\u2019anomen\u00e9s la Gueralda o Garalda. I a Pallej\u00e0 no es coneix cap altre lloc amb el nom de la Garalda.<\/p>\n<p>Albert Massegur i Giralt<\/p>\n","protected":false},"excerpt":{"rendered":"<p>PER QU\u00c8 LA NOSTRA ESCOLA ES DIU LA GARALDA?<br \/>\nLA GUERAULA \u2013 GUERALDA \u2013 GERALDA \u2013 GIRALDA o GARALDA<br \/>\nAntigament el cam\u00ed ral (reial) que passava per Pallej\u00e0 i anava a Martorell, quan arribava a l\u2019altura del castell, es bifurcava en dos. Un pujava cap dalt del&hellip;  <a href=\"https:\/\/agora.xtec.cat\/ceiplagaraldapalleja\/per-que-ens-diem-la-garalda\/\" title=\"Read Per qu\u00e8 ens diem La Garalda ?\">Llegeix m\u00e9s\u00bb<\/a><\/p>\n","protected":false},"author":4,"featured_media":0,"parent":0,"menu_order":0,"comment_status":"closed","ping_status":"closed","template":"","meta":{"_bbp_topic_count":0,"_bbp_reply_count":0,"_bbp_total_topic_count":0,"_bbp_total_reply_count":0,"_bbp_voice_count":0,"_bbp_anonymous_reply_count":0,"_bbp_topic_count_hidden":0,"_bbp_reply_count_hidden":0,"_bbp_forum_subforum_count":0,"footnotes":""},"class_list":["post-8185","page","type-page","status-publish","hentry"],"post_mailing_queue_ids":[],"_links":{"self":[{"href":"https:\/\/agora.xtec.cat\/ceiplagaraldapalleja\/wp-json\/wp\/v2\/pages\/8185","targetHints":{"allow":["GET"]}}],"collection":[{"href":"https:\/\/agora.xtec.cat\/ceiplagaraldapalleja\/wp-json\/wp\/v2\/pages"}],"about":[{"href":"https:\/\/agora.xtec.cat\/ceiplagaraldapalleja\/wp-json\/wp\/v2\/types\/page"}],"author":[{"embeddable":true,"href":"https:\/\/agora.xtec.cat\/ceiplagaraldapalleja\/wp-json\/wp\/v2\/users\/4"}],"replies":[{"embeddable":true,"href":"https:\/\/agora.xtec.cat\/ceiplagaraldapalleja\/wp-json\/wp\/v2\/comments?post=8185"}],"version-history":[{"count":3,"href":"https:\/\/agora.xtec.cat\/ceiplagaraldapalleja\/wp-json\/wp\/v2\/pages\/8185\/revisions"}],"predecessor-version":[{"id":8313,"href":"https:\/\/agora.xtec.cat\/ceiplagaraldapalleja\/wp-json\/wp\/v2\/pages\/8185\/revisions\/8313"}],"wp:attachment":[{"href":"https:\/\/agora.xtec.cat\/ceiplagaraldapalleja\/wp-json\/wp\/v2\/media?parent=8185"}],"curies":[{"name":"wp","href":"https:\/\/api.w.org\/{rel}","templated":true}]}}