{"id":77,"date":"2014-09-18T14:05:08","date_gmt":"2014-09-18T14:05:08","guid":{"rendered":"http:\/\/agora.xtec.cat\/ceiplagaraldapalleja\/?page_id=77"},"modified":"2022-05-26T10:43:11","modified_gmt":"2022-05-26T08:43:11","slug":"acollida","status":"publish","type":"page","link":"https:\/\/agora.xtec.cat\/ceiplagaraldapalleja\/serveis\/acollida\/","title":{"rendered":"Acollida matinal"},"content":{"rendered":"<p><span style=\"text-decoration: underline;\"><strong>ACOLLIDA MATINAL<\/strong><\/span><\/p>\n<p>Organitzat per l&#8217;AMPA i l&#8217;empresa &#8220;\u00c0bac&#8221; l&#8217;escola compta amb un servei d&#8217;acollida matinal de 7.30 a 9 del mat\u00ed.<\/p>\n<p>Si esteu interessats en aquest servei cal que us poseu en contacte amb la Carol Hern\u00e1ndez o la M\u00edriam Hern\u00e1n al tel\u00e8fon<strong> 674.11.25.07<\/strong><\/p>\n<p>&nbsp;<\/p>\n<p><span style=\"text-decoration: underline;\"><strong>ACOLLIDA DE TARDA<\/strong><\/span><\/p>\n<p>Organitzat per l&#8217;AMPA i l&#8217;empresa &#8220;\u00c0bac&#8221; l&#8217;escola compta amb un servei d&#8217;acollida de tarda fins a les 18h.<\/p>\n<p>Si esteu interessats en aquest servei cal que us poseu en contacte amb la Carol Hern\u00e1ndez o la M\u00edriam Hern\u00e1n al tel\u00e8fon<strong> 674.11.25.07<\/strong><\/p>\n<p>&nbsp;<\/p>\n","protected":false},"excerpt":{"rendered":"<p>ACOLLIDA MATINAL<br \/>\nOrganitzat per l&#8217;AMPA i l&#8217;empresa &#8220;\u00c0bac&#8221; l&#8217;escola compta amb un servei d&#8217;acollida matinal de 7.30 a 9 del mat\u00ed.<br \/>\nSi esteu interessats en aquest servei cal que us poseu en contacte amb la Carol Hern\u00e1ndez o la M\u00edriam Hern\u00e1n al tel\u00e8fon 674.11.25.07<br \/>\n&nbsp;<br \/>\nACOLLIDA DE TARDA<br \/>\nOrganitzat per&hellip;  <a href=\"https:\/\/agora.xtec.cat\/ceiplagaraldapalleja\/serveis\/acollida\/\" title=\"Read Acollida matinal\">Llegeix m\u00e9s\u00bb<\/a><\/p>\n","protected":false},"author":2,"featured_media":0,"parent":66,"menu_order":20,"comment_status":"closed","ping_status":"closed","template":"page-templates\/side-menu.php","meta":{"_bbp_topic_count":0,"_bbp_reply_count":0,"_bbp_total_topic_count":0,"_bbp_total_reply_count":0,"_bbp_voice_count":0,"_bbp_anonymous_reply_count":0,"_bbp_topic_count_hidden":0,"_bbp_reply_count_hidden":0,"_bbp_forum_subforum_count":0,"footnotes":""},"class_list":["post-77","page","type-page","status-publish","hentry"],"post_mailing_queue_ids":[],"_links":{"self":[{"href":"https:\/\/agora.xtec.cat\/ceiplagaraldapalleja\/wp-json\/wp\/v2\/pages\/77","targetHints":{"allow":["GET"]}}],"collection":[{"href":"https:\/\/agora.xtec.cat\/ceiplagaraldapalleja\/wp-json\/wp\/v2\/pages"}],"about":[{"href":"https:\/\/agora.xtec.cat\/ceiplagaraldapalleja\/wp-json\/wp\/v2\/types\/page"}],"author":[{"embeddable":true,"href":"https:\/\/agora.xtec.cat\/ceiplagaraldapalleja\/wp-json\/wp\/v2\/users\/2"}],"replies":[{"embeddable":true,"href":"https:\/\/agora.xtec.cat\/ceiplagaraldapalleja\/wp-json\/wp\/v2\/comments?post=77"}],"version-history":[{"count":1,"href":"https:\/\/agora.xtec.cat\/ceiplagaraldapalleja\/wp-json\/wp\/v2\/pages\/77\/revisions"}],"predecessor-version":[{"id":11944,"href":"https:\/\/agora.xtec.cat\/ceiplagaraldapalleja\/wp-json\/wp\/v2\/pages\/77\/revisions\/11944"}],"up":[{"embeddable":true,"href":"https:\/\/agora.xtec.cat\/ceiplagaraldapalleja\/wp-json\/wp\/v2\/pages\/66"}],"wp:attachment":[{"href":"https:\/\/agora.xtec.cat\/ceiplagaraldapalleja\/wp-json\/wp\/v2\/media?parent=77"}],"curies":[{"name":"wp","href":"https:\/\/api.w.org\/{rel}","templated":true}]}}