{"id":28,"date":"2014-09-18T12:29:35","date_gmt":"2014-09-18T12:29:35","guid":{"rendered":"http:\/\/agora.xtec.cat\/ceiplagaraldapalleja\/?page_id=28"},"modified":"2025-02-10T13:22:15","modified_gmt":"2025-02-10T12:22:15","slug":"consell-escolar","status":"publish","type":"page","link":"https:\/\/agora.xtec.cat\/ceiplagaraldapalleja\/lescola\/consell-escolar\/","title":{"rendered":"Consell escolar"},"content":{"rendered":"<p>El Consell Escolar de centre \u00e9s un \u00f2rgan de govern col\u00b7legiat on es troba representada tota la comunitat educativa. \u00c9s un \u00f2rgan de decisi\u00f3 i participaci\u00f3 que juga un paper important en el funcionament del centre.<\/p>\n<p><a href=\"https:\/\/drive.google.com\/file\/d\/1wfUqHdOu0GFwJ1qtojo5Qu2Xh0TvMZ4U\/view?usp=sharing\">Certificat d&#8217;acords Consell Escolar 27\/06\/2024<\/a><\/p>\n<p><a href=\"https:\/\/drive.google.com\/file\/d\/15MuS04SUkXmcfSu_Sw-QLDFOGtbdj4NX\/view?usp=sharing\">Certificat d&#8217;acords Consell Escolar 03\/10\/2024<\/a><\/p>\n<p><a href=\"https:\/\/drive.google.com\/file\/d\/1PzYQcqNzZ9OaKAPeac95igyAGEsv0joQ\/view?usp=sharing\">Certificat d&#8217;acords Consell Escolar 30\/01\/2025<\/a><\/p>\n","protected":false},"excerpt":{"rendered":"<p>El Consell Escolar de centre \u00e9s un \u00f2rgan de govern col\u00b7legiat on es troba representada tota la comunitat educativa. \u00c9s un \u00f2rgan de decisi\u00f3 i participaci\u00f3 que juga un paper important en el funcionament del centre.<br \/>\n<a href=\"https:\/\/drive.google.com\/file\/d\/1wfUqHdOu0GFwJ1qtojo5Qu2Xh0TvMZ4U\/view?usp=sharing\">Certificat d&#8217;acords Consell Escolar 27\/06\/2024<\/a><br \/>\n<a href=\"https:\/\/drive.google.com\/file\/d\/15MuS04SUkXmcfSu_Sw-QLDFOGtbdj4NX\/view?usp=sharing\">Certificat d&#8217;acords Consell Escolar&hellip;  <a href=\"https:\/\/agora.xtec.cat\/ceiplagaraldapalleja\/lescola\/consell-escolar\/\" title=\"Read Consell escolar\">Llegeix m\u00e9s\u00bb<\/a><\/p>\n","protected":false},"author":2,"featured_media":0,"parent":22,"menu_order":30,"comment_status":"closed","ping_status":"closed","template":"page-templates\/side-menu.php","meta":{"_bbp_topic_count":0,"_bbp_reply_count":0,"_bbp_total_topic_count":0,"_bbp_total_reply_count":0,"_bbp_voice_count":0,"_bbp_anonymous_reply_count":0,"_bbp_topic_count_hidden":0,"_bbp_reply_count_hidden":0,"_bbp_forum_subforum_count":0,"footnotes":""},"class_list":["post-28","page","type-page","status-publish","hentry"],"post_mailing_queue_ids":[],"_links":{"self":[{"href":"https:\/\/agora.xtec.cat\/ceiplagaraldapalleja\/wp-json\/wp\/v2\/pages\/28","targetHints":{"allow":["GET"]}}],"collection":[{"href":"https:\/\/agora.xtec.cat\/ceiplagaraldapalleja\/wp-json\/wp\/v2\/pages"}],"about":[{"href":"https:\/\/agora.xtec.cat\/ceiplagaraldapalleja\/wp-json\/wp\/v2\/types\/page"}],"author":[{"embeddable":true,"href":"https:\/\/agora.xtec.cat\/ceiplagaraldapalleja\/wp-json\/wp\/v2\/users\/2"}],"replies":[{"embeddable":true,"href":"https:\/\/agora.xtec.cat\/ceiplagaraldapalleja\/wp-json\/wp\/v2\/comments?post=28"}],"version-history":[{"count":8,"href":"https:\/\/agora.xtec.cat\/ceiplagaraldapalleja\/wp-json\/wp\/v2\/pages\/28\/revisions"}],"predecessor-version":[{"id":14052,"href":"https:\/\/agora.xtec.cat\/ceiplagaraldapalleja\/wp-json\/wp\/v2\/pages\/28\/revisions\/14052"}],"up":[{"embeddable":true,"href":"https:\/\/agora.xtec.cat\/ceiplagaraldapalleja\/wp-json\/wp\/v2\/pages\/22"}],"wp:attachment":[{"href":"https:\/\/agora.xtec.cat\/ceiplagaraldapalleja\/wp-json\/wp\/v2\/media?parent=28"}],"curies":[{"name":"wp","href":"https:\/\/api.w.org\/{rel}","templated":true}]}}