{"id":14740,"date":"2026-05-12T13:29:42","date_gmt":"2026-05-12T11:29:42","guid":{"rendered":"https:\/\/agora.xtec.cat\/ceiplagaraldapalleja\/?page_id=14740"},"modified":"2026-05-12T13:52:44","modified_gmt":"2026-05-12T11:52:44","slug":"mobilitat-de-formacio-erasmus-curs-montessori-i-reggio-emilia","status":"publish","type":"page","link":"https:\/\/agora.xtec.cat\/ceiplagaraldapalleja\/erasmus\/mobilitat-de-formacio-erasmus-curs-montessori-i-reggio-emilia\/","title":{"rendered":"Mobilitat de formaci\u00f3 Erasmus+. Curs Montessori i Reggio Emilia"},"content":{"rendered":"<p><span style=\"font-weight: 400;\">Dates: Del 17 al 26 de maig de 2026<\/span><span style=\"font-weight: 400;\"><br \/>\n<\/span><span style=\"font-weight: 400;\">Docents participants: <\/span><span style=\"font-weight: 400;\">N\u00faria Guti\u00e9rrez i Georgina Casta\u00f1eda<\/span><span style=\"font-weight: 400;\"><br \/>\n<\/span><span style=\"font-weight: 400;\">Curs: El millor per a mestres d\u2019educaci\u00f3 infantil: M\u00e8tode Montessori, educaci\u00f3 a l\u2019aire lliure, enfocament Reggio Emilia i molt m\u00e9s.<\/span><\/p>\n<p><span style=\"font-weight: 400;\">Centre de formaci\u00f3:<\/span><span style=\"font-weight: 400;\">Erasmus Learning Academy\u00a0 SRL<\/span><span style=\"font-weight: 400;\"><br \/>\n<\/span><span style=\"font-weight: 400;\">Dest\u00ed: <\/span><span style=\"font-weight: 400;\">Bolonya. It\u00e0lia<\/span><span style=\"font-weight: 400;\"><br \/>\n<\/span><span style=\"font-weight: 400;\">Objectiu: Millorar la metodologia per ambients educatius aplicada a l\u2019educaci\u00f3 infantil i primer cicle de prim\u00e0ria mitjan\u00e7ant la formaci\u00f3 docent per a crear situacions d\u2019aprenentatges d\u2019acord a la LOMLOE.<\/span><\/p>\n<p><span style=\"font-weight: 400;\">Objectius del curs:<\/span><\/p>\n<ul>\n<li style=\"font-weight: 400;\" aria-level=\"1\"><span style=\"font-weight: 400;\">Familiaritzar-se amb les noves tend\u00e8ncies i enfocaments m\u00e9s efica\u00e7os en l\u2019educaci\u00f3 infantil.<\/span><\/li>\n<li style=\"font-weight: 400;\" aria-level=\"1\"><span style=\"font-weight: 400;\">Con\u00e8ixer els principis clau del m\u00e8tode Montessori i de l\u2019enfocament Reggio Emilia.<\/span><\/li>\n<li style=\"font-weight: 400;\" aria-level=\"1\"><span style=\"font-weight: 400;\">Experimentar i practicar activitats d\u2019educaci\u00f3 a l\u2019aire lliure inspiradores.<\/span><\/li>\n<li style=\"font-weight: 400;\" aria-level=\"1\"><span style=\"font-weight: 400;\">Con\u00e8ixer i experimentar jocs i activitats d\u2019aprenentatge per a estimular la creativitat i el desenvolupament social de l\u2019alumnat d\u2019educaci\u00f3 infantil.<\/span><\/li>\n<\/ul>\n<p style=\"text-align: center;\">PROGRAMA DEL CURS<\/p>\n<table>\n<thead>\n<tr>\n<th>Day \/ Dia<\/th>\n<th>English<\/th>\n<th>Catal\u00e0<\/th>\n<\/tr>\n<\/thead>\n<tbody>\n<tr>\n<td><strong>Day 1<\/strong><\/td>\n<td><strong>10:00 \u2013 18:00<\/strong><br \/>\n\u2022 Participants\u2019 arrival<br \/>\n\u2022 Course introduction<br \/>\n\u2022 Schools\/institutions presentations &amp; sharing of best practices<\/td>\n<td><strong>10:00 \u2013 18:00<\/strong><br \/>\n\u2022 Arribada dels participants<br \/>\n\u2022 Introducci\u00f3 al curs<br \/>\n\u2022 Presentaci\u00f3 de les escoles\/institucions i intercanvi de bones pr\u00e0ctiques<\/td>\n<\/tr>\n<tr>\n<td><strong>Day 2<\/strong><\/td>\n<td><strong>13:30 \u2013 18:00<\/strong><br \/>\n\u2022 Team-building activities<br \/>\n\u2022 Evaluation of needs and expectations<br \/>\n\u2022 Introduction to the Italian preschool system<br \/>\n\u2022 Reflections on existing preschool systems and best practices<br \/>\n\u2022 The child at the centre: the role of the environment, the educator and family involvement<\/td>\n<td><strong>13:30 \u2013 18:00<\/strong><br \/>\n\u2022 Activitats de cohesi\u00f3 de grup<br \/>\n\u2022 Avaluaci\u00f3 de necessitats i expectatives<br \/>\n\u2022 Introducci\u00f3 al sistema itali\u00e0 d\u2019educaci\u00f3 infantil<br \/>\n\u2022 Reflexions sobre els sistemes d\u2019educaci\u00f3 infantil existents i les bones pr\u00e0ctiques<br \/>\n\u2022 L\u2019infant al centre: el paper de l\u2019entorn, l\u2019educador i la implicaci\u00f3 familiar<\/td>\n<\/tr>\n<tr>\n<td><strong>Day 3<\/strong><\/td>\n<td><strong>8:00 \u2013 13:30 \/ 16:00 \u2013 19:00<\/strong><br \/>\n\u2022 From integration to inclusion: the benefits of inclusive education for children<br \/>\n\u2022 The Italian inclusive education model<br \/>\n\u2022 Sharing experiences and best practices in working with children with learning disabilities<\/td>\n<td><strong>8:00 \u2013 13:30 \/ 16:00 \u2013 19:00<\/strong><br \/>\n\u2022 De la integraci\u00f3 a la inclusi\u00f3: els beneficis de l\u2019educaci\u00f3 inclusiva per als infants<br \/>\n\u2022 El model itali\u00e0 d\u2019educaci\u00f3 inclusiva<br \/>\n\u2022 Intercanvi d\u2019experi\u00e8ncies i bones pr\u00e0ctiques en el treball amb infants amb dificultats d\u2019aprenentatge<\/td>\n<\/tr>\n<tr>\n<td><strong>Day 4<\/strong><\/td>\n<td><strong>13:30 \u2013 19:00<\/strong><br \/>\n\u2022 Introduction to the Montessori Method: freedom of choice and self-education<br \/>\n\u2022 A constructivist model: learning concepts through working with materials<br \/>\n\u2022 Questions and discussion on the Montessori Method<\/td>\n<td><strong>13:30 \u2013 19:00<\/strong><br \/>\n\u2022 Introducci\u00f3 al m\u00e8tode Montessori: llibertat d\u2019elecci\u00f3 i autoeducaci\u00f3<br \/>\n\u2022 Un model constructivista: aprendre conceptes treballant amb materials<br \/>\n\u2022 Preguntes i debat sobre el m\u00e8tode Montessori<\/td>\n<\/tr>\n<tr>\n<td><strong>Day 5<\/strong><\/td>\n<td><strong>8:00 \u2013 13:30<\/strong><br \/>\n\u2022 Key principles and benefits of outdoor education and outdoor learning<br \/>\n\u2022 How to safely design, plan and deliver outdoor preschool education activities<br \/>\n\u2022 Visit to a local outdoor preschool\/kindergarten<\/td>\n<td><strong>8:00 \u2013 13:30<\/strong><br \/>\n\u2022 Principis clau i beneficis de l\u2019educaci\u00f3 i l\u2019aprenentatge a l\u2019aire lliure<br \/>\n\u2022 Com dissenyar, planificar i desenvolupar activitats d\u2019educaci\u00f3 infantil a l\u2019aire lliure de manera segura<br \/>\n\u2022 Visita a una escola infantil\/jard\u00ed d\u2019infants a l\u2019aire lliure<\/td>\n<\/tr>\n<tr>\n<td><strong>Day 6<\/strong><\/td>\n<td><strong>8:00 \u2013 13:30<\/strong><br \/>\n\u2022 Introduction to the Reggio Emilia Approach: providing endless ways of expression<br \/>\n\u2022 Learning through experiences of touching, moving, listening and observing<br \/>\n\u2022 Visit to Reggio Emilia and the Loris Malaguzzi International Foundation<\/td>\n<td><strong>8:00 \u2013 13:30<\/strong><br \/>\n\u2022 Introducci\u00f3 a l\u2019enfocament Reggio Emilia: oferint infinites formes d\u2019expressi\u00f3<br \/>\n\u2022 Aprendre a trav\u00e9s d\u2019experi\u00e8ncies de tocar, moure\u2019s, escoltar i observar<br \/>\n\u2022 Visita a Reggio Emilia i a la Fundaci\u00f3 Internacional Loris Malaguzzi<\/td>\n<\/tr>\n<tr>\n<td><strong>Day 7<\/strong><\/td>\n<td><strong>8:00 \u2013 11:00<\/strong><br \/>\n\u2022 Discussion on future cooperation and follow-up activities<br \/>\n\u2022 Exchange of best practices and experiences<br \/>\n\u2022 Course summary and final evaluation<br \/>\n\u2022 Validation of learning outcomes and certification ceremony<br \/>\n\u2022 Optional training session tailored to specific needs<br \/>\n\u2022 Participants\u2019 departure<\/td>\n<td><strong>8:00 \u2013 11:00<\/strong><br \/>\n\u2022 Espai de debat sobre futures cooperacions i activitats de seguiment<br \/>\n\u2022 Intercanvi de bones pr\u00e0ctiques i experi\u00e8ncies<br \/>\n\u2022 Resum del curs i avaluaci\u00f3 final<br \/>\n\u2022 Validaci\u00f3 dels resultats d\u2019aprenentatge i cerim\u00f2nia de certificaci\u00f3<br \/>\n\u2022 Sessi\u00f3 formativa addicional adaptada a necessitats espec\u00edfiques (opcional)<br \/>\n\u2022 Sortida dels participants<\/td>\n<\/tr>\n<\/tbody>\n<\/table>\n<p>&nbsp;<\/p>\n","protected":false},"excerpt":{"rendered":"<p>Dates: Del 17 al 26 de maig de 2026<br \/>\nDocents participants: N\u00faria Guti\u00e9rrez i Georgina Casta\u00f1eda<br \/>\nCurs: El millor per a mestres d\u2019educaci\u00f3 infantil: M\u00e8tode Montessori, educaci\u00f3 a l\u2019aire lliure, enfocament Reggio Emilia i molt m\u00e9s.<br \/>\nCentre de formaci\u00f3:Erasmus Learning Academy\u00a0 SRL<br \/>\nDest\u00ed: Bolonya. It\u00e0lia<br \/>\nObjectiu: Millorar la metodologia per&hellip;  <a href=\"https:\/\/agora.xtec.cat\/ceiplagaraldapalleja\/erasmus\/mobilitat-de-formacio-erasmus-curs-montessori-i-reggio-emilia\/\" title=\"Read Mobilitat de formaci\u00f3 Erasmus+. Curs Montessori i Reggio Emilia\">Llegeix m\u00e9s\u00bb<\/a><\/p>\n","protected":false},"author":13,"featured_media":0,"parent":14311,"menu_order":0,"comment_status":"closed","ping_status":"closed","template":"","meta":{"_bbp_topic_count":0,"_bbp_reply_count":0,"_bbp_total_topic_count":0,"_bbp_total_reply_count":0,"_bbp_voice_count":0,"_bbp_anonymous_reply_count":0,"_bbp_topic_count_hidden":0,"_bbp_reply_count_hidden":0,"_bbp_forum_subforum_count":0,"footnotes":""},"class_list":["post-14740","page","type-page","status-publish","hentry"],"post_mailing_queue_ids":[],"_links":{"self":[{"href":"https:\/\/agora.xtec.cat\/ceiplagaraldapalleja\/wp-json\/wp\/v2\/pages\/14740","targetHints":{"allow":["GET"]}}],"collection":[{"href":"https:\/\/agora.xtec.cat\/ceiplagaraldapalleja\/wp-json\/wp\/v2\/pages"}],"about":[{"href":"https:\/\/agora.xtec.cat\/ceiplagaraldapalleja\/wp-json\/wp\/v2\/types\/page"}],"author":[{"embeddable":true,"href":"https:\/\/agora.xtec.cat\/ceiplagaraldapalleja\/wp-json\/wp\/v2\/users\/13"}],"replies":[{"embeddable":true,"href":"https:\/\/agora.xtec.cat\/ceiplagaraldapalleja\/wp-json\/wp\/v2\/comments?post=14740"}],"version-history":[{"count":3,"href":"https:\/\/agora.xtec.cat\/ceiplagaraldapalleja\/wp-json\/wp\/v2\/pages\/14740\/revisions"}],"predecessor-version":[{"id":14746,"href":"https:\/\/agora.xtec.cat\/ceiplagaraldapalleja\/wp-json\/wp\/v2\/pages\/14740\/revisions\/14746"}],"up":[{"embeddable":true,"href":"https:\/\/agora.xtec.cat\/ceiplagaraldapalleja\/wp-json\/wp\/v2\/pages\/14311"}],"wp:attachment":[{"href":"https:\/\/agora.xtec.cat\/ceiplagaraldapalleja\/wp-json\/wp\/v2\/media?parent=14740"}],"curies":[{"name":"wp","href":"https:\/\/api.w.org\/{rel}","templated":true}]}}