{"id":14733,"date":"2026-05-10T11:06:28","date_gmt":"2026-05-10T09:06:28","guid":{"rendered":"https:\/\/agora.xtec.cat\/ceiplagaraldapalleja\/?page_id=14733"},"modified":"2026-05-10T11:06:28","modified_gmt":"2026-05-10T09:06:28","slug":"mobilitat-de-formacio-erasmus-curs-necessitats-especials-i-educacio-inclusiva","status":"publish","type":"page","link":"https:\/\/agora.xtec.cat\/ceiplagaraldapalleja\/erasmus\/mobilitat-de-formacio-erasmus-curs-necessitats-especials-i-educacio-inclusiva\/","title":{"rendered":"Mobilitat de formaci\u00f3 Erasmus+. Curs Necessitats Especials i Educaci\u00f3 Inclusiva"},"content":{"rendered":"<p><span style=\"font-weight: 400;\">Dates: Del 11 al 15 de maig de 2026,<\/span><span style=\"font-weight: 400;\"><br \/>\n<\/span><span style=\"font-weight: 400;\">Docents participants: <\/span><span style=\"font-weight: 400;\">Irene Cumplido i Sara Vela<\/span><span style=\"font-weight: 400;\">.<\/span><span style=\"font-weight: 400;\"><br \/>\n<\/span><span style=\"font-weight: 400;\">Curs: <\/span><span style=\"font-weight: 400;\">Necessitats especials i educaci\u00f3 inclusiva<\/span><\/p>\n<p><span style=\"font-weight: 400;\">Centre de formaci\u00f3:<\/span><span style=\"font-weight: 400;\">Erasmus Learning Academy\u00a0 SRL<\/span><span style=\"font-weight: 400;\"><br \/>\n<\/span><span style=\"font-weight: 400;\">Dest\u00ed: <\/span><span style=\"font-weight: 400;\">Bolonya. It\u00e0lia<\/span><span style=\"font-weight: 400;\"><br \/>\n<\/span><span style=\"font-weight: 400;\">Objectiu: Millorar l\u2019atenci\u00f3 a la diversitat a l\u2019aula mitjan\u00e7ant la formaci\u00f3 dels docents per a millorar els resultats d\u2019aprenentatge de l\u2019alumnat.<\/span><\/p>\n<p><span style=\"font-weight: 400;\">Objectius del curs:<\/span><\/p>\n<ul>\n<li style=\"font-weight: 400;\" aria-level=\"1\"><span style=\"font-weight: 400;\">Con\u00e8ixer els principis clau, els beneficis i els valors de l\u2019educaci\u00f3 inclusiva.\u00a0<\/span><\/li>\n<li style=\"font-weight: 400;\" aria-level=\"1\"><span style=\"font-weight: 400;\">Con\u00e8ixer el model d\u2019educaci\u00f3 inclusiu itali\u00e0.\u00a0<\/span><\/li>\n<li style=\"font-weight: 400;\" aria-level=\"1\"><span style=\"font-weight: 400;\">Aprendre les eines i plataformes TIC que donen suport i faciliten el proc\u00e9s d\u2019aprenentatges dels alumnes amb necessitats especials.\u00a0<\/span><\/li>\n<li style=\"font-weight: 400;\" aria-level=\"1\"><span style=\"font-weight: 400;\">Con\u00e8ixer i discutir estrat\u00e8gies did\u00e0ctiques per a potenciar l\u2019aprenentatge de l\u2019alumnat amb necessitats especials.\u00a0<\/span><\/li>\n<li style=\"font-weight: 400;\" aria-level=\"1\"><span style=\"font-weight: 400;\">Descubrir el poder de l\u2019educaci\u00f3 entre iguals.<\/span><\/li>\n<\/ul>\n","protected":false},"excerpt":{"rendered":"<p>Dates: Del 11 al 15 de maig de 2026,<br \/>\nDocents participants: Irene Cumplido i Sara Vela.<br \/>\nCurs: Necessitats especials i educaci\u00f3 inclusiva<br \/>\nCentre de formaci\u00f3:Erasmus Learning Academy\u00a0 SRL<br \/>\nDest\u00ed: Bolonya. It\u00e0lia<br \/>\nObjectiu: Millorar l\u2019atenci\u00f3 a la diversitat a l\u2019aula mitjan\u00e7ant la formaci\u00f3 dels docents per a millorar els resultats d\u2019aprenentatge&hellip;  <a href=\"https:\/\/agora.xtec.cat\/ceiplagaraldapalleja\/erasmus\/mobilitat-de-formacio-erasmus-curs-necessitats-especials-i-educacio-inclusiva\/\" title=\"Read Mobilitat de formaci\u00f3 Erasmus+. Curs Necessitats Especials i Educaci\u00f3 Inclusiva\">Llegeix m\u00e9s\u00bb<\/a><\/p>\n","protected":false},"author":13,"featured_media":0,"parent":14311,"menu_order":0,"comment_status":"closed","ping_status":"closed","template":"","meta":{"_bbp_topic_count":0,"_bbp_reply_count":0,"_bbp_total_topic_count":0,"_bbp_total_reply_count":0,"_bbp_voice_count":0,"_bbp_anonymous_reply_count":0,"_bbp_topic_count_hidden":0,"_bbp_reply_count_hidden":0,"_bbp_forum_subforum_count":0,"footnotes":""},"class_list":["post-14733","page","type-page","status-publish","hentry"],"post_mailing_queue_ids":[],"_links":{"self":[{"href":"https:\/\/agora.xtec.cat\/ceiplagaraldapalleja\/wp-json\/wp\/v2\/pages\/14733","targetHints":{"allow":["GET"]}}],"collection":[{"href":"https:\/\/agora.xtec.cat\/ceiplagaraldapalleja\/wp-json\/wp\/v2\/pages"}],"about":[{"href":"https:\/\/agora.xtec.cat\/ceiplagaraldapalleja\/wp-json\/wp\/v2\/types\/page"}],"author":[{"embeddable":true,"href":"https:\/\/agora.xtec.cat\/ceiplagaraldapalleja\/wp-json\/wp\/v2\/users\/13"}],"replies":[{"embeddable":true,"href":"https:\/\/agora.xtec.cat\/ceiplagaraldapalleja\/wp-json\/wp\/v2\/comments?post=14733"}],"version-history":[{"count":1,"href":"https:\/\/agora.xtec.cat\/ceiplagaraldapalleja\/wp-json\/wp\/v2\/pages\/14733\/revisions"}],"predecessor-version":[{"id":14734,"href":"https:\/\/agora.xtec.cat\/ceiplagaraldapalleja\/wp-json\/wp\/v2\/pages\/14733\/revisions\/14734"}],"up":[{"embeddable":true,"href":"https:\/\/agora.xtec.cat\/ceiplagaraldapalleja\/wp-json\/wp\/v2\/pages\/14311"}],"wp:attachment":[{"href":"https:\/\/agora.xtec.cat\/ceiplagaraldapalleja\/wp-json\/wp\/v2\/media?parent=14733"}],"curies":[{"name":"wp","href":"https:\/\/api.w.org\/{rel}","templated":true}]}}