{"id":14683,"date":"2026-04-16T14:57:17","date_gmt":"2026-04-16T12:57:17","guid":{"rendered":"https:\/\/agora.xtec.cat\/ceiplagaraldapalleja\/?page_id=14683"},"modified":"2026-04-27T23:00:20","modified_gmt":"2026-04-27T21:00:20","slug":"mobilitat-de-formacio-erasmus-curs-clil","status":"publish","type":"page","link":"https:\/\/agora.xtec.cat\/ceiplagaraldapalleja\/erasmus\/mobilitat-de-formacio-erasmus-curs-clil\/","title":{"rendered":"Mobilitat de formaci\u00f3 Erasmus+. Curs CLIL."},"content":{"rendered":"<p><span style=\"font-weight: 400;\">Dates: Del 20 al 24 d\u2019abril de 2026,<\/span><span style=\"font-weight: 400;\"><br \/>\n<\/span><span style=\"font-weight: 400;\">Docents participants: Montserrat Logan i Maria del Pilar Cano<\/span><span style=\"font-weight: 400;\"><br \/>\n<\/span><span style=\"font-weight: 400;\">Curs: CLIL en la pr\u00e0ctica: la UE en el punt de mira<\/span><\/p>\n<p><span style=\"font-weight: 400;\">Centre de formaci\u00f3: <\/span><span style=\"font-weight: 400;\">Europass Teacher Academy<\/span><span style=\"font-weight: 400;\"><br \/>\n<\/span><span style=\"font-weight: 400;\">Dest\u00ed: Dubl\u00edn (Irlanda)<\/span><span style=\"font-weight: 400;\"><br \/>\n<\/span><span style=\"font-weight: 400;\">Objectiu: Millorar l\u2019atenci\u00f3 a la diversitat a l\u2019aula mitjan\u00e7ant la formaci\u00f3 dels docents per a millorar els resultats d\u2019aprenentatge de l\u2019alumnat.<\/span><\/p>\n<p><span style=\"font-weight: 400;\">Objectius del curs:<\/span><\/p>\n<ul>\n<li style=\"font-weight: 400;\" aria-level=\"1\"><span style=\"font-weight: 400;\">Millorar l\u2019aprenentatge dels estudiants d\u2019una llengua estrangera amb continguts del m\u00f3n real.<\/span><\/li>\n<li style=\"font-weight: 400;\" aria-level=\"1\"><span style=\"font-weight: 400;\">Dissenyar activitats d&#8217;aprenentatge centrades en objectius d&#8217;aprenentatge espec\u00edfics en llengua i continguts de la UE.<\/span><\/li>\n<li style=\"font-weight: 400;\" aria-level=\"1\"><span style=\"font-weight: 400;\">Involucrar als estudiants en activitats col\u00b7laboratives i comunicatives apropiades al seu nivell.<\/span><\/li>\n<li style=\"font-weight: 400;\" aria-level=\"1\"><span style=\"font-weight: 400;\">Utilitzar materials estimulants del m\u00f3n real per a promoure el comprom\u00eds c\u00edvic dels estudiants.<\/span><\/li>\n<\/ul>\n<p>&nbsp;<\/p>\n<p><a href=\"https:\/\/agora.xtec.cat\/ceiplagaraldapalleja\/wp-content\/uploads\/usu77\/2026\/04\/PLANNING.jpg\"><img loading=\"lazy\" decoding=\"async\" class=\"size-full wp-image-14689 aligncenter\" src=\"https:\/\/agora.xtec.cat\/ceiplagaraldapalleja\/wp-content\/uploads\/usu77\/2026\/04\/PLANNING.jpg\" alt=\"\" width=\"1052\" height=\"653\" srcset=\"https:\/\/agora.xtec.cat\/ceiplagaraldapalleja\/wp-content\/uploads\/usu77\/2026\/04\/PLANNING.jpg 1052w, https:\/\/agora.xtec.cat\/ceiplagaraldapalleja\/wp-content\/uploads\/usu77\/2026\/04\/PLANNING-300x186.jpg 300w, https:\/\/agora.xtec.cat\/ceiplagaraldapalleja\/wp-content\/uploads\/usu77\/2026\/04\/PLANNING-1024x636.jpg 1024w, https:\/\/agora.xtec.cat\/ceiplagaraldapalleja\/wp-content\/uploads\/usu77\/2026\/04\/PLANNING-768x477.jpg 768w\" sizes=\"auto, (max-width: 1052px) 100vw, 1052px\" \/><\/a><a href=\"https:\/\/agora.xtec.cat\/ceiplagaraldapalleja\/wp-content\/uploads\/usu77\/2026\/04\/GRADUACIO-CURS-CLIL.jpeg\"><img loading=\"lazy\" decoding=\"async\" class=\"aligncenter size-large wp-image-14713\" src=\"https:\/\/agora.xtec.cat\/ceiplagaraldapalleja\/wp-content\/uploads\/usu77\/2026\/04\/GRADUACIO-CURS-CLIL-1024x768.jpeg\" alt=\"\" width=\"1024\" height=\"768\" srcset=\"https:\/\/agora.xtec.cat\/ceiplagaraldapalleja\/wp-content\/uploads\/usu77\/2026\/04\/GRADUACIO-CURS-CLIL-1024x768.jpeg 1024w, https:\/\/agora.xtec.cat\/ceiplagaraldapalleja\/wp-content\/uploads\/usu77\/2026\/04\/GRADUACIO-CURS-CLIL-300x225.jpeg 300w, https:\/\/agora.xtec.cat\/ceiplagaraldapalleja\/wp-content\/uploads\/usu77\/2026\/04\/GRADUACIO-CURS-CLIL-768x576.jpeg 768w, https:\/\/agora.xtec.cat\/ceiplagaraldapalleja\/wp-content\/uploads\/usu77\/2026\/04\/GRADUACIO-CURS-CLIL-1536x1152.jpeg 1536w, https:\/\/agora.xtec.cat\/ceiplagaraldapalleja\/wp-content\/uploads\/usu77\/2026\/04\/GRADUACIO-CURS-CLIL-200x150.jpeg 200w, https:\/\/agora.xtec.cat\/ceiplagaraldapalleja\/wp-content\/uploads\/usu77\/2026\/04\/GRADUACIO-CURS-CLIL.jpeg 2016w\" sizes=\"auto, (max-width: 1024px) 100vw, 1024px\" \/><\/a><\/p>\n","protected":false},"excerpt":{"rendered":"<p>Dates: Del 20 al 24 d\u2019abril de 2026,<br \/>\nDocents participants: Montserrat Logan i Maria del Pilar Cano<br \/>\nCurs: CLIL en la pr\u00e0ctica: la UE en el punt de mira<br \/>\nCentre de formaci\u00f3: Europass Teacher Academy<br \/>\nDest\u00ed: Dubl\u00edn (Irlanda)<br \/>\nObjectiu: Millorar l\u2019atenci\u00f3 a la diversitat a l\u2019aula mitjan\u00e7ant la formaci\u00f3 dels&hellip;  <a href=\"https:\/\/agora.xtec.cat\/ceiplagaraldapalleja\/erasmus\/mobilitat-de-formacio-erasmus-curs-clil\/\" title=\"Read Mobilitat de formaci\u00f3 Erasmus+. Curs CLIL.\">Llegeix m\u00e9s\u00bb<\/a><\/p>\n","protected":false},"author":13,"featured_media":0,"parent":14311,"menu_order":0,"comment_status":"closed","ping_status":"closed","template":"","meta":{"_bbp_topic_count":0,"_bbp_reply_count":0,"_bbp_total_topic_count":0,"_bbp_total_reply_count":0,"_bbp_voice_count":0,"_bbp_anonymous_reply_count":0,"_bbp_topic_count_hidden":0,"_bbp_reply_count_hidden":0,"_bbp_forum_subforum_count":0,"footnotes":""},"class_list":["post-14683","page","type-page","status-publish","hentry"],"post_mailing_queue_ids":[],"_links":{"self":[{"href":"https:\/\/agora.xtec.cat\/ceiplagaraldapalleja\/wp-json\/wp\/v2\/pages\/14683","targetHints":{"allow":["GET"]}}],"collection":[{"href":"https:\/\/agora.xtec.cat\/ceiplagaraldapalleja\/wp-json\/wp\/v2\/pages"}],"about":[{"href":"https:\/\/agora.xtec.cat\/ceiplagaraldapalleja\/wp-json\/wp\/v2\/types\/page"}],"author":[{"embeddable":true,"href":"https:\/\/agora.xtec.cat\/ceiplagaraldapalleja\/wp-json\/wp\/v2\/users\/13"}],"replies":[{"embeddable":true,"href":"https:\/\/agora.xtec.cat\/ceiplagaraldapalleja\/wp-json\/wp\/v2\/comments?post=14683"}],"version-history":[{"count":5,"href":"https:\/\/agora.xtec.cat\/ceiplagaraldapalleja\/wp-json\/wp\/v2\/pages\/14683\/revisions"}],"predecessor-version":[{"id":14715,"href":"https:\/\/agora.xtec.cat\/ceiplagaraldapalleja\/wp-json\/wp\/v2\/pages\/14683\/revisions\/14715"}],"up":[{"embeddable":true,"href":"https:\/\/agora.xtec.cat\/ceiplagaraldapalleja\/wp-json\/wp\/v2\/pages\/14311"}],"wp:attachment":[{"href":"https:\/\/agora.xtec.cat\/ceiplagaraldapalleja\/wp-json\/wp\/v2\/media?parent=14683"}],"curies":[{"name":"wp","href":"https:\/\/api.w.org\/{rel}","templated":true}]}}