{"id":14673,"date":"2026-04-12T09:00:52","date_gmt":"2026-04-12T07:00:52","guid":{"rendered":"https:\/\/agora.xtec.cat\/ceiplagaraldapalleja\/?page_id=14673"},"modified":"2026-04-17T12:49:13","modified_gmt":"2026-04-17T10:49:13","slug":"mobilitat-daprenentatge-per-observacio-suecia","status":"publish","type":"page","link":"https:\/\/agora.xtec.cat\/ceiplagaraldapalleja\/erasmus\/mobilitat-daprenentatge-per-observacio-suecia\/","title":{"rendered":"Mobilitat d&#8217;aprenentatge per observaci\u00f3 Su\u00e8cia"},"content":{"rendered":"<p class=\"isSelectedEnd\"><strong>Mobilitat Erasmus+ d\u2019aprenentatge per observaci\u00f3 a Su\u00e8cia<\/strong><\/p>\n<p class=\"isSelectedEnd\"><strong>Dates:<\/strong> del 13 al 17 d\u2019abril de 2026<br \/>\n<strong>Docents participants:<\/strong> L\u00eddia Ortega, Georgina Tort i Patr\u00edcia Pujol<br \/>\n<strong>Centre d\u2019acollida:<\/strong> Kilafors School<br \/>\n<strong>Dest\u00ed:<\/strong> Kilafors (Su\u00e8cia)<\/p>\n<p class=\"isSelectedEnd\"><strong>Objectiu<\/strong><br \/>\nAquesta mobilitat t\u00e9 com a objectiu principal millorar el benestar emocional tant del professorat com de l\u2019alumnat mitjan\u00e7ant l\u2019observaci\u00f3 directa de pr\u00e0ctiques educatives en altres centres europeus. Aquesta experi\u00e8ncia ens permetr\u00e0 refor\u00e7ar el sentiment de pertinen\u00e7a a la comunitat educativa i incorporar noves estrat\u00e8gies al nostre centre.<\/p>\n<p class=\"isSelectedEnd\"><strong>Continguts d\u2019aprenentatge<\/strong><\/p>\n<p class=\"isSelectedEnd\">Durant aquesta estada, les docents participants treballaran en els seg\u00fcents \u00e0mbits:<\/p>\n<ul data-spread=\"false\">\n<li>L\u2019aprenentatge de noves tecnologies orientades a la millora del benestar emocional, amb la finalitat d\u2019implementar-les amb el nostre alumnat.<\/li>\n<li>L\u2019observaci\u00f3 de processos de formaci\u00f3 permanent del professorat enfocats al benestar emocional docent.<\/li>\n<li>L\u2019intercanvi d\u2019experi\u00e8ncies i bones pr\u00e0ctiques amb altres docents europeus.<\/li>\n<li>L\u2019an\u00e0lisi i posterior aplicaci\u00f3 al nostre centre de noves metodologies educatives observades.<\/li>\n<li>La millora de les compet\u00e8ncies ling\u00fc\u00edstiques en llengua anglesa.<\/li>\n<li>El coneixement intercultural i el refor\u00e7 del sentiment de comunitat educativa.<\/li>\n<\/ul>\n<p><a href=\"https:\/\/agora.xtec.cat\/ceiplagaraldapalleja\/wp-content\/uploads\/usu77\/2026\/04\/kilafors.png\"><img loading=\"lazy\" decoding=\"async\" class=\"size-full wp-image-14678 aligncenter\" src=\"https:\/\/agora.xtec.cat\/ceiplagaraldapalleja\/wp-content\/uploads\/usu77\/2026\/04\/kilafors.png\" alt=\"\" width=\"425\" height=\"225\" srcset=\"https:\/\/agora.xtec.cat\/ceiplagaraldapalleja\/wp-content\/uploads\/usu77\/2026\/04\/kilafors.png 425w, https:\/\/agora.xtec.cat\/ceiplagaraldapalleja\/wp-content\/uploads\/usu77\/2026\/04\/kilafors-300x159.png 300w\" sizes=\"auto, (max-width: 425px) 100vw, 425px\" \/><\/a><\/p>\n<h2 style=\"text-align: center;\"><img loading=\"lazy\" decoding=\"async\" class=\"\" style=\"font-family: inherit; font-size: 1em; font-weight: normal;\" src=\"https:\/\/upload.wikimedia.org\/wikipedia\/commons\/thumb\/1\/1e\/Erasmus%2B_Logo.svg\/960px-Erasmus%2B_Logo.svg.png\" alt=\"Fitxer:Erasmus+ Logo.svg\" width=\"402\" height=\"115\" \/><\/h2>\n<h3 style=\"text-align: center;\">\ud83c\udf0d Programa de Job Shadowing \/ Job Shadowing Programme<\/h3>\n<p style=\"text-align: center;\"><strong>Setmana del 13 al 17 d\u2019abril \/ Week of April 13\u201317<\/strong><\/p>\n<p>&nbsp;<\/p>\n<table style=\"width: 100%; border-collapse: collapse;\">\n<thead>\n<tr style=\"background-color: #f2f2f2;\">\n<th style=\"border: 1px solid #ccc; padding: 10px;\">Dia \/ Day<\/th>\n<th style=\"border: 1px solid #ccc; padding: 10px;\">Mat\u00ed \/ Morning<\/th>\n<th style=\"border: 1px solid #ccc; padding: 10px;\">Tarda \/ Afternoon<\/th>\n<\/tr>\n<\/thead>\n<tbody>\n<tr>\n<td style=\"border: 1px solid #ccc; padding: 10px;\"><strong>Dilluns 13\/4<br \/>\nMonday 13\/4<\/strong><\/td>\n<td style=\"border: 1px solid #ccc; padding: 10px;\">Introducci\u00f3 a la visita de job shadowing.<br \/>\nVisita guiada pel centre.Introduction to the job shadowing visit.<br \/>\nGuided tour of the school.<\/td>\n<td style=\"border: 1px solid #ccc; padding: 10px;\">Documentaci\u00f3 sobre el sistema d\u2019assegurament de qualitat.<\/p>\n<p>Documentation about the systematic quality assurance.<\/td>\n<\/tr>\n<tr>\n<td style=\"border: 1px solid #ccc; padding: 10px;\"><strong>Dimarts 14\/4<br \/>\nTuesday 14\/4<\/strong><\/td>\n<td style=\"border: 1px solid #ccc; padding: 10px;\">Job shadowing:<br \/>\n\u2022 Professorat 1 i 2 \u2014 Mentora A.<br \/>\n\u2022 Professorat 3 \u2014 Mentora I.Job shadowing:<br \/>\n\u2022 Teacher 1 &amp; 2 \u2014 Mentor A.<br \/>\n\u2022 Teacher 3 \u2014 Mentor I.<\/td>\n<td style=\"border: 1px solid #ccc; padding: 10px;\">Job shadowing:<br \/>\n\u2022 Professorat 3 \u2014 Mentora A.<br \/>\n\u2022 Professorat 1 i 2 \u2014 Mentora I.Job shadowing:<br \/>\n\u2022 Teacher 3 \u2014 Mentor A.<br \/>\n\u2022 Teacher 1 &amp; 2 \u2014 Mentor I.<\/td>\n<\/tr>\n<tr>\n<td style=\"border: 1px solid #ccc; padding: 10px;\"><strong>Dimecres 15\/4<br \/>\nWednesday 15\/4<\/strong><\/td>\n<td style=\"border: 1px solid #ccc; padding: 10px;\">Job shadowing:<br \/>\n\u2022 Professorat 1 i 2 \u2014 Mentora A.<br \/>\n\u2022 Professorat 3 \u2014 Mentora I.Job shadowing:<br \/>\n\u2022 Teacher 1 &amp; 2 \u2014 Mentor A.<br \/>\n\u2022 Teacher 3 \u2014 Mentor I.<\/td>\n<td style=\"border: 1px solid #ccc; padding: 10px;\">Job shadowing:<br \/>\n\u2022 Professorat 3 \u2014 Mentora A.<br \/>\n\u2022 Professorat 1 i 2 \u2014 Mentora I.Job shadowing:<br \/>\n\u2022 Teacher 3 \u2014 Mentor A.<br \/>\n\u2022 Teacher 1 &amp; 2 \u2014 Mentor I.<\/td>\n<\/tr>\n<tr>\n<td style=\"border: 1px solid #ccc; padding: 10px;\"><strong>Dijous 16\/4<br \/>\nThursday 16\/4<\/strong><\/td>\n<td style=\"border: 1px solid #ccc; padding: 10px;\">Visita a centre amb necessitats educatives addicionals.<br \/>\nParticipants: Professorat 1, 2 i 3.<br \/>\nMentor: R.Visit to school for learners with additional needs.<br \/>\nParticipants: Teachers 1, 2 &amp; 3.<br \/>\nMentor: R.<\/td>\n<td style=\"border: 1px solid #ccc; padding: 10px;\">Visita a centre amb diversitat ling\u00fc\u00edstica.<br \/>\nParticipants: Professorat 1, 2 i 3.<br \/>\nMentor: R.Visit to school with language diversity.<br \/>\nParticipants: Teachers 1, 2 &amp; 3.<br \/>\nMentor: R.<\/td>\n<\/tr>\n<tr>\n<td style=\"border: 1px solid #ccc; padding: 10px;\"><strong>Divendres 17\/4<br \/>\nFriday 17\/4<\/strong><\/td>\n<td style=\"border: 1px solid #ccc; padding: 10px;\">Job shadowing:<br \/>\n\u2022 Professorat 1 i 2 \u2014 Mentora A.<br \/>\n\u2022 Professorat 3 \u2014 Mentora I.Job shadowing:<br \/>\n\u2022 Teacher 1 &amp; 2 \u2014 Mentor A.<br \/>\n\u2022 Teacher 3 \u2014 Mentor I.<\/td>\n<td style=\"border: 1px solid #ccc; padding: 10px;\">Activitats de documentaci\u00f3 i tancament.<\/p>\n<p>Documentation activities and closing of the week.<\/td>\n<\/tr>\n<\/tbody>\n<\/table>\n<p><a href=\"https:\/\/agora.xtec.cat\/ceiplagaraldapalleja\/wp-content\/uploads\/usu77\/2026\/04\/MOBILITAT-KILAFORS.jpeg\"><img loading=\"lazy\" decoding=\"async\" class=\"size-large wp-image-14694 aligncenter\" src=\"https:\/\/agora.xtec.cat\/ceiplagaraldapalleja\/wp-content\/uploads\/usu77\/2026\/04\/MOBILITAT-KILAFORS-1024x768.jpeg\" alt=\"\" width=\"1024\" height=\"768\" srcset=\"https:\/\/agora.xtec.cat\/ceiplagaraldapalleja\/wp-content\/uploads\/usu77\/2026\/04\/MOBILITAT-KILAFORS-1024x768.jpeg 1024w, https:\/\/agora.xtec.cat\/ceiplagaraldapalleja\/wp-content\/uploads\/usu77\/2026\/04\/MOBILITAT-KILAFORS-300x225.jpeg 300w, https:\/\/agora.xtec.cat\/ceiplagaraldapalleja\/wp-content\/uploads\/usu77\/2026\/04\/MOBILITAT-KILAFORS-768x576.jpeg 768w, https:\/\/agora.xtec.cat\/ceiplagaraldapalleja\/wp-content\/uploads\/usu77\/2026\/04\/MOBILITAT-KILAFORS-1536x1152.jpeg 1536w, https:\/\/agora.xtec.cat\/ceiplagaraldapalleja\/wp-content\/uploads\/usu77\/2026\/04\/MOBILITAT-KILAFORS-200x150.jpeg 200w, https:\/\/agora.xtec.cat\/ceiplagaraldapalleja\/wp-content\/uploads\/usu77\/2026\/04\/MOBILITAT-KILAFORS.jpeg 2048w\" sizes=\"auto, (max-width: 1024px) 100vw, 1024px\" \/><\/a><\/p>\n<p>&nbsp;<\/p>\n<p>&nbsp;<\/p>\n","protected":false},"excerpt":{"rendered":"<p>Mobilitat Erasmus+ d\u2019aprenentatge per observaci\u00f3 a Su\u00e8cia<br \/>\nDates: del 13 al 17 d\u2019abril de 2026<br \/>\nDocents participants: L\u00eddia Ortega, Georgina Tort i Patr\u00edcia Pujol<br \/>\nCentre d\u2019acollida: Kilafors School<br \/>\nDest\u00ed: Kilafors (Su\u00e8cia)<br \/>\nObjectiu<br \/>\nAquesta mobilitat t\u00e9 com a objectiu principal millorar el benestar emocional tant del professorat com de l\u2019alumnat mitjan\u00e7ant l\u2019observaci\u00f3&hellip;  <a href=\"https:\/\/agora.xtec.cat\/ceiplagaraldapalleja\/erasmus\/mobilitat-daprenentatge-per-observacio-suecia\/\" title=\"Read Mobilitat d&#8217;aprenentatge per observaci\u00f3 Su\u00e8cia\">Llegeix m\u00e9s\u00bb<\/a><\/p>\n","protected":false},"author":13,"featured_media":0,"parent":14311,"menu_order":6,"comment_status":"closed","ping_status":"closed","template":"","meta":{"_bbp_topic_count":0,"_bbp_reply_count":0,"_bbp_total_topic_count":0,"_bbp_total_reply_count":0,"_bbp_voice_count":0,"_bbp_anonymous_reply_count":0,"_bbp_topic_count_hidden":0,"_bbp_reply_count_hidden":0,"_bbp_forum_subforum_count":0,"footnotes":""},"class_list":["post-14673","page","type-page","status-publish","hentry"],"post_mailing_queue_ids":[],"_links":{"self":[{"href":"https:\/\/agora.xtec.cat\/ceiplagaraldapalleja\/wp-json\/wp\/v2\/pages\/14673","targetHints":{"allow":["GET"]}}],"collection":[{"href":"https:\/\/agora.xtec.cat\/ceiplagaraldapalleja\/wp-json\/wp\/v2\/pages"}],"about":[{"href":"https:\/\/agora.xtec.cat\/ceiplagaraldapalleja\/wp-json\/wp\/v2\/types\/page"}],"author":[{"embeddable":true,"href":"https:\/\/agora.xtec.cat\/ceiplagaraldapalleja\/wp-json\/wp\/v2\/users\/13"}],"replies":[{"embeddable":true,"href":"https:\/\/agora.xtec.cat\/ceiplagaraldapalleja\/wp-json\/wp\/v2\/comments?post=14673"}],"version-history":[{"count":6,"href":"https:\/\/agora.xtec.cat\/ceiplagaraldapalleja\/wp-json\/wp\/v2\/pages\/14673\/revisions"}],"predecessor-version":[{"id":14695,"href":"https:\/\/agora.xtec.cat\/ceiplagaraldapalleja\/wp-json\/wp\/v2\/pages\/14673\/revisions\/14695"}],"up":[{"embeddable":true,"href":"https:\/\/agora.xtec.cat\/ceiplagaraldapalleja\/wp-json\/wp\/v2\/pages\/14311"}],"wp:attachment":[{"href":"https:\/\/agora.xtec.cat\/ceiplagaraldapalleja\/wp-json\/wp\/v2\/media?parent=14673"}],"curies":[{"name":"wp","href":"https:\/\/api.w.org\/{rel}","templated":true}]}}