{"id":14556,"date":"2026-02-13T08:38:59","date_gmt":"2026-02-13T07:38:59","guid":{"rendered":"https:\/\/agora.xtec.cat\/ceiplagaraldapalleja\/?page_id=14556"},"modified":"2026-02-13T08:42:26","modified_gmt":"2026-02-13T07:42:26","slug":"com-es-seleccionen-els-docents-per-fer-les-mobilitats","status":"publish","type":"page","link":"https:\/\/agora.xtec.cat\/ceiplagaraldapalleja\/erasmus\/com-es-seleccionen-els-docents-per-fer-les-mobilitats\/","title":{"rendered":"Com es seleccionen els docents per fer les mobilitats?"},"content":{"rendered":"<p data-start=\"0\" data-end=\"251\">Per fer la selecci\u00f3 dels docents que faran les mobilitats s&#8217;ha creat un comit\u00e8 de selecci\u00f3 format pel director, la coordinadora del projecte i dues persones que formin part del Consell Escolar de l\u2019escola, que garantiran un procediment de selecci\u00f3 just, transparent i documentat segons els criteris seg\u00fcents:<\/p>\n<p data-start=\"253\" data-end=\"442\"><strong data-start=\"253\" data-end=\"319\">Estabilitat, durant i posterior al projecte Erasmus+. 20 punts<\/strong><br data-start=\"319\" data-end=\"322\" \/>Docent amb pla\u00e7a definitiva al centre: 20 punts<br data-start=\"369\" data-end=\"372\" \/>Docent amb perfil: 15 punts<br data-start=\"399\" data-end=\"402\" \/>Docent amb pla\u00e7a provisional: 10 punts<\/p>\n<p data-start=\"444\" data-end=\"644\"><strong data-start=\"444\" data-end=\"567\">Tenir un nivell mitj\u00e0 de comprensi\u00f3 de llengua anglesa B2 per a cursos i B1 per a aprenentatge per observaci\u00f3. 30 punts<\/strong><br data-start=\"567\" data-end=\"570\" \/>C1 i superior: 30 punts<br data-start=\"593\" data-end=\"596\" \/>B2: 20 punts<br data-start=\"608\" data-end=\"611\" \/>B1: 10 punts<br data-start=\"623\" data-end=\"626\" \/>A1 i A2: 0 punts<\/p>\n<p data-start=\"646\" data-end=\"718\"><strong data-start=\"646\" data-end=\"716\">Haver exercit un c\u00e0rrec de coordinaci\u00f3 o c\u00e0rrec directiu. 10 punts<\/strong><\/p>\n<p data-start=\"720\" data-end=\"789\"><strong data-start=\"720\" data-end=\"787\">Formar part del grup de treball del projecte Erasmus+. 10 punts<\/strong><\/p>\n<p data-start=\"791\" data-end=\"903\"><strong data-start=\"791\" data-end=\"901\">Ser membre actiu en els projectes del centre relacionats amb els objectius del projecte Erasmus+. 10 punts<\/strong><\/p>\n<p data-start=\"905\" data-end=\"1023\" data-is-last-node=\"\" data-is-only-node=\"\"><strong data-start=\"905\" data-end=\"1023\" data-is-last-node=\"\">Informe motivat amb el comprom\u00eds de dur a terme les activitats planificades i comprom\u00eds de transfer\u00e8ncia. 20 punts<\/strong><\/p>\n","protected":false},"excerpt":{"rendered":"<p>Per fer la selecci\u00f3 dels docents que faran les mobilitats s&#8217;ha creat un comit\u00e8 de selecci\u00f3 format pel director, la coordinadora del projecte i dues persones que formin part del Consell Escolar de l\u2019escola, que garantiran un procediment de selecci\u00f3 just, transparent i documentat segons&hellip;  <a href=\"https:\/\/agora.xtec.cat\/ceiplagaraldapalleja\/erasmus\/com-es-seleccionen-els-docents-per-fer-les-mobilitats\/\" title=\"Read Com es seleccionen els docents per fer les mobilitats?\">Llegeix m\u00e9s\u00bb<\/a><\/p>\n","protected":false},"author":13,"featured_media":0,"parent":14311,"menu_order":5,"comment_status":"closed","ping_status":"closed","template":"page-templates\/side-menu.php","meta":{"_bbp_topic_count":0,"_bbp_reply_count":0,"_bbp_total_topic_count":0,"_bbp_total_reply_count":0,"_bbp_voice_count":0,"_bbp_anonymous_reply_count":0,"_bbp_topic_count_hidden":0,"_bbp_reply_count_hidden":0,"_bbp_forum_subforum_count":0,"footnotes":""},"class_list":["post-14556","page","type-page","status-publish","hentry"],"post_mailing_queue_ids":[],"_links":{"self":[{"href":"https:\/\/agora.xtec.cat\/ceiplagaraldapalleja\/wp-json\/wp\/v2\/pages\/14556","targetHints":{"allow":["GET"]}}],"collection":[{"href":"https:\/\/agora.xtec.cat\/ceiplagaraldapalleja\/wp-json\/wp\/v2\/pages"}],"about":[{"href":"https:\/\/agora.xtec.cat\/ceiplagaraldapalleja\/wp-json\/wp\/v2\/types\/page"}],"author":[{"embeddable":true,"href":"https:\/\/agora.xtec.cat\/ceiplagaraldapalleja\/wp-json\/wp\/v2\/users\/13"}],"replies":[{"embeddable":true,"href":"https:\/\/agora.xtec.cat\/ceiplagaraldapalleja\/wp-json\/wp\/v2\/comments?post=14556"}],"version-history":[{"count":2,"href":"https:\/\/agora.xtec.cat\/ceiplagaraldapalleja\/wp-json\/wp\/v2\/pages\/14556\/revisions"}],"predecessor-version":[{"id":14559,"href":"https:\/\/agora.xtec.cat\/ceiplagaraldapalleja\/wp-json\/wp\/v2\/pages\/14556\/revisions\/14559"}],"up":[{"embeddable":true,"href":"https:\/\/agora.xtec.cat\/ceiplagaraldapalleja\/wp-json\/wp\/v2\/pages\/14311"}],"wp:attachment":[{"href":"https:\/\/agora.xtec.cat\/ceiplagaraldapalleja\/wp-json\/wp\/v2\/media?parent=14556"}],"curies":[{"name":"wp","href":"https:\/\/api.w.org\/{rel}","templated":true}]}}