{"id":14545,"date":"2026-02-13T08:02:24","date_gmt":"2026-02-13T07:02:24","guid":{"rendered":"https:\/\/agora.xtec.cat\/ceiplagaraldapalleja\/?page_id=14545"},"modified":"2026-02-13T08:25:03","modified_gmt":"2026-02-13T07:25:03","slug":"quins-son-els-objectius-del-projecte-ka-122-sch-de-la-garalda","status":"publish","type":"page","link":"https:\/\/agora.xtec.cat\/ceiplagaraldapalleja\/erasmus\/quins-son-els-objectius-del-projecte-ka-122-sch-de-la-garalda\/","title":{"rendered":"Quins s\u00f3n els objectius del projecte KA 122-SCH de La Garalda?"},"content":{"rendered":"<p style=\"text-align: justify;\">Per con\u00e8ixer les necessitats de l\u2019escola i prioritzar els objectius del projecte presentat, s\u2019han utilitzat els resultats d\u2019una an\u00e0lisi DAFO elaborada per al projecte de direcci\u00f3 (2023-2027) i tamb\u00e9 l\u2019an\u00e0lisi elaborada en l\u2019elaboraci\u00f3 del Pla de Conviv\u00e8ncia del centre. Tamb\u00e9 s\u2019han tingut en compte els resultats obtinguts pel centre en les avaluacions externes promogudes pel Departament d\u2019Educaci\u00f3, concretament les proves de compet\u00e8ncies b\u00e0siques que realitzen els alumnes de sis\u00e8 de prim\u00e0ria i la prova diagn\u00f2stica que fan els alumnes de quart de prim\u00e0ria. Posteriorment, es va realitzar una enquesta entre els docents per prioritzar els temes a treballar per a la millora de l\u2019educaci\u00f3 del centre. Aquesta actuaci\u00f3 va ser realitzada per la Comissi\u00f3 Erasmus+ de l&#8217;escola.<\/p>\n<p>El projecte KA 122-SCH de l&#8217;escola La Garalda t\u00e9 3 objectius:<\/p>\n<ol>\n<li style=\"text-align: justify;\">Augmentar el benestar emocional de docents i alumnat mitjan\u00e7ant l\u2019observaci\u00f3 directa en altres centres europeus per millorar el sentiment de pertinen\u00e7a a la comunitat educativa.<\/li>\n<li style=\"text-align: justify;\">Millorar l\u2019atenci\u00f3 a la diversitat a l\u2019aula mitjan\u00e7ant la formaci\u00f3 dels docents per millorar els resultats d\u2019aprenentatge de l\u2019alumnat.<\/li>\n<li style=\"text-align: justify;\">Millorar la metodologia per ambients educatius aplicada a l\u2019educaci\u00f3 infantil i al cicle inicial de prim\u00e0ria mitjan\u00e7ant la formaci\u00f3 docent per crear situacions d\u2019aprenentatge d\u2019acord amb la LOMLOE.<\/li>\n<\/ol>\n<p style=\"text-align: justify;\">\n","protected":false},"excerpt":{"rendered":"<p>Per con\u00e8ixer les necessitats de l\u2019escola i prioritzar els objectius del projecte presentat, s\u2019han utilitzat els resultats d\u2019una an\u00e0lisi DAFO elaborada per al projecte de direcci\u00f3 (2023-2027) i tamb\u00e9 l\u2019an\u00e0lisi elaborada en l\u2019elaboraci\u00f3 del Pla de Conviv\u00e8ncia del centre. Tamb\u00e9 s\u2019han tingut en compte els&hellip;  <a href=\"https:\/\/agora.xtec.cat\/ceiplagaraldapalleja\/erasmus\/quins-son-els-objectius-del-projecte-ka-122-sch-de-la-garalda\/\" title=\"Read Quins s\u00f3n els objectius del projecte KA 122-SCH de La Garalda?\">Llegeix m\u00e9s\u00bb<\/a><\/p>\n","protected":false},"author":13,"featured_media":0,"parent":14311,"menu_order":3,"comment_status":"closed","ping_status":"closed","template":"page-templates\/side-menu.php","meta":{"_bbp_topic_count":0,"_bbp_reply_count":0,"_bbp_total_topic_count":0,"_bbp_total_reply_count":0,"_bbp_voice_count":0,"_bbp_anonymous_reply_count":0,"_bbp_topic_count_hidden":0,"_bbp_reply_count_hidden":0,"_bbp_forum_subforum_count":0,"footnotes":""},"class_list":["post-14545","page","type-page","status-publish","hentry"],"post_mailing_queue_ids":[],"_links":{"self":[{"href":"https:\/\/agora.xtec.cat\/ceiplagaraldapalleja\/wp-json\/wp\/v2\/pages\/14545","targetHints":{"allow":["GET"]}}],"collection":[{"href":"https:\/\/agora.xtec.cat\/ceiplagaraldapalleja\/wp-json\/wp\/v2\/pages"}],"about":[{"href":"https:\/\/agora.xtec.cat\/ceiplagaraldapalleja\/wp-json\/wp\/v2\/types\/page"}],"author":[{"embeddable":true,"href":"https:\/\/agora.xtec.cat\/ceiplagaraldapalleja\/wp-json\/wp\/v2\/users\/13"}],"replies":[{"embeddable":true,"href":"https:\/\/agora.xtec.cat\/ceiplagaraldapalleja\/wp-json\/wp\/v2\/comments?post=14545"}],"version-history":[{"count":5,"href":"https:\/\/agora.xtec.cat\/ceiplagaraldapalleja\/wp-json\/wp\/v2\/pages\/14545\/revisions"}],"predecessor-version":[{"id":14555,"href":"https:\/\/agora.xtec.cat\/ceiplagaraldapalleja\/wp-json\/wp\/v2\/pages\/14545\/revisions\/14555"}],"up":[{"embeddable":true,"href":"https:\/\/agora.xtec.cat\/ceiplagaraldapalleja\/wp-json\/wp\/v2\/pages\/14311"}],"wp:attachment":[{"href":"https:\/\/agora.xtec.cat\/ceiplagaraldapalleja\/wp-json\/wp\/v2\/media?parent=14545"}],"curies":[{"name":"wp","href":"https:\/\/api.w.org\/{rel}","templated":true}]}}