{"id":14536,"date":"2026-02-13T07:33:42","date_gmt":"2026-02-13T06:33:42","guid":{"rendered":"https:\/\/agora.xtec.cat\/ceiplagaraldapalleja\/?page_id=14536"},"modified":"2026-02-13T07:52:45","modified_gmt":"2026-02-13T06:52:45","slug":"que-es-una-accio-ka-122","status":"publish","type":"page","link":"https:\/\/agora.xtec.cat\/ceiplagaraldapalleja\/erasmus\/que-es-una-accio-ka-122\/","title":{"rendered":"Qu\u00e8 \u00e9s un projecte de mobilitat KA-122-SCH?"},"content":{"rendered":"<p style=\"text-align: justify;\" data-start=\"0\" data-end=\"213\">Els projectes de mobilitat KA122 s\u00f3n la via que tenen les institucions no acreditades per organitzar diferents activitats de mobilitat d\u2019alumnat i personal dins de l\u2019Acci\u00f3 clau 1 del programa Erasmus+ 2021-2027.<\/p>\n<p style=\"text-align: justify;\" data-start=\"215\" data-end=\"420\">El seu objectiu fonamental \u00e9s facilitar que les organitzacions puguin dur a terme activitats de mobilitat i adquirir experi\u00e8ncia en el programa Erasmus+. Els projectes tindran una durada de 6 a 18 mesos.<\/p>\n<p style=\"text-align: justify;\" data-start=\"422\" data-end=\"928\">La finalitat dels projectes de Mobilitat KA122 \u00e9s oferir oportunitats d\u2019aprenentatge a les persones i donar suport a la internacionalitzaci\u00f3 i al desenvolupament institucional dels centres escolars i d\u2019altres organitzacions en l\u2019\u00e0mbit de l\u2019educaci\u00f3 escolar. Concretament, els objectius d\u2019aquesta acci\u00f3 s\u00f3n: refor\u00e7ar la dimensi\u00f3 europea de l\u2019ensenyament i l\u2019aprenentatge, millorar la qualitat de l\u2019ensenyament i l\u2019aprenentatge en l\u2019educaci\u00f3 escolar i contribuir a la creaci\u00f3 de l\u2019Espai Europeu d\u2019Educaci\u00f3.<\/p>\n<p style=\"text-align: justify;\" data-start=\"930\" data-end=\"1307\" data-is-last-node=\"\" data-is-only-node=\"\">S\u2019espera que les organitzacions participants en Erasmus+ contribueixin a l\u2019assoliment dels objectius del Programa promovent activament entre els seus participants la inclusi\u00f3 i la diversitat, la cura del medi ambient i la lluita contra el canvi clim\u00e0tic, la transformaci\u00f3 digital i la participaci\u00f3 en la vida democr\u00e0tica, que constitueixen les prioritats del programa Erasmus+.<\/p>\n<p style=\"text-align: right;\">Font: Guia de Sol\u00b7licitud Acci\u00f3 Clau 1 (KA1)<\/p>\n<p style=\"text-align: right;\"><a href=\"http:\/\/sepie.es\/\">SEPIE<\/a><\/p>\n","protected":false},"excerpt":{"rendered":"<p>Els projectes de mobilitat KA122 s\u00f3n la via que tenen les institucions no acreditades per organitzar diferents activitats de mobilitat d\u2019alumnat i personal dins de l\u2019Acci\u00f3 clau 1 del programa Erasmus+ 2021-2027.<br \/>\nEl seu objectiu fonamental \u00e9s facilitar que les organitzacions puguin dur a terme activitats&hellip;  <a href=\"https:\/\/agora.xtec.cat\/ceiplagaraldapalleja\/erasmus\/que-es-una-accio-ka-122\/\" title=\"Read Qu\u00e8 \u00e9s un projecte de mobilitat KA-122-SCH?\">Llegeix m\u00e9s\u00bb<\/a><\/p>\n","protected":false},"author":13,"featured_media":0,"parent":14311,"menu_order":0,"comment_status":"closed","ping_status":"closed","template":"page-templates\/side-menu.php","meta":{"_bbp_topic_count":0,"_bbp_reply_count":0,"_bbp_total_topic_count":0,"_bbp_total_reply_count":0,"_bbp_voice_count":0,"_bbp_anonymous_reply_count":0,"_bbp_topic_count_hidden":0,"_bbp_reply_count_hidden":0,"_bbp_forum_subforum_count":0,"footnotes":""},"class_list":["post-14536","page","type-page","status-publish","hentry"],"post_mailing_queue_ids":[],"_links":{"self":[{"href":"https:\/\/agora.xtec.cat\/ceiplagaraldapalleja\/wp-json\/wp\/v2\/pages\/14536","targetHints":{"allow":["GET"]}}],"collection":[{"href":"https:\/\/agora.xtec.cat\/ceiplagaraldapalleja\/wp-json\/wp\/v2\/pages"}],"about":[{"href":"https:\/\/agora.xtec.cat\/ceiplagaraldapalleja\/wp-json\/wp\/v2\/types\/page"}],"author":[{"embeddable":true,"href":"https:\/\/agora.xtec.cat\/ceiplagaraldapalleja\/wp-json\/wp\/v2\/users\/13"}],"replies":[{"embeddable":true,"href":"https:\/\/agora.xtec.cat\/ceiplagaraldapalleja\/wp-json\/wp\/v2\/comments?post=14536"}],"version-history":[{"count":6,"href":"https:\/\/agora.xtec.cat\/ceiplagaraldapalleja\/wp-json\/wp\/v2\/pages\/14536\/revisions"}],"predecessor-version":[{"id":14544,"href":"https:\/\/agora.xtec.cat\/ceiplagaraldapalleja\/wp-json\/wp\/v2\/pages\/14536\/revisions\/14544"}],"up":[{"embeddable":true,"href":"https:\/\/agora.xtec.cat\/ceiplagaraldapalleja\/wp-json\/wp\/v2\/pages\/14311"}],"wp:attachment":[{"href":"https:\/\/agora.xtec.cat\/ceiplagaraldapalleja\/wp-json\/wp\/v2\/media?parent=14536"}],"curies":[{"name":"wp","href":"https:\/\/api.w.org\/{rel}","templated":true}]}}