{"id":13490,"date":"2024-01-29T13:17:51","date_gmt":"2024-01-29T12:17:51","guid":{"rendered":"https:\/\/agora.xtec.cat\/ceiplagaraldapalleja\/?page_id=13490"},"modified":"2024-01-29T13:28:15","modified_gmt":"2024-01-29T12:28:15","slug":"dinantia","status":"publish","type":"page","link":"https:\/\/agora.xtec.cat\/ceiplagaraldapalleja\/lescola\/dinantia\/","title":{"rendered":"Dinantia"},"content":{"rendered":"<p><strong>L\u2019escola envia totes les notificacions per Dinantia: <\/strong>informacions diverses, sobre activitats i sortides, pagaments&#8230;<strong><br \/>\n<\/strong><\/p>\n<p><a href=\"http:\/\/agora.xtec.cat\/escolaantoniroig\/wp-content\/uploads\/usu563\/2018\/09\/DINANTIA.jpg\"><img loading=\"lazy\" decoding=\"async\" class=\"aligncenter wp-image-4207\" src=\"http:\/\/agora.xtec.cat\/escolaantoniroig\/wp-content\/uploads\/usu563\/2018\/09\/DINANTIA.jpg\" sizes=\"auto, (max-width: 332px) 100vw, 332px\" srcset=\"https:\/\/agora.xtec.cat\/escolaantoniroig\/wp-content\/uploads\/usu563\/2018\/09\/DINANTIA.jpg 542w, https:\/\/agora.xtec.cat\/escolaantoniroig\/wp-content\/uploads\/usu563\/2018\/09\/DINANTIA-300x185.jpg 300w\" alt=\"\" width=\"332\" height=\"205\" \/><\/a><\/p>\n<p>L\u2019aplicaci\u00f3 m\u00f2bil Dinantia \u00e9s una eina senzilla i r\u00e0pida per a la\u00a0<strong>comunicaci\u00f3 entre el centre i les fam\u00edlies<\/strong>. Amb aquesta plataforma les fam\u00edlies poden comunicar-se amb el centre i estar informats a trav\u00e9s del tel\u00e8fon m\u00f2bil.<\/p>\n<p>Amb aquest servei el centre podr\u00e0 enviar missatges a les fam\u00edlies per tal de concertar reunions, fer enquestes d\u2019opini\u00f3 an\u00f2nimes, autoritzar sortides escolars, etc.\u00a0<strong>Les autoritzacions signades des de Dinantia tenen validesa legal.<\/strong><\/p>\n<p>La seva desc\u00e0rrega \u00e9s gratu\u00efta. Pot instal\u00b7lar-se amb un \u00fanic compte en diversos dispositius.<\/p>\n<p><a href=\"https:\/\/play.google.com\/store\/apps\/details?id=com.dinantia.dinantia\"><img loading=\"lazy\" decoding=\"async\" class=\" wp-image-4215 alignleft\" src=\"http:\/\/agora.xtec.cat\/escolaantoniroig\/wp-content\/uploads\/usu563\/2018\/09\/google-play.jpg\" sizes=\"auto, (max-width: 206px) 100vw, 206px\" srcset=\"https:\/\/agora.xtec.cat\/escolaantoniroig\/wp-content\/uploads\/usu563\/2018\/09\/google-play.jpg 305w, https:\/\/agora.xtec.cat\/escolaantoniroig\/wp-content\/uploads\/usu563\/2018\/09\/google-play-300x105.jpg 300w\" alt=\"\" width=\"206\" height=\"71\" \/><\/a><a href=\"https:\/\/itunes.apple.com\/es\/app\/dinantia\/id1057051981\"><img loading=\"lazy\" decoding=\"async\" class=\"wp-image-4214 alignleft\" src=\"http:\/\/agora.xtec.cat\/escolaantoniroig\/wp-content\/uploads\/usu563\/2018\/09\/app-store.jpg\" sizes=\"auto, (max-width: 209px) 100vw, 209px\" srcset=\"https:\/\/agora.xtec.cat\/escolaantoniroig\/wp-content\/uploads\/usu563\/2018\/09\/app-store.jpg 344w, https:\/\/agora.xtec.cat\/escolaantoniroig\/wp-content\/uploads\/usu563\/2018\/09\/app-store-300x105.jpg 300w\" alt=\"\" width=\"209\" height=\"73\" \/><\/a><\/p>\n<p>&nbsp;<\/p>\n<p>&nbsp;<\/p>\n<p>Tamb\u00e9 \u00e9s possible accedir-hi des de la versi\u00f3 web:<strong>\u00a0<a href=\"https:\/\/app.dinantia.com\/\">https:\/\/app.dinantia.com\/<\/a><\/strong><\/p>\n<p>Donar-se d\u2019alta \u00e9s molt senzill, nom\u00e9s heu de seguir les instruccions que figuren al seg\u00fcent enlla\u00e7:<\/p>\n<p><em><a href=\"https:\/\/agora.xtec.cat\/escolaantoniroig\/wp-content\/uploads\/usu563\/2018\/09\/Dinantia_instalacio.pdf\"><strong>Instruccions d\u2019instal\u00b7laci\u00f3 i configuraci\u00f3 de Dinantia<\/strong>\u00a0<\/a><\/em><\/p>\n<p>\u00c9s molt important que, tal i com es detalla al document anterior,\u00a0<strong>creeu un PIN que us servir\u00e0 per signar determinats documents<\/strong>\u00a0com, per exemple, les autoritzacions de les sortides.<\/p>\n<p>Quan el centre env\u00efi un missatge, el rebreu en forma de\u00a0<em>notificaci\u00f3 push<\/em> en el tel\u00e8fon m\u00f2bil o tauleta on tingueu instal\u00b7lada l\u2019aplicaci\u00f3.<\/p>\n","protected":false},"excerpt":{"rendered":"<p>L\u2019escola envia totes les notificacions per Dinantia: informacions diverses, sobre activitats i sortides, pagaments&#8230;<\/p>\n<p><a href=\"http:\/\/agora.xtec.cat\/escolaantoniroig\/wp-content\/uploads\/usu563\/2018\/09\/DINANTIA.jpg\"><\/a><br \/>\nL\u2019aplicaci\u00f3 m\u00f2bil Dinantia \u00e9s una eina senzilla i r\u00e0pida per a la\u00a0comunicaci\u00f3 entre el centre i les fam\u00edlies. Amb aquesta plataforma les fam\u00edlies poden comunicar-se amb el centre i estar informats&hellip;  <a href=\"https:\/\/agora.xtec.cat\/ceiplagaraldapalleja\/lescola\/dinantia\/\" title=\"Read Dinantia\">Llegeix m\u00e9s\u00bb<\/a><\/p>\n","protected":false},"author":17,"featured_media":0,"parent":22,"menu_order":13,"comment_status":"closed","ping_status":"closed","template":"page-templates\/side-menu.php","meta":{"_bbp_topic_count":0,"_bbp_reply_count":0,"_bbp_total_topic_count":0,"_bbp_total_reply_count":0,"_bbp_voice_count":0,"_bbp_anonymous_reply_count":0,"_bbp_topic_count_hidden":0,"_bbp_reply_count_hidden":0,"_bbp_forum_subforum_count":0,"footnotes":""},"class_list":["post-13490","page","type-page","status-publish","hentry"],"post_mailing_queue_ids":[],"_links":{"self":[{"href":"https:\/\/agora.xtec.cat\/ceiplagaraldapalleja\/wp-json\/wp\/v2\/pages\/13490","targetHints":{"allow":["GET"]}}],"collection":[{"href":"https:\/\/agora.xtec.cat\/ceiplagaraldapalleja\/wp-json\/wp\/v2\/pages"}],"about":[{"href":"https:\/\/agora.xtec.cat\/ceiplagaraldapalleja\/wp-json\/wp\/v2\/types\/page"}],"author":[{"embeddable":true,"href":"https:\/\/agora.xtec.cat\/ceiplagaraldapalleja\/wp-json\/wp\/v2\/users\/17"}],"replies":[{"embeddable":true,"href":"https:\/\/agora.xtec.cat\/ceiplagaraldapalleja\/wp-json\/wp\/v2\/comments?post=13490"}],"version-history":[{"count":2,"href":"https:\/\/agora.xtec.cat\/ceiplagaraldapalleja\/wp-json\/wp\/v2\/pages\/13490\/revisions"}],"predecessor-version":[{"id":13492,"href":"https:\/\/agora.xtec.cat\/ceiplagaraldapalleja\/wp-json\/wp\/v2\/pages\/13490\/revisions\/13492"}],"up":[{"embeddable":true,"href":"https:\/\/agora.xtec.cat\/ceiplagaraldapalleja\/wp-json\/wp\/v2\/pages\/22"}],"wp:attachment":[{"href":"https:\/\/agora.xtec.cat\/ceiplagaraldapalleja\/wp-json\/wp\/v2\/media?parent=13490"}],"curies":[{"name":"wp","href":"https:\/\/api.w.org\/{rel}","templated":true}]}}