{"id":1197,"date":"2015-11-25T23:47:34","date_gmt":"2015-11-25T22:47:34","guid":{"rendered":"http:\/\/agora.xtec.cat\/ceiplagaraldapalleja\/?page_id=1197"},"modified":"2025-06-30T10:19:02","modified_gmt":"2025-06-30T08:19:02","slug":"secretaria","status":"publish","type":"page","link":"https:\/\/agora.xtec.cat\/ceiplagaraldapalleja\/secretaria\/","title":{"rendered":"AUTORITZACIONS"},"content":{"rendered":"<ul>\n<li><span style=\"color: #800000;\"><a style=\"color: #800000;\" href=\"https:\/\/drive.google.com\/file\/d\/1W0bPohGKyhLTQfCii_ETm5SXUcefrrzA\/view?usp=sharing\">Autoritzaci\u00f3 sortida aut\u00f2noma alumnat de 3r, 4t, 5\u00e8 i 6\u00e8 de Prim\u00e0ria.<\/a><\/span><\/li>\n<li><span style=\"color: #800000;\"><a style=\"color: #800000;\" href=\"https:\/\/drive.google.com\/file\/d\/1j5KgvKmUgUKD-WGDAaDHHGzKb5UjbErh\/view?usp=sharing\">Autoritzaci\u00f3 drets d&#8217;imatge.<\/a><\/span><\/li>\n<li><span style=\"color: #800000;\"><a style=\"color: #800000;\" href=\"https:\/\/drive.google.com\/file\/d\/1ZM2rGT6K_e542VHL5XfQ3TB_PfV-DLKd\/view?usp=sharing\">Autoritzaci\u00f3 creaci\u00f3 correu electr\u00f2nic.<\/a><\/span><\/li>\n<li><span style=\"color: #800000;\"><a style=\"color: #800000;\" href=\"https:\/\/drive.google.com\/file\/d\/19aKID2AjQdwY0Ass20xNvspr5NOmkc3r\/view?usp=sharing\">Autoritzaci\u00f3 administraci\u00f3 paracetamol.<\/a><\/span><\/li>\n<li><span style=\"color: #800000;\"><a style=\"color: #800000;\" href=\"https:\/\/drive.google.com\/file\/d\/1D2ClIEqVM02sbJeZCGqQFM1TMcuFsOVA\/view?usp=sharing\">Autoritzaci\u00f3 administraci\u00f3 medicament puntual.<\/a><\/span><\/li>\n<li><span style=\"color: #800000;\"><a style=\"color: #800000;\" href=\"https:\/\/drive.google.com\/file\/d\/1X6GteT01DQkuek1pqJzcWKnEVb8DKJAo\/view?usp=sharing\">Comunicaci\u00f3 al\u00b7l\u00e8rgia.<\/a><\/span><\/li>\n<li><span style=\"color: #800000;\"><a style=\"color: #800000;\" href=\"https:\/\/drive.google.com\/file\/d\/1r99ei1X8qkKOvuH0O1-w1GVX3RTZXgYH\/view?usp=sharing\">Autoritzaci\u00f3 administraci\u00f3 medicaments per al\u00b7l\u00e8rgies.<\/a><\/span><\/li>\n<li><span style=\"color: #800000;\"><a style=\"color: #800000;\" href=\"https:\/\/drive.google.com\/file\/d\/147zTNGh8Dc11CY1nyrBZeBfOJm4fYyal\/view?usp=sharing\">Comunicaci\u00f3 pautes a seguir davant d&#8217;una reacci\u00f3 al\u00b7l\u00e8rgica.<\/a><\/span><\/li>\n<\/ul>\n","protected":false},"excerpt":{"rendered":"<ul>\n<li><a style=\"color: #800000;\" href=\"https:\/\/drive.google.com\/file\/d\/1W0bPohGKyhLTQfCii_ETm5SXUcefrrzA\/view?usp=sharing\">Autoritzaci\u00f3 sortida aut\u00f2noma alumnat de 3r, 4t, 5\u00e8 i 6\u00e8 de Prim\u00e0ria.<\/a><\/li>\n<li><a style=\"color: #800000;\" href=\"https:\/\/drive.google.com\/file\/d\/1j5KgvKmUgUKD-WGDAaDHHGzKb5UjbErh\/view?usp=sharing\">Autoritzaci\u00f3 drets d&#8217;imatge.<\/a><\/li>\n<li><a style=\"color: #800000;\" href=\"https:\/\/drive.google.com\/file\/d\/1ZM2rGT6K_e542VHL5XfQ3TB_PfV-DLKd\/view?usp=sharing\">Autoritzaci\u00f3 creaci\u00f3 correu electr\u00f2nic.<\/a><\/li>\n<li><a style=\"color: #800000;\" href=\"https:\/\/drive.google.com\/file\/d\/19aKID2AjQdwY0Ass20xNvspr5NOmkc3r\/view?usp=sharing\">Autoritzaci\u00f3 administraci\u00f3 paracetamol.<\/a><\/li>\n<li><a style=\"color: #800000;\" href=\"https:\/\/drive.google.com\/file\/d\/1D2ClIEqVM02sbJeZCGqQFM1TMcuFsOVA\/view?usp=sharing\">Autoritzaci\u00f3 administraci\u00f3 medicament puntual.<\/a><\/li>\n<li><a style=\"color: #800000;\" href=\"https:\/\/drive.google.com\/file\/d\/1X6GteT01DQkuek1pqJzcWKnEVb8DKJAo\/view?usp=sharing\">Comunicaci\u00f3 al\u00b7l\u00e8rgia.<\/a><\/li>\n<li><a style=\"color: #800000;\" href=\"https:\/\/drive.google.com\/file\/d\/1r99ei1X8qkKOvuH0O1-w1GVX3RTZXgYH\/view?usp=sharing\">Autoritzaci\u00f3 administraci\u00f3&hellip;  <a href=\"https:\/\/agora.xtec.cat\/ceiplagaraldapalleja\/secretaria\/\" title=\"Read AUTORITZACIONS\">Llegeix m\u00e9s\u00bb<\/a><br \/>\n","protected":false},"author":1,"featured_media":0,"parent":0,"menu_order":0,"comment_status":"closed","ping_status":"closed","template":"","meta":{"_bbp_topic_count":0,"_bbp_reply_count":0,"_bbp_total_topic_count":0,"_bbp_total_reply_count":0,"_bbp_voice_count":0,"_bbp_anonymous_reply_count":0,"_bbp_topic_count_hidden":0,"_bbp_reply_count_hidden":0,"_bbp_forum_subforum_count":0,"footnotes":""},"class_list":["post-1197","page","type-page","status-publish","hentry"],"post_mailing_queue_ids":[],"_links":{"self":[{"href":"https:\/\/agora.xtec.cat\/ceiplagaraldapalleja\/wp-json\/wp\/v2\/pages\/1197","targetHints":{"allow":["GET"]}}],"collection":[{"href":"https:\/\/agora.xtec.cat\/ceiplagaraldapalleja\/wp-json\/wp\/v2\/pages"}],"about":[{"href":"https:\/\/agora.xtec.cat\/ceiplagaraldapalleja\/wp-json\/wp\/v2\/types\/page"}],"author":[{"embeddable":true,"href":"https:\/\/agora.xtec.cat\/ceiplagaraldapalleja\/wp-json\/wp\/v2\/users\/1"}],"replies":[{"embeddable":true,"href":"https:\/\/agora.xtec.cat\/ceiplagaraldapalleja\/wp-json\/wp\/v2\/comments?post=1197"}],"version-history":[{"count":6,"href":"https:\/\/agora.xtec.cat\/ceiplagaraldapalleja\/wp-json\/wp\/v2\/pages\/1197\/revisions"}],"predecessor-version":[{"id":14288,"href":"https:\/\/agora.xtec.cat\/ceiplagaraldapalleja\/wp-json\/wp\/v2\/pages\/1197\/revisions\/14288"}],"wp:attachment":[{"href":"https:\/\/agora.xtec.cat\/ceiplagaraldapalleja\/wp-json\/wp\/v2\/media?parent=1197"}],"curies":[{"name":"wp","href":"https:\/\/api.w.org\/{rel}","templated":true}]}}