{"id":500,"date":"2018-05-09T18:44:38","date_gmt":"2018-05-09T16:44:38","guid":{"rendered":"http:\/\/agora.xtec.cat\/ceiplafassina\/?page_id=500"},"modified":"2024-06-25T13:42:46","modified_gmt":"2024-06-25T11:42:46","slug":"missio","status":"publish","type":"page","link":"https:\/\/agora.xtec.cat\/ceiplafassina\/lescola-2\/missio\/","title":{"rendered":"Missi\u00f3, visi\u00f3 i valors"},"content":{"rendered":"<p style=\"text-align: justify;\"><span style=\"color: #008000;\"><strong>Missi\u00f3<\/strong><\/span><\/p>\n<ul style=\"text-align: justify;\">\n<li>Millorar les compet\u00e8ncies dels nostres alumnes.<\/li>\n<li>Potenciar el desenvolupament integral dels nostres alumnes, respectant les seves possibilitats i\u00a0capacitats.<\/li>\n<li style=\"text-align: justify;\">Fomentar els valors democr\u00e0tics, el respecte als drets humans, la cultura de la pau i de l\u2019esfor\u00e7.<\/li>\n<li>Formar ciutadans aut\u00f2noms i emprenedors, d\u2019esperit cr\u00edtic, responsables i compromesos amb\u00a0la societat.<\/li>\n<\/ul>\n<p style=\"text-align: justify;\"><span style=\"color: #008000;\"><strong>Visi\u00f3<\/strong><\/span><\/p>\n<p style=\"text-align: justify;\">Els nostres principis d\u2019actuaci\u00f3 van encaminats a l\u2019escola que volem:<\/p>\n<ul style=\"list-style-type: disc;\">\n<li style=\"text-align: justify;\">Volem una <strong>escola oberta<\/strong> i preparada per fomentar la <strong>conviv\u00e8ncia<\/strong> de l\u2019alumnat\u00a0independentment de la seva proced\u00e8ncia, respectant la igualtat d\u2019oportunitats, la\u00a0identitat personal i la diversitat de cada alumne i que treballi per compensar les\u00a0desigualtats dels alumnes m\u00e9s desfavorits socialment, familiar, cultural o\u00a0econ\u00f2mica.<\/li>\n<li style=\"text-align: justify;\">Volem una escola que tingui una cura especial de <strong>l\u2019educaci\u00f3 s\u00f2cio-emocional<\/strong>:\u00a0autoestima, gesti\u00f3 d\u2019emocions, empatia i resoluci\u00f3 de conflictes.<\/li>\n<li style=\"text-align: justify;\">Volem una escola on els valors <strong>democr\u00e0tics<\/strong> i humans s\u2019aprenguin a partir de\u00a0l\u2019experi\u00e8ncia del dia a dia (pau, just\u00edcia, respecte, drets humans&#8230;).<\/li>\n<li style=\"text-align: justify;\">Volem una escola oberta i <strong>compromesa<\/strong> amb l\u2019entorn, potenciant les activitats que\u00a0s\u2019hi duen a terme, a la vegada que donem a con\u00e8ixer les nostres.<\/li>\n<li style=\"text-align: justify;\">Volem que els\u00a0nostres alumnes coneguin el seu <strong>entorn proper<\/strong>: la hist\u00f2ria, la natura, l\u2019organitzaci\u00f3\u00a0social&#8230;<\/li>\n<li style=\"text-align: justify;\">Volem una escola <strong>compromesa amb el medi ambient,<\/strong> fomentant valors de respecte\u00a0i cura.<\/li>\n<li style=\"text-align: justify;\">Volem una escola <strong>compromesa amb la societat<\/strong>, fomentant valors de solidaritat,\u00a0cooperaci\u00f3 i treball per al b\u00e9 com\u00fa, donant cabuda a projectes de servei-aprenentatge.<\/li>\n<li style=\"text-align: justify;\">Vo<span style=\"font-family: inherit; font-size: 1em;\">lem que les <strong>fam\u00edlies<\/strong> se sentin part integrant de la comunitat educativa,\u00a0<\/span><span style=\"font-family: inherit; font-size: 1em;\">omentant el trasp\u00e0s d\u2019informaci\u00f3 i la participaci\u00f3.<\/span><\/li>\n<li style=\"text-align: justify;\">Volem una escola que basi les seves actuacions en els quatre pilars de l\u2019educaci\u00f3:\u00a0<strong>aprendre a ser, aprendre a conviure, aprendre a fer i aprendre a con\u00e8ixer<\/strong>.<\/li>\n<li style=\"text-align: justify;\">Aprendre a partir <strong>d\u2019objectius comuns<\/strong> on tothom hi pot aportar, i on l\u2019alumne \u00e9s\u00a0motor del seu aprenentatge.<\/li>\n<\/ul>\n<p style=\"text-align: justify;\"><span style=\"color: #008000;\"><strong>Valors<\/strong><\/span><\/p>\n<p style=\"text-align: justify;\">Els valors que fonamenten la nostra acci\u00f3 educativa s\u00f3n el respecte, l\u2019empatia i la toler\u00e0ncia, la responsabilitat, l\u2019esperit cr\u00edtic i creatiu, la cooperaci\u00f3, l\u2019esfor\u00e7 personal i de grup, la defensa de la natura.<\/p>\n","protected":false},"excerpt":{"rendered":"<p>Missi\u00f3<\/p>\n<ul style=\"text-align: justify;\">\n<li>Millorar les compet\u00e8ncies dels nostres alumnes.<\/li>\n<li>Potenciar el desenvolupament integral dels nostres alumnes, respectant les seves possibilitats i\u00a0capacitats.<\/li>\n<li style=\"text-align: justify;\">Fomentar els valors democr\u00e0tics, el respecte als drets humans, la cultura de la pau i de l\u2019esfor\u00e7.<\/li>\n<li>Formar ciutadans aut\u00f2noms i emprenedors, d\u2019esperit cr\u00edtic, responsables i&hellip;  <a href=\"https:\/\/agora.xtec.cat\/ceiplafassina\/lescola-2\/missio\/\" title=\"Read Missi\u00f3, visi\u00f3 i valors\">Llegeix m\u00e9s\u00bb<\/a><br \/>\n","protected":false},"author":3,"featured_media":0,"parent":516,"menu_order":0,"comment_status":"closed","ping_status":"closed","template":"","meta":{"_bbp_topic_count":0,"_bbp_reply_count":0,"_bbp_total_topic_count":0,"_bbp_total_reply_count":0,"_bbp_voice_count":0,"_bbp_anonymous_reply_count":0,"_bbp_topic_count_hidden":0,"_bbp_reply_count_hidden":0,"_bbp_forum_subforum_count":0,"footnotes":""},"class_list":["post-500","page","type-page","status-publish","hentry"],"post_mailing_queue_ids":[],"_links":{"self":[{"href":"https:\/\/agora.xtec.cat\/ceiplafassina\/wp-json\/wp\/v2\/pages\/500","targetHints":{"allow":["GET"]}}],"collection":[{"href":"https:\/\/agora.xtec.cat\/ceiplafassina\/wp-json\/wp\/v2\/pages"}],"about":[{"href":"https:\/\/agora.xtec.cat\/ceiplafassina\/wp-json\/wp\/v2\/types\/page"}],"author":[{"embeddable":true,"href":"https:\/\/agora.xtec.cat\/ceiplafassina\/wp-json\/wp\/v2\/users\/3"}],"replies":[{"embeddable":true,"href":"https:\/\/agora.xtec.cat\/ceiplafassina\/wp-json\/wp\/v2\/comments?post=500"}],"version-history":[{"count":5,"href":"https:\/\/agora.xtec.cat\/ceiplafassina\/wp-json\/wp\/v2\/pages\/500\/revisions"}],"predecessor-version":[{"id":1547,"href":"https:\/\/agora.xtec.cat\/ceiplafassina\/wp-json\/wp\/v2\/pages\/500\/revisions\/1547"}],"up":[{"embeddable":true,"href":"https:\/\/agora.xtec.cat\/ceiplafassina\/wp-json\/wp\/v2\/pages\/516"}],"wp:attachment":[{"href":"https:\/\/agora.xtec.cat\/ceiplafassina\/wp-json\/wp\/v2\/media?parent=500"}],"curies":[{"name":"wp","href":"https:\/\/api.w.org\/{rel}","templated":true}]}}