{"id":499,"date":"2018-05-09T18:44:38","date_gmt":"2018-05-09T16:44:38","guid":{"rendered":"http:\/\/agora.xtec.cat\/ceiplafassina\/?page_id=499"},"modified":"2024-06-26T09:49:22","modified_gmt":"2024-06-26T07:49:22","slug":"historia","status":"publish","type":"page","link":"https:\/\/agora.xtec.cat\/ceiplafassina\/historia\/","title":{"rendered":"Hist\u00f2ria"},"content":{"rendered":"<p style=\"text-align: justify;\"><span style=\"color: #000000;\">Als seus inicis, l<strong>&#8216;Escola La Fassina<\/strong> era l\u2019Escola Nacional de nens i nenes de Mediona, ubicada a les depend\u00e8ncies de l\u2019Ajuntament en 3 aules: <strong>nens, nenes i p\u00e0rvuls<\/strong>.<\/span><\/p>\n<p style=\"text-align: justify;\">\n<span style=\"color: #000000;\">Als anys<strong> 60<\/strong> del segle passat es<strong> van construir 3 aules i 3 cases de mestres<\/strong> en uns terrenys\u00a0argilosos (que van donar m\u00e9s d\u2019un problema a l\u2019hora de construir els edificis) al costat de\u00a0l\u2019antiga carretera de Capellades, <strong>ubicaci\u00f3 actual de l\u2019escola<\/strong>. El carrer va passar a ser el <strong>carrer\u00a0<\/strong><strong>Escoles<\/strong>.<\/span><\/p>\n<p style=\"text-align: justify;\">\n<span style=\"color: #000000;\">L\u2019any <strong>1968<\/strong>, finalment, es van inaugurar les noves depend\u00e8ncies. Continuava sent Escola\u00a0Nacional de Nens i Nenes de Mediona, amb una aula per a nens, una per a nenes i una per a\u00a0p\u00e0rvuls.<\/span><\/p>\n<p style=\"text-align: justify;\">\n<span style=\"color: #000000;\">L\u2019any <strong>1976<\/strong>, despr\u00e9s de la implantaci\u00f3 de l\u2019EGB i l\u2019organitzaci\u00f3 de les concentracions escolars, l\u2019escola va passar a acollir els alumnes de parvulari i fins a 5\u00e8 d\u2019EGB. Els alumnes de 6\u00e8, 7\u00e8 i 8\u00e8\u00a0van passar a l\u2019escola Marqu\u00e8s de la Pobla de Capellades.<\/span><\/p>\n<p style=\"text-align: justify;\">\n<span style=\"color: #000000;\">Ens manquen dades sobre quan va ser que es va canviar el nom de l\u2019escola i com, i sobre quan\u00a0va passar a formar part de la <strong>ZER Serra d\u2019Ancosa<\/strong>, juntament amb les escoles Renaixen\u00e7a, Les\u00a0Oliveres i Viladem\u00e0ger.<\/span><\/p>\n<p style=\"text-align: justify;\">\n<span style=\"color: #000000;\">El curs <strong>2011-2012<\/strong> es va separar de la ZER i, des d\u2019aleshores, funciona de manera aut\u00f2noma.<\/span><\/p>\n","protected":false},"excerpt":{"rendered":"<p>Als seus inicis, l&#8216;Escola La Fassina era l\u2019Escola Nacional de nens i nenes de Mediona, ubicada a les depend\u00e8ncies de l\u2019Ajuntament en 3 aules: nens, nenes i p\u00e0rvuls.<\/p>\n<p>Als anys 60 del segle passat es van construir 3 aules i 3 cases de mestres en uns&hellip;  <a href=\"https:\/\/agora.xtec.cat\/ceiplafassina\/historia\/\" title=\"Read Hist\u00f2ria\">Llegeix m\u00e9s\u00bb<\/a><\/p>\n","protected":false},"author":3,"featured_media":0,"parent":0,"menu_order":0,"comment_status":"closed","ping_status":"closed","template":"","meta":{"_bbp_topic_count":0,"_bbp_reply_count":0,"_bbp_total_topic_count":0,"_bbp_total_reply_count":0,"_bbp_voice_count":0,"_bbp_anonymous_reply_count":0,"_bbp_topic_count_hidden":0,"_bbp_reply_count_hidden":0,"_bbp_forum_subforum_count":0,"footnotes":""},"class_list":["post-499","page","type-page","status-publish","hentry"],"post_mailing_queue_ids":[],"_links":{"self":[{"href":"https:\/\/agora.xtec.cat\/ceiplafassina\/wp-json\/wp\/v2\/pages\/499","targetHints":{"allow":["GET"]}}],"collection":[{"href":"https:\/\/agora.xtec.cat\/ceiplafassina\/wp-json\/wp\/v2\/pages"}],"about":[{"href":"https:\/\/agora.xtec.cat\/ceiplafassina\/wp-json\/wp\/v2\/types\/page"}],"author":[{"embeddable":true,"href":"https:\/\/agora.xtec.cat\/ceiplafassina\/wp-json\/wp\/v2\/users\/3"}],"replies":[{"embeddable":true,"href":"https:\/\/agora.xtec.cat\/ceiplafassina\/wp-json\/wp\/v2\/comments?post=499"}],"version-history":[{"count":5,"href":"https:\/\/agora.xtec.cat\/ceiplafassina\/wp-json\/wp\/v2\/pages\/499\/revisions"}],"predecessor-version":[{"id":1629,"href":"https:\/\/agora.xtec.cat\/ceiplafassina\/wp-json\/wp\/v2\/pages\/499\/revisions\/1629"}],"wp:attachment":[{"href":"https:\/\/agora.xtec.cat\/ceiplafassina\/wp-json\/wp\/v2\/media?parent=499"}],"curies":[{"name":"wp","href":"https:\/\/api.w.org\/{rel}","templated":true}]}}