{"id":1592,"date":"2024-06-25T14:12:09","date_gmt":"2024-06-25T12:12:09","guid":{"rendered":"https:\/\/agora.xtec.cat\/ceiplafassina\/?page_id=1592"},"modified":"2024-06-26T09:29:04","modified_gmt":"2024-06-26T07:29:04","slug":"educacio-per-a-la-salut-2","status":"publish","type":"page","link":"https:\/\/agora.xtec.cat\/ceiplafassina\/lescola-2\/educacio-per-a-la-salut-2\/","title":{"rendered":"Educaci\u00f3 per a la salut"},"content":{"rendered":"<p>A trav\u00e9s del CAP de Sant Sadurn\u00ed:<\/p>\n<ul>\n<li>Projecte d\u2019higiene bucodental a Primer i Sis\u00e8.<\/li>\n<li>Vacunes a sis\u00e8<\/li>\n<\/ul>\n","protected":false},"excerpt":{"rendered":"<p>A trav\u00e9s del CAP de Sant Sadurn\u00ed:<\/p>\n<ul>\n<li>Projecte d\u2019higiene bucodental a Primer i Sis\u00e8.<\/li>\n<li>Vacunes a sis\u00e8<\/li>\n<\/ul>\n","protected":false},"author":1,"featured_media":0,"parent":516,"menu_order":0,"comment_status":"closed","ping_status":"closed","template":"","meta":{"_bbp_topic_count":0,"_bbp_reply_count":0,"_bbp_total_topic_count":0,"_bbp_total_reply_count":0,"_bbp_voice_count":0,"_bbp_anonymous_reply_count":0,"_bbp_topic_count_hidden":0,"_bbp_reply_count_hidden":0,"_bbp_forum_subforum_count":0,"footnotes":""},"class_list":["post-1592","page","type-page","status-publish","hentry"],"post_mailing_queue_ids":[],"_links":{"self":[{"href":"https:\/\/agora.xtec.cat\/ceiplafassina\/wp-json\/wp\/v2\/pages\/1592","targetHints":{"allow":["GET"]}}],"collection":[{"href":"https:\/\/agora.xtec.cat\/ceiplafassina\/wp-json\/wp\/v2\/pages"}],"about":[{"href":"https:\/\/agora.xtec.cat\/ceiplafassina\/wp-json\/wp\/v2\/types\/page"}],"author":[{"embeddable":true,"href":"https:\/\/agora.xtec.cat\/ceiplafassina\/wp-json\/wp\/v2\/users\/1"}],"replies":[{"embeddable":true,"href":"https:\/\/agora.xtec.cat\/ceiplafassina\/wp-json\/wp\/v2\/comments?post=1592"}],"version-history":[{"count":2,"href":"https:\/\/agora.xtec.cat\/ceiplafassina\/wp-json\/wp\/v2\/pages\/1592\/revisions"}],"predecessor-version":[{"id":1626,"href":"https:\/\/agora.xtec.cat\/ceiplafassina\/wp-json\/wp\/v2\/pages\/1592\/revisions\/1626"}],"up":[{"embeddable":true,"href":"https:\/\/agora.xtec.cat\/ceiplafassina\/wp-json\/wp\/v2\/pages\/516"}],"wp:attachment":[{"href":"https:\/\/agora.xtec.cat\/ceiplafassina\/wp-json\/wp\/v2\/media?parent=1592"}],"curies":[{"name":"wp","href":"https:\/\/api.w.org\/{rel}","templated":true}]}}