{"id":1586,"date":"2024-06-25T14:10:36","date_gmt":"2024-06-25T12:10:36","guid":{"rendered":"https:\/\/agora.xtec.cat\/ceiplafassina\/?page_id=1586"},"modified":"2024-06-26T09:27:11","modified_gmt":"2024-06-26T07:27:11","slug":"projecte-demprenedoria","status":"publish","type":"page","link":"https:\/\/agora.xtec.cat\/ceiplafassina\/lescola-2\/projecte-demprenedoria\/","title":{"rendered":"Projecte d&#8217;emprenedoria"},"content":{"rendered":"<p>\u00c9s un Projecte per al Cicle Superior. Simula la creaci\u00f3, organitzaci\u00f3, gesti\u00f3 i tancament d\u2019una cooperativa escolar, de la qual formen part tots els alumnes del cicle.<\/p>\n<p>\u00c9s una proposta de la Mancomunitat Pened\u00e8s-Garraf per treballar a l\u2019escola.<\/p>\n<p>Es duu a terme cada 2 anys.<\/p>\n","protected":false},"excerpt":{"rendered":"<p>\u00c9s un Projecte per al Cicle Superior. Simula la creaci\u00f3, organitzaci\u00f3, gesti\u00f3 i tancament d\u2019una cooperativa escolar, de la qual formen part tots els alumnes del cicle.<br \/>\n\u00c9s una proposta de la Mancomunitat Pened\u00e8s-Garraf per treballar a l\u2019escola.<br \/>\nEs duu a terme cada 2 anys.<\/p>\n","protected":false},"author":1,"featured_media":0,"parent":516,"menu_order":0,"comment_status":"closed","ping_status":"closed","template":"","meta":{"_bbp_topic_count":0,"_bbp_reply_count":0,"_bbp_total_topic_count":0,"_bbp_total_reply_count":0,"_bbp_voice_count":0,"_bbp_anonymous_reply_count":0,"_bbp_topic_count_hidden":0,"_bbp_reply_count_hidden":0,"_bbp_forum_subforum_count":0,"footnotes":""},"class_list":["post-1586","page","type-page","status-publish","hentry"],"post_mailing_queue_ids":[],"_links":{"self":[{"href":"https:\/\/agora.xtec.cat\/ceiplafassina\/wp-json\/wp\/v2\/pages\/1586","targetHints":{"allow":["GET"]}}],"collection":[{"href":"https:\/\/agora.xtec.cat\/ceiplafassina\/wp-json\/wp\/v2\/pages"}],"about":[{"href":"https:\/\/agora.xtec.cat\/ceiplafassina\/wp-json\/wp\/v2\/types\/page"}],"author":[{"embeddable":true,"href":"https:\/\/agora.xtec.cat\/ceiplafassina\/wp-json\/wp\/v2\/users\/1"}],"replies":[{"embeddable":true,"href":"https:\/\/agora.xtec.cat\/ceiplafassina\/wp-json\/wp\/v2\/comments?post=1586"}],"version-history":[{"count":2,"href":"https:\/\/agora.xtec.cat\/ceiplafassina\/wp-json\/wp\/v2\/pages\/1586\/revisions"}],"predecessor-version":[{"id":1624,"href":"https:\/\/agora.xtec.cat\/ceiplafassina\/wp-json\/wp\/v2\/pages\/1586\/revisions\/1624"}],"up":[{"embeddable":true,"href":"https:\/\/agora.xtec.cat\/ceiplafassina\/wp-json\/wp\/v2\/pages\/516"}],"wp:attachment":[{"href":"https:\/\/agora.xtec.cat\/ceiplafassina\/wp-json\/wp\/v2\/media?parent=1586"}],"curies":[{"name":"wp","href":"https:\/\/api.w.org\/{rel}","templated":true}]}}