{"id":1584,"date":"2024-06-25T14:10:25","date_gmt":"2024-06-25T12:10:25","guid":{"rendered":"https:\/\/agora.xtec.cat\/ceiplafassina\/?page_id=1584"},"modified":"2024-06-26T09:26:37","modified_gmt":"2024-06-26T07:26:37","slug":"banc-de-sang","status":"publish","type":"page","link":"https:\/\/agora.xtec.cat\/ceiplafassina\/lescola-2\/banc-de-sang\/","title":{"rendered":"Banc de sang"},"content":{"rendered":"<p>Treball coordinat amb el Banc de Sang i Teixits. Est\u00e0 destinat als alumnes de Cicle Superior. Una formadora els fa una xerrada amb material audiovisual. Els alumnes fan un treball de difusi\u00f3 i r\u00e8tols informatius. El dia de la donaci\u00f3 de sang, els alumnes s\u00f3n els encarregats de rebre els donants i explicar-los el proc\u00e9s. Pendent de programar.<\/p>\n","protected":false},"excerpt":{"rendered":"<p>Treball coordinat amb el Banc de Sang i Teixits. Est\u00e0 destinat als alumnes de Cicle Superior. Una formadora els fa una xerrada amb material audiovisual. Els alumnes fan un treball de difusi\u00f3 i r\u00e8tols informatius. El dia de la donaci\u00f3 de sang, els alumnes s\u00f3n&hellip;  <a href=\"https:\/\/agora.xtec.cat\/ceiplafassina\/lescola-2\/banc-de-sang\/\" title=\"Read Banc de sang\">Llegeix m\u00e9s\u00bb<\/a><\/p>\n","protected":false},"author":1,"featured_media":0,"parent":516,"menu_order":0,"comment_status":"closed","ping_status":"closed","template":"","meta":{"_bbp_topic_count":0,"_bbp_reply_count":0,"_bbp_total_topic_count":0,"_bbp_total_reply_count":0,"_bbp_voice_count":0,"_bbp_anonymous_reply_count":0,"_bbp_topic_count_hidden":0,"_bbp_reply_count_hidden":0,"_bbp_forum_subforum_count":0,"footnotes":""},"class_list":["post-1584","page","type-page","status-publish","hentry"],"post_mailing_queue_ids":[],"_links":{"self":[{"href":"https:\/\/agora.xtec.cat\/ceiplafassina\/wp-json\/wp\/v2\/pages\/1584","targetHints":{"allow":["GET"]}}],"collection":[{"href":"https:\/\/agora.xtec.cat\/ceiplafassina\/wp-json\/wp\/v2\/pages"}],"about":[{"href":"https:\/\/agora.xtec.cat\/ceiplafassina\/wp-json\/wp\/v2\/types\/page"}],"author":[{"embeddable":true,"href":"https:\/\/agora.xtec.cat\/ceiplafassina\/wp-json\/wp\/v2\/users\/1"}],"replies":[{"embeddable":true,"href":"https:\/\/agora.xtec.cat\/ceiplafassina\/wp-json\/wp\/v2\/comments?post=1584"}],"version-history":[{"count":2,"href":"https:\/\/agora.xtec.cat\/ceiplafassina\/wp-json\/wp\/v2\/pages\/1584\/revisions"}],"predecessor-version":[{"id":1623,"href":"https:\/\/agora.xtec.cat\/ceiplafassina\/wp-json\/wp\/v2\/pages\/1584\/revisions\/1623"}],"up":[{"embeddable":true,"href":"https:\/\/agora.xtec.cat\/ceiplafassina\/wp-json\/wp\/v2\/pages\/516"}],"wp:attachment":[{"href":"https:\/\/agora.xtec.cat\/ceiplafassina\/wp-json\/wp\/v2\/media?parent=1584"}],"curies":[{"name":"wp","href":"https:\/\/api.w.org\/{rel}","templated":true}]}}