{"id":1576,"date":"2024-06-25T14:09:13","date_gmt":"2024-06-25T12:09:13","guid":{"rendered":"https:\/\/agora.xtec.cat\/ceiplafassina\/?page_id=1576"},"modified":"2024-06-26T09:23:34","modified_gmt":"2024-06-26T07:23:34","slug":"pla-catala-de-lesport-a-lescola","status":"publish","type":"page","link":"https:\/\/agora.xtec.cat\/ceiplafassina\/lescola-2\/pla-catala-de-lesport-a-lescola\/","title":{"rendered":"Pla Catal\u00e0 de l&#8217;Esport a l&#8217;escola"},"content":{"rendered":"<p>L\u2019objectiu \u00e9s incrementar la participaci\u00f3 dels infants i joves en activitats f\u00edsiques i esportives i, alhora, emprar aquestes pr\u00e0ctiques per a la difusi\u00f3 i educaci\u00f3 en valors i per a l\u2019adquisici\u00f3 d\u2019h\u00e0bits saludables. El coordinador d\u2019aquest pla \u00e9s l\u2019Eduard Figuerola Rodr\u00edguez.<\/p>\n<p>Activitats:<\/p>\n<ul>\n<li>Bicicletada: Durant dos dies els nens i nenes de tots els cursos utilitzen la bicicleta per treballar la seguretat vi\u00e0ria. Educaci\u00f3 Infantil i Cicle Inicial practiquen en el circuit que muntem dins l\u2019escola. Els i les de Cicle Mitj\u00e0 i Superior sortim de l\u2019escola durant el mat\u00ed i fem un tomb per l\u2019entorn.<\/li>\n<li>Trobada Esportiva de l\u2019Alt Pened\u00e8s: Els i les alumnes de Prim\u00e0ria van a la zona esportiva de Vilafranca del Pened\u00e8s i, juntament amb alumnes d\u2019altres escoles, passem tot el dia fent activitats l\u00fadiques i esportives. Cada 2 anys.<\/li>\n<li>Jocs al Pati: Aquest projecte consisteix en donar jocs alternatius al futbol durant les hores del pati (cordes, cercles, tenis taula, sorral, construccions, jocs de taula&#8230;.).<\/li>\n<li>Tallers Esportius: En aquests tallers organitzats pel Consell Esportiu i subvencionats per l\u2019Ajuntament de Mediona es pret\u00e9n potenciar tots aquells esports que en l\u2019\u00e0mbit escolar no tenen tanta cabuda. Es tracta de con\u00e8ixer i practicar un o dos esports amb monitors qualificats amb el material necessari.<\/li>\n<\/ul>\n","protected":false},"excerpt":{"rendered":"<p>L\u2019objectiu \u00e9s incrementar la participaci\u00f3 dels infants i joves en activitats f\u00edsiques i esportives i, alhora, emprar aquestes pr\u00e0ctiques per a la difusi\u00f3 i educaci\u00f3 en valors i per a l\u2019adquisici\u00f3 d\u2019h\u00e0bits saludables. El coordinador d\u2019aquest pla \u00e9s l\u2019Eduard Figuerola Rodr\u00edguez.<br \/>\nActivitats:<\/p>\n<ul>\n<li>Bicicletada: Durant dos dies els&hellip;  <a href=\"https:\/\/agora.xtec.cat\/ceiplafassina\/lescola-2\/pla-catala-de-lesport-a-lescola\/\" title=\"Read Pla Catal\u00e0 de l&#8217;Esport a l&#8217;escola\">Llegeix m\u00e9s\u00bb<\/a><br \/>\n","protected":false},"author":1,"featured_media":0,"parent":516,"menu_order":0,"comment_status":"closed","ping_status":"closed","template":"","meta":{"_bbp_topic_count":0,"_bbp_reply_count":0,"_bbp_total_topic_count":0,"_bbp_total_reply_count":0,"_bbp_voice_count":0,"_bbp_anonymous_reply_count":0,"_bbp_topic_count_hidden":0,"_bbp_reply_count_hidden":0,"_bbp_forum_subforum_count":0,"footnotes":""},"class_list":["post-1576","page","type-page","status-publish","hentry"],"post_mailing_queue_ids":[],"_links":{"self":[{"href":"https:\/\/agora.xtec.cat\/ceiplafassina\/wp-json\/wp\/v2\/pages\/1576","targetHints":{"allow":["GET"]}}],"collection":[{"href":"https:\/\/agora.xtec.cat\/ceiplafassina\/wp-json\/wp\/v2\/pages"}],"about":[{"href":"https:\/\/agora.xtec.cat\/ceiplafassina\/wp-json\/wp\/v2\/types\/page"}],"author":[{"embeddable":true,"href":"https:\/\/agora.xtec.cat\/ceiplafassina\/wp-json\/wp\/v2\/users\/1"}],"replies":[{"embeddable":true,"href":"https:\/\/agora.xtec.cat\/ceiplafassina\/wp-json\/wp\/v2\/comments?post=1576"}],"version-history":[{"count":2,"href":"https:\/\/agora.xtec.cat\/ceiplafassina\/wp-json\/wp\/v2\/pages\/1576\/revisions"}],"predecessor-version":[{"id":1619,"href":"https:\/\/agora.xtec.cat\/ceiplafassina\/wp-json\/wp\/v2\/pages\/1576\/revisions\/1619"}],"up":[{"embeddable":true,"href":"https:\/\/agora.xtec.cat\/ceiplafassina\/wp-json\/wp\/v2\/pages\/516"}],"wp:attachment":[{"href":"https:\/\/agora.xtec.cat\/ceiplafassina\/wp-json\/wp\/v2\/media?parent=1576"}],"curies":[{"name":"wp","href":"https:\/\/api.w.org\/{rel}","templated":true}]}}