{"id":1570,"date":"2024-06-25T14:08:11","date_gmt":"2024-06-25T12:08:11","guid":{"rendered":"https:\/\/agora.xtec.cat\/ceiplafassina\/?page_id=1570"},"modified":"2024-06-26T09:19:31","modified_gmt":"2024-06-26T07:19:31","slug":"educacio-fisica","status":"publish","type":"page","link":"https:\/\/agora.xtec.cat\/ceiplafassina\/lescola-2\/educacio-fisica\/","title":{"rendered":"Educaci\u00f3 F\u00edsica"},"content":{"rendered":"<p>Tant l\u2019Educaci\u00f3 F\u00edsica de Prim\u00e0ria com la Psicomotricitat d\u2019Educaci\u00f3 Infantil es realitzaran al poliesportiu del poble.<\/p>\n<ul>\n<li>Educaci\u00f3 Infantil: divendres de 15h a 16\u201930h<\/li>\n<li>Cicle Inicial: dijous d\u201911\u201930h a 13h<\/li>\n<li>Cicle Mitj\u00e0: dilluns de 15h a 16\u201930h<\/li>\n<li>Cicle Superior: dimecres de 15h a 16\u201930h.<\/li>\n<\/ul>\n<p>Les fam\u00edlies els i les recollireu al poliesportiu. En el cas de Cicle Mitj\u00e0 i Superior, si tenen l\u2019autoritzaci\u00f3, podran marxar sols. A cicle Inicial, els i les que es queden al menjador tornaran a l\u2019escola amb les mestres. Educaci\u00f3 Infantil van directes al poliesportiu i es recullen all\u00e0. Els i les usu\u00e0ries de menjador seran acompanyades per les mestres.<\/p>\n<p>L\u2019\u00faltima setmana del primer i segon trimestre, a la tarda, s\u2019organitzar\u00e0 una sessi\u00f3 de Jocs amb fam\u00edlia. Durant el mes de juny hi ha programada una sessi\u00f3 per realitzar a la piscina municipal, sempre i quan aquesta estigui en condicions.<\/p>\n","protected":false},"excerpt":{"rendered":"<p>Tant l\u2019Educaci\u00f3 F\u00edsica de Prim\u00e0ria com la Psicomotricitat d\u2019Educaci\u00f3 Infantil es realitzaran al poliesportiu del poble.<\/p>\n<ul>\n<li>Educaci\u00f3 Infantil: divendres de 15h a 16\u201930h<\/li>\n<li>Cicle Inicial: dijous d\u201911\u201930h a 13h<\/li>\n<li>Cicle Mitj\u00e0: dilluns de 15h a 16\u201930h<\/li>\n<li>Cicle Superior: dimecres de 15h a 16\u201930h.<\/li>\n<\/ul>\n<p>Les fam\u00edlies els i les recollireu al&hellip;  <a href=\"https:\/\/agora.xtec.cat\/ceiplafassina\/lescola-2\/educacio-fisica\/\" title=\"Read Educaci\u00f3 F\u00edsica\">Llegeix m\u00e9s\u00bb<\/a><\/p>\n","protected":false},"author":1,"featured_media":0,"parent":516,"menu_order":0,"comment_status":"closed","ping_status":"closed","template":"","meta":{"_bbp_topic_count":0,"_bbp_reply_count":0,"_bbp_total_topic_count":0,"_bbp_total_reply_count":0,"_bbp_voice_count":0,"_bbp_anonymous_reply_count":0,"_bbp_topic_count_hidden":0,"_bbp_reply_count_hidden":0,"_bbp_forum_subforum_count":0,"footnotes":""},"class_list":["post-1570","page","type-page","status-publish","hentry"],"post_mailing_queue_ids":[],"_links":{"self":[{"href":"https:\/\/agora.xtec.cat\/ceiplafassina\/wp-json\/wp\/v2\/pages\/1570","targetHints":{"allow":["GET"]}}],"collection":[{"href":"https:\/\/agora.xtec.cat\/ceiplafassina\/wp-json\/wp\/v2\/pages"}],"about":[{"href":"https:\/\/agora.xtec.cat\/ceiplafassina\/wp-json\/wp\/v2\/types\/page"}],"author":[{"embeddable":true,"href":"https:\/\/agora.xtec.cat\/ceiplafassina\/wp-json\/wp\/v2\/users\/1"}],"replies":[{"embeddable":true,"href":"https:\/\/agora.xtec.cat\/ceiplafassina\/wp-json\/wp\/v2\/comments?post=1570"}],"version-history":[{"count":2,"href":"https:\/\/agora.xtec.cat\/ceiplafassina\/wp-json\/wp\/v2\/pages\/1570\/revisions"}],"predecessor-version":[{"id":1616,"href":"https:\/\/agora.xtec.cat\/ceiplafassina\/wp-json\/wp\/v2\/pages\/1570\/revisions\/1616"}],"up":[{"embeddable":true,"href":"https:\/\/agora.xtec.cat\/ceiplafassina\/wp-json\/wp\/v2\/pages\/516"}],"wp:attachment":[{"href":"https:\/\/agora.xtec.cat\/ceiplafassina\/wp-json\/wp\/v2\/media?parent=1570"}],"curies":[{"name":"wp","href":"https:\/\/api.w.org\/{rel}","templated":true}]}}