{"id":1556,"date":"2024-06-25T14:00:04","date_gmt":"2024-06-25T12:00:04","guid":{"rendered":"https:\/\/agora.xtec.cat\/ceiplafassina\/?page_id=1556"},"modified":"2024-06-26T10:24:50","modified_gmt":"2024-06-26T08:24:50","slug":"ambients","status":"publish","type":"page","link":"https:\/\/agora.xtec.cat\/ceiplafassina\/lescola-2\/ambients\/","title":{"rendered":"Ambients"},"content":{"rendered":"<p><span style=\"font-weight: 400;\">S\u00f3n espais d\u2019aprenentatge on cada alumne tria lliurement a partir de diferents propostes d\u2019observaci\u00f3, construcci\u00f3 i jocs de l\u00f2gica.\u00a0<\/span><\/p>\n<p><span style=\"font-weight: 400;\">Les propostes s\u00f3n: Construcci\u00f3, Sensorial, Llum i Hort.<\/span><\/p>\n","protected":false},"excerpt":{"rendered":"<p>S\u00f3n espais d\u2019aprenentatge on cada alumne tria lliurement a partir de diferents propostes d\u2019observaci\u00f3, construcci\u00f3 i jocs de l\u00f2gica.\u00a0<br \/>\nLes propostes s\u00f3n: Construcci\u00f3, Sensorial, Llum i Hort.<\/p>\n","protected":false},"author":1,"featured_media":0,"parent":516,"menu_order":0,"comment_status":"closed","ping_status":"closed","template":"","meta":{"_bbp_topic_count":0,"_bbp_reply_count":0,"_bbp_total_topic_count":0,"_bbp_total_reply_count":0,"_bbp_voice_count":0,"_bbp_anonymous_reply_count":0,"_bbp_topic_count_hidden":0,"_bbp_reply_count_hidden":0,"_bbp_forum_subforum_count":0,"footnotes":""},"class_list":["post-1556","page","type-page","status-publish","hentry"],"post_mailing_queue_ids":[],"_links":{"self":[{"href":"https:\/\/agora.xtec.cat\/ceiplafassina\/wp-json\/wp\/v2\/pages\/1556","targetHints":{"allow":["GET"]}}],"collection":[{"href":"https:\/\/agora.xtec.cat\/ceiplafassina\/wp-json\/wp\/v2\/pages"}],"about":[{"href":"https:\/\/agora.xtec.cat\/ceiplafassina\/wp-json\/wp\/v2\/types\/page"}],"author":[{"embeddable":true,"href":"https:\/\/agora.xtec.cat\/ceiplafassina\/wp-json\/wp\/v2\/users\/1"}],"replies":[{"embeddable":true,"href":"https:\/\/agora.xtec.cat\/ceiplafassina\/wp-json\/wp\/v2\/comments?post=1556"}],"version-history":[{"count":2,"href":"https:\/\/agora.xtec.cat\/ceiplafassina\/wp-json\/wp\/v2\/pages\/1556\/revisions"}],"predecessor-version":[{"id":1635,"href":"https:\/\/agora.xtec.cat\/ceiplafassina\/wp-json\/wp\/v2\/pages\/1556\/revisions\/1635"}],"up":[{"embeddable":true,"href":"https:\/\/agora.xtec.cat\/ceiplafassina\/wp-json\/wp\/v2\/pages\/516"}],"wp:attachment":[{"href":"https:\/\/agora.xtec.cat\/ceiplafassina\/wp-json\/wp\/v2\/media?parent=1556"}],"curies":[{"name":"wp","href":"https:\/\/api.w.org\/{rel}","templated":true}]}}