{"id":8456,"date":"2026-02-23T16:54:52","date_gmt":"2026-02-23T15:54:52","guid":{"rendered":"https:\/\/agora.xtec.cat\/ceiplafarigola\/?page_id=8456"},"modified":"2026-02-23T16:54:52","modified_gmt":"2026-02-23T15:54:52","slug":"auxiliars-de-conversa","status":"publish","type":"page","link":"https:\/\/agora.xtec.cat\/ceiplafarigola\/auxiliars-de-conversa\/","title":{"rendered":"Auxiliars de Conversa"},"content":{"rendered":"\n<p>Gr\u00e0cies als projectes desenvolupats a l\u2019escola en relaci\u00f3 amb la llengua anglesa, durant el curs 2022-2023 vam poder gaudir d\u2019un auxiliar de conversa. Aquesta experi\u00e8ncia va ser molt enriquidora per a tota la comunitat educativa i ens ha perm\u00e8s, novament, comptar amb aquesta figura durant el curs 2025-2026.<\/p>\n\n\n\n<p>Aquesta dotaci\u00f3 del Ministeri suposa la pres\u00e8ncia d\u2019un auxiliar de conversa durant <strong>15 hores setmanals, d\u2019octubre a juny<\/strong>. Aquest recurs representa una gran oportunitat per refor\u00e7ar l\u2019aprenentatge de la llengua anglesa d\u2019una manera m\u00e9s vivencial, motivadora i contextualitzada.<\/p>\n\n\n\n<p>Se\u2019n beneficia tot l\u2019alumnat, des d\u2019I4 fins a 6\u00e8 de Prim\u00e0ria, ja que s\u2019organitzen <strong>grups redu\u00efts de conversa<\/strong> que permeten potenciar l\u2019expressi\u00f3 i la comprensi\u00f3 oral. Aquest treball en petit grup afavoreix la participaci\u00f3 activa, la confian\u00e7a a l\u2019hora de parlar en angl\u00e8s i una atenci\u00f3 m\u00e9s personalitzada, contribuint aix\u00ed a millorar la compet\u00e8ncia comunicativa del nostre alumnat.<\/p>\n\n\n\n<figure class=\"wp-block-image size-full\"><a href=\"https:\/\/agora.xtec.cat\/ceiplafarigola\/wp-content\/uploads\/usu2166\/2026\/02\/Screenshot_21.png\"><img loading=\"lazy\" decoding=\"async\" width=\"541\" height=\"367\" src=\"https:\/\/agora.xtec.cat\/ceiplafarigola\/wp-content\/uploads\/usu2166\/2026\/02\/Screenshot_21.png\" alt=\"\" class=\"wp-image-8295\" srcset=\"https:\/\/agora.xtec.cat\/ceiplafarigola\/wp-content\/uploads\/usu2166\/2026\/02\/Screenshot_21.png 541w, https:\/\/agora.xtec.cat\/ceiplafarigola\/wp-content\/uploads\/usu2166\/2026\/02\/Screenshot_21-300x204.png 300w\" sizes=\"auto, (max-width: 541px) 100vw, 541px\" \/><\/a><\/figure>\n","protected":false},"excerpt":{"rendered":"<p>Gr\u00e0cies als projectes desenvolupats a l\u2019escola en relaci\u00f3 amb la llengua anglesa, durant el curs 2022-2023 vam poder gaudir d\u2019un auxiliar de conversa. Aquesta experi\u00e8ncia va ser molt enriquidora per a tota la comunitat educativa i ens ha perm\u00e8s, novament, comptar amb aquesta figura durant el curs 2025-2026. Aquesta dotaci\u00f3 del Ministeri suposa la pres\u00e8ncia [&hellip;]<\/p>\n","protected":false},"author":4,"featured_media":0,"parent":0,"menu_order":0,"comment_status":"closed","ping_status":"close","template":"","meta":{"_bbp_topic_count":0,"_bbp_reply_count":0,"_bbp_total_topic_count":0,"_bbp_total_reply_count":0,"_bbp_voice_count":0,"_bbp_anonymous_reply_count":0,"_bbp_topic_count_hidden":0,"_bbp_reply_count_hidden":0,"_bbp_forum_subforum_count":0,"site-sidebar-layout":"default","site-content-layout":"","ast-site-content-layout":"default","site-content-style":"default","site-sidebar-style":"default","ast-global-header-display":"","ast-banner-title-visibility":"","ast-main-header-display":"","ast-hfb-above-header-display":"","ast-hfb-below-header-display":"","ast-hfb-mobile-header-display":"","site-post-title":"","ast-breadcrumbs-content":"","ast-featured-img":"","footer-sml-layout":"","theme-transparent-header-meta":"","adv-header-id-meta":"","stick-header-meta":"","header-above-stick-meta":"","header-main-stick-meta":"","header-below-stick-meta":"","astra-migrate-meta-layouts":"set","ast-page-background-enabled":"default","ast-page-background-meta":{"desktop":{"background-color":"var(--ast-global-color-4)","background-image":"","background-repeat":"repeat","background-position":"center center","background-size":"auto","background-attachment":"scroll","background-type":"","background-media":"","overlay-type":"","overlay-color":"","overlay-opacity":"","overlay-gradient":""},"tablet":{"background-color":"","background-image":"","background-repeat":"repeat","background-position":"center center","background-size":"auto","background-attachment":"scroll","background-type":"","background-media":"","overlay-type":"","overlay-color":"","overlay-opacity":"","overlay-gradient":""},"mobile":{"background-color":"","background-image":"","background-repeat":"repeat","background-position":"center center","background-size":"auto","background-attachment":"scroll","background-type":"","background-media":"","overlay-type":"","overlay-color":"","overlay-opacity":"","overlay-gradient":""}},"ast-content-background-meta":{"desktop":{"background-color":"var(--ast-global-color-5)","background-image":"","background-repeat":"repeat","background-position":"center center","background-size":"auto","background-attachment":"scroll","background-type":"","background-media":"","overlay-type":"","overlay-color":"","overlay-opacity":"","overlay-gradient":""},"tablet":{"background-color":"var(--ast-global-color-5)","background-image":"","background-repeat":"repeat","background-position":"center center","background-size":"auto","background-attachment":"scroll","background-type":"","background-media":"","overlay-type":"","overlay-color":"","overlay-opacity":"","overlay-gradient":""},"mobile":{"background-color":"var(--ast-global-color-5)","background-image":"","background-repeat":"repeat","background-position":"center center","background-size":"auto","background-attachment":"scroll","background-type":"","background-media":"","overlay-type":"","overlay-color":"","overlay-opacity":"","overlay-gradient":""}},"footnotes":""},"class_list":["post-8456","page","type-page","status-publish","hentry"],"post_mailing_queue_ids":[],"_links":{"self":[{"href":"https:\/\/agora.xtec.cat\/ceiplafarigola\/wp-json\/wp\/v2\/pages\/8456","targetHints":{"allow":["GET"]}}],"collection":[{"href":"https:\/\/agora.xtec.cat\/ceiplafarigola\/wp-json\/wp\/v2\/pages"}],"about":[{"href":"https:\/\/agora.xtec.cat\/ceiplafarigola\/wp-json\/wp\/v2\/types\/page"}],"author":[{"embeddable":true,"href":"https:\/\/agora.xtec.cat\/ceiplafarigola\/wp-json\/wp\/v2\/users\/4"}],"replies":[{"embeddable":true,"href":"https:\/\/agora.xtec.cat\/ceiplafarigola\/wp-json\/wp\/v2\/comments?post=8456"}],"version-history":[{"count":1,"href":"https:\/\/agora.xtec.cat\/ceiplafarigola\/wp-json\/wp\/v2\/pages\/8456\/revisions"}],"predecessor-version":[{"id":8457,"href":"https:\/\/agora.xtec.cat\/ceiplafarigola\/wp-json\/wp\/v2\/pages\/8456\/revisions\/8457"}],"wp:attachment":[{"href":"https:\/\/agora.xtec.cat\/ceiplafarigola\/wp-json\/wp\/v2\/media?parent=8456"}],"curies":[{"name":"wp","href":"https:\/\/api.w.org\/{rel}","templated":true}]}}