{"id":8407,"date":"2026-02-23T16:15:24","date_gmt":"2026-02-23T15:15:24","guid":{"rendered":"https:\/\/agora.xtec.cat\/ceiplafarigola\/?page_id=8407"},"modified":"2026-02-23T16:24:03","modified_gmt":"2026-02-23T15:24:03","slug":"internet-segura","status":"publish","type":"page","link":"https:\/\/agora.xtec.cat\/ceiplafarigola\/internet-segura\/","title":{"rendered":"Internet Segura"},"content":{"rendered":"\n<p>A la nostra escola celebrem la <strong>Setmana d\u2019Internet Segura<\/strong>, una iniciativa emmarcada dins la commemoraci\u00f3 del Dia d\u2019Internet Segura (eSafety Day), amb l\u2019objectiu de fomentar entre l\u2019alumnat un \u00fas responsable, cr\u00edtic i segur de les tecnologies digitals.<\/p>\n\n\n\n<p>Al llarg de la setmana, l\u2019alumnat de Prim\u00e0ria participa en <strong>propostes d\u2019activitats graduades per nivells<\/strong>, adaptades a l\u2019edat i a les necessitats de cada curs. Aquestes activitats permeten reflexionar, aprendre i adquirir eines per moure\u2019s amb seguretat en l\u2019entorn digital.<\/p>\n\n\n\n<p>Entre els temes treballats destaquen:<\/p>\n\n\n\n<ul class=\"wp-block-list\">\n<li>\ud83d\udd10 <strong>La privacitat i la protecci\u00f3 de dades personals<\/strong><\/li>\n\n\n\n<li>\ud83d\udd11 <strong>La creaci\u00f3 de contrasenyes segures<\/strong><\/li>\n\n\n\n<li>\u23f1\ufe0f <strong>La gesti\u00f3 del temps de pantalla i l\u2019equilibri digital<\/strong><\/li>\n\n\n\n<li>\ud83d\udcac <strong>L\u2019\u00fas responsable de les xarxes socials<\/strong><\/li>\n\n\n\n<li>\ud83d\udcf0 <strong>La detecci\u00f3 de not\u00edcies falses (fake news)<\/strong><\/li>\n\n\n\n<li>\ud83e\udd1d <strong>La prevenci\u00f3 del ciberassetjament (ciberbullying)<\/strong><\/li>\n<\/ul>\n\n\n\n<p>Mitjan\u00e7ant din\u00e0miques participatives, debats, jocs, v\u00eddeos i activitats pr\u00e0ctiques, els infants aprenen a identificar riscos, a prendre decisions responsables i a desenvolupar una actitud respectuosa i emp\u00e0tica a Internet.<\/p>\n\n\n\n<p>Amb aquesta iniciativa, l\u2019escola reafirma el seu comprom\u00eds amb l\u2019educaci\u00f3 digital de l\u2019alumnat i amb la formaci\u00f3 de ciutadans i ciutadanes cr\u00edtics, responsables i conscients en l\u2019\u00fas de la tecnologia.<\/p>\n\n\n\n<p><\/p>\n\n\n\n<div class=\"wp-block-getwid-images-slider has-arrows-inside has-dots-inside has-images-center has-cropped-images has-fixed-height\"><div class=\"wp-block-getwid-images-slider__wrapper\" data-effect=\"fade\" data-slides-show=\"1\" data-slides-show-laptop=\"1\" data-slides-show-tablet=\"1\" data-slides-show-mobile=\"1\" data-slides-scroll=\"1\" data-autoplay=\"false\" data-pause-hover=\"false\" data-autoplay-speed=\"6000\" data-infinite=\"true\" data-animation-speed=\"800\" data-center-mode=\"false\" data-variable-width=\"false\" data-arrows=\"inside\" data-dots=\"inside\" data-spacing=\"none\"><div class=\"wp-block-getwid-images-slider__item\" style=\"height:500px\"><figure><img loading=\"lazy\" decoding=\"async\" width=\"1024\" height=\"766\" src=\"https:\/\/agora.xtec.cat\/ceiplafarigola\/wp-content\/uploads\/usu2166\/2026\/02\/internet-segura-2n-1024x766-1.jpg\" data-id=\"8409\" data-link=\"https:\/\/agora.xtec.cat\/ceiplafarigola\/internet-segura\/attachment\/internet-segura-2n-1024x766\/\" data-original-link=\"https:\/\/agora.xtec.cat\/ceiplafarigola\/wp-content\/uploads\/usu2166\/2026\/02\/internet-segura-2n-1024x766-1.jpg\" class=\"wp-block-getwid-images-slider__image wp-image-8409\" srcset=\"https:\/\/agora.xtec.cat\/ceiplafarigola\/wp-content\/uploads\/usu2166\/2026\/02\/internet-segura-2n-1024x766-1.jpg 1024w, https:\/\/agora.xtec.cat\/ceiplafarigola\/wp-content\/uploads\/usu2166\/2026\/02\/internet-segura-2n-1024x766-1-300x224.jpg 300w, https:\/\/agora.xtec.cat\/ceiplafarigola\/wp-content\/uploads\/usu2166\/2026\/02\/internet-segura-2n-1024x766-1-768x575.jpg 768w\" sizes=\"auto, (max-width: 1024px) 100vw, 1024px\" \/><\/figure><\/div><div class=\"wp-block-getwid-images-slider__item\" style=\"height:500px\"><figure><img loading=\"lazy\" decoding=\"async\" width=\"465\" height=\"494\" src=\"https:\/\/agora.xtec.cat\/ceiplafarigola\/wp-content\/uploads\/usu2166\/2026\/02\/Screenshot_3-4.png\" data-id=\"8414\" data-link=\"https:\/\/agora.xtec.cat\/ceiplafarigola\/internet-segura\/attachment\/screenshot_3-18\/\" data-original-link=\"https:\/\/agora.xtec.cat\/ceiplafarigola\/wp-content\/uploads\/usu2166\/2026\/02\/Screenshot_3-4.png\" class=\"wp-block-getwid-images-slider__image wp-image-8414\" srcset=\"https:\/\/agora.xtec.cat\/ceiplafarigola\/wp-content\/uploads\/usu2166\/2026\/02\/Screenshot_3-4.png 465w, https:\/\/agora.xtec.cat\/ceiplafarigola\/wp-content\/uploads\/usu2166\/2026\/02\/Screenshot_3-4-282x300.png 282w\" sizes=\"auto, (max-width: 465px) 100vw, 465px\" \/><\/figure><\/div><div class=\"wp-block-getwid-images-slider__item\" style=\"height:500px\"><figure><img loading=\"lazy\" decoding=\"async\" width=\"580\" height=\"502\" src=\"https:\/\/agora.xtec.cat\/ceiplafarigola\/wp-content\/uploads\/usu2166\/2026\/02\/Screenshot_4-1.png\" data-id=\"8416\" data-link=\"https:\/\/agora.xtec.cat\/ceiplafarigola\/internet-segura\/attachment\/screenshot_4-23\/\" data-original-link=\"https:\/\/agora.xtec.cat\/ceiplafarigola\/wp-content\/uploads\/usu2166\/2026\/02\/Screenshot_4-1.png\" class=\"wp-block-getwid-images-slider__image wp-image-8416\" srcset=\"https:\/\/agora.xtec.cat\/ceiplafarigola\/wp-content\/uploads\/usu2166\/2026\/02\/Screenshot_4-1.png 580w, https:\/\/agora.xtec.cat\/ceiplafarigola\/wp-content\/uploads\/usu2166\/2026\/02\/Screenshot_4-1-300x260.png 300w\" sizes=\"auto, (max-width: 580px) 100vw, 580px\" \/><\/figure><\/div><div class=\"wp-block-getwid-images-slider__item\" style=\"height:500px\"><figure><img loading=\"lazy\" decoding=\"async\" width=\"514\" height=\"387\" src=\"https:\/\/agora.xtec.cat\/ceiplafarigola\/wp-content\/uploads\/usu2166\/2026\/02\/Screenshot_2-5.png\" data-id=\"8415\" data-link=\"https:\/\/agora.xtec.cat\/ceiplafarigola\/internet-segura\/attachment\/screenshot_2-42\/\" data-original-link=\"https:\/\/agora.xtec.cat\/ceiplafarigola\/wp-content\/uploads\/usu2166\/2026\/02\/Screenshot_2-5.png\" class=\"wp-block-getwid-images-slider__image wp-image-8415\" srcset=\"https:\/\/agora.xtec.cat\/ceiplafarigola\/wp-content\/uploads\/usu2166\/2026\/02\/Screenshot_2-5.png 514w, https:\/\/agora.xtec.cat\/ceiplafarigola\/wp-content\/uploads\/usu2166\/2026\/02\/Screenshot_2-5-300x226.png 300w\" sizes=\"auto, (max-width: 514px) 100vw, 514px\" \/><\/figure><\/div><div class=\"wp-block-getwid-images-slider__item\" style=\"height:500px\"><figure><img loading=\"lazy\" decoding=\"async\" width=\"501\" height=\"525\" src=\"https:\/\/agora.xtec.cat\/ceiplafarigola\/wp-content\/uploads\/usu2166\/2026\/02\/Screenshot_1-6.png\" data-id=\"8418\" data-link=\"https:\/\/agora.xtec.cat\/ceiplafarigola\/internet-segura\/attachment\/screenshot_1-44\/\" data-original-link=\"https:\/\/agora.xtec.cat\/ceiplafarigola\/wp-content\/uploads\/usu2166\/2026\/02\/Screenshot_1-6.png\" class=\"wp-block-getwid-images-slider__image wp-image-8418\" srcset=\"https:\/\/agora.xtec.cat\/ceiplafarigola\/wp-content\/uploads\/usu2166\/2026\/02\/Screenshot_1-6.png 501w, https:\/\/agora.xtec.cat\/ceiplafarigola\/wp-content\/uploads\/usu2166\/2026\/02\/Screenshot_1-6-286x300.png 286w\" sizes=\"auto, (max-width: 501px) 100vw, 501px\" \/><\/figure><\/div><div class=\"wp-block-getwid-images-slider__item\" style=\"height:500px\"><figure><img loading=\"lazy\" decoding=\"async\" width=\"300\" height=\"224\" src=\"https:\/\/agora.xtec.cat\/ceiplafarigola\/wp-content\/uploads\/usu2166\/2026\/02\/WhatsApp-Image-2022-02-17-at-20.43.44-1-300x224-1.jpeg\" data-id=\"8411\" data-link=\"https:\/\/agora.xtec.cat\/ceiplafarigola\/internet-segura\/attachment\/whatsapp-image-2022-02-17-at-20-43-44-1-300x224\/\" data-original-link=\"https:\/\/agora.xtec.cat\/ceiplafarigola\/wp-content\/uploads\/usu2166\/2026\/02\/WhatsApp-Image-2022-02-17-at-20.43.44-1-300x224-1.jpeg\" class=\"wp-block-getwid-images-slider__image wp-image-8411\"\/><\/figure><\/div><div class=\"wp-block-getwid-images-slider__item\" style=\"height:500px\"><figure><img loading=\"lazy\" decoding=\"async\" width=\"583\" height=\"374\" src=\"https:\/\/agora.xtec.cat\/ceiplafarigola\/wp-content\/uploads\/usu2166\/2026\/02\/Screenshot_7.png\" data-id=\"8417\" data-link=\"https:\/\/agora.xtec.cat\/ceiplafarigola\/internet-segura\/attachment\/screenshot_7-5\/\" data-original-link=\"https:\/\/agora.xtec.cat\/ceiplafarigola\/wp-content\/uploads\/usu2166\/2026\/02\/Screenshot_7.png\" class=\"wp-block-getwid-images-slider__image wp-image-8417\" srcset=\"https:\/\/agora.xtec.cat\/ceiplafarigola\/wp-content\/uploads\/usu2166\/2026\/02\/Screenshot_7.png 583w, https:\/\/agora.xtec.cat\/ceiplafarigola\/wp-content\/uploads\/usu2166\/2026\/02\/Screenshot_7-300x192.png 300w\" sizes=\"auto, (max-width: 583px) 100vw, 583px\" \/><\/figure><\/div><div class=\"wp-block-getwid-images-slider__item\" style=\"height:500px\"><figure><img loading=\"lazy\" decoding=\"async\" width=\"300\" height=\"224\" src=\"https:\/\/agora.xtec.cat\/ceiplafarigola\/wp-content\/uploads\/usu2166\/2026\/02\/WhatsApp-Image-2022-02-17-at-20.43.44-300x224-1.jpeg\" data-id=\"8410\" data-link=\"https:\/\/agora.xtec.cat\/ceiplafarigola\/internet-segura\/attachment\/whatsapp-image-2022-02-17-at-20-43-44-300x224\/\" data-original-link=\"https:\/\/agora.xtec.cat\/ceiplafarigola\/wp-content\/uploads\/usu2166\/2026\/02\/WhatsApp-Image-2022-02-17-at-20.43.44-300x224-1.jpeg\" class=\"wp-block-getwid-images-slider__image wp-image-8410\"\/><\/figure><\/div><div class=\"wp-block-getwid-images-slider__item\" style=\"height:500px\"><figure><img loading=\"lazy\" decoding=\"async\" width=\"604\" height=\"1024\" src=\"https:\/\/agora.xtec.cat\/ceiplafarigola\/wp-content\/uploads\/usu2166\/2026\/02\/Internet-segura-3r-604x1024-1.jpg\" data-id=\"8412\" data-link=\"https:\/\/agora.xtec.cat\/ceiplafarigola\/internet-segura\/attachment\/internet-segura-3r-604x1024\/\" data-original-link=\"https:\/\/agora.xtec.cat\/ceiplafarigola\/wp-content\/uploads\/usu2166\/2026\/02\/Internet-segura-3r-604x1024-1.jpg\" class=\"wp-block-getwid-images-slider__image wp-image-8412\" srcset=\"https:\/\/agora.xtec.cat\/ceiplafarigola\/wp-content\/uploads\/usu2166\/2026\/02\/Internet-segura-3r-604x1024-1.jpg 604w, https:\/\/agora.xtec.cat\/ceiplafarigola\/wp-content\/uploads\/usu2166\/2026\/02\/Internet-segura-3r-604x1024-1-177x300.jpg 177w\" sizes=\"auto, (max-width: 604px) 100vw, 604px\" \/><\/figure><\/div><div class=\"wp-block-getwid-images-slider__item\" style=\"height:500px\"><figure><img loading=\"lazy\" decoding=\"async\" width=\"534\" height=\"503\" src=\"https:\/\/agora.xtec.cat\/ceiplafarigola\/wp-content\/uploads\/usu2166\/2026\/02\/Screenshot_5-1.png\" data-id=\"8419\" data-link=\"https:\/\/agora.xtec.cat\/ceiplafarigola\/internet-segura\/attachment\/screenshot_5-19\/\" data-original-link=\"https:\/\/agora.xtec.cat\/ceiplafarigola\/wp-content\/uploads\/usu2166\/2026\/02\/Screenshot_5-1.png\" class=\"wp-block-getwid-images-slider__image wp-image-8419\" srcset=\"https:\/\/agora.xtec.cat\/ceiplafarigola\/wp-content\/uploads\/usu2166\/2026\/02\/Screenshot_5-1.png 534w, https:\/\/agora.xtec.cat\/ceiplafarigola\/wp-content\/uploads\/usu2166\/2026\/02\/Screenshot_5-1-300x283.png 300w\" sizes=\"auto, (max-width: 534px) 100vw, 534px\" \/><\/figure><\/div><div class=\"wp-block-getwid-images-slider__item\" style=\"height:500px\"><figure><img loading=\"lazy\" decoding=\"async\" width=\"531\" height=\"483\" src=\"https:\/\/agora.xtec.cat\/ceiplafarigola\/wp-content\/uploads\/usu2166\/2026\/02\/Screenshot_6-1.png\" data-id=\"8413\" data-link=\"https:\/\/agora.xtec.cat\/ceiplafarigola\/internet-segura\/attachment\/screenshot_6-11\/\" data-original-link=\"https:\/\/agora.xtec.cat\/ceiplafarigola\/wp-content\/uploads\/usu2166\/2026\/02\/Screenshot_6-1.png\" class=\"wp-block-getwid-images-slider__image wp-image-8413\" srcset=\"https:\/\/agora.xtec.cat\/ceiplafarigola\/wp-content\/uploads\/usu2166\/2026\/02\/Screenshot_6-1.png 531w, https:\/\/agora.xtec.cat\/ceiplafarigola\/wp-content\/uploads\/usu2166\/2026\/02\/Screenshot_6-1-300x273.png 300w\" sizes=\"auto, (max-width: 531px) 100vw, 531px\" \/><\/figure><\/div><div class=\"wp-block-getwid-images-slider__item\" style=\"height:500px\"><figure><img loading=\"lazy\" decoding=\"async\" width=\"1024\" height=\"766\" src=\"https:\/\/agora.xtec.cat\/ceiplafarigola\/wp-content\/uploads\/usu2166\/2026\/02\/internet-segura-2n-1024x766-2.jpg\" data-id=\"8428\" data-link=\"https:\/\/agora.xtec.cat\/ceiplafarigola\/internet-segura\/attachment\/internet-segura-2n-1024x766-2\/\" data-original-link=\"https:\/\/agora.xtec.cat\/ceiplafarigola\/wp-content\/uploads\/usu2166\/2026\/02\/internet-segura-2n-1024x766-2.jpg\" class=\"wp-block-getwid-images-slider__image wp-image-8428\" srcset=\"https:\/\/agora.xtec.cat\/ceiplafarigola\/wp-content\/uploads\/usu2166\/2026\/02\/internet-segura-2n-1024x766-2.jpg 1024w, https:\/\/agora.xtec.cat\/ceiplafarigola\/wp-content\/uploads\/usu2166\/2026\/02\/internet-segura-2n-1024x766-2-300x224.jpg 300w, https:\/\/agora.xtec.cat\/ceiplafarigola\/wp-content\/uploads\/usu2166\/2026\/02\/internet-segura-2n-1024x766-2-768x575.jpg 768w\" sizes=\"auto, (max-width: 1024px) 100vw, 1024px\" \/><\/figure><\/div><div class=\"wp-block-getwid-images-slider__item\" style=\"height:500px\"><figure><img loading=\"lazy\" decoding=\"async\" width=\"604\" height=\"1024\" src=\"https:\/\/agora.xtec.cat\/ceiplafarigola\/wp-content\/uploads\/usu2166\/2026\/02\/Internet-segura-3r-604x1024-2.jpg\" data-id=\"8429\" data-link=\"https:\/\/agora.xtec.cat\/ceiplafarigola\/internet-segura\/attachment\/internet-segura-3r-604x1024-2\/\" data-original-link=\"https:\/\/agora.xtec.cat\/ceiplafarigola\/wp-content\/uploads\/usu2166\/2026\/02\/Internet-segura-3r-604x1024-2.jpg\" class=\"wp-block-getwid-images-slider__image wp-image-8429\" srcset=\"https:\/\/agora.xtec.cat\/ceiplafarigola\/wp-content\/uploads\/usu2166\/2026\/02\/Internet-segura-3r-604x1024-2.jpg 604w, https:\/\/agora.xtec.cat\/ceiplafarigola\/wp-content\/uploads\/usu2166\/2026\/02\/Internet-segura-3r-604x1024-2-177x300.jpg 177w\" sizes=\"auto, (max-width: 604px) 100vw, 604px\" \/><\/figure><\/div><div class=\"wp-block-getwid-images-slider__item\" style=\"height:500px\"><figure><img loading=\"lazy\" decoding=\"async\" width=\"501\" height=\"525\" src=\"https:\/\/agora.xtec.cat\/ceiplafarigola\/wp-content\/uploads\/usu2166\/2026\/02\/Screenshot_1-7.png\" data-id=\"8436\" data-link=\"https:\/\/agora.xtec.cat\/ceiplafarigola\/internet-segura\/attachment\/screenshot_1-45\/\" data-original-link=\"https:\/\/agora.xtec.cat\/ceiplafarigola\/wp-content\/uploads\/usu2166\/2026\/02\/Screenshot_1-7.png\" class=\"wp-block-getwid-images-slider__image wp-image-8436\" srcset=\"https:\/\/agora.xtec.cat\/ceiplafarigola\/wp-content\/uploads\/usu2166\/2026\/02\/Screenshot_1-7.png 501w, https:\/\/agora.xtec.cat\/ceiplafarigola\/wp-content\/uploads\/usu2166\/2026\/02\/Screenshot_1-7-286x300.png 286w\" sizes=\"auto, (max-width: 501px) 100vw, 501px\" \/><\/figure><\/div><div class=\"wp-block-getwid-images-slider__item\" style=\"height:500px\"><figure><img loading=\"lazy\" decoding=\"async\" width=\"514\" height=\"387\" src=\"https:\/\/agora.xtec.cat\/ceiplafarigola\/wp-content\/uploads\/usu2166\/2026\/02\/Screenshot_2-6.png\" data-id=\"8431\" data-link=\"https:\/\/agora.xtec.cat\/ceiplafarigola\/internet-segura\/attachment\/screenshot_2-43\/\" data-original-link=\"https:\/\/agora.xtec.cat\/ceiplafarigola\/wp-content\/uploads\/usu2166\/2026\/02\/Screenshot_2-6.png\" class=\"wp-block-getwid-images-slider__image wp-image-8431\" srcset=\"https:\/\/agora.xtec.cat\/ceiplafarigola\/wp-content\/uploads\/usu2166\/2026\/02\/Screenshot_2-6.png 514w, https:\/\/agora.xtec.cat\/ceiplafarigola\/wp-content\/uploads\/usu2166\/2026\/02\/Screenshot_2-6-300x226.png 300w\" sizes=\"auto, (max-width: 514px) 100vw, 514px\" \/><\/figure><\/div><div class=\"wp-block-getwid-images-slider__item\" style=\"height:500px\"><figure><img loading=\"lazy\" decoding=\"async\" width=\"465\" height=\"494\" src=\"https:\/\/agora.xtec.cat\/ceiplafarigola\/wp-content\/uploads\/usu2166\/2026\/02\/Screenshot_3-5.png\" data-id=\"8437\" data-link=\"https:\/\/agora.xtec.cat\/ceiplafarigola\/internet-segura\/attachment\/screenshot_3-19\/\" data-original-link=\"https:\/\/agora.xtec.cat\/ceiplafarigola\/wp-content\/uploads\/usu2166\/2026\/02\/Screenshot_3-5.png\" class=\"wp-block-getwid-images-slider__image wp-image-8437\" srcset=\"https:\/\/agora.xtec.cat\/ceiplafarigola\/wp-content\/uploads\/usu2166\/2026\/02\/Screenshot_3-5.png 465w, https:\/\/agora.xtec.cat\/ceiplafarigola\/wp-content\/uploads\/usu2166\/2026\/02\/Screenshot_3-5-282x300.png 282w\" sizes=\"auto, (max-width: 465px) 100vw, 465px\" \/><\/figure><\/div><div class=\"wp-block-getwid-images-slider__item\" style=\"height:500px\"><figure><img loading=\"lazy\" decoding=\"async\" width=\"580\" height=\"502\" src=\"https:\/\/agora.xtec.cat\/ceiplafarigola\/wp-content\/uploads\/usu2166\/2026\/02\/Screenshot_4-2.png\" data-id=\"8434\" data-link=\"https:\/\/agora.xtec.cat\/ceiplafarigola\/internet-segura\/attachment\/screenshot_4-24\/\" data-original-link=\"https:\/\/agora.xtec.cat\/ceiplafarigola\/wp-content\/uploads\/usu2166\/2026\/02\/Screenshot_4-2.png\" class=\"wp-block-getwid-images-slider__image wp-image-8434\" srcset=\"https:\/\/agora.xtec.cat\/ceiplafarigola\/wp-content\/uploads\/usu2166\/2026\/02\/Screenshot_4-2.png 580w, https:\/\/agora.xtec.cat\/ceiplafarigola\/wp-content\/uploads\/usu2166\/2026\/02\/Screenshot_4-2-300x260.png 300w\" sizes=\"auto, (max-width: 580px) 100vw, 580px\" \/><\/figure><\/div><div class=\"wp-block-getwid-images-slider__item\" style=\"height:500px\"><figure><img loading=\"lazy\" decoding=\"async\" width=\"534\" height=\"503\" src=\"https:\/\/agora.xtec.cat\/ceiplafarigola\/wp-content\/uploads\/usu2166\/2026\/02\/Screenshot_5-2.png\" data-id=\"8432\" data-link=\"https:\/\/agora.xtec.cat\/ceiplafarigola\/internet-segura\/attachment\/screenshot_5-20\/\" data-original-link=\"https:\/\/agora.xtec.cat\/ceiplafarigola\/wp-content\/uploads\/usu2166\/2026\/02\/Screenshot_5-2.png\" class=\"wp-block-getwid-images-slider__image wp-image-8432\" srcset=\"https:\/\/agora.xtec.cat\/ceiplafarigola\/wp-content\/uploads\/usu2166\/2026\/02\/Screenshot_5-2.png 534w, https:\/\/agora.xtec.cat\/ceiplafarigola\/wp-content\/uploads\/usu2166\/2026\/02\/Screenshot_5-2-300x283.png 300w\" sizes=\"auto, (max-width: 534px) 100vw, 534px\" \/><\/figure><\/div><div class=\"wp-block-getwid-images-slider__item\" style=\"height:500px\"><figure><img loading=\"lazy\" decoding=\"async\" width=\"531\" height=\"483\" src=\"https:\/\/agora.xtec.cat\/ceiplafarigola\/wp-content\/uploads\/usu2166\/2026\/02\/Screenshot_6-2.png\" data-id=\"8433\" data-link=\"https:\/\/agora.xtec.cat\/ceiplafarigola\/internet-segura\/attachment\/screenshot_6-12\/\" data-original-link=\"https:\/\/agora.xtec.cat\/ceiplafarigola\/wp-content\/uploads\/usu2166\/2026\/02\/Screenshot_6-2.png\" class=\"wp-block-getwid-images-slider__image wp-image-8433\" srcset=\"https:\/\/agora.xtec.cat\/ceiplafarigola\/wp-content\/uploads\/usu2166\/2026\/02\/Screenshot_6-2.png 531w, https:\/\/agora.xtec.cat\/ceiplafarigola\/wp-content\/uploads\/usu2166\/2026\/02\/Screenshot_6-2-300x273.png 300w\" sizes=\"auto, (max-width: 531px) 100vw, 531px\" \/><\/figure><\/div><div class=\"wp-block-getwid-images-slider__item\" style=\"height:500px\"><figure><img loading=\"lazy\" decoding=\"async\" width=\"583\" height=\"374\" src=\"https:\/\/agora.xtec.cat\/ceiplafarigola\/wp-content\/uploads\/usu2166\/2026\/02\/Screenshot_7-1.png\" data-id=\"8435\" data-link=\"https:\/\/agora.xtec.cat\/ceiplafarigola\/internet-segura\/attachment\/screenshot_7-6\/\" data-original-link=\"https:\/\/agora.xtec.cat\/ceiplafarigola\/wp-content\/uploads\/usu2166\/2026\/02\/Screenshot_7-1.png\" class=\"wp-block-getwid-images-slider__image wp-image-8435\" srcset=\"https:\/\/agora.xtec.cat\/ceiplafarigola\/wp-content\/uploads\/usu2166\/2026\/02\/Screenshot_7-1.png 583w, https:\/\/agora.xtec.cat\/ceiplafarigola\/wp-content\/uploads\/usu2166\/2026\/02\/Screenshot_7-1-300x192.png 300w\" sizes=\"auto, (max-width: 583px) 100vw, 583px\" \/><\/figure><\/div><div class=\"wp-block-getwid-images-slider__item\" style=\"height:500px\"><figure><img loading=\"lazy\" decoding=\"async\" width=\"300\" height=\"224\" src=\"https:\/\/agora.xtec.cat\/ceiplafarigola\/wp-content\/uploads\/usu2166\/2026\/02\/WhatsApp-Image-2022-02-17-at-20.43.44-1-300x224-2.jpeg\" data-id=\"8430\" data-link=\"https:\/\/agora.xtec.cat\/ceiplafarigola\/internet-segura\/attachment\/whatsapp-image-2022-02-17-at-20-43-44-1-300x224-2\/\" data-original-link=\"https:\/\/agora.xtec.cat\/ceiplafarigola\/wp-content\/uploads\/usu2166\/2026\/02\/WhatsApp-Image-2022-02-17-at-20.43.44-1-300x224-2.jpeg\" class=\"wp-block-getwid-images-slider__image wp-image-8430\"\/><\/figure><\/div><div class=\"wp-block-getwid-images-slider__item\" style=\"height:500px\"><figure><img loading=\"lazy\" decoding=\"async\" width=\"300\" height=\"224\" src=\"https:\/\/agora.xtec.cat\/ceiplafarigola\/wp-content\/uploads\/usu2166\/2026\/02\/WhatsApp-Image-2022-02-17-at-20.43.44-300x224-2.jpeg\" data-id=\"8427\" data-link=\"https:\/\/agora.xtec.cat\/ceiplafarigola\/internet-segura\/attachment\/whatsapp-image-2022-02-17-at-20-43-44-300x224-2\/\" data-original-link=\"https:\/\/agora.xtec.cat\/ceiplafarigola\/wp-content\/uploads\/usu2166\/2026\/02\/WhatsApp-Image-2022-02-17-at-20.43.44-300x224-2.jpeg\" class=\"wp-block-getwid-images-slider__image wp-image-8427\"\/><\/figure><\/div><\/div><\/div>\n\n\n\n<p><\/p>\n\n\n\n<h2 class=\"wp-block-heading has-large-font-size\">Consell per a les fam\u00edlies<\/h2>\n\n\n\n<figure class=\"wp-block-embed is-type-video is-provider-youtube wp-block-embed-youtube wp-embed-aspect-16-9 wp-has-aspect-ratio\"><div class=\"wp-block-embed__wrapper\">\n<div class=\"ast-oembed-container \" style=\"height: 100%;\"><iframe loading=\"lazy\" title=\"Consells per protegir els infants a internet\" width=\"500\" height=\"281\" src=\"https:\/\/www.youtube.com\/embed\/UDePak95LFg?feature=oembed\" frameborder=\"0\" allow=\"accelerometer; autoplay; clipboard-write; encrypted-media; gyroscope; picture-in-picture; web-share\" referrerpolicy=\"strict-origin-when-cross-origin\" allowfullscreen><\/iframe><\/div>\n<\/div><\/figure>\n","protected":false},"excerpt":{"rendered":"<p>A la nostra escola celebrem la Setmana d\u2019Internet Segura, una iniciativa emmarcada dins la commemoraci\u00f3 del Dia d\u2019Internet Segura (eSafety Day), amb l\u2019objectiu de fomentar entre l\u2019alumnat un \u00fas responsable, cr\u00edtic i segur de les tecnologies digitals. Al llarg de la setmana, l\u2019alumnat de Prim\u00e0ria participa en propostes d\u2019activitats graduades per nivells, adaptades a l\u2019edat [&hellip;]<\/p>\n","protected":false},"author":4,"featured_media":0,"parent":0,"menu_order":0,"comment_status":"closed","ping_status":"close","template":"","meta":{"_bbp_topic_count":0,"_bbp_reply_count":0,"_bbp_total_topic_count":0,"_bbp_total_reply_count":0,"_bbp_voice_count":0,"_bbp_anonymous_reply_count":0,"_bbp_topic_count_hidden":0,"_bbp_reply_count_hidden":0,"_bbp_forum_subforum_count":0,"site-sidebar-layout":"default","site-content-layout":"","ast-site-content-layout":"default","site-content-style":"default","site-sidebar-style":"default","ast-global-header-display":"","ast-banner-title-visibility":"","ast-main-header-display":"","ast-hfb-above-header-display":"","ast-hfb-below-header-display":"","ast-hfb-mobile-header-display":"","site-post-title":"","ast-breadcrumbs-content":"","ast-featured-img":"","footer-sml-layout":"","theme-transparent-header-meta":"","adv-header-id-meta":"","stick-header-meta":"","header-above-stick-meta":"","header-main-stick-meta":"","header-below-stick-meta":"","astra-migrate-meta-layouts":"set","ast-page-background-enabled":"default","ast-page-background-meta":{"desktop":{"background-color":"var(--ast-global-color-4)","background-image":"","background-repeat":"repeat","background-position":"center center","background-size":"auto","background-attachment":"scroll","background-type":"","background-media":"","overlay-type":"","overlay-color":"","overlay-opacity":"","overlay-gradient":""},"tablet":{"background-color":"","background-image":"","background-repeat":"repeat","background-position":"center center","background-size":"auto","background-attachment":"scroll","background-type":"","background-media":"","overlay-type":"","overlay-color":"","overlay-opacity":"","overlay-gradient":""},"mobile":{"background-color":"","background-image":"","background-repeat":"repeat","background-position":"center center","background-size":"auto","background-attachment":"scroll","background-type":"","background-media":"","overlay-type":"","overlay-color":"","overlay-opacity":"","overlay-gradient":""}},"ast-content-background-meta":{"desktop":{"background-color":"var(--ast-global-color-5)","background-image":"","background-repeat":"repeat","background-position":"center center","background-size":"auto","background-attachment":"scroll","background-type":"","background-media":"","overlay-type":"","overlay-color":"","overlay-opacity":"","overlay-gradient":""},"tablet":{"background-color":"var(--ast-global-color-5)","background-image":"","background-repeat":"repeat","background-position":"center center","background-size":"auto","background-attachment":"scroll","background-type":"","background-media":"","overlay-type":"","overlay-color":"","overlay-opacity":"","overlay-gradient":""},"mobile":{"background-color":"var(--ast-global-color-5)","background-image":"","background-repeat":"repeat","background-position":"center center","background-size":"auto","background-attachment":"scroll","background-type":"","background-media":"","overlay-type":"","overlay-color":"","overlay-opacity":"","overlay-gradient":""}},"footnotes":""},"class_list":["post-8407","page","type-page","status-publish","hentry"],"post_mailing_queue_ids":[],"_links":{"self":[{"href":"https:\/\/agora.xtec.cat\/ceiplafarigola\/wp-json\/wp\/v2\/pages\/8407","targetHints":{"allow":["GET"]}}],"collection":[{"href":"https:\/\/agora.xtec.cat\/ceiplafarigola\/wp-json\/wp\/v2\/pages"}],"about":[{"href":"https:\/\/agora.xtec.cat\/ceiplafarigola\/wp-json\/wp\/v2\/types\/page"}],"author":[{"embeddable":true,"href":"https:\/\/agora.xtec.cat\/ceiplafarigola\/wp-json\/wp\/v2\/users\/4"}],"replies":[{"embeddable":true,"href":"https:\/\/agora.xtec.cat\/ceiplafarigola\/wp-json\/wp\/v2\/comments?post=8407"}],"version-history":[{"count":6,"href":"https:\/\/agora.xtec.cat\/ceiplafarigola\/wp-json\/wp\/v2\/pages\/8407\/revisions"}],"predecessor-version":[{"id":8441,"href":"https:\/\/agora.xtec.cat\/ceiplafarigola\/wp-json\/wp\/v2\/pages\/8407\/revisions\/8441"}],"wp:attachment":[{"href":"https:\/\/agora.xtec.cat\/ceiplafarigola\/wp-json\/wp\/v2\/media?parent=8407"}],"curies":[{"name":"wp","href":"https:\/\/api.w.org\/{rel}","templated":true}]}}