{"id":8298,"date":"2026-02-12T17:06:47","date_gmt":"2026-02-12T16:06:47","guid":{"rendered":"https:\/\/agora.xtec.cat\/ceiplafarigola\/?page_id=8298"},"modified":"2026-02-13T16:13:26","modified_gmt":"2026-02-13T15:13:26","slug":"us-de-la-tecnologia","status":"publish","type":"page","link":"https:\/\/agora.xtec.cat\/ceiplafarigola\/us-de-la-tecnologia\/","title":{"rendered":"\u00das de la tecnologia"},"content":{"rendered":"\n<p>D\u2019acord amb l\u2019estrat\u00e8gia digital del centre i amb el que estableix la LOMLOE, a l\u2019escola treballem la compet\u00e8ncia digital de manera progressiva i transversal a totes les \u00e0rees, amb l\u2019objectiu de formar un alumnat responsable, cr\u00edtic i aut\u00f2nom en l\u2019\u00fas de les tecnologies.<\/p>\n\n\n\n<p>La tecnologia s\u2019ent\u00e9n com una eina al servei de l\u2019aprenentatge, integrada en les situacions d\u2019aprenentatge i els projectes que es desenvolupen a l\u2019aula.<\/p>\n\n\n\n<p>A trav\u00e9s dels espais d\u2019aprenentatge, es treballen la rob\u00f2tica, la programaci\u00f3 i el pensament computacional. A educaci\u00f3 infantil i a la comunitat de mitjans aquest treball s\u2019inicia principalment amb pensament computacional desendollat, mitjan\u00e7ant jocs de l\u00f2gica, seq\u00fcenciaci\u00f3 i resoluci\u00f3 de problemes. Progressivament, s\u2019introdueixen propostes de rob\u00f2tica educativa.<\/p>\n\n\n\n<p>A partir de 4t de prim\u00e0ria, l\u2019alumnat disposa de correu corporatiu i treballa amb Google Workspace (Drive, Documents, Presentacions) per fomentar el treball col\u00b7laboratiu i la creaci\u00f3 de continguts digitals, aix\u00ed com petites recerques guiades. El Moodle s\u2019utilitza com a entorn virtual d\u2019aprenentatge, i es fan servir plataformes educatives com Canva.<\/p>\n\n\n\n<p>A 5\u00e8 i 6\u00e8, s\u2019amplia l\u2019\u00fas de Google Workspace amb eines com Classroom i Sites, es consolida el treball amb Drive i Documents i es participen en projectes eTwinning, utilitzant eines que permeten el treball col\u00b7laboratiu.<\/p>\n\n\n\n<p>Durant tota la prim\u00e0ria es treballa de manera continuada l\u2019\u00fas responsable, segur i cr\u00edtic de la tecnologia, la privacitat, els drets d\u2019autoria i el pensament cr\u00edtic, amb una incid\u00e8ncia especial durant la Setmana de l\u2019Internet Segura.<\/p>\n\n\n\n<p>Al nostre document d&#8217;estrat\u00e8gia digital de Centre&nbsp; recollim totes les actuacions, protocols i acords relacionats amb tots els \u00e0mbits digitals del Centre. <\/p>\n\n\n\n<h2 class=\"wp-block-heading\"><\/h2>\n\n\n\n<p><\/p>\n","protected":false},"excerpt":{"rendered":"<p>D\u2019acord amb l\u2019estrat\u00e8gia digital del centre i amb el que estableix la LOMLOE, a l\u2019escola treballem la compet\u00e8ncia digital de manera progressiva i transversal a totes les \u00e0rees, amb l\u2019objectiu de formar un alumnat responsable, cr\u00edtic i aut\u00f2nom en l\u2019\u00fas de les tecnologies. La tecnologia s\u2019ent\u00e9n com una eina al servei de l\u2019aprenentatge, integrada en [&hellip;]<\/p>\n","protected":false},"author":4,"featured_media":0,"parent":0,"menu_order":0,"comment_status":"closed","ping_status":"close","template":"","meta":{"_bbp_topic_count":0,"_bbp_reply_count":0,"_bbp_total_topic_count":0,"_bbp_total_reply_count":0,"_bbp_voice_count":0,"_bbp_anonymous_reply_count":0,"_bbp_topic_count_hidden":0,"_bbp_reply_count_hidden":0,"_bbp_forum_subforum_count":0,"site-sidebar-layout":"default","site-content-layout":"","ast-site-content-layout":"default","site-content-style":"default","site-sidebar-style":"default","ast-global-header-display":"","ast-banner-title-visibility":"","ast-main-header-display":"","ast-hfb-above-header-display":"","ast-hfb-below-header-display":"","ast-hfb-mobile-header-display":"","site-post-title":"","ast-breadcrumbs-content":"","ast-featured-img":"","footer-sml-layout":"","theme-transparent-header-meta":"","adv-header-id-meta":"","stick-header-meta":"","header-above-stick-meta":"","header-main-stick-meta":"","header-below-stick-meta":"","astra-migrate-meta-layouts":"set","ast-page-background-enabled":"default","ast-page-background-meta":{"desktop":{"background-color":"var(--ast-global-color-4)","background-image":"","background-repeat":"repeat","background-position":"center center","background-size":"auto","background-attachment":"scroll","background-type":"","background-media":"","overlay-type":"","overlay-color":"","overlay-opacity":"","overlay-gradient":""},"tablet":{"background-color":"","background-image":"","background-repeat":"repeat","background-position":"center center","background-size":"auto","background-attachment":"scroll","background-type":"","background-media":"","overlay-type":"","overlay-color":"","overlay-opacity":"","overlay-gradient":""},"mobile":{"background-color":"","background-image":"","background-repeat":"repeat","background-position":"center center","background-size":"auto","background-attachment":"scroll","background-type":"","background-media":"","overlay-type":"","overlay-color":"","overlay-opacity":"","overlay-gradient":""}},"ast-content-background-meta":{"desktop":{"background-color":"var(--ast-global-color-5)","background-image":"","background-repeat":"repeat","background-position":"center center","background-size":"auto","background-attachment":"scroll","background-type":"","background-media":"","overlay-type":"","overlay-color":"","overlay-opacity":"","overlay-gradient":""},"tablet":{"background-color":"var(--ast-global-color-5)","background-image":"","background-repeat":"repeat","background-position":"center center","background-size":"auto","background-attachment":"scroll","background-type":"","background-media":"","overlay-type":"","overlay-color":"","overlay-opacity":"","overlay-gradient":""},"mobile":{"background-color":"var(--ast-global-color-5)","background-image":"","background-repeat":"repeat","background-position":"center center","background-size":"auto","background-attachment":"scroll","background-type":"","background-media":"","overlay-type":"","overlay-color":"","overlay-opacity":"","overlay-gradient":""}},"footnotes":""},"class_list":["post-8298","page","type-page","status-publish","hentry"],"post_mailing_queue_ids":[],"_links":{"self":[{"href":"https:\/\/agora.xtec.cat\/ceiplafarigola\/wp-json\/wp\/v2\/pages\/8298","targetHints":{"allow":["GET"]}}],"collection":[{"href":"https:\/\/agora.xtec.cat\/ceiplafarigola\/wp-json\/wp\/v2\/pages"}],"about":[{"href":"https:\/\/agora.xtec.cat\/ceiplafarigola\/wp-json\/wp\/v2\/types\/page"}],"author":[{"embeddable":true,"href":"https:\/\/agora.xtec.cat\/ceiplafarigola\/wp-json\/wp\/v2\/users\/4"}],"replies":[{"embeddable":true,"href":"https:\/\/agora.xtec.cat\/ceiplafarigola\/wp-json\/wp\/v2\/comments?post=8298"}],"version-history":[{"count":4,"href":"https:\/\/agora.xtec.cat\/ceiplafarigola\/wp-json\/wp\/v2\/pages\/8298\/revisions"}],"predecessor-version":[{"id":8339,"href":"https:\/\/agora.xtec.cat\/ceiplafarigola\/wp-json\/wp\/v2\/pages\/8298\/revisions\/8339"}],"wp:attachment":[{"href":"https:\/\/agora.xtec.cat\/ceiplafarigola\/wp-json\/wp\/v2\/media?parent=8298"}],"curies":[{"name":"wp","href":"https:\/\/api.w.org\/{rel}","templated":true}]}}