{"id":8258,"date":"2026-02-12T15:56:09","date_gmt":"2026-02-12T14:56:09","guid":{"rendered":"https:\/\/agora.xtec.cat\/ceiplafarigola\/?page_id=8258"},"modified":"2026-02-12T15:56:09","modified_gmt":"2026-02-12T14:56:09","slug":"penfriends-in-action","status":"publish","type":"page","link":"https:\/\/agora.xtec.cat\/ceiplafarigola\/penfriends-in-action\/","title":{"rendered":"Penfriends in action"},"content":{"rendered":"\n<p>A <strong>4t de prim\u00e0ria<\/strong> estem duent a terme un projecte molt especial amb l\u2019<strong>Edinbarnet Primary School de Clydebank (Esc\u00f2cia)<\/strong>, anomenat <strong>\u201cPenfriends in Action\u201d<\/strong>.<\/p>\n\n\n\n<p>A trav\u00e9s d\u2019aquest projecte potenciem la connexi\u00f3 entre amics per carta, recuperant la il\u00b7lusi\u00f3 d\u2019escriure i rebre <strong>cartes i postals<\/strong>. El nostre alumnat comparteix experi\u00e8ncies, interessos i viv\u00e8ncies del dia a dia amb els seus penfriends escocesos, creant vincles reals i significatius.<\/p>\n\n\n\n<p>A m\u00e9s, fomentem l\u2019<strong>intercanvi cultural<\/strong>, descobrint tradicions, festes, gastronomia, paisatges i costums dels dos pa\u00efsos. Aix\u00f2 ens permet ampliar la mirada al m\u00f3n i valorar la riquesa cultural que ens envolta.<\/p>\n\n\n\n<p>El projecte tamb\u00e9 incorpora l\u2019\u00fas d\u2019<strong>eines digitals<\/strong>, que ens ajuden a complementar la comunicaci\u00f3, compartir presentacions, v\u00eddeos i activitats col\u00b7laboratives.<\/p>\n\n\n\n<p>\u201cPenfriends in Action\u201d \u00e9s una experi\u00e8ncia enriquidora que promou la comunicaci\u00f3 en angl\u00e8s, l\u2019empatia, l\u2019obertura cultural i l\u2019amistat m\u00e9s enll\u00e0 de les fronteres<\/p>\n\n\n\n<figure class=\"wp-block-image size-full\"><a href=\"https:\/\/agora.xtec.cat\/ceiplafarigola\/wp-content\/uploads\/usu2166\/2026\/02\/Screenshot_2-2-2.png\"><img loading=\"lazy\" decoding=\"async\" width=\"637\" height=\"718\" src=\"https:\/\/agora.xtec.cat\/ceiplafarigola\/wp-content\/uploads\/usu2166\/2026\/02\/Screenshot_2-2-2.png\" alt=\"\" class=\"wp-image-8259\" srcset=\"https:\/\/agora.xtec.cat\/ceiplafarigola\/wp-content\/uploads\/usu2166\/2026\/02\/Screenshot_2-2-2.png 637w, https:\/\/agora.xtec.cat\/ceiplafarigola\/wp-content\/uploads\/usu2166\/2026\/02\/Screenshot_2-2-2-266x300.png 266w\" sizes=\"auto, (max-width: 637px) 100vw, 637px\" \/><\/a><\/figure>\n","protected":false},"excerpt":{"rendered":"<p>A 4t de prim\u00e0ria estem duent a terme un projecte molt especial amb l\u2019Edinbarnet Primary School de Clydebank (Esc\u00f2cia), anomenat \u201cPenfriends in Action\u201d. A trav\u00e9s d\u2019aquest projecte potenciem la connexi\u00f3 entre amics per carta, recuperant la il\u00b7lusi\u00f3 d\u2019escriure i rebre cartes i postals. El nostre alumnat comparteix experi\u00e8ncies, interessos i viv\u00e8ncies del dia a dia [&hellip;]<\/p>\n","protected":false},"author":4,"featured_media":0,"parent":0,"menu_order":0,"comment_status":"closed","ping_status":"close","template":"","meta":{"_bbp_topic_count":0,"_bbp_reply_count":0,"_bbp_total_topic_count":0,"_bbp_total_reply_count":0,"_bbp_voice_count":0,"_bbp_anonymous_reply_count":0,"_bbp_topic_count_hidden":0,"_bbp_reply_count_hidden":0,"_bbp_forum_subforum_count":0,"site-sidebar-layout":"default","site-content-layout":"","ast-site-content-layout":"default","site-content-style":"default","site-sidebar-style":"default","ast-global-header-display":"","ast-banner-title-visibility":"","ast-main-header-display":"","ast-hfb-above-header-display":"","ast-hfb-below-header-display":"","ast-hfb-mobile-header-display":"","site-post-title":"","ast-breadcrumbs-content":"","ast-featured-img":"","footer-sml-layout":"","theme-transparent-header-meta":"","adv-header-id-meta":"","stick-header-meta":"","header-above-stick-meta":"","header-main-stick-meta":"","header-below-stick-meta":"","astra-migrate-meta-layouts":"set","ast-page-background-enabled":"default","ast-page-background-meta":{"desktop":{"background-color":"var(--ast-global-color-4)","background-image":"","background-repeat":"repeat","background-position":"center center","background-size":"auto","background-attachment":"scroll","background-type":"","background-media":"","overlay-type":"","overlay-color":"","overlay-opacity":"","overlay-gradient":""},"tablet":{"background-color":"","background-image":"","background-repeat":"repeat","background-position":"center center","background-size":"auto","background-attachment":"scroll","background-type":"","background-media":"","overlay-type":"","overlay-color":"","overlay-opacity":"","overlay-gradient":""},"mobile":{"background-color":"","background-image":"","background-repeat":"repeat","background-position":"center center","background-size":"auto","background-attachment":"scroll","background-type":"","background-media":"","overlay-type":"","overlay-color":"","overlay-opacity":"","overlay-gradient":""}},"ast-content-background-meta":{"desktop":{"background-color":"var(--ast-global-color-5)","background-image":"","background-repeat":"repeat","background-position":"center center","background-size":"auto","background-attachment":"scroll","background-type":"","background-media":"","overlay-type":"","overlay-color":"","overlay-opacity":"","overlay-gradient":""},"tablet":{"background-color":"var(--ast-global-color-5)","background-image":"","background-repeat":"repeat","background-position":"center center","background-size":"auto","background-attachment":"scroll","background-type":"","background-media":"","overlay-type":"","overlay-color":"","overlay-opacity":"","overlay-gradient":""},"mobile":{"background-color":"var(--ast-global-color-5)","background-image":"","background-repeat":"repeat","background-position":"center center","background-size":"auto","background-attachment":"scroll","background-type":"","background-media":"","overlay-type":"","overlay-color":"","overlay-opacity":"","overlay-gradient":""}},"footnotes":""},"class_list":["post-8258","page","type-page","status-publish","hentry"],"post_mailing_queue_ids":[],"_links":{"self":[{"href":"https:\/\/agora.xtec.cat\/ceiplafarigola\/wp-json\/wp\/v2\/pages\/8258","targetHints":{"allow":["GET"]}}],"collection":[{"href":"https:\/\/agora.xtec.cat\/ceiplafarigola\/wp-json\/wp\/v2\/pages"}],"about":[{"href":"https:\/\/agora.xtec.cat\/ceiplafarigola\/wp-json\/wp\/v2\/types\/page"}],"author":[{"embeddable":true,"href":"https:\/\/agora.xtec.cat\/ceiplafarigola\/wp-json\/wp\/v2\/users\/4"}],"replies":[{"embeddable":true,"href":"https:\/\/agora.xtec.cat\/ceiplafarigola\/wp-json\/wp\/v2\/comments?post=8258"}],"version-history":[{"count":1,"href":"https:\/\/agora.xtec.cat\/ceiplafarigola\/wp-json\/wp\/v2\/pages\/8258\/revisions"}],"predecessor-version":[{"id":8260,"href":"https:\/\/agora.xtec.cat\/ceiplafarigola\/wp-json\/wp\/v2\/pages\/8258\/revisions\/8260"}],"wp:attachment":[{"href":"https:\/\/agora.xtec.cat\/ceiplafarigola\/wp-json\/wp\/v2\/media?parent=8258"}],"curies":[{"name":"wp","href":"https:\/\/api.w.org\/{rel}","templated":true}]}}