{"id":8246,"date":"2026-02-12T15:46:59","date_gmt":"2026-02-12T14:46:59","guid":{"rendered":"https:\/\/agora.xtec.cat\/ceiplafarigola\/?page_id=8246"},"modified":"2026-02-23T17:07:15","modified_gmt":"2026-02-23T16:07:15","slug":"projectes-europeus","status":"publish","type":"page","link":"https:\/\/agora.xtec.cat\/ceiplafarigola\/projectes-europeus\/","title":{"rendered":"Projectes Europeus"},"content":{"rendered":"\n<p>El coneixement de la llengua anglesa \u00e9s un element clau en la compet\u00e8ncia comunicativa del nostre alumnat. Ens connecta amb el m\u00f3n en el qual vivim, ens ajuda a relacionar-nos amb altres cultures i ens obre les portes a altres realitats.<\/p>\n\n\n\n<div class=\"wp-block-getwid-section alignfull alignfull getwid-section-content-custom-width\"><div class=\"wp-block-getwid-section__wrapper getwid-padding-top-large getwid-padding-bottom-large getwid-padding-left-medium getwid-padding-right-medium\"><div class=\"wp-block-getwid-section__inner-wrapper\" style=\"max-width:1140px\"><div class=\"wp-block-getwid-section__background-holder\"><div class=\"wp-block-getwid-section__background\"><\/div><div class=\"wp-block-getwid-section__foreground\"><\/div><\/div><div class=\"wp-block-getwid-section__content\"><div class=\"wp-block-getwid-section__inner-content\">\n<div class=\"wp-block-columns has-4-columns is-layout-flex wp-container-core-columns-is-layout-1 wp-block-columns-is-layout-flex\">\n<div class=\"wp-block-column is-layout-flow wp-block-column-is-layout-flow\">\n<div class=\"wp-block-getwid-person is-image-cropped\"><div class=\"wp-block-getwid-person__image\"><img loading=\"lazy\" decoding=\"async\" width=\"575\" height=\"314\" src=\"https:\/\/agora.xtec.cat\/ceiplafarigola\/wp-content\/uploads\/usu2166\/2026\/02\/Screenshot_11-4.png\" class=\"wp-image-8251\" srcset=\"https:\/\/agora.xtec.cat\/ceiplafarigola\/wp-content\/uploads\/usu2166\/2026\/02\/Screenshot_11-4.png 575w, https:\/\/agora.xtec.cat\/ceiplafarigola\/wp-content\/uploads\/usu2166\/2026\/02\/Screenshot_11-4-300x164.png 300w\" sizes=\"auto, (max-width: 575px) 100vw, 575px\" \/><\/div><div class=\"wp-block-getwid-person__content-wrapper\"><span class=\"wp-block-getwid-person__title\"><a href=\"https:\/\/agora.xtec.cat\/ceiplafarigola\/penfriends-in-action\/\">PENFRIENDS IN ACTION<\/a><\/span>\n<div class=\"wp-block-getwid-social-links has-large-spacing\"><ul class=\"wp-block-getwid-social-links__list getwid-justify-content-center\"><li class=\"wp-block-getwid-social-links__item\"><a class=\"wp-block-getwid-social-links__link\" href=\"#\"><span class=\"wp-block-getwid-social-links__wrapper has-text-color\" style=\"color:#000000\"><i class=\"\"><\/i><\/span><\/a><\/li><li class=\"wp-block-getwid-social-links__item\"><a class=\"wp-block-getwid-social-links__link\" href=\"#\"><span class=\"wp-block-getwid-social-links__wrapper has-text-color\" style=\"color:#000000\"><i class=\"\"><\/i><\/span><\/a><\/li><li class=\"wp-block-getwid-social-links__item\"><a class=\"wp-block-getwid-social-links__link\" href=\"#\"><span class=\"wp-block-getwid-social-links__wrapper has-text-color\" style=\"color:#000000\"><i class=\"\"><\/i><\/span><\/a><\/li><li class=\"wp-block-getwid-social-links__item\"><a class=\"wp-block-getwid-social-links__link\" href=\"#\"><span class=\"wp-block-getwid-social-links__wrapper has-text-color\" style=\"color:#000000\"><i class=\"\"><\/i><\/span><\/a><\/li><\/ul><\/div>\n<\/div><\/div>\n<\/div>\n\n\n\n<div class=\"wp-block-column is-layout-flow wp-block-column-is-layout-flow\">\n<div class=\"wp-block-getwid-person is-image-cropped\"><div class=\"wp-block-getwid-person__image\"><img loading=\"lazy\" decoding=\"async\" width=\"526\" height=\"351\" src=\"https:\/\/agora.xtec.cat\/ceiplafarigola\/wp-content\/uploads\/usu2166\/2026\/02\/etwining.png\" class=\"wp-image-8318\" srcset=\"https:\/\/agora.xtec.cat\/ceiplafarigola\/wp-content\/uploads\/usu2166\/2026\/02\/etwining.png 526w, https:\/\/agora.xtec.cat\/ceiplafarigola\/wp-content\/uploads\/usu2166\/2026\/02\/etwining-300x200.png 300w\" sizes=\"auto, (max-width: 526px) 100vw, 526px\" \/><\/div><div class=\"wp-block-getwid-person__content-wrapper\"><span class=\"wp-block-getwid-person__title\"><a href=\"https:\/\/agora.xtec.cat\/ceiplafarigola\/etwinning-2\/\">PROJECTES eTWINNING<\/a><\/span>\n<div class=\"wp-block-getwid-social-links has-large-spacing\"><ul class=\"wp-block-getwid-social-links__list getwid-justify-content-center\"><li class=\"wp-block-getwid-social-links__item\"><a class=\"wp-block-getwid-social-links__link\" href=\"https:\/\/www.facebook.com\/\"><span class=\"wp-block-getwid-social-links__wrapper has-text-color\" style=\"color:#000000\"><i class=\"\"><\/i><\/span><\/a><\/li><li class=\"wp-block-getwid-social-links__item\"><a class=\"wp-block-getwid-social-links__link\" href=\"https:\/\/twitter.com\/\"><span class=\"wp-block-getwid-social-links__wrapper has-text-color\" style=\"color:#000000\"><i class=\"\"><\/i><\/span><\/a><\/li><li class=\"wp-block-getwid-social-links__item\"><a class=\"wp-block-getwid-social-links__link\" href=\"https:\/\/www.instagram.com\/\"><span class=\"wp-block-getwid-social-links__wrapper has-text-color\" style=\"color:#000000\"><i class=\"\"><\/i><\/span><\/a><\/li><li class=\"wp-block-getwid-social-links__item\"><a class=\"wp-block-getwid-social-links__link\" href=\"https:\/\/www.youtube.com\/\"><span class=\"wp-block-getwid-social-links__wrapper has-text-color\" style=\"color:#000000\"><i class=\"\"><\/i><\/span><\/a><\/li><\/ul><\/div>\n<\/div><\/div>\n<\/div>\n\n\n\n<div class=\"wp-block-column is-vertically-aligned-center is-layout-flow wp-block-column-is-layout-flow\">\n<div class=\"wp-block-getwid-person is-image-cropped\"><div class=\"wp-block-getwid-person__image\"><img loading=\"lazy\" decoding=\"async\" width=\"300\" height=\"213\" src=\"https:\/\/agora.xtec.cat\/ceiplafarigola\/wp-content\/uploads\/usu2166\/2026\/02\/Diseno-sin-titulo-1-300x213.png\" class=\"wp-image-8451\" srcset=\"https:\/\/agora.xtec.cat\/ceiplafarigola\/wp-content\/uploads\/usu2166\/2026\/02\/Diseno-sin-titulo-1-300x213.png 300w, https:\/\/agora.xtec.cat\/ceiplafarigola\/wp-content\/uploads\/usu2166\/2026\/02\/Diseno-sin-titulo-1-1024x726.png 1024w, https:\/\/agora.xtec.cat\/ceiplafarigola\/wp-content\/uploads\/usu2166\/2026\/02\/Diseno-sin-titulo-1-768x545.png 768w, https:\/\/agora.xtec.cat\/ceiplafarigola\/wp-content\/uploads\/usu2166\/2026\/02\/Diseno-sin-titulo-1-1536x1090.png 1536w, https:\/\/agora.xtec.cat\/ceiplafarigola\/wp-content\/uploads\/usu2166\/2026\/02\/Diseno-sin-titulo-1.png 1748w\" sizes=\"auto, (max-width: 300px) 100vw, 300px\" \/><\/div><div class=\"wp-block-getwid-person__content-wrapper\"><span class=\"wp-block-getwid-person__title\"><a href=\"https:\/\/agora.xtec.cat\/ceiplafarigola\/gep\/\">GEP<\/a><\/span>\n<div class=\"wp-block-getwid-social-links has-large-spacing\"><ul class=\"wp-block-getwid-social-links__list getwid-justify-content-center\"><li class=\"wp-block-getwid-social-links__item\"><a class=\"wp-block-getwid-social-links__link\" href=\"https:\/\/www.facebook.com\/\"><span class=\"wp-block-getwid-social-links__wrapper has-text-color\" style=\"color:#000000\"><i class=\"\"><\/i><\/span><\/a><\/li><li class=\"wp-block-getwid-social-links__item\"><a class=\"wp-block-getwid-social-links__link\" href=\"https:\/\/twitter.com\/\"><span class=\"wp-block-getwid-social-links__wrapper has-text-color\" style=\"color:#000000\"><i class=\"\"><\/i><\/span><\/a><\/li><li class=\"wp-block-getwid-social-links__item\"><a class=\"wp-block-getwid-social-links__link\" href=\"https:\/\/www.instagram.com\/\"><span class=\"wp-block-getwid-social-links__wrapper has-text-color\" style=\"color:#000000\"><i class=\"\"><\/i><\/span><\/a><\/li><li class=\"wp-block-getwid-social-links__item\"><a class=\"wp-block-getwid-social-links__link\" href=\"https:\/\/www.youtube.com\/\"><span class=\"wp-block-getwid-social-links__wrapper has-text-color\" style=\"color:#000000\"><i class=\"\"><\/i><\/span><\/a><\/li><li class=\"wp-block-getwid-social-links__item\"><a class=\"wp-block-getwid-social-links__link\" href=\"#\"><span class=\"wp-block-getwid-social-links__wrapper has-text-color\" style=\"color:#000000\"><i class=\"\"><\/i><\/span><\/a><\/li><\/ul><\/div>\n<\/div><\/div>\n<\/div>\n\n\n\n<div class=\"wp-block-column is-layout-flow wp-block-column-is-layout-flow\">\n<div class=\"wp-block-getwid-person is-image-cropped\"><div class=\"wp-block-getwid-person__image\"><img loading=\"lazy\" decoding=\"async\" width=\"640\" height=\"480\" src=\"https:\/\/agora.xtec.cat\/ceiplafarigola\/wp-content\/uploads\/usu2166\/2026\/02\/diversas-personas-mostrando-simbolos-burbujas-discurso-2348151.png\" class=\"wp-image-8444\" srcset=\"https:\/\/agora.xtec.cat\/ceiplafarigola\/wp-content\/uploads\/usu2166\/2026\/02\/diversas-personas-mostrando-simbolos-burbujas-discurso-2348151.png 640w, https:\/\/agora.xtec.cat\/ceiplafarigola\/wp-content\/uploads\/usu2166\/2026\/02\/diversas-personas-mostrando-simbolos-burbujas-discurso-2348151-300x225.png 300w\" sizes=\"auto, (max-width: 640px) 100vw, 640px\" \/><\/div><div class=\"wp-block-getwid-person__content-wrapper\"><span class=\"wp-block-getwid-person__title\"><a href=\"https:\/\/agora.xtec.cat\/ceiplafarigola\/auxiliars-de-conversa\/\">AUXILIARS CONVERSA<\/a><\/span>\n<div class=\"wp-block-getwid-social-links has-large-spacing\"><ul class=\"wp-block-getwid-social-links__list getwid-justify-content-center\"><li class=\"wp-block-getwid-social-links__item\"><a class=\"wp-block-getwid-social-links__link\" href=\"https:\/\/www.facebook.com\/\"><span class=\"wp-block-getwid-social-links__wrapper has-text-color\" style=\"color:#000000\"><i class=\"\"><\/i><\/span><\/a><\/li><li class=\"wp-block-getwid-social-links__item\"><a class=\"wp-block-getwid-social-links__link\" href=\"https:\/\/twitter.com\/\"><span class=\"wp-block-getwid-social-links__wrapper has-text-color\" style=\"color:#000000\"><i class=\"\"><\/i><\/span><\/a><\/li><li class=\"wp-block-getwid-social-links__item\"><a class=\"wp-block-getwid-social-links__link\" href=\"https:\/\/www.instagram.com\/\"><span class=\"wp-block-getwid-social-links__wrapper has-text-color\" style=\"color:#000000\"><i class=\"\"><\/i><\/span><\/a><\/li><li class=\"wp-block-getwid-social-links__item\"><a class=\"wp-block-getwid-social-links__link\" href=\"https:\/\/www.youtube.com\/\"><span class=\"wp-block-getwid-social-links__wrapper has-text-color\" style=\"color:#000000\"><i class=\"\"><\/i><\/span><\/a><\/li><\/ul><\/div>\n<\/div><\/div>\n<\/div>\n<\/div>\n<\/div><\/div><\/div><\/div><\/div>\n\n\n\n<p><\/p>\n","protected":false},"excerpt":{"rendered":"<p>El coneixement de la llengua anglesa \u00e9s un element clau en la compet\u00e8ncia comunicativa del nostre alumnat. Ens connecta amb el m\u00f3n en el qual vivim, ens ajuda a relacionar-nos amb altres cultures i ens obre les portes a altres realitats.<\/p>\n","protected":false},"author":4,"featured_media":0,"parent":0,"menu_order":0,"comment_status":"closed","ping_status":"close","template":"","meta":{"_bbp_topic_count":0,"_bbp_reply_count":0,"_bbp_total_topic_count":0,"_bbp_total_reply_count":0,"_bbp_voice_count":0,"_bbp_anonymous_reply_count":0,"_bbp_topic_count_hidden":0,"_bbp_reply_count_hidden":0,"_bbp_forum_subforum_count":0,"site-sidebar-layout":"default","site-content-layout":"","ast-site-content-layout":"default","site-content-style":"default","site-sidebar-style":"default","ast-global-header-display":"","ast-banner-title-visibility":"","ast-main-header-display":"","ast-hfb-above-header-display":"","ast-hfb-below-header-display":"","ast-hfb-mobile-header-display":"","site-post-title":"","ast-breadcrumbs-content":"","ast-featured-img":"","footer-sml-layout":"","theme-transparent-header-meta":"","adv-header-id-meta":"","stick-header-meta":"","header-above-stick-meta":"","header-main-stick-meta":"","header-below-stick-meta":"","astra-migrate-meta-layouts":"set","ast-page-background-enabled":"default","ast-page-background-meta":{"desktop":{"background-color":"var(--ast-global-color-4)","background-image":"","background-repeat":"repeat","background-position":"center center","background-size":"auto","background-attachment":"scroll","background-type":"","background-media":"","overlay-type":"","overlay-color":"","overlay-opacity":"","overlay-gradient":""},"tablet":{"background-color":"","background-image":"","background-repeat":"repeat","background-position":"center center","background-size":"auto","background-attachment":"scroll","background-type":"","background-media":"","overlay-type":"","overlay-color":"","overlay-opacity":"","overlay-gradient":""},"mobile":{"background-color":"","background-image":"","background-repeat":"repeat","background-position":"center center","background-size":"auto","background-attachment":"scroll","background-type":"","background-media":"","overlay-type":"","overlay-color":"","overlay-opacity":"","overlay-gradient":""}},"ast-content-background-meta":{"desktop":{"background-color":"var(--ast-global-color-5)","background-image":"","background-repeat":"repeat","background-position":"center center","background-size":"auto","background-attachment":"scroll","background-type":"","background-media":"","overlay-type":"","overlay-color":"","overlay-opacity":"","overlay-gradient":""},"tablet":{"background-color":"var(--ast-global-color-5)","background-image":"","background-repeat":"repeat","background-position":"center center","background-size":"auto","background-attachment":"scroll","background-type":"","background-media":"","overlay-type":"","overlay-color":"","overlay-opacity":"","overlay-gradient":""},"mobile":{"background-color":"var(--ast-global-color-5)","background-image":"","background-repeat":"repeat","background-position":"center center","background-size":"auto","background-attachment":"scroll","background-type":"","background-media":"","overlay-type":"","overlay-color":"","overlay-opacity":"","overlay-gradient":""}},"footnotes":""},"class_list":["post-8246","page","type-page","status-publish","hentry"],"post_mailing_queue_ids":[],"_links":{"self":[{"href":"https:\/\/agora.xtec.cat\/ceiplafarigola\/wp-json\/wp\/v2\/pages\/8246","targetHints":{"allow":["GET"]}}],"collection":[{"href":"https:\/\/agora.xtec.cat\/ceiplafarigola\/wp-json\/wp\/v2\/pages"}],"about":[{"href":"https:\/\/agora.xtec.cat\/ceiplafarigola\/wp-json\/wp\/v2\/types\/page"}],"author":[{"embeddable":true,"href":"https:\/\/agora.xtec.cat\/ceiplafarigola\/wp-json\/wp\/v2\/users\/4"}],"replies":[{"embeddable":true,"href":"https:\/\/agora.xtec.cat\/ceiplafarigola\/wp-json\/wp\/v2\/comments?post=8246"}],"version-history":[{"count":6,"href":"https:\/\/agora.xtec.cat\/ceiplafarigola\/wp-json\/wp\/v2\/pages\/8246\/revisions"}],"predecessor-version":[{"id":8471,"href":"https:\/\/agora.xtec.cat\/ceiplafarigola\/wp-json\/wp\/v2\/pages\/8246\/revisions\/8471"}],"wp:attachment":[{"href":"https:\/\/agora.xtec.cat\/ceiplafarigola\/wp-json\/wp\/v2\/media?parent=8246"}],"curies":[{"name":"wp","href":"https:\/\/api.w.org\/{rel}","templated":true}]}}