{"id":80,"date":"2014-09-18T14:09:48","date_gmt":"2014-09-18T13:09:48","guid":{"rendered":"http:\/\/agora.xtec.cat\/ceiplafarigola\/?page_id=80"},"modified":"2025-10-13T12:59:00","modified_gmt":"2025-10-13T10:59:00","slug":"equip-docent","status":"publish","type":"page","link":"https:\/\/agora.xtec.cat\/ceiplafarigola\/serveis\/equip-docent\/","title":{"rendered":"Equip Hum\u00e0"},"content":{"rendered":"<h4>PERSONAL DOCENT DEL CENTRE<\/h4>\n<p><a href=\"https:\/\/agora.xtec.cat\/ceiplafarigola\/wp-content\/uploads\/usu2166\/2025\/09\/Screenshot_1.png\"><img loading=\"lazy\" decoding=\"async\" class=\"wp-image-7700 aligncenter\" src=\"https:\/\/agora.xtec.cat\/ceiplafarigola\/wp-content\/uploads\/usu2166\/2025\/09\/Screenshot_1.png\" alt=\"\" width=\"513\" height=\"425\" srcset=\"https:\/\/agora.xtec.cat\/ceiplafarigola\/wp-content\/uploads\/usu2166\/2025\/09\/Screenshot_1.png 713w, https:\/\/agora.xtec.cat\/ceiplafarigola\/wp-content\/uploads\/usu2166\/2025\/09\/Screenshot_1-300x250.png 300w\" sizes=\"auto, (max-width: 513px) 100vw, 513px\" \/><\/a><\/p>\n<h4>CURS 2025\/2026<\/h4>\n<p>&nbsp;<\/p>\n<h5>Consell Directiu<\/h5>\n<p><strong>Directora<\/strong>:<br \/>\nYolanda Pons<\/p>\n<p><strong>Cap d&#8217;estudis<\/strong>:<br \/>\nCarme Castells<\/p>\n<p><strong>Secretari:<\/strong><br \/>\nMarcel Alsina<\/p>\n<p><strong>Coord<\/strong>. <strong>Grup<\/strong> <strong>de<\/strong> <strong>petits<\/strong>: M\u00f2nica<\/p>\n<p><strong>Coord<\/strong>. <strong>Grup<\/strong> <strong>de<\/strong> <strong>mitjans<\/strong>: Anna V.<\/p>\n<p><strong>Coord<\/strong>. <strong>Grup<\/strong> <strong>de<\/strong> <strong>grans<\/strong>: Bernat<\/p>\n<p>&nbsp;<\/p>\n<h5>Educaci\u00f3 Infantil<\/h5>\n<p><strong>I3<\/strong>: M\u00f2nica<br \/>\n<strong>I4<\/strong>: Berta<br \/>\n<strong>I5<\/strong>: Marina<\/p>\n<p><strong>(TEI) Lourdes<\/strong><\/p>\n<p><strong>Suport EI\u00a0\u00a0<\/strong><\/p>\n<p>Teresa<\/p>\n<p><a href=\"https:\/\/agora.xtec.cat\/ceiplafarigola\/wp-content\/uploads\/usu2166\/2025\/10\/EQUIP-COMUNITAT-PETITES.png\"><img loading=\"lazy\" decoding=\"async\" class=\"aligncenter wp-image-7849\" src=\"https:\/\/agora.xtec.cat\/ceiplafarigola\/wp-content\/uploads\/usu2166\/2025\/10\/EQUIP-COMUNITAT-PETITES-300x169.png\" alt=\"\" width=\"450\" height=\"253\" srcset=\"https:\/\/agora.xtec.cat\/ceiplafarigola\/wp-content\/uploads\/usu2166\/2025\/10\/EQUIP-COMUNITAT-PETITES-300x169.png 300w, https:\/\/agora.xtec.cat\/ceiplafarigola\/wp-content\/uploads\/usu2166\/2025\/10\/EQUIP-COMUNITAT-PETITES-1024x576.png 1024w, https:\/\/agora.xtec.cat\/ceiplafarigola\/wp-content\/uploads\/usu2166\/2025\/10\/EQUIP-COMUNITAT-PETITES-768x432.png 768w, https:\/\/agora.xtec.cat\/ceiplafarigola\/wp-content\/uploads\/usu2166\/2025\/10\/EQUIP-COMUNITAT-PETITES-1536x864.png 1536w, https:\/\/agora.xtec.cat\/ceiplafarigola\/wp-content\/uploads\/usu2166\/2025\/10\/EQUIP-COMUNITAT-PETITES.png 1920w\" sizes=\"auto, (max-width: 450px) 100vw, 450px\" \/><\/a><\/p>\n<p><span style=\"font-size: 1.125em; font-weight: bold; font-family: inherit;\">Educaci\u00f3 Prim\u00e0ria<\/span><\/p>\n<p><span style=\"font-size: 1.125em; font-weight: bold; font-family: inherit;\">Grup de mitjans\u00a0<\/span><\/p>\n<p><strong>1r:\u00a0<\/strong>Anna V<br \/>\n<strong>2n:<\/strong> Anna S.<br \/>\n<strong>3r:<\/strong>\u00a0 N\u00faria M<\/p>\n<p><a href=\"https:\/\/agora.xtec.cat\/ceiplafarigola\/wp-content\/uploads\/usu2166\/2025\/10\/cm.png\"><img loading=\"lazy\" decoding=\"async\" class=\"aligncenter wp-image-7852\" src=\"https:\/\/agora.xtec.cat\/ceiplafarigola\/wp-content\/uploads\/usu2166\/2025\/10\/cm-300x169.png\" alt=\"\" width=\"450\" height=\"253\" srcset=\"https:\/\/agora.xtec.cat\/ceiplafarigola\/wp-content\/uploads\/usu2166\/2025\/10\/cm-300x169.png 300w, https:\/\/agora.xtec.cat\/ceiplafarigola\/wp-content\/uploads\/usu2166\/2025\/10\/cm-1024x576.png 1024w, https:\/\/agora.xtec.cat\/ceiplafarigola\/wp-content\/uploads\/usu2166\/2025\/10\/cm-768x432.png 768w, https:\/\/agora.xtec.cat\/ceiplafarigola\/wp-content\/uploads\/usu2166\/2025\/10\/cm.png 1094w\" sizes=\"auto, (max-width: 450px) 100vw, 450px\" \/><\/a><\/p>\n<p><span style=\"font-family: inherit;\"><strong>Grup de grans<\/strong>\u00a0<\/span><\/p>\n<p><strong>4t:\u00a0 <\/strong>Pilar<\/p>\n<p><strong>5\u00e8: <\/strong>Bernat<br \/>\n<strong>6\u00e8: <\/strong>Marina<\/p>\n<p><strong>Angl\u00e8s: <\/strong>Judith<\/p>\n<p><strong>M\u00fasica: <\/strong>Marcel i Yolanda<\/p>\n<p><strong>Aula Acollida:\u00a0<\/strong>Merc\u00e8<\/p>\n<p><strong>Suport i atenci\u00f3 a la diversitat:<\/strong>\u00a0 Marta P., Marta M, N\u00faria B. i Carme<\/p>\n<p><a href=\"https:\/\/agora.xtec.cat\/ceiplafarigola\/wp-content\/uploads\/usu2166\/2025\/10\/EQUIP-COMUNITAT-GRANS.png\"><img loading=\"lazy\" decoding=\"async\" class=\"aligncenter wp-image-7851\" src=\"https:\/\/agora.xtec.cat\/ceiplafarigola\/wp-content\/uploads\/usu2166\/2025\/10\/EQUIP-COMUNITAT-GRANS-300x169.png\" alt=\"\" width=\"450\" height=\"253\" srcset=\"https:\/\/agora.xtec.cat\/ceiplafarigola\/wp-content\/uploads\/usu2166\/2025\/10\/EQUIP-COMUNITAT-GRANS-300x169.png 300w, https:\/\/agora.xtec.cat\/ceiplafarigola\/wp-content\/uploads\/usu2166\/2025\/10\/EQUIP-COMUNITAT-GRANS-1024x576.png 1024w, https:\/\/agora.xtec.cat\/ceiplafarigola\/wp-content\/uploads\/usu2166\/2025\/10\/EQUIP-COMUNITAT-GRANS-768x432.png 768w, https:\/\/agora.xtec.cat\/ceiplafarigola\/wp-content\/uploads\/usu2166\/2025\/10\/EQUIP-COMUNITAT-GRANS-1536x864.png 1536w, https:\/\/agora.xtec.cat\/ceiplafarigola\/wp-content\/uploads\/usu2166\/2025\/10\/EQUIP-COMUNITAT-GRANS.png 1920w\" sizes=\"auto, (max-width: 450px) 100vw, 450px\" \/><\/a><\/p>\n<h4><strong>Religi\u00f3:\u00a0<\/strong><\/h4>\n<p>Marta E<\/p>\n<h5>PAS<\/h5>\n<p><strong>Administrativa:<\/strong>\u00a0 Maria Teruel<\/p>\n<p><strong>Conserge:<\/strong> \u00d3scar Rodr\u00edguez<\/p>\n<div><\/div>\n","protected":false},"excerpt":{"rendered":"<p>PERSONAL DOCENT DEL CENTRE CURS 2025\/2026 &nbsp; Consell Directiu Directora: Yolanda Pons Cap d&#8217;estudis: Carme Castells Secretari: Marcel Alsina Coord. Grup de petits: M\u00f2nica Coord. Grup de mitjans: Anna V. Coord. Grup de grans: Bernat &nbsp; Educaci\u00f3 Infantil I3: M\u00f2nica I4: Berta I5: Marina (TEI) Lourdes Suport EI\u00a0\u00a0 Teresa Educaci\u00f3 Prim\u00e0ria Grup de mitjans\u00a0 1r:\u00a0Anna [&hellip;]<\/p>\n","protected":false},"author":1,"featured_media":0,"parent":66,"menu_order":40,"comment_status":"closed","ping_status":"closed","template":"page-templates\/side-menu.php","meta":{"_bbp_topic_count":0,"_bbp_reply_count":0,"_bbp_total_topic_count":0,"_bbp_total_reply_count":0,"_bbp_voice_count":0,"_bbp_anonymous_reply_count":0,"_bbp_topic_count_hidden":0,"_bbp_reply_count_hidden":0,"_bbp_forum_subforum_count":0,"site-sidebar-layout":"default","site-content-layout":"","ast-site-content-layout":"","site-content-style":"default","site-sidebar-style":"default","ast-global-header-display":"","ast-banner-title-visibility":"","ast-main-header-display":"","ast-hfb-above-header-display":"","ast-hfb-below-header-display":"","ast-hfb-mobile-header-display":"","site-post-title":"","ast-breadcrumbs-content":"","ast-featured-img":"","footer-sml-layout":"","theme-transparent-header-meta":"","adv-header-id-meta":"","stick-header-meta":"","header-above-stick-meta":"","header-main-stick-meta":"","header-below-stick-meta":"","astra-migrate-meta-layouts":"default","ast-page-background-enabled":"default","ast-page-background-meta":{"desktop":{"background-color":"var(--ast-global-color-4)","background-image":"","background-repeat":"repeat","background-position":"center center","background-size":"auto","background-attachment":"scroll","background-type":"","background-media":"","overlay-type":"","overlay-color":"","overlay-opacity":"","overlay-gradient":""},"tablet":{"background-color":"","background-image":"","background-repeat":"repeat","background-position":"center center","background-size":"auto","background-attachment":"scroll","background-type":"","background-media":"","overlay-type":"","overlay-color":"","overlay-opacity":"","overlay-gradient":""},"mobile":{"background-color":"","background-image":"","background-repeat":"repeat","background-position":"center center","background-size":"auto","background-attachment":"scroll","background-type":"","background-media":"","overlay-type":"","overlay-color":"","overlay-opacity":"","overlay-gradient":""}},"ast-content-background-meta":{"desktop":{"background-color":"var(--ast-global-color-5)","background-image":"","background-repeat":"repeat","background-position":"center center","background-size":"auto","background-attachment":"scroll","background-type":"","background-media":"","overlay-type":"","overlay-color":"","overlay-opacity":"","overlay-gradient":""},"tablet":{"background-color":"var(--ast-global-color-5)","background-image":"","background-repeat":"repeat","background-position":"center center","background-size":"auto","background-attachment":"scroll","background-type":"","background-media":"","overlay-type":"","overlay-color":"","overlay-opacity":"","overlay-gradient":""},"mobile":{"background-color":"var(--ast-global-color-5)","background-image":"","background-repeat":"repeat","background-position":"center center","background-size":"auto","background-attachment":"scroll","background-type":"","background-media":"","overlay-type":"","overlay-color":"","overlay-opacity":"","overlay-gradient":""}},"footnotes":""},"class_list":["post-80","page","type-page","status-publish","hentry"],"post_mailing_queue_ids":[],"_links":{"self":[{"href":"https:\/\/agora.xtec.cat\/ceiplafarigola\/wp-json\/wp\/v2\/pages\/80","targetHints":{"allow":["GET"]}}],"collection":[{"href":"https:\/\/agora.xtec.cat\/ceiplafarigola\/wp-json\/wp\/v2\/pages"}],"about":[{"href":"https:\/\/agora.xtec.cat\/ceiplafarigola\/wp-json\/wp\/v2\/types\/page"}],"author":[{"embeddable":true,"href":"https:\/\/agora.xtec.cat\/ceiplafarigola\/wp-json\/wp\/v2\/users\/1"}],"replies":[{"embeddable":true,"href":"https:\/\/agora.xtec.cat\/ceiplafarigola\/wp-json\/wp\/v2\/comments?post=80"}],"version-history":[{"count":7,"href":"https:\/\/agora.xtec.cat\/ceiplafarigola\/wp-json\/wp\/v2\/pages\/80\/revisions"}],"predecessor-version":[{"id":7853,"href":"https:\/\/agora.xtec.cat\/ceiplafarigola\/wp-json\/wp\/v2\/pages\/80\/revisions\/7853"}],"up":[{"embeddable":true,"href":"https:\/\/agora.xtec.cat\/ceiplafarigola\/wp-json\/wp\/v2\/pages\/66"}],"wp:attachment":[{"href":"https:\/\/agora.xtec.cat\/ceiplafarigola\/wp-json\/wp\/v2\/media?parent=80"}],"curies":[{"name":"wp","href":"https:\/\/api.w.org\/{rel}","templated":true}]}}