{"id":792,"date":"2020-05-08T07:49:54","date_gmt":"2020-05-08T05:49:54","guid":{"rendered":"https:\/\/agora.xtec.cat\/ceiplafarigola\/?page_id=792"},"modified":"2020-05-27T07:54:48","modified_gmt":"2020-05-27T05:54:48","slug":"instal-lacions","status":"publish","type":"page","link":"https:\/\/agora.xtec.cat\/ceiplafarigola\/instal-lacions\/","title":{"rendered":"Instal.lacions"},"content":{"rendered":"<p>L&#8217;edifici de la nostra escola va ser ampliat l&#8217;any 1977<\/p>\n<p>Est\u00e0 formada per tres plantes. En una quarta planta trobariem una terrassa<\/p>\n<p>La distribuci\u00f3 \u00e9s la seg\u00fcent:<\/p>\n<p><strong>Planta baixa: <\/strong> Entrada a consergeria, 3 aules d&#8217;educaci\u00f3 infantil, menjador, 1 lavabo, sala de material i el pati del grup de petits.<\/p>\n<p><strong>Primera planta: <\/strong> Despatx de secretaria, aula hist\u00f2rica, 1 auleta, aula de m\u00fasica, biblioteca,  terrasses, espai de lectura, aules de 1r, 2n i 3r, aula polivalent i aula d&#8217;educaci\u00f3 especial.<\/p>\n<p><strong>Segona planta: <\/strong> Despatx de Direcci\u00f3 i Cap d&#8217;estudis, despatx AFA, Sala de mestres, 1 cuina ptita i 1 lavabo. Aules de 4t a 6\u00e8, aula polivalent, tutoria i 1 lavabo.<\/p>\n<p><strong>Tercera planta: <\/strong> Una terrassa gran on hi ha l&#8217;hort de l&#8217;escola, Terrassa que fa de pati del grup de mitjans i grans, aula de psicomotricitat.<\/p>\n<p>Des de l&#8217;any 1995 l&#8217;escola compta amb un espai d&#8217;esbarjo i esport davant mateix de l&#8217;edifici principal.<\/p>\n","protected":false},"excerpt":{"rendered":"<p>L&#8217;edifici de la nostra escola va ser ampliat l&#8217;any 1977 Est\u00e0 formada per tres plantes. En una quarta planta trobariem una terrassa La distribuci\u00f3 \u00e9s la seg\u00fcent: Planta baixa: Entrada a consergeria, 3 aules d&#8217;educaci\u00f3 infantil, menjador, 1 lavabo, sala de material i el pati del grup de petits. Primera planta: Despatx de secretaria, aula [&hellip;]<\/p>\n","protected":false},"author":4,"featured_media":0,"parent":0,"menu_order":0,"comment_status":"closed","ping_status":"closed","template":"","meta":{"_bbp_topic_count":0,"_bbp_reply_count":0,"_bbp_total_topic_count":0,"_bbp_total_reply_count":0,"_bbp_voice_count":0,"_bbp_anonymous_reply_count":0,"_bbp_topic_count_hidden":0,"_bbp_reply_count_hidden":0,"_bbp_forum_subforum_count":0,"site-sidebar-layout":"default","site-content-layout":"","ast-site-content-layout":"","site-content-style":"default","site-sidebar-style":"default","ast-global-header-display":"","ast-banner-title-visibility":"","ast-main-header-display":"","ast-hfb-above-header-display":"","ast-hfb-below-header-display":"","ast-hfb-mobile-header-display":"","site-post-title":"","ast-breadcrumbs-content":"","ast-featured-img":"","footer-sml-layout":"","theme-transparent-header-meta":"","adv-header-id-meta":"","stick-header-meta":"","header-above-stick-meta":"","header-main-stick-meta":"","header-below-stick-meta":"","astra-migrate-meta-layouts":"default","ast-page-background-enabled":"default","ast-page-background-meta":{"desktop":{"background-color":"var(--ast-global-color-4)","background-image":"","background-repeat":"repeat","background-position":"center center","background-size":"auto","background-attachment":"scroll","background-type":"","background-media":"","overlay-type":"","overlay-color":"","overlay-opacity":"","overlay-gradient":""},"tablet":{"background-color":"","background-image":"","background-repeat":"repeat","background-position":"center center","background-size":"auto","background-attachment":"scroll","background-type":"","background-media":"","overlay-type":"","overlay-color":"","overlay-opacity":"","overlay-gradient":""},"mobile":{"background-color":"","background-image":"","background-repeat":"repeat","background-position":"center center","background-size":"auto","background-attachment":"scroll","background-type":"","background-media":"","overlay-type":"","overlay-color":"","overlay-opacity":"","overlay-gradient":""}},"ast-content-background-meta":{"desktop":{"background-color":"var(--ast-global-color-5)","background-image":"","background-repeat":"repeat","background-position":"center center","background-size":"auto","background-attachment":"scroll","background-type":"","background-media":"","overlay-type":"","overlay-color":"","overlay-opacity":"","overlay-gradient":""},"tablet":{"background-color":"var(--ast-global-color-5)","background-image":"","background-repeat":"repeat","background-position":"center center","background-size":"auto","background-attachment":"scroll","background-type":"","background-media":"","overlay-type":"","overlay-color":"","overlay-opacity":"","overlay-gradient":""},"mobile":{"background-color":"var(--ast-global-color-5)","background-image":"","background-repeat":"repeat","background-position":"center center","background-size":"auto","background-attachment":"scroll","background-type":"","background-media":"","overlay-type":"","overlay-color":"","overlay-opacity":"","overlay-gradient":""}},"footnotes":""},"class_list":["post-792","page","type-page","status-publish","hentry"],"post_mailing_queue_ids":[],"_links":{"self":[{"href":"https:\/\/agora.xtec.cat\/ceiplafarigola\/wp-json\/wp\/v2\/pages\/792","targetHints":{"allow":["GET"]}}],"collection":[{"href":"https:\/\/agora.xtec.cat\/ceiplafarigola\/wp-json\/wp\/v2\/pages"}],"about":[{"href":"https:\/\/agora.xtec.cat\/ceiplafarigola\/wp-json\/wp\/v2\/types\/page"}],"author":[{"embeddable":true,"href":"https:\/\/agora.xtec.cat\/ceiplafarigola\/wp-json\/wp\/v2\/users\/4"}],"replies":[{"embeddable":true,"href":"https:\/\/agora.xtec.cat\/ceiplafarigola\/wp-json\/wp\/v2\/comments?post=792"}],"version-history":[{"count":3,"href":"https:\/\/agora.xtec.cat\/ceiplafarigola\/wp-json\/wp\/v2\/pages\/792\/revisions"}],"predecessor-version":[{"id":1012,"href":"https:\/\/agora.xtec.cat\/ceiplafarigola\/wp-json\/wp\/v2\/pages\/792\/revisions\/1012"}],"wp:attachment":[{"href":"https:\/\/agora.xtec.cat\/ceiplafarigola\/wp-json\/wp\/v2\/media?parent=792"}],"curies":[{"name":"wp","href":"https:\/\/api.w.org\/{rel}","templated":true}]}}