{"id":7706,"date":"2025-09-08T16:16:27","date_gmt":"2025-09-08T14:16:27","guid":{"rendered":"https:\/\/agora.xtec.cat\/ceiplafarigola\/?page_id=7706"},"modified":"2025-09-08T16:17:57","modified_gmt":"2025-09-08T14:17:57","slug":"fotos-curs-2025-2026","status":"publish","type":"page","link":"https:\/\/agora.xtec.cat\/ceiplafarigola\/fotos-curs-2025-2026\/","title":{"rendered":"FOTOS CURS 2025-2026"},"content":{"rendered":"<header class=\"entry-header\">\n<h1 class=\"entry-title\">FOTOS CURS 2025\/2026<\/h1>\n<\/header>\n<div class=\"entry-content\">\n<p>INFANTIL<\/p>\n<p><a href=\"https:\/\/agora.xtec.cat\/ceiplafarigola\/fotos-i3-25-26\/\">I3\u00a0<\/a><\/p>\n<p><a href=\"https:\/\/agora.xtec.cat\/ceiplafarigola\/?page_id=7710&amp;preview=true\">I4<\/a><\/p>\n<p><a href=\"https:\/\/agora.xtec.cat\/ceiplafarigola\/?page_id=7712&amp;preview=true\">I5<\/a><\/p>\n<p>PRIM\u00c0RIA<\/p>\n<p><a href=\"https:\/\/agora.xtec.cat\/ceiplafarigola\/fotos-1r-25-26\/\">1r<\/a><\/p>\n<p><a href=\"https:\/\/agora.xtec.cat\/ceiplafarigola\/fotos-2n-25-26\/\">2n<\/a><\/p>\n<p><a href=\"https:\/\/agora.xtec.cat\/ceiplafarigola\/fotos-3r-25-26\/\">3r<\/a><\/p>\n<p><a href=\"https:\/\/agora.xtec.cat\/ceiplafarigola\/fotos-4t-25-26\/\">4t<\/a><\/p>\n<p><a href=\"https:\/\/agora.xtec.cat\/ceiplafarigola\/fotos-5e-25-26\/\">5\u00e8<\/a><\/p>\n<p><a href=\"https:\/\/agora.xtec.cat\/ceiplafarigola\/fotos-6e-2\/\">6\u00e8<\/a><\/p>\n<\/div>\n","protected":false},"excerpt":{"rendered":"<p>FOTOS CURS 2025\/2026 INFANTIL I3\u00a0 I4 I5 PRIM\u00c0RIA 1r 2n 3r 4t 5\u00e8 6\u00e8<\/p>\n","protected":false},"author":4,"featured_media":0,"parent":0,"menu_order":0,"comment_status":"closed","ping_status":"closed","template":"","meta":{"_bbp_topic_count":0,"_bbp_reply_count":0,"_bbp_total_topic_count":0,"_bbp_total_reply_count":0,"_bbp_voice_count":0,"_bbp_anonymous_reply_count":0,"_bbp_topic_count_hidden":0,"_bbp_reply_count_hidden":0,"_bbp_forum_subforum_count":0,"site-sidebar-layout":"default","site-content-layout":"","ast-site-content-layout":"","site-content-style":"default","site-sidebar-style":"default","ast-global-header-display":"","ast-banner-title-visibility":"","ast-main-header-display":"","ast-hfb-above-header-display":"","ast-hfb-below-header-display":"","ast-hfb-mobile-header-display":"","site-post-title":"","ast-breadcrumbs-content":"","ast-featured-img":"","footer-sml-layout":"","theme-transparent-header-meta":"","adv-header-id-meta":"","stick-header-meta":"","header-above-stick-meta":"","header-main-stick-meta":"","header-below-stick-meta":"","astra-migrate-meta-layouts":"default","ast-page-background-enabled":"default","ast-page-background-meta":{"desktop":{"background-color":"var(--ast-global-color-4)","background-image":"","background-repeat":"repeat","background-position":"center center","background-size":"auto","background-attachment":"scroll","background-type":"","background-media":"","overlay-type":"","overlay-color":"","overlay-opacity":"","overlay-gradient":""},"tablet":{"background-color":"","background-image":"","background-repeat":"repeat","background-position":"center center","background-size":"auto","background-attachment":"scroll","background-type":"","background-media":"","overlay-type":"","overlay-color":"","overlay-opacity":"","overlay-gradient":""},"mobile":{"background-color":"","background-image":"","background-repeat":"repeat","background-position":"center center","background-size":"auto","background-attachment":"scroll","background-type":"","background-media":"","overlay-type":"","overlay-color":"","overlay-opacity":"","overlay-gradient":""}},"ast-content-background-meta":{"desktop":{"background-color":"var(--ast-global-color-5)","background-image":"","background-repeat":"repeat","background-position":"center center","background-size":"auto","background-attachment":"scroll","background-type":"","background-media":"","overlay-type":"","overlay-color":"","overlay-opacity":"","overlay-gradient":""},"tablet":{"background-color":"var(--ast-global-color-5)","background-image":"","background-repeat":"repeat","background-position":"center center","background-size":"auto","background-attachment":"scroll","background-type":"","background-media":"","overlay-type":"","overlay-color":"","overlay-opacity":"","overlay-gradient":""},"mobile":{"background-color":"var(--ast-global-color-5)","background-image":"","background-repeat":"repeat","background-position":"center center","background-size":"auto","background-attachment":"scroll","background-type":"","background-media":"","overlay-type":"","overlay-color":"","overlay-opacity":"","overlay-gradient":""}},"footnotes":""},"class_list":["post-7706","page","type-page","status-publish","hentry"],"post_mailing_queue_ids":[],"_links":{"self":[{"href":"https:\/\/agora.xtec.cat\/ceiplafarigola\/wp-json\/wp\/v2\/pages\/7706","targetHints":{"allow":["GET"]}}],"collection":[{"href":"https:\/\/agora.xtec.cat\/ceiplafarigola\/wp-json\/wp\/v2\/pages"}],"about":[{"href":"https:\/\/agora.xtec.cat\/ceiplafarigola\/wp-json\/wp\/v2\/types\/page"}],"author":[{"embeddable":true,"href":"https:\/\/agora.xtec.cat\/ceiplafarigola\/wp-json\/wp\/v2\/users\/4"}],"replies":[{"embeddable":true,"href":"https:\/\/agora.xtec.cat\/ceiplafarigola\/wp-json\/wp\/v2\/comments?post=7706"}],"version-history":[{"count":1,"href":"https:\/\/agora.xtec.cat\/ceiplafarigola\/wp-json\/wp\/v2\/pages\/7706\/revisions"}],"predecessor-version":[{"id":7726,"href":"https:\/\/agora.xtec.cat\/ceiplafarigola\/wp-json\/wp\/v2\/pages\/7706\/revisions\/7726"}],"wp:attachment":[{"href":"https:\/\/agora.xtec.cat\/ceiplafarigola\/wp-json\/wp\/v2\/media?parent=7706"}],"curies":[{"name":"wp","href":"https:\/\/api.w.org\/{rel}","templated":true}]}}