{"id":689,"date":"2020-04-26T10:03:36","date_gmt":"2020-04-26T08:03:36","guid":{"rendered":"https:\/\/agora.xtec.cat\/ceiplafarigola\/?page_id=689"},"modified":"2025-07-23T10:29:55","modified_gmt":"2025-07-23T08:29:55","slug":"documents-descarregables","status":"publish","type":"page","link":"https:\/\/agora.xtec.cat\/ceiplafarigola\/documents-descarregables\/","title":{"rendered":"Documents descarregables"},"content":{"rendered":"<p>Cliqueu damunt dels documents per descarregar<\/p>\n<p><a href=\"https:\/\/agora.xtec.cat\/ceiplafarigola\/wp-content\/uploads\/usu2166\/2025\/07\/Autoritzacio-TORNA-SOL-A-CASA-curs-25-26.docx.pdf\">Autoritzaci\u00f3 TORNA SOL A CASA curs 25-26<\/a><\/p>\n<p><a href=\"https:\/\/agora.xtec.cat\/ceiplafarigola\/wp-content\/uploads\/usu2166\/2025\/07\/Autoritzacio-RECOLLIDA-ALUMNAT-curs-25-26.docx.pdf\">Autoritzaci\u00f3 RECOLLIDA ALUMNAT curs 25-26<\/a><\/p>\n<p><a href=\"https:\/\/agora.xtec.cat\/ceiplafarigola\/wp-content\/uploads\/usu2166\/2025\/07\/Autoritzacio-SORTIDES-curs-25-26.docx.pdf\">Autoritzaci\u00f3 SORTIDES curs 25-26<\/a><\/p>\n<p><a href=\"https:\/\/agora.xtec.cat\/ceiplafarigola\/wp-content\/uploads\/usu2166\/2025\/07\/INTOLERANCIES-I-AL\u00b7LERGIES.docx.pdf\">INTOLER\u00c0NCIES I AL\u00b7L\u00c8RGIES<\/a><\/p>\n<p><a href=\"https:\/\/agora.xtec.cat\/ceiplafarigola\/wp-content\/uploads\/usu2166\/2025\/07\/Autoritzacio-PARACETAMOL-Curs-25-26.docx.pdf\">Autoritzaci\u00f3 PARACETAMOL Curs 25-26<\/a><\/p>\n<p><a href=\"https:\/\/agora.xtec.cat\/ceiplafarigola\/wp-content\/uploads\/usu2166\/2025\/07\/Autoritzacio-medicaments-La-farigola.pdf\">Autoritzaci\u00f3 medicaments<\/a><\/p>\n<p><a href=\"https:\/\/agora.xtec.cat\/ceiplafarigola\/wp-content\/uploads\/usu2166\/2020\/07\/AUTORITZACI\u00d3-DRETS-DIMATGE-FARIGOLA.pdf\">AUTORITZACI\u00d3 DRETS D&#8217;IMATGE <\/a><\/p>\n<p><a href=\"https:\/\/agora.xtec.cat\/ceiplafarigola\/wp-content\/uploads\/usu2166\/2022\/02\/Drets-imatge-personal-de-centre.pdf\">Drets imatge personal de centre<\/a><\/p>\n<p>&nbsp;<\/p>\n<p>&nbsp;<\/p>\n<p>&nbsp;<\/p>\n","protected":false},"excerpt":{"rendered":"<p>Cliqueu damunt dels documents per descarregar Autoritzaci\u00f3 TORNA SOL A CASA curs 25-26 Autoritzaci\u00f3 RECOLLIDA ALUMNAT curs 25-26 Autoritzaci\u00f3 SORTIDES curs 25-26 INTOLER\u00c0NCIES I AL\u00b7L\u00c8RGIES Autoritzaci\u00f3 PARACETAMOL Curs 25-26 Autoritzaci\u00f3 medicaments AUTORITZACI\u00d3 DRETS D&#8217;IMATGE Drets imatge personal de centre &nbsp; &nbsp; &nbsp;<\/p>\n","protected":false},"author":4,"featured_media":0,"parent":0,"menu_order":0,"comment_status":"closed","ping_status":"closed","template":"","meta":{"_bbp_topic_count":0,"_bbp_reply_count":0,"_bbp_total_topic_count":0,"_bbp_total_reply_count":0,"_bbp_voice_count":0,"_bbp_anonymous_reply_count":0,"_bbp_topic_count_hidden":0,"_bbp_reply_count_hidden":0,"_bbp_forum_subforum_count":0,"site-sidebar-layout":"default","site-content-layout":"","ast-site-content-layout":"","site-content-style":"default","site-sidebar-style":"default","ast-global-header-display":"","ast-banner-title-visibility":"","ast-main-header-display":"","ast-hfb-above-header-display":"","ast-hfb-below-header-display":"","ast-hfb-mobile-header-display":"","site-post-title":"","ast-breadcrumbs-content":"","ast-featured-img":"","footer-sml-layout":"","theme-transparent-header-meta":"","adv-header-id-meta":"","stick-header-meta":"","header-above-stick-meta":"","header-main-stick-meta":"","header-below-stick-meta":"","astra-migrate-meta-layouts":"default","ast-page-background-enabled":"default","ast-page-background-meta":{"desktop":{"background-color":"var(--ast-global-color-4)","background-image":"","background-repeat":"repeat","background-position":"center center","background-size":"auto","background-attachment":"scroll","background-type":"","background-media":"","overlay-type":"","overlay-color":"","overlay-opacity":"","overlay-gradient":""},"tablet":{"background-color":"","background-image":"","background-repeat":"repeat","background-position":"center center","background-size":"auto","background-attachment":"scroll","background-type":"","background-media":"","overlay-type":"","overlay-color":"","overlay-opacity":"","overlay-gradient":""},"mobile":{"background-color":"","background-image":"","background-repeat":"repeat","background-position":"center center","background-size":"auto","background-attachment":"scroll","background-type":"","background-media":"","overlay-type":"","overlay-color":"","overlay-opacity":"","overlay-gradient":""}},"ast-content-background-meta":{"desktop":{"background-color":"var(--ast-global-color-5)","background-image":"","background-repeat":"repeat","background-position":"center center","background-size":"auto","background-attachment":"scroll","background-type":"","background-media":"","overlay-type":"","overlay-color":"","overlay-opacity":"","overlay-gradient":""},"tablet":{"background-color":"var(--ast-global-color-5)","background-image":"","background-repeat":"repeat","background-position":"center center","background-size":"auto","background-attachment":"scroll","background-type":"","background-media":"","overlay-type":"","overlay-color":"","overlay-opacity":"","overlay-gradient":""},"mobile":{"background-color":"var(--ast-global-color-5)","background-image":"","background-repeat":"repeat","background-position":"center center","background-size":"auto","background-attachment":"scroll","background-type":"","background-media":"","overlay-type":"","overlay-color":"","overlay-opacity":"","overlay-gradient":""}},"footnotes":""},"class_list":["post-689","page","type-page","status-publish","hentry"],"post_mailing_queue_ids":[],"_links":{"self":[{"href":"https:\/\/agora.xtec.cat\/ceiplafarigola\/wp-json\/wp\/v2\/pages\/689","targetHints":{"allow":["GET"]}}],"collection":[{"href":"https:\/\/agora.xtec.cat\/ceiplafarigola\/wp-json\/wp\/v2\/pages"}],"about":[{"href":"https:\/\/agora.xtec.cat\/ceiplafarigola\/wp-json\/wp\/v2\/types\/page"}],"author":[{"embeddable":true,"href":"https:\/\/agora.xtec.cat\/ceiplafarigola\/wp-json\/wp\/v2\/users\/4"}],"replies":[{"embeddable":true,"href":"https:\/\/agora.xtec.cat\/ceiplafarigola\/wp-json\/wp\/v2\/comments?post=689"}],"version-history":[{"count":6,"href":"https:\/\/agora.xtec.cat\/ceiplafarigola\/wp-json\/wp\/v2\/pages\/689\/revisions"}],"predecessor-version":[{"id":7690,"href":"https:\/\/agora.xtec.cat\/ceiplafarigola\/wp-json\/wp\/v2\/pages\/689\/revisions\/7690"}],"wp:attachment":[{"href":"https:\/\/agora.xtec.cat\/ceiplafarigola\/wp-json\/wp\/v2\/media?parent=689"}],"curies":[{"name":"wp","href":"https:\/\/api.w.org\/{rel}","templated":true}]}}