{"id":5483,"date":"2023-09-29T14:29:32","date_gmt":"2023-09-29T12:29:32","guid":{"rendered":"https:\/\/agora.xtec.cat\/ceiplafarigola\/?page_id=5483"},"modified":"2024-02-29T09:36:11","modified_gmt":"2024-02-29T08:36:11","slug":"etwinners-travel-tribe","status":"publish","type":"page","link":"https:\/\/agora.xtec.cat\/ceiplafarigola\/etwinning\/etwinners-travel-tribe\/","title":{"rendered":"Etwinners Travel Tribe"},"content":{"rendered":"<p>MEET THE TEACHERS<\/p>\n<div style=\"width: 100%;\">\n<div style=\"position: relative; padding-bottom: 56.25%; padding-top: 0; height: 0;\"><iframe loading=\"lazy\" style=\"position: absolute; top: 0; left: 0; width: 100%; height: 100%;\" title=\"MEET THE PARTNERS\" src=\"https:\/\/view.genial.ly\/64f4267a6027fe00188f053b\" width=\"1200px\" height=\"675px\" frameborder=\"0\" scrolling=\"yes\" allowfullscreen=\"allowfullscreen\"><\/iframe><\/div>\n<\/div>\n<p>&nbsp;<\/p>\n<p><strong>OUR PASSPORT FOR THIS FANTASTIC TRAVEL<\/strong><\/p>\n<p><img loading=\"lazy\" decoding=\"async\" class=\"aligncenter size-medium wp-image-5488\" src=\"https:\/\/agora.xtec.cat\/ceiplafarigola\/wp-content\/uploads\/usu2166\/2023\/09\/Screenshot_2-300x214.png\" alt=\"\" width=\"300\" height=\"214\" srcset=\"https:\/\/agora.xtec.cat\/ceiplafarigola\/wp-content\/uploads\/usu2166\/2023\/09\/Screenshot_2-300x214.png 300w, https:\/\/agora.xtec.cat\/ceiplafarigola\/wp-content\/uploads\/usu2166\/2023\/09\/Screenshot_2-768x548.png 768w, https:\/\/agora.xtec.cat\/ceiplafarigola\/wp-content\/uploads\/usu2166\/2023\/09\/Screenshot_2.png 917w\" sizes=\"auto, (max-width: 300px) 100vw, 300px\" \/><\/p>\n<p>LOGO CONTEST<\/p>\n<p>&nbsp;<\/p>\n<div id='gallery-1' class='gallery galleryid-5483 gallery-columns-2 gallery-size-medium'><figure class='gallery-item'>\n\t\t\t<div class='gallery-icon landscape'>\n\t\t\t\t<a href='https:\/\/agora.xtec.cat\/ceiplafarigola\/etwinning\/etwinners-travel-tribe\/attachment\/whatsapp-image-2023-12-04-at-14-41-39-1\/'><img loading=\"lazy\" decoding=\"async\" width=\"300\" height=\"169\" src=\"https:\/\/agora.xtec.cat\/ceiplafarigola\/wp-content\/uploads\/usu2166\/2023\/12\/WhatsApp-Image-2023-12-04-at-14.41.39-1-300x169.jpeg\" class=\"attachment-medium size-medium\" alt=\"\" aria-describedby=\"gallery-1-5978\" srcset=\"https:\/\/agora.xtec.cat\/ceiplafarigola\/wp-content\/uploads\/usu2166\/2023\/12\/WhatsApp-Image-2023-12-04-at-14.41.39-1-300x169.jpeg 300w, https:\/\/agora.xtec.cat\/ceiplafarigola\/wp-content\/uploads\/usu2166\/2023\/12\/WhatsApp-Image-2023-12-04-at-14.41.39-1-1024x576.jpeg 1024w, https:\/\/agora.xtec.cat\/ceiplafarigola\/wp-content\/uploads\/usu2166\/2023\/12\/WhatsApp-Image-2023-12-04-at-14.41.39-1-768x432.jpeg 768w, https:\/\/agora.xtec.cat\/ceiplafarigola\/wp-content\/uploads\/usu2166\/2023\/12\/WhatsApp-Image-2023-12-04-at-14.41.39-1-1536x864.jpeg 1536w, https:\/\/agora.xtec.cat\/ceiplafarigola\/wp-content\/uploads\/usu2166\/2023\/12\/WhatsApp-Image-2023-12-04-at-14.41.39-1.jpeg 2048w\" sizes=\"auto, (max-width: 300px) 100vw, 300px\" \/><\/a>\n\t\t\t<\/div>\n\t\t\t\t<figcaption class='wp-caption-text gallery-caption' id='gallery-1-5978'>\n\t\t\t\tVOTING RESULT\n\t\t\t\t<\/figcaption><\/figure><figure class='gallery-item'>\n\t\t\t<div class='gallery-icon landscape'>\n\t\t\t\t<a href='https:\/\/agora.xtec.cat\/ceiplafarigola\/etwinning\/etwinners-travel-tribe\/attachment\/winner-ett\/'><img loading=\"lazy\" decoding=\"async\" width=\"300\" height=\"296\" src=\"https:\/\/agora.xtec.cat\/ceiplafarigola\/wp-content\/uploads\/usu2166\/2023\/12\/winner-ett-300x296.png\" class=\"attachment-medium size-medium\" alt=\"\" aria-describedby=\"gallery-1-5979\" srcset=\"https:\/\/agora.xtec.cat\/ceiplafarigola\/wp-content\/uploads\/usu2166\/2023\/12\/winner-ett-300x296.png 300w, https:\/\/agora.xtec.cat\/ceiplafarigola\/wp-content\/uploads\/usu2166\/2023\/12\/winner-ett-768x757.png 768w, https:\/\/agora.xtec.cat\/ceiplafarigola\/wp-content\/uploads\/usu2166\/2023\/12\/winner-ett.png 792w\" sizes=\"auto, (max-width: 300px) 100vw, 300px\" \/><\/a>\n\t\t\t<\/div>\n\t\t\t\t<figcaption class='wp-caption-text gallery-caption' id='gallery-1-5979'>\n\t\t\t\tWINNER LOGO\n\t\t\t\t<\/figcaption><\/figure>\n\t\t<\/div>\n\n<p>CHRISTMAS COLLABORATIVE EBOOK<\/p>\n<p>&nbsp;<\/p>\n<div style=\"display: inline-block; vertical-align: top; width: 300px; margin: 20px auto; color: #333; background: #fff; border: 1px solid #ddd; line-height: 1.2; text-decoration: none; padding: 0;\">\n<p><a style=\"display: block; color: #333; line-height: 1.2; text-decoration: none; padding: 0; font-weight: normal;\" href=\"https:\/\/read.bookcreator.com\/vuUAAQy5b9ZEGzzr3HT54ebHCW42\/BVq-3NOcTDafa0IbWYuRrA\" target=\"_blank\" rel=\"noopener noreferrer\"><img decoding=\"async\" style=\"max-height: 300px; max-width: 100%; display: block; margin: 0 auto; padding: 0; border: none;\" src=\"https:\/\/assets.api.bookcreator.com\/vuUAAQy5b9ZEGzzr3HT54ebHCW42\/books\/BVq-3NOcTDafa0IbWYuRrA\/cover\/share\" alt=\"Etwinners Christmas traditions\" \/><\/a><\/p>\n<div style=\"display: block; padding: 20px; overflow: hidden; overflow-x: hidden; border-top: 1px solid #ddd;\">\n<div style=\"display: block; color: #333; line-height: 1.2; text-decoration: none; padding: 0; font-weight: normal; font-size: 21px; margin: 0 0 0.25em;\"><a style=\"display: block; color: #333; line-height: 1.2; text-decoration: none; padding: 0; font-weight: normal;\" href=\"https:\/\/read.bookcreator.com\/vuUAAQy5b9ZEGzzr3HT54ebHCW42\/BVq-3NOcTDafa0IbWYuRrA\" target=\"_blank\" rel=\"noopener noreferrer\">Etwinners Christmas traditions<\/a><\/div>\n<div style=\"display: block; color: #333; line-height: 1.2; text-decoration: none; padding: 0; font-weight: normal; font-size: 16px; margin: 0 0 0.5em;\"><a style=\"display: block; color: #333; line-height: 1.2; text-decoration: none; padding: 0; font-weight: normal;\" href=\"https:\/\/read.bookcreator.com\/vuUAAQy5b9ZEGzzr3HT54ebHCW42\/BVq-3NOcTDafa0IbWYuRrA\" target=\"_blank\" rel=\"noopener noreferrer\">Click to read this book, made with Book Creator<\/a><\/div>\n<\/div>\n<\/div>\n<div><\/div>\n<div><strong>TRAVEL AGENCY WORKSHOP<\/strong><\/div>\n<div><\/div>\n<div>Per grups hem escollit una ciutat d&#8217;uns dels pa\u00efsos amb es que realitzem el projecte: It\u00e0lia, Alemanya i Dinamarca. He creat un SITE on anem afegint p\u00e0gines i dissenyem una petita guia tur\u00edstica per als visitants de les ciutats ( els nostres companys i companyes del projecte)<\/div>\n<div><\/div>\n<p>Si ens sorgeix algun dubte, preguntem als nostres companys i companyes a trav\u00e9s del padlet &#8221; I NEED HELP&#8221;<\/p>\n<div>\n<div id='gallery-2' class='gallery galleryid-5483 gallery-columns-3 gallery-size-medium'><figure class='gallery-item'>\n\t\t\t<div class='gallery-icon landscape'>\n\t\t\t\t<a href='https:\/\/agora.xtec.cat\/ceiplafarigola\/etwinning\/etwinners-travel-tribe\/attachment\/gf03dplxoaa_v5i-2\/'><img loading=\"lazy\" decoding=\"async\" width=\"300\" height=\"225\" src=\"https:\/\/agora.xtec.cat\/ceiplafarigola\/wp-content\/uploads\/usu2166\/2024\/02\/GF03dpLXoAA_V5i-1-300x225.jpg\" class=\"attachment-medium size-medium\" alt=\"\" srcset=\"https:\/\/agora.xtec.cat\/ceiplafarigola\/wp-content\/uploads\/usu2166\/2024\/02\/GF03dpLXoAA_V5i-1-300x225.jpg 300w, https:\/\/agora.xtec.cat\/ceiplafarigola\/wp-content\/uploads\/usu2166\/2024\/02\/GF03dpLXoAA_V5i-1-1024x768.jpg 1024w, https:\/\/agora.xtec.cat\/ceiplafarigola\/wp-content\/uploads\/usu2166\/2024\/02\/GF03dpLXoAA_V5i-1-768x576.jpg 768w, https:\/\/agora.xtec.cat\/ceiplafarigola\/wp-content\/uploads\/usu2166\/2024\/02\/GF03dpLXoAA_V5i-1-1536x1152.jpg 1536w, https:\/\/agora.xtec.cat\/ceiplafarigola\/wp-content\/uploads\/usu2166\/2024\/02\/GF03dpLXoAA_V5i-1-200x150.jpg 200w, https:\/\/agora.xtec.cat\/ceiplafarigola\/wp-content\/uploads\/usu2166\/2024\/02\/GF03dpLXoAA_V5i-1.jpg 2048w\" sizes=\"auto, (max-width: 300px) 100vw, 300px\" \/><\/a>\n\t\t\t<\/div><\/figure><figure class='gallery-item'>\n\t\t\t<div class='gallery-icon landscape'>\n\t\t\t\t<a href='https:\/\/agora.xtec.cat\/ceiplafarigola\/etwinning\/etwinners-travel-tribe\/attachment\/gf03dokxaaa5ldc-2\/'><img loading=\"lazy\" decoding=\"async\" width=\"300\" height=\"225\" src=\"https:\/\/agora.xtec.cat\/ceiplafarigola\/wp-content\/uploads\/usu2166\/2024\/02\/GF03doKXAAA5LDC-1-300x225.jpg\" class=\"attachment-medium size-medium\" alt=\"\" srcset=\"https:\/\/agora.xtec.cat\/ceiplafarigola\/wp-content\/uploads\/usu2166\/2024\/02\/GF03doKXAAA5LDC-1-300x225.jpg 300w, https:\/\/agora.xtec.cat\/ceiplafarigola\/wp-content\/uploads\/usu2166\/2024\/02\/GF03doKXAAA5LDC-1-1024x768.jpg 1024w, https:\/\/agora.xtec.cat\/ceiplafarigola\/wp-content\/uploads\/usu2166\/2024\/02\/GF03doKXAAA5LDC-1-768x576.jpg 768w, https:\/\/agora.xtec.cat\/ceiplafarigola\/wp-content\/uploads\/usu2166\/2024\/02\/GF03doKXAAA5LDC-1-1536x1152.jpg 1536w, https:\/\/agora.xtec.cat\/ceiplafarigola\/wp-content\/uploads\/usu2166\/2024\/02\/GF03doKXAAA5LDC-1-200x150.jpg 200w, https:\/\/agora.xtec.cat\/ceiplafarigola\/wp-content\/uploads\/usu2166\/2024\/02\/GF03doKXAAA5LDC-1.jpg 2048w\" sizes=\"auto, (max-width: 300px) 100vw, 300px\" \/><\/a>\n\t\t\t<\/div><\/figure><figure class='gallery-item'>\n\t\t\t<div class='gallery-icon landscape'>\n\t\t\t\t<a href='https:\/\/agora.xtec.cat\/ceiplafarigola\/etwinning\/etwinners-travel-tribe\/attachment\/gf03dprxmaabc4b-2\/'><img loading=\"lazy\" decoding=\"async\" width=\"300\" height=\"169\" src=\"https:\/\/agora.xtec.cat\/ceiplafarigola\/wp-content\/uploads\/usu2166\/2024\/02\/GF03dprXMAAbC4B-1-300x169.jpg\" class=\"attachment-medium size-medium\" alt=\"\" srcset=\"https:\/\/agora.xtec.cat\/ceiplafarigola\/wp-content\/uploads\/usu2166\/2024\/02\/GF03dprXMAAbC4B-1-300x169.jpg 300w, https:\/\/agora.xtec.cat\/ceiplafarigola\/wp-content\/uploads\/usu2166\/2024\/02\/GF03dprXMAAbC4B-1-1024x576.jpg 1024w, https:\/\/agora.xtec.cat\/ceiplafarigola\/wp-content\/uploads\/usu2166\/2024\/02\/GF03dprXMAAbC4B-1-768x432.jpg 768w, https:\/\/agora.xtec.cat\/ceiplafarigola\/wp-content\/uploads\/usu2166\/2024\/02\/GF03dprXMAAbC4B-1-1536x864.jpg 1536w, https:\/\/agora.xtec.cat\/ceiplafarigola\/wp-content\/uploads\/usu2166\/2024\/02\/GF03dprXMAAbC4B-1.jpg 1600w\" sizes=\"auto, (max-width: 300px) 100vw, 300px\" \/><\/a>\n\t\t\t<\/div><\/figure>\n\t\t<\/div>\n\n<p>&nbsp;<\/p>\n<\/div>\n<div><\/div>\n<div><\/div>\n","protected":false},"excerpt":{"rendered":"<p>MEET THE TEACHERS &nbsp; OUR PASSPORT FOR THIS FANTASTIC TRAVEL LOGO CONTEST &nbsp; CHRISTMAS COLLABORATIVE EBOOK &nbsp; Etwinners Christmas traditions Click to read this book, made with Book Creator TRAVEL AGENCY WORKSHOP Per grups hem escollit una ciutat d&#8217;uns dels pa\u00efsos amb es que realitzem el projecte: It\u00e0lia, Alemanya i Dinamarca. He creat un SITE [&hellip;]<\/p>\n","protected":false},"author":4,"featured_media":0,"parent":1156,"menu_order":0,"comment_status":"closed","ping_status":"closed","template":"","meta":{"_bbp_topic_count":0,"_bbp_reply_count":0,"_bbp_total_topic_count":0,"_bbp_total_reply_count":0,"_bbp_voice_count":0,"_bbp_anonymous_reply_count":0,"_bbp_topic_count_hidden":0,"_bbp_reply_count_hidden":0,"_bbp_forum_subforum_count":0,"site-sidebar-layout":"default","site-content-layout":"","ast-site-content-layout":"","site-content-style":"default","site-sidebar-style":"default","ast-global-header-display":"","ast-banner-title-visibility":"","ast-main-header-display":"","ast-hfb-above-header-display":"","ast-hfb-below-header-display":"","ast-hfb-mobile-header-display":"","site-post-title":"","ast-breadcrumbs-content":"","ast-featured-img":"","footer-sml-layout":"","theme-transparent-header-meta":"","adv-header-id-meta":"","stick-header-meta":"","header-above-stick-meta":"","header-main-stick-meta":"","header-below-stick-meta":"","astra-migrate-meta-layouts":"default","ast-page-background-enabled":"default","ast-page-background-meta":{"desktop":{"background-color":"var(--ast-global-color-4)","background-image":"","background-repeat":"repeat","background-position":"center center","background-size":"auto","background-attachment":"scroll","background-type":"","background-media":"","overlay-type":"","overlay-color":"","overlay-opacity":"","overlay-gradient":""},"tablet":{"background-color":"","background-image":"","background-repeat":"repeat","background-position":"center center","background-size":"auto","background-attachment":"scroll","background-type":"","background-media":"","overlay-type":"","overlay-color":"","overlay-opacity":"","overlay-gradient":""},"mobile":{"background-color":"","background-image":"","background-repeat":"repeat","background-position":"center center","background-size":"auto","background-attachment":"scroll","background-type":"","background-media":"","overlay-type":"","overlay-color":"","overlay-opacity":"","overlay-gradient":""}},"ast-content-background-meta":{"desktop":{"background-color":"var(--ast-global-color-5)","background-image":"","background-repeat":"repeat","background-position":"center center","background-size":"auto","background-attachment":"scroll","background-type":"","background-media":"","overlay-type":"","overlay-color":"","overlay-opacity":"","overlay-gradient":""},"tablet":{"background-color":"var(--ast-global-color-5)","background-image":"","background-repeat":"repeat","background-position":"center center","background-size":"auto","background-attachment":"scroll","background-type":"","background-media":"","overlay-type":"","overlay-color":"","overlay-opacity":"","overlay-gradient":""},"mobile":{"background-color":"var(--ast-global-color-5)","background-image":"","background-repeat":"repeat","background-position":"center center","background-size":"auto","background-attachment":"scroll","background-type":"","background-media":"","overlay-type":"","overlay-color":"","overlay-opacity":"","overlay-gradient":""}},"footnotes":""},"class_list":["post-5483","page","type-page","status-publish","hentry"],"post_mailing_queue_ids":[],"_links":{"self":[{"href":"https:\/\/agora.xtec.cat\/ceiplafarigola\/wp-json\/wp\/v2\/pages\/5483","targetHints":{"allow":["GET"]}}],"collection":[{"href":"https:\/\/agora.xtec.cat\/ceiplafarigola\/wp-json\/wp\/v2\/pages"}],"about":[{"href":"https:\/\/agora.xtec.cat\/ceiplafarigola\/wp-json\/wp\/v2\/types\/page"}],"author":[{"embeddable":true,"href":"https:\/\/agora.xtec.cat\/ceiplafarigola\/wp-json\/wp\/v2\/users\/4"}],"replies":[{"embeddable":true,"href":"https:\/\/agora.xtec.cat\/ceiplafarigola\/wp-json\/wp\/v2\/comments?post=5483"}],"version-history":[{"count":6,"href":"https:\/\/agora.xtec.cat\/ceiplafarigola\/wp-json\/wp\/v2\/pages\/5483\/revisions"}],"predecessor-version":[{"id":6254,"href":"https:\/\/agora.xtec.cat\/ceiplafarigola\/wp-json\/wp\/v2\/pages\/5483\/revisions\/6254"}],"up":[{"embeddable":true,"href":"https:\/\/agora.xtec.cat\/ceiplafarigola\/wp-json\/wp\/v2\/pages\/1156"}],"wp:attachment":[{"href":"https:\/\/agora.xtec.cat\/ceiplafarigola\/wp-json\/wp\/v2\/media?parent=5483"}],"curies":[{"name":"wp","href":"https:\/\/api.w.org\/{rel}","templated":true}]}}