{"id":4133,"date":"2022-11-03T11:13:28","date_gmt":"2022-11-03T10:13:28","guid":{"rendered":"https:\/\/agora.xtec.cat\/ceiplafarigola\/?page_id=4133"},"modified":"2026-02-23T13:45:26","modified_gmt":"2026-02-23T12:45:26","slug":"escoles-mes-sostenibles","status":"publish","type":"page","link":"https:\/\/agora.xtec.cat\/ceiplafarigola\/escoles-mes-sostenibles\/","title":{"rendered":"Aula mediambiental i Escoles m\u00e9s sostenibles"},"content":{"rendered":"<p data-start=\"0\" data-end=\"200\">L\u2019escola t\u00e9 com a objectiu <strong data-start=\"27\" data-end=\"118\">conscienciar i sensibilitzar l\u2019alumnat sobre la import\u00e0ncia de la cura del medi ambient<\/strong>, promovent actituds responsables i compromeses que afavoreixin la sostenibilitat.<\/p>\n<p data-start=\"202\" data-end=\"599\">Treballem els <strong data-start=\"216\" data-end=\"265\">Objectius de Desenvolupament Sostenible (ODS)<\/strong> a trav\u00e9s de projectes d\u2019aula i experi\u00e8ncies vivencials, tant al centre com a l\u2019<strong data-start=\"345\" data-end=\"383\">aula mediambiental del Bosc Turull<\/strong>. Tamb\u00e9 fomentem el contacte directe amb la natura mitjan\u00e7ant el <strong data-start=\"448\" data-end=\"478\">cultiu dels horts escolars<\/strong> i l\u2019<strong data-start=\"483\" data-end=\"531\">enjardinament de diferents espais del centre<\/strong>, potenciant l\u2019aprenentatge pr\u00e0ctic i el respecte pel nostre entorn.<\/p>\n<p data-start=\"601\" data-end=\"838\" data-is-last-node=\"\" data-is-only-node=\"\">Creiem que l\u2019educaci\u00f3 per a la sostenibilitat \u00e9s una responsabilitat compartida i, per aix\u00f2, <strong data-start=\"694\" data-end=\"760\">impulsem la participaci\u00f3 activa de tota la comunitat educativa<\/strong> per avan\u00e7ar plegats cap a un futur m\u00e9s sostenible per als nostres infants.<\/p>\n<p data-start=\"601\" data-end=\"838\" data-is-last-node=\"\" data-is-only-node=\"\">\u00a0<\/p>\n\n\n<figure class=\"wp-block-video\"><\/figure>\n\n\n\n<h2 class=\"wp-block-heading\">Un dia al Bosc Turull ( v\u00eddeo)<\/h2>\n\n\n\n<figure class=\"wp-block-image size-large\"><a href=\"https:\/\/www.canva.com\/design\/DAGdgegYhW4\/pYKDJU_P7-2bLCm4TwCSww\/view?embed\"><img loading=\"lazy\" decoding=\"async\" width=\"1024\" height=\"566\" src=\"https:\/\/agora.xtec.cat\/ceiplafarigola\/wp-content\/uploads\/usu2166\/2026\/02\/Captura-de-pantalla-2026-02-23-133214-1024x566.png\" alt=\"\" class=\"wp-image-8387\" srcset=\"https:\/\/agora.xtec.cat\/ceiplafarigola\/wp-content\/uploads\/usu2166\/2026\/02\/Captura-de-pantalla-2026-02-23-133214-1024x566.png 1024w, https:\/\/agora.xtec.cat\/ceiplafarigola\/wp-content\/uploads\/usu2166\/2026\/02\/Captura-de-pantalla-2026-02-23-133214-300x166.png 300w, https:\/\/agora.xtec.cat\/ceiplafarigola\/wp-content\/uploads\/usu2166\/2026\/02\/Captura-de-pantalla-2026-02-23-133214-768x424.png 768w, https:\/\/agora.xtec.cat\/ceiplafarigola\/wp-content\/uploads\/usu2166\/2026\/02\/Captura-de-pantalla-2026-02-23-133214-1536x849.png 1536w, https:\/\/agora.xtec.cat\/ceiplafarigola\/wp-content\/uploads\/usu2166\/2026\/02\/Captura-de-pantalla-2026-02-23-133214.png 1547w\" sizes=\"auto, (max-width: 1024px) 100vw, 1024px\" \/><\/a><\/figure>\n\n\n\n<div class=\"wp-block-getwid-images-slider has-arrows-inside has-dots-inside has-images-center has-fitted-images\"><div class=\"wp-block-getwid-images-slider__wrapper\" data-effect=\"slide\" data-slides-show=\"1\" data-slides-show-laptop=\"1\" data-slides-show-tablet=\"1\" data-slides-show-mobile=\"1\" data-slides-scroll=\"1\" data-autoplay=\"false\" data-pause-hover=\"false\" data-autoplay-speed=\"6000\" data-infinite=\"true\" data-animation-speed=\"800\" data-center-mode=\"false\" data-variable-width=\"false\" data-arrows=\"inside\" data-dots=\"inside\" data-spacing=\"none\"><div class=\"wp-block-getwid-images-slider__item\"><figure><img loading=\"lazy\" decoding=\"async\" width=\"430\" height=\"527\" src=\"https:\/\/agora.xtec.cat\/ceiplafarigola\/wp-content\/uploads\/usu2166\/2026\/02\/Screenshot_12.png\" alt=\"\" data-id=\"8269\" data-link=\"https:\/\/agora.xtec.cat\/ceiplafarigola\/escoles-mes-sostenibles\/attachment\/screenshot_12-3\/\" data-original-link=\"https:\/\/agora.xtec.cat\/ceiplafarigola\/wp-content\/uploads\/usu2166\/2026\/02\/Screenshot_12.png\" class=\"wp-block-getwid-images-slider__image wp-image-8269\" srcset=\"https:\/\/agora.xtec.cat\/ceiplafarigola\/wp-content\/uploads\/usu2166\/2026\/02\/Screenshot_12.png 430w, https:\/\/agora.xtec.cat\/ceiplafarigola\/wp-content\/uploads\/usu2166\/2026\/02\/Screenshot_12-245x300.png 245w\" sizes=\"auto, (max-width: 430px) 100vw, 430px\" \/><\/figure><\/div><div class=\"wp-block-getwid-images-slider__item\"><figure><img loading=\"lazy\" decoding=\"async\" width=\"511\" height=\"506\" src=\"https:\/\/agora.xtec.cat\/ceiplafarigola\/wp-content\/uploads\/usu2166\/2026\/02\/Screenshot_14.png\" alt=\"\" data-id=\"8270\" data-link=\"https:\/\/agora.xtec.cat\/ceiplafarigola\/escoles-mes-sostenibles\/attachment\/screenshot_14-3\/\" data-original-link=\"https:\/\/agora.xtec.cat\/ceiplafarigola\/wp-content\/uploads\/usu2166\/2026\/02\/Screenshot_14.png\" class=\"wp-block-getwid-images-slider__image wp-image-8270\" srcset=\"https:\/\/agora.xtec.cat\/ceiplafarigola\/wp-content\/uploads\/usu2166\/2026\/02\/Screenshot_14.png 511w, https:\/\/agora.xtec.cat\/ceiplafarigola\/wp-content\/uploads\/usu2166\/2026\/02\/Screenshot_14-300x297.png 300w, https:\/\/agora.xtec.cat\/ceiplafarigola\/wp-content\/uploads\/usu2166\/2026\/02\/Screenshot_14-150x150.png 150w\" sizes=\"auto, (max-width: 511px) 100vw, 511px\" \/><\/figure><\/div><div class=\"wp-block-getwid-images-slider__item\"><figure><img loading=\"lazy\" decoding=\"async\" width=\"575\" height=\"576\" src=\"https:\/\/agora.xtec.cat\/ceiplafarigola\/wp-content\/uploads\/usu2166\/2026\/02\/Screenshot_17.png\" alt=\"\" data-id=\"8271\" data-link=\"https:\/\/agora.xtec.cat\/ceiplafarigola\/escoles-mes-sostenibles\/attachment\/screenshot_17-2\/\" data-original-link=\"https:\/\/agora.xtec.cat\/ceiplafarigola\/wp-content\/uploads\/usu2166\/2026\/02\/Screenshot_17.png\" class=\"wp-block-getwid-images-slider__image wp-image-8271\" srcset=\"https:\/\/agora.xtec.cat\/ceiplafarigola\/wp-content\/uploads\/usu2166\/2026\/02\/Screenshot_17.png 575w, https:\/\/agora.xtec.cat\/ceiplafarigola\/wp-content\/uploads\/usu2166\/2026\/02\/Screenshot_17-300x300.png 300w, https:\/\/agora.xtec.cat\/ceiplafarigola\/wp-content\/uploads\/usu2166\/2026\/02\/Screenshot_17-150x150.png 150w\" sizes=\"auto, (max-width: 575px) 100vw, 575px\" \/><\/figure><\/div><div class=\"wp-block-getwid-images-slider__item\"><figure><img loading=\"lazy\" decoding=\"async\" width=\"496\" height=\"564\" src=\"https:\/\/agora.xtec.cat\/ceiplafarigola\/wp-content\/uploads\/usu2166\/2026\/02\/Screenshot_15.png\" alt=\"\" data-id=\"8272\" data-link=\"https:\/\/agora.xtec.cat\/ceiplafarigola\/escoles-mes-sostenibles\/attachment\/screenshot_15-2\/\" data-original-link=\"https:\/\/agora.xtec.cat\/ceiplafarigola\/wp-content\/uploads\/usu2166\/2026\/02\/Screenshot_15.png\" class=\"wp-block-getwid-images-slider__image wp-image-8272\" srcset=\"https:\/\/agora.xtec.cat\/ceiplafarigola\/wp-content\/uploads\/usu2166\/2026\/02\/Screenshot_15.png 496w, https:\/\/agora.xtec.cat\/ceiplafarigola\/wp-content\/uploads\/usu2166\/2026\/02\/Screenshot_15-264x300.png 264w\" sizes=\"auto, (max-width: 496px) 100vw, 496px\" \/><\/figure><\/div><div class=\"wp-block-getwid-images-slider__item\"><figure><img loading=\"lazy\" decoding=\"async\" width=\"514\" height=\"554\" src=\"https:\/\/agora.xtec.cat\/ceiplafarigola\/wp-content\/uploads\/usu2166\/2026\/02\/Screenshot_16.png\" alt=\"\" data-id=\"8273\" data-link=\"https:\/\/agora.xtec.cat\/ceiplafarigola\/escoles-mes-sostenibles\/attachment\/screenshot_16-2\/\" data-original-link=\"https:\/\/agora.xtec.cat\/ceiplafarigola\/wp-content\/uploads\/usu2166\/2026\/02\/Screenshot_16.png\" class=\"wp-block-getwid-images-slider__image wp-image-8273\" srcset=\"https:\/\/agora.xtec.cat\/ceiplafarigola\/wp-content\/uploads\/usu2166\/2026\/02\/Screenshot_16.png 514w, https:\/\/agora.xtec.cat\/ceiplafarigola\/wp-content\/uploads\/usu2166\/2026\/02\/Screenshot_16-278x300.png 278w\" sizes=\"auto, (max-width: 514px) 100vw, 514px\" \/><\/figure><\/div><div class=\"wp-block-getwid-images-slider__item\"><figure><img loading=\"lazy\" decoding=\"async\" width=\"549\" height=\"554\" src=\"https:\/\/agora.xtec.cat\/ceiplafarigola\/wp-content\/uploads\/usu2166\/2026\/02\/Screenshot_13.png\" alt=\"\" data-id=\"8274\" data-link=\"https:\/\/agora.xtec.cat\/ceiplafarigola\/escoles-mes-sostenibles\/attachment\/screenshot_13-3\/\" data-original-link=\"https:\/\/agora.xtec.cat\/ceiplafarigola\/wp-content\/uploads\/usu2166\/2026\/02\/Screenshot_13.png\" class=\"wp-block-getwid-images-slider__image wp-image-8274\" srcset=\"https:\/\/agora.xtec.cat\/ceiplafarigola\/wp-content\/uploads\/usu2166\/2026\/02\/Screenshot_13.png 549w, https:\/\/agora.xtec.cat\/ceiplafarigola\/wp-content\/uploads\/usu2166\/2026\/02\/Screenshot_13-297x300.png 297w, https:\/\/agora.xtec.cat\/ceiplafarigola\/wp-content\/uploads\/usu2166\/2026\/02\/Screenshot_13-150x150.png 150w\" sizes=\"auto, (max-width: 549px) 100vw, 549px\" \/><\/figure><\/div><div class=\"wp-block-getwid-images-slider__item\"><figure><img loading=\"lazy\" decoding=\"async\" width=\"540\" height=\"439\" src=\"https:\/\/agora.xtec.cat\/ceiplafarigola\/wp-content\/uploads\/usu2166\/2026\/02\/Screenshot_18.png\" alt=\"\" data-id=\"8275\" data-link=\"https:\/\/agora.xtec.cat\/ceiplafarigola\/escoles-mes-sostenibles\/attachment\/screenshot_18-2\/\" data-original-link=\"https:\/\/agora.xtec.cat\/ceiplafarigola\/wp-content\/uploads\/usu2166\/2026\/02\/Screenshot_18.png\" class=\"wp-block-getwid-images-slider__image wp-image-8275\" srcset=\"https:\/\/agora.xtec.cat\/ceiplafarigola\/wp-content\/uploads\/usu2166\/2026\/02\/Screenshot_18.png 540w, https:\/\/agora.xtec.cat\/ceiplafarigola\/wp-content\/uploads\/usu2166\/2026\/02\/Screenshot_18-300x244.png 300w\" sizes=\"auto, (max-width: 540px) 100vw, 540px\" \/><\/figure><\/div><div class=\"wp-block-getwid-images-slider__item\"><figure><img loading=\"lazy\" decoding=\"async\" width=\"1156\" height=\"633\" src=\"https:\/\/agora.xtec.cat\/ceiplafarigola\/wp-content\/uploads\/usu2166\/2026\/02\/5-1.png\" alt=\"\" data-id=\"8267\" data-link=\"https:\/\/agora.xtec.cat\/ceiplafarigola\/escoles-mes-sostenibles\/attachment\/5-1\/\" data-original-link=\"https:\/\/agora.xtec.cat\/ceiplafarigola\/wp-content\/uploads\/usu2166\/2026\/02\/5-1.png\" class=\"wp-block-getwid-images-slider__image wp-image-8267\" srcset=\"https:\/\/agora.xtec.cat\/ceiplafarigola\/wp-content\/uploads\/usu2166\/2026\/02\/5-1.png 1156w, https:\/\/agora.xtec.cat\/ceiplafarigola\/wp-content\/uploads\/usu2166\/2026\/02\/5-1-300x164.png 300w, https:\/\/agora.xtec.cat\/ceiplafarigola\/wp-content\/uploads\/usu2166\/2026\/02\/5-1-1024x561.png 1024w, https:\/\/agora.xtec.cat\/ceiplafarigola\/wp-content\/uploads\/usu2166\/2026\/02\/5-1-768x421.png 768w\" sizes=\"auto, (max-width: 1156px) 100vw, 1156px\" \/><\/figure><\/div><div class=\"wp-block-getwid-images-slider__item\"><figure><img loading=\"lazy\" decoding=\"async\" width=\"680\" height=\"481\" src=\"https:\/\/agora.xtec.cat\/ceiplafarigola\/wp-content\/uploads\/usu2166\/2026\/02\/Fi4PMNXWQAEAS4c.jpeg\" alt=\"\" data-id=\"8263\" data-link=\"https:\/\/agora.xtec.cat\/ceiplafarigola\/escoles-mes-sostenibles\/attachment\/fi4pmnxwqaeas4c\/\" data-original-link=\"https:\/\/agora.xtec.cat\/ceiplafarigola\/wp-content\/uploads\/usu2166\/2026\/02\/Fi4PMNXWQAEAS4c.jpeg\" class=\"wp-block-getwid-images-slider__image wp-image-8263\" srcset=\"https:\/\/agora.xtec.cat\/ceiplafarigola\/wp-content\/uploads\/usu2166\/2026\/02\/Fi4PMNXWQAEAS4c.jpeg 680w, https:\/\/agora.xtec.cat\/ceiplafarigola\/wp-content\/uploads\/usu2166\/2026\/02\/Fi4PMNXWQAEAS4c-300x212.jpeg 300w\" sizes=\"auto, (max-width: 680px) 100vw, 680px\" \/><\/figure><\/div><div class=\"wp-block-getwid-images-slider__item\"><figure><img loading=\"lazy\" decoding=\"async\" width=\"1200\" height=\"1600\" src=\"https:\/\/agora.xtec.cat\/ceiplafarigola\/wp-content\/uploads\/usu2166\/2026\/02\/WhatsApp-Image-2024-01-25-at-12.58.43-2-1.jpg\" alt=\"\" data-id=\"8264\" data-link=\"https:\/\/agora.xtec.cat\/ceiplafarigola\/escoles-mes-sostenibles\/attachment\/whatsapp-image-2024-01-25-at-12-58-43-2-1\/\" data-original-link=\"https:\/\/agora.xtec.cat\/ceiplafarigola\/wp-content\/uploads\/usu2166\/2026\/02\/WhatsApp-Image-2024-01-25-at-12.58.43-2-1.jpg\" class=\"wp-block-getwid-images-slider__image wp-image-8264\" srcset=\"https:\/\/agora.xtec.cat\/ceiplafarigola\/wp-content\/uploads\/usu2166\/2026\/02\/WhatsApp-Image-2024-01-25-at-12.58.43-2-1.jpg 1200w, https:\/\/agora.xtec.cat\/ceiplafarigola\/wp-content\/uploads\/usu2166\/2026\/02\/WhatsApp-Image-2024-01-25-at-12.58.43-2-1-225x300.jpg 225w, https:\/\/agora.xtec.cat\/ceiplafarigola\/wp-content\/uploads\/usu2166\/2026\/02\/WhatsApp-Image-2024-01-25-at-12.58.43-2-1-768x1024.jpg 768w, https:\/\/agora.xtec.cat\/ceiplafarigola\/wp-content\/uploads\/usu2166\/2026\/02\/WhatsApp-Image-2024-01-25-at-12.58.43-2-1-1152x1536.jpg 1152w\" sizes=\"auto, (max-width: 1200px) 100vw, 1200px\" \/><\/figure><\/div><div class=\"wp-block-getwid-images-slider__item\"><figure><img loading=\"lazy\" decoding=\"async\" width=\"475\" height=\"474\" src=\"https:\/\/agora.xtec.cat\/ceiplafarigola\/wp-content\/uploads\/usu2166\/2026\/02\/Screenshot_8-1.png\" alt=\"\" data-id=\"8265\" data-link=\"https:\/\/agora.xtec.cat\/ceiplafarigola\/escoles-mes-sostenibles\/attachment\/screenshot_8-5\/\" data-original-link=\"https:\/\/agora.xtec.cat\/ceiplafarigola\/wp-content\/uploads\/usu2166\/2026\/02\/Screenshot_8-1.png\" class=\"wp-block-getwid-images-slider__image wp-image-8265\" srcset=\"https:\/\/agora.xtec.cat\/ceiplafarigola\/wp-content\/uploads\/usu2166\/2026\/02\/Screenshot_8-1.png 475w, https:\/\/agora.xtec.cat\/ceiplafarigola\/wp-content\/uploads\/usu2166\/2026\/02\/Screenshot_8-1-300x300.png 300w, https:\/\/agora.xtec.cat\/ceiplafarigola\/wp-content\/uploads\/usu2166\/2026\/02\/Screenshot_8-1-150x150.png 150w\" sizes=\"auto, (max-width: 475px) 100vw, 475px\" \/><\/figure><\/div><\/div><\/div>\n","protected":false},"excerpt":{"rendered":"<p>L\u2019escola t\u00e9 com a objectiu conscienciar i sensibilitzar l\u2019alumnat sobre la import\u00e0ncia de la cura del medi ambient, promovent actituds responsables i compromeses que afavoreixin la sostenibilitat. Treballem els Objectius de Desenvolupament Sostenible (ODS) a trav\u00e9s de projectes d\u2019aula i experi\u00e8ncies vivencials, tant al centre com a l\u2019aula mediambiental del Bosc Turull. Tamb\u00e9 fomentem el [&hellip;]<\/p>\n","protected":false},"author":4,"featured_media":0,"parent":0,"menu_order":0,"comment_status":"closed","ping_status":"closed","template":"","meta":{"_bbp_topic_count":0,"_bbp_reply_count":0,"_bbp_total_topic_count":0,"_bbp_total_reply_count":0,"_bbp_voice_count":0,"_bbp_anonymous_reply_count":0,"_bbp_topic_count_hidden":0,"_bbp_reply_count_hidden":0,"_bbp_forum_subforum_count":0,"site-sidebar-layout":"default","site-content-layout":"","ast-site-content-layout":"default","site-content-style":"default","site-sidebar-style":"default","ast-global-header-display":"","ast-banner-title-visibility":"","ast-main-header-display":"","ast-hfb-above-header-display":"","ast-hfb-below-header-display":"","ast-hfb-mobile-header-display":"","site-post-title":"","ast-breadcrumbs-content":"","ast-featured-img":"","footer-sml-layout":"","theme-transparent-header-meta":"","adv-header-id-meta":"","stick-header-meta":"","header-above-stick-meta":"","header-main-stick-meta":"","header-below-stick-meta":"","astra-migrate-meta-layouts":"set","ast-page-background-enabled":"default","ast-page-background-meta":{"desktop":{"background-color":"var(--ast-global-color-4)","background-image":"","background-repeat":"repeat","background-position":"center center","background-size":"auto","background-attachment":"scroll","background-type":"","background-media":"","overlay-type":"","overlay-color":"","overlay-opacity":"","overlay-gradient":""},"tablet":{"background-color":"","background-image":"","background-repeat":"repeat","background-position":"center center","background-size":"auto","background-attachment":"scroll","background-type":"","background-media":"","overlay-type":"","overlay-color":"","overlay-opacity":"","overlay-gradient":""},"mobile":{"background-color":"","background-image":"","background-repeat":"repeat","background-position":"center center","background-size":"auto","background-attachment":"scroll","background-type":"","background-media":"","overlay-type":"","overlay-color":"","overlay-opacity":"","overlay-gradient":""}},"ast-content-background-meta":{"desktop":{"background-color":"var(--ast-global-color-5)","background-image":"","background-repeat":"repeat","background-position":"center center","background-size":"auto","background-attachment":"scroll","background-type":"","background-media":"","overlay-type":"","overlay-color":"","overlay-opacity":"","overlay-gradient":""},"tablet":{"background-color":"var(--ast-global-color-5)","background-image":"","background-repeat":"repeat","background-position":"center center","background-size":"auto","background-attachment":"scroll","background-type":"","background-media":"","overlay-type":"","overlay-color":"","overlay-opacity":"","overlay-gradient":""},"mobile":{"background-color":"var(--ast-global-color-5)","background-image":"","background-repeat":"repeat","background-position":"center center","background-size":"auto","background-attachment":"scroll","background-type":"","background-media":"","overlay-type":"","overlay-color":"","overlay-opacity":"","overlay-gradient":""}},"footnotes":""},"class_list":["post-4133","page","type-page","status-publish","hentry"],"post_mailing_queue_ids":[],"_links":{"self":[{"href":"https:\/\/agora.xtec.cat\/ceiplafarigola\/wp-json\/wp\/v2\/pages\/4133","targetHints":{"allow":["GET"]}}],"collection":[{"href":"https:\/\/agora.xtec.cat\/ceiplafarigola\/wp-json\/wp\/v2\/pages"}],"about":[{"href":"https:\/\/agora.xtec.cat\/ceiplafarigola\/wp-json\/wp\/v2\/types\/page"}],"author":[{"embeddable":true,"href":"https:\/\/agora.xtec.cat\/ceiplafarigola\/wp-json\/wp\/v2\/users\/4"}],"replies":[{"embeddable":true,"href":"https:\/\/agora.xtec.cat\/ceiplafarigola\/wp-json\/wp\/v2\/comments?post=4133"}],"version-history":[{"count":6,"href":"https:\/\/agora.xtec.cat\/ceiplafarigola\/wp-json\/wp\/v2\/pages\/4133\/revisions"}],"predecessor-version":[{"id":8392,"href":"https:\/\/agora.xtec.cat\/ceiplafarigola\/wp-json\/wp\/v2\/pages\/4133\/revisions\/8392"}],"wp:attachment":[{"href":"https:\/\/agora.xtec.cat\/ceiplafarigola\/wp-json\/wp\/v2\/media?parent=4133"}],"curies":[{"name":"wp","href":"https:\/\/api.w.org\/{rel}","templated":true}]}}