{"id":36,"date":"2014-09-18T12:33:11","date_gmt":"2014-09-18T11:33:11","guid":{"rendered":"http:\/\/agora.xtec.cat\/ceiplafarigola\/?page_id=36"},"modified":"2026-02-23T13:25:18","modified_gmt":"2026-02-23T12:25:18","slug":"material-escolar","status":"publish","type":"page","link":"https:\/\/agora.xtec.cat\/ceiplafarigola\/lescola\/material-escolar\/","title":{"rendered":"Material escolar"},"content":{"rendered":"<p><a href=\"https:\/\/agora.xtec.cat\/ceiplafarigola\/wp-content\/uploads\/usu2166\/2020\/05\/Screenshot_20200508-144224_Samsung-Internet.jpg\"><img loading=\"lazy\" decoding=\"async\" class=\"wp-image-831 size-thumbnail alignright\" src=\"https:\/\/agora.xtec.cat\/ceiplafarigola\/wp-content\/uploads\/usu2166\/2020\/05\/Screenshot_20200508-144224_Samsung-Internet-150x150.jpg\" alt=\"\" width=\"150\" height=\"150\" \/><\/a><\/p>\n<p>El material que utilitza el nostre alumnat \u00e9s socialitzat i d&#8217;\u00fas com\u00fa.<\/p>\n<p>Considerem que compartir el material ajuda els nostres infants a respectar el que \u00e9s de tots\/es, a cuidar-lo i a fer un bon \u00fas dels estris de l&#8217;aula.<\/p>\n<p>Tamb\u00e9 ens ajuda a fomentar la igualtat d&#8217;oportunitats entre l&#8217;alumnat.<\/p>\n<p>Per fer-ho possible hem establert unes quotes anuals que ens permetran fer front a les despeses que es generin en aquest concepte, per a cada nivell.<\/p>\n<p>GRUP DE PETITS: Es paga una quota anual de material de 85 euros.<\/p>\n<p>GRUP DE MITJANS: Es paga una quota anual de material de 75 euros.<\/p>\n<p>GRUP DE GRANS: Es paga una quota anual de material de 75 euros.<\/p>\n<p>*aquestes quotes es poden modificar en funci\u00f3 de les necessitats de l&#8217;escola, pr\u00e8viament informat.<\/p>\n<h4>Llibre llengua anglesa<\/h4>\n<p>A\u00a0 partir de 3r, l&#8217;alumnat far\u00e0 \u00fas d&#8217;un llibre d&#8217;activitats per treballar la llengua anglesa.<\/p>\n<p><strong>KIDS CAN <\/strong>de l&#8217;editorial MACMILLAN.<\/p>\n<p>A m\u00e9s treballar\u00e0 amb un llibre d&#8217;aula, en aquest cas socialitzat, de la mateixa editorial.<\/p>\n<h4>Quadernets de llengua catalana i Matem\u00e0tiques<\/h4>\n<p>De 1r a 6\u00e8 els infants utilitzen un llibre\u00a0 per tal de treballar la part m\u00e9s sistem\u00e0tica d&#8217;aquestes dues \u00e0rees.<\/p>\n<p>Editorial SANTILLANA<\/p>\n","protected":false},"excerpt":{"rendered":"<p>El material que utilitza el nostre alumnat \u00e9s socialitzat i d&#8217;\u00fas com\u00fa. Considerem que compartir el material ajuda els nostres infants a respectar el que \u00e9s de tots\/es, a cuidar-lo i a fer un bon \u00fas dels estris de l&#8217;aula. Tamb\u00e9 ens ajuda a fomentar la igualtat d&#8217;oportunitats entre l&#8217;alumnat. Per fer-ho possible hem establert [&hellip;]<\/p>\n","protected":false},"author":1,"featured_media":0,"parent":22,"menu_order":70,"comment_status":"closed","ping_status":"closed","template":"","meta":{"_bbp_topic_count":0,"_bbp_reply_count":0,"_bbp_total_topic_count":0,"_bbp_total_reply_count":0,"_bbp_voice_count":0,"_bbp_anonymous_reply_count":0,"_bbp_topic_count_hidden":0,"_bbp_reply_count_hidden":0,"_bbp_forum_subforum_count":0,"site-sidebar-layout":"default","site-content-layout":"","ast-site-content-layout":"default","site-content-style":"default","site-sidebar-style":"default","ast-global-header-display":"","ast-banner-title-visibility":"","ast-main-header-display":"","ast-hfb-above-header-display":"","ast-hfb-below-header-display":"","ast-hfb-mobile-header-display":"","site-post-title":"","ast-breadcrumbs-content":"","ast-featured-img":"","footer-sml-layout":"","theme-transparent-header-meta":"","adv-header-id-meta":"","stick-header-meta":"","header-above-stick-meta":"","header-main-stick-meta":"","header-below-stick-meta":"","astra-migrate-meta-layouts":"set","ast-page-background-enabled":"default","ast-page-background-meta":{"desktop":{"background-color":"var(--ast-global-color-4)","background-image":"","background-repeat":"repeat","background-position":"center center","background-size":"auto","background-attachment":"scroll","background-type":"","background-media":"","overlay-type":"","overlay-color":"","overlay-opacity":"","overlay-gradient":""},"tablet":{"background-color":"","background-image":"","background-repeat":"repeat","background-position":"center center","background-size":"auto","background-attachment":"scroll","background-type":"","background-media":"","overlay-type":"","overlay-color":"","overlay-opacity":"","overlay-gradient":""},"mobile":{"background-color":"","background-image":"","background-repeat":"repeat","background-position":"center center","background-size":"auto","background-attachment":"scroll","background-type":"","background-media":"","overlay-type":"","overlay-color":"","overlay-opacity":"","overlay-gradient":""}},"ast-content-background-meta":{"desktop":{"background-color":"var(--ast-global-color-5)","background-image":"","background-repeat":"repeat","background-position":"center center","background-size":"auto","background-attachment":"scroll","background-type":"","background-media":"","overlay-type":"","overlay-color":"","overlay-opacity":"","overlay-gradient":""},"tablet":{"background-color":"var(--ast-global-color-5)","background-image":"","background-repeat":"repeat","background-position":"center center","background-size":"auto","background-attachment":"scroll","background-type":"","background-media":"","overlay-type":"","overlay-color":"","overlay-opacity":"","overlay-gradient":""},"mobile":{"background-color":"var(--ast-global-color-5)","background-image":"","background-repeat":"repeat","background-position":"center center","background-size":"auto","background-attachment":"scroll","background-type":"","background-media":"","overlay-type":"","overlay-color":"","overlay-opacity":"","overlay-gradient":""}},"footnotes":""},"class_list":["post-36","page","type-page","status-publish","hentry"],"post_mailing_queue_ids":[],"_links":{"self":[{"href":"https:\/\/agora.xtec.cat\/ceiplafarigola\/wp-json\/wp\/v2\/pages\/36","targetHints":{"allow":["GET"]}}],"collection":[{"href":"https:\/\/agora.xtec.cat\/ceiplafarigola\/wp-json\/wp\/v2\/pages"}],"about":[{"href":"https:\/\/agora.xtec.cat\/ceiplafarigola\/wp-json\/wp\/v2\/types\/page"}],"author":[{"embeddable":true,"href":"https:\/\/agora.xtec.cat\/ceiplafarigola\/wp-json\/wp\/v2\/users\/1"}],"replies":[{"embeddable":true,"href":"https:\/\/agora.xtec.cat\/ceiplafarigola\/wp-json\/wp\/v2\/comments?post=36"}],"version-history":[{"count":5,"href":"https:\/\/agora.xtec.cat\/ceiplafarigola\/wp-json\/wp\/v2\/pages\/36\/revisions"}],"predecessor-version":[{"id":8385,"href":"https:\/\/agora.xtec.cat\/ceiplafarigola\/wp-json\/wp\/v2\/pages\/36\/revisions\/8385"}],"up":[{"embeddable":true,"href":"https:\/\/agora.xtec.cat\/ceiplafarigola\/wp-json\/wp\/v2\/pages\/22"}],"wp:attachment":[{"href":"https:\/\/agora.xtec.cat\/ceiplafarigola\/wp-json\/wp\/v2\/media?parent=36"}],"curies":[{"name":"wp","href":"https:\/\/api.w.org\/{rel}","templated":true}]}}