{"id":26,"date":"2014-09-18T12:24:32","date_gmt":"2014-09-18T11:24:32","guid":{"rendered":"http:\/\/agora.xtec.cat\/ceiplafarigola\/?page_id=26"},"modified":"2020-05-08T15:00:13","modified_gmt":"2020-05-08T13:00:13","slug":"quisom","status":"publish","type":"page","link":"https:\/\/agora.xtec.cat\/ceiplafarigola\/lescola\/quisom\/","title":{"rendered":"Qui som?"},"content":{"rendered":"<p><a href=\"https:\/\/agora.xtec.cat\/ceiplafarigola\/wp-content\/uploads\/usu2166\/2020\/05\/Screenshot_20200508-145630_Samsung-Internet.jpg\"><img loading=\"lazy\" decoding=\"async\" class=\"size-medium wp-image-837 alignright\" src=\"https:\/\/agora.xtec.cat\/ceiplafarigola\/wp-content\/uploads\/usu2166\/2020\/05\/Screenshot_20200508-145630_Samsung-Internet-300x185.jpg\" alt=\"\" width=\"300\" height=\"185\" srcset=\"https:\/\/agora.xtec.cat\/ceiplafarigola\/wp-content\/uploads\/usu2166\/2020\/05\/Screenshot_20200508-145630_Samsung-Internet-300x185.jpg 300w, https:\/\/agora.xtec.cat\/ceiplafarigola\/wp-content\/uploads\/usu2166\/2020\/05\/Screenshot_20200508-145630_Samsung-Internet-768x472.jpg 768w, https:\/\/agora.xtec.cat\/ceiplafarigola\/wp-content\/uploads\/usu2166\/2020\/05\/Screenshot_20200508-145630_Samsung-Internet-1024x630.jpg 1024w, https:\/\/agora.xtec.cat\/ceiplafarigola\/wp-content\/uploads\/usu2166\/2020\/05\/Screenshot_20200508-145630_Samsung-Internet.jpg 1081w\" sizes=\"auto, (max-width: 300px) 100vw, 300px\" \/><\/a><\/p>\n<p style=\"text-align: justify;\">L\u2019escola La Farigola de Vallcarca \u00e9s una escola p\u00fablica d\u2019educaci\u00f3 infantil i prim\u00e0ria (de 3 a 12 anys), d&#8217;una sola l\u00ednia, laica i catalana.<br \/>\nEl 17 de novembre de 1918 l&#8217;Ajuntament posava la primera pedra a la riera de La Farigola, a la barriada de Vallcarca, que s&#8217;anomen\u00e0 &#8220;La Farigola&#8221; respectant el topon\u00edmic de l&#8217;indret on s&#8217;al\u00e7ava.<br \/>\nL&#8217;esmentat grup escolar La Farigola de Vallcarca venia a substituir l&#8217;antiga escola per a nenes ubicada en el que havia sigut l&#8217;hostal de La Farigola, clausurada l&#8217;any 1913 per raons d&#8217;higiene i seguretat.<br \/>\nL&#8217;any 1917 en el pla general de distribuci\u00f3 d&#8217;edificis escolars, aprovat per l&#8217;Ajuntament,\u00a0 va incloure aquest solar per edificar una escola de nova planta.<\/p>\n<p style=\"text-align: justify;\">La seva situaci\u00f3 permetia f\u00e0cil acc\u00e9s des de tots els seus indrets, per\u00f2 les dimensions del solar no n&#8217;aconsellaven la construcci\u00f3 d&#8217;un edifici prou ampli per acollir nens i nenes. Aix\u00ed, es convingu\u00e9 que fos per a p\u00e0rvuls i nenes.<\/p>\n<p style=\"text-align: justify;\">L&#8217;any 1920 quedaren enllestides les obres realitzades per l&#8217;arquitecte Josep Goday i al mes de mar\u00e7 de 1923 es va inaugurar.<br \/>\nLa primera directora va ser la Sra. Maria Bald\u00f3 de Torres, una pedagoga que ja en el seu moment van dur a terme una metodologia molt activa.<\/p>\n<p style=\"text-align: justify;\">Despr\u00e9s de l&#8217;ocupaci\u00f3 de Barcelona, el 26 de gener de 1939,\u00a0 l&#8217;escola va haver de canviar oficialment de nom. Va passar a anomenar-se &#8220;Jos\u00e9 Bertr\u00e1n G\u00fcell&#8221;. Tot va haver de funcionar seguint les lleis que arribaven des del &#8220;Ministerio de Educaci\u00f3n&#8221; de Madrid.<\/p>\n<p style=\"text-align: justify;\">Anys m\u00e9s tard l&#8217;escola\u00a0 va recuperar el seu nom,\u00a0 &#8220;La Farigola de Vallcarca&#8221;.<\/p>\n","protected":false},"excerpt":{"rendered":"<p>L\u2019escola La Farigola de Vallcarca \u00e9s una escola p\u00fablica d\u2019educaci\u00f3 infantil i prim\u00e0ria (de 3 a 12 anys), d&#8217;una sola l\u00ednia, laica i catalana. El 17 de novembre de 1918 l&#8217;Ajuntament posava la primera pedra a la riera de La Farigola, a la barriada de Vallcarca, que s&#8217;anomen\u00e0 &#8220;La Farigola&#8221; respectant el topon\u00edmic de l&#8217;indret [&hellip;]<\/p>\n","protected":false},"author":1,"featured_media":0,"parent":22,"menu_order":20,"comment_status":"closed","ping_status":"closed","template":"page-templates\/side-menu.php","meta":{"_bbp_topic_count":0,"_bbp_reply_count":0,"_bbp_total_topic_count":0,"_bbp_total_reply_count":0,"_bbp_voice_count":0,"_bbp_anonymous_reply_count":0,"_bbp_topic_count_hidden":0,"_bbp_reply_count_hidden":0,"_bbp_forum_subforum_count":0,"site-sidebar-layout":"default","site-content-layout":"","ast-site-content-layout":"","site-content-style":"default","site-sidebar-style":"default","ast-global-header-display":"","ast-banner-title-visibility":"","ast-main-header-display":"","ast-hfb-above-header-display":"","ast-hfb-below-header-display":"","ast-hfb-mobile-header-display":"","site-post-title":"","ast-breadcrumbs-content":"","ast-featured-img":"","footer-sml-layout":"","theme-transparent-header-meta":"","adv-header-id-meta":"","stick-header-meta":"","header-above-stick-meta":"","header-main-stick-meta":"","header-below-stick-meta":"","astra-migrate-meta-layouts":"default","ast-page-background-enabled":"default","ast-page-background-meta":{"desktop":{"background-color":"var(--ast-global-color-4)","background-image":"","background-repeat":"repeat","background-position":"center center","background-size":"auto","background-attachment":"scroll","background-type":"","background-media":"","overlay-type":"","overlay-color":"","overlay-opacity":"","overlay-gradient":""},"tablet":{"background-color":"","background-image":"","background-repeat":"repeat","background-position":"center center","background-size":"auto","background-attachment":"scroll","background-type":"","background-media":"","overlay-type":"","overlay-color":"","overlay-opacity":"","overlay-gradient":""},"mobile":{"background-color":"","background-image":"","background-repeat":"repeat","background-position":"center center","background-size":"auto","background-attachment":"scroll","background-type":"","background-media":"","overlay-type":"","overlay-color":"","overlay-opacity":"","overlay-gradient":""}},"ast-content-background-meta":{"desktop":{"background-color":"var(--ast-global-color-5)","background-image":"","background-repeat":"repeat","background-position":"center center","background-size":"auto","background-attachment":"scroll","background-type":"","background-media":"","overlay-type":"","overlay-color":"","overlay-opacity":"","overlay-gradient":""},"tablet":{"background-color":"var(--ast-global-color-5)","background-image":"","background-repeat":"repeat","background-position":"center center","background-size":"auto","background-attachment":"scroll","background-type":"","background-media":"","overlay-type":"","overlay-color":"","overlay-opacity":"","overlay-gradient":""},"mobile":{"background-color":"var(--ast-global-color-5)","background-image":"","background-repeat":"repeat","background-position":"center center","background-size":"auto","background-attachment":"scroll","background-type":"","background-media":"","overlay-type":"","overlay-color":"","overlay-opacity":"","overlay-gradient":""}},"footnotes":""},"class_list":["post-26","page","type-page","status-publish","hentry"],"post_mailing_queue_ids":[],"_links":{"self":[{"href":"https:\/\/agora.xtec.cat\/ceiplafarigola\/wp-json\/wp\/v2\/pages\/26","targetHints":{"allow":["GET"]}}],"collection":[{"href":"https:\/\/agora.xtec.cat\/ceiplafarigola\/wp-json\/wp\/v2\/pages"}],"about":[{"href":"https:\/\/agora.xtec.cat\/ceiplafarigola\/wp-json\/wp\/v2\/types\/page"}],"author":[{"embeddable":true,"href":"https:\/\/agora.xtec.cat\/ceiplafarigola\/wp-json\/wp\/v2\/users\/1"}],"replies":[{"embeddable":true,"href":"https:\/\/agora.xtec.cat\/ceiplafarigola\/wp-json\/wp\/v2\/comments?post=26"}],"version-history":[{"count":3,"href":"https:\/\/agora.xtec.cat\/ceiplafarigola\/wp-json\/wp\/v2\/pages\/26\/revisions"}],"predecessor-version":[{"id":838,"href":"https:\/\/agora.xtec.cat\/ceiplafarigola\/wp-json\/wp\/v2\/pages\/26\/revisions\/838"}],"up":[{"embeddable":true,"href":"https:\/\/agora.xtec.cat\/ceiplafarigola\/wp-json\/wp\/v2\/pages\/22"}],"wp:attachment":[{"href":"https:\/\/agora.xtec.cat\/ceiplafarigola\/wp-json\/wp\/v2\/media?parent=26"}],"curies":[{"name":"wp","href":"https:\/\/api.w.org\/{rel}","templated":true}]}}