{"id":22,"date":"2014-09-18T12:19:57","date_gmt":"2014-09-18T11:19:57","guid":{"rendered":"http:\/\/agora.xtec.cat\/ceiplafarigola\/?page_id=22"},"modified":"2020-04-29T18:30:48","modified_gmt":"2020-04-29T16:30:48","slug":"lescola","status":"publish","type":"page","link":"https:\/\/agora.xtec.cat\/ceiplafarigola\/lescola\/","title":{"rendered":"L&#8217;escola"},"content":{"rendered":"<p>Ens definim com a escola\u00a0<strong>FAMILIAR. UNA ESCOLA DE TOTHOM I PER A TOTHOM.<\/strong><\/p>\n<p>Escola petita i arrelada al barri.<\/p>\n<p>L&#8217;escola t\u00e9 tres Grups diferenciats i que es barregen en diferents moments:<\/p>\n<ul>\n<li>Grup de Petits (P3, P4 i P5)<\/li>\n<li>Grup de Mitjans (1r, 2n i 3r)<\/li>\n<li>Grup de Grans (4t, 5\u00e8 i 6\u00e8)<\/li>\n<\/ul>\n<p><strong><span style=\"text-decoration: underline;\">ELS VALORS DE LA NOSTRA ESCOLA S\u00d3N:<\/span><\/strong><\/p>\n<p><strong>RESPECTUOSA<\/strong><\/p>\n<p>Respectem els diferents\u00a0 ritmes d&#8217;aprenentatge del nostre alumnat.<\/p>\n<p><strong>ACOLLIDORA<\/strong><\/p>\n<p>Escola acollidora on facilitem des de l&#8217;inici l&#8217;acompanyament tant a fam\u00edlies com a infants.<\/p>\n<p>A Educaci\u00f3 Infantil permetem l&#8217;entrada de fam\u00edlies a l&#8217;aula de 9:00 a 9:30 per tal que puguin acompanyar als seus fills\/es a l&#8217;aula i d&#8217;aquesta manera compartir i valorar la tasca que fa.<\/p>\n<p><strong>CREATIVA<\/strong><\/p>\n<p>Potenciem la part creativa del nostre alumnat des dels diferents \u00e0mbits perqu\u00e8 pensem que la creativitat forma part del seu desenvolupament.<\/p>\n<p>A m\u00e9s a m\u00e9s, participem en projectes on es treballen la m\u00fasica i la dansa de forma activa a trav\u00e9s de les activitats del PAE (Programa d&#8217;activitats Escolars de l&#8217;Ajuntament de Barcelona) com: <a href=\"https:\/\/factoriamascaro.wordpress.com\/formacio\/dansa-ara\/\" target=\"_blank\" rel=\"noopener noreferrer\">DANSA ARA<\/a>, <a href=\"https:\/\/www.auditori.cat\/ca\/cantania-_cat\" target=\"_blank\" rel=\"noopener noreferrer\">CANT\u00c0NIA<\/a> i FLIC FLAC.<\/p>\n<p><strong>VIVENCIAL<\/strong><\/p>\n<p>La proximitat a l&#8217;aula mediambiental del\u00a0 <a href=\"https:\/\/agora.xtec.cat\/ceiplafarigola\/es_template\/sha-publicat-un-article-nou-posttitle-3\/\" target=\"_blank\" rel=\"noopener noreferrer\">BOSC TURULL<\/a> ens permet treballar de manera directa i vivenciada amb la natura aprofitant els diferents recursos que ens ofereix i entre ells, l&#8217;hort escolar.<\/p>\n<p><strong>INTEGRADORA<\/strong><\/p>\n<p>A l&#8217;escola donem molta import\u00e0ncia a la igualtatt d&#8217;oportunitats de tot l&#8217;alumnat.<\/p>\n<p>Atenem la diversitat de forma activa a trav\u00e9s de la CAD. Treballem de manera conjunta escola i fam\u00edlia per atendre les necessitats educatives dels nostres infants.<\/p>\n<p><strong>QUE TREBALLA AMB METODOLOGIES ACTIVES (ESPAIS D&#8217;APRENENTATGE)<\/strong><\/p>\n<p>Apostem per una metodologia activa i vivencial on l&#8217;alumne \u00e9s el protagonista del seu pr\u00f2pi aprenentage i s&#8217;adeq\u00fca al ritme de cada alumne.<\/p>\n<p>Els grups de petits, mitjans i grans realitzen activitats relacionades amb la llengua, les matem\u00e0tiques, el medi i l&#8217;art en Espais d&#8217;Aprenentatge.<\/p>\n<p><strong>PLURILING\u00dcE<\/strong><\/p>\n<p>Treballem per tal que l\u2019alumnat adquireixi una bona compet\u00e8ncia ling\u00fc\u00edstica i comunicativa d\u2019acord amb el Marc Europeu Com\u00fa de Refer\u00e8ncia per a les lleng\u00fces i valori l\u2019enriquiment que suposa el fet de poder-se comunicar en altres lleng\u00fces.<\/p>\n<p>&nbsp;<\/p>\n","protected":false},"excerpt":{"rendered":"<p>Ens definim com a escola\u00a0FAMILIAR. UNA ESCOLA DE TOTHOM I PER A TOTHOM. Escola petita i arrelada al barri. L&#8217;escola t\u00e9 tres Grups diferenciats i que es barregen en diferents moments: Grup de Petits (P3, P4 i P5) Grup de Mitjans (1r, 2n i 3r) Grup de Grans (4t, 5\u00e8 i 6\u00e8) ELS VALORS DE [&hellip;]<\/p>\n","protected":false},"author":1,"featured_media":0,"parent":0,"menu_order":0,"comment_status":"closed","ping_status":"closed","template":"page-templates\/side-menu.php","meta":{"_bbp_topic_count":0,"_bbp_reply_count":0,"_bbp_total_topic_count":0,"_bbp_total_reply_count":0,"_bbp_voice_count":0,"_bbp_anonymous_reply_count":0,"_bbp_topic_count_hidden":0,"_bbp_reply_count_hidden":0,"_bbp_forum_subforum_count":0,"site-sidebar-layout":"default","site-content-layout":"","ast-site-content-layout":"","site-content-style":"default","site-sidebar-style":"default","ast-global-header-display":"","ast-banner-title-visibility":"","ast-main-header-display":"","ast-hfb-above-header-display":"","ast-hfb-below-header-display":"","ast-hfb-mobile-header-display":"","site-post-title":"","ast-breadcrumbs-content":"","ast-featured-img":"","footer-sml-layout":"","theme-transparent-header-meta":"","adv-header-id-meta":"","stick-header-meta":"","header-above-stick-meta":"","header-main-stick-meta":"","header-below-stick-meta":"","astra-migrate-meta-layouts":"default","ast-page-background-enabled":"default","ast-page-background-meta":{"desktop":{"background-color":"var(--ast-global-color-4)","background-image":"","background-repeat":"repeat","background-position":"center center","background-size":"auto","background-attachment":"scroll","background-type":"","background-media":"","overlay-type":"","overlay-color":"","overlay-opacity":"","overlay-gradient":""},"tablet":{"background-color":"","background-image":"","background-repeat":"repeat","background-position":"center center","background-size":"auto","background-attachment":"scroll","background-type":"","background-media":"","overlay-type":"","overlay-color":"","overlay-opacity":"","overlay-gradient":""},"mobile":{"background-color":"","background-image":"","background-repeat":"repeat","background-position":"center center","background-size":"auto","background-attachment":"scroll","background-type":"","background-media":"","overlay-type":"","overlay-color":"","overlay-opacity":"","overlay-gradient":""}},"ast-content-background-meta":{"desktop":{"background-color":"var(--ast-global-color-5)","background-image":"","background-repeat":"repeat","background-position":"center center","background-size":"auto","background-attachment":"scroll","background-type":"","background-media":"","overlay-type":"","overlay-color":"","overlay-opacity":"","overlay-gradient":""},"tablet":{"background-color":"var(--ast-global-color-5)","background-image":"","background-repeat":"repeat","background-position":"center center","background-size":"auto","background-attachment":"scroll","background-type":"","background-media":"","overlay-type":"","overlay-color":"","overlay-opacity":"","overlay-gradient":""},"mobile":{"background-color":"var(--ast-global-color-5)","background-image":"","background-repeat":"repeat","background-position":"center center","background-size":"auto","background-attachment":"scroll","background-type":"","background-media":"","overlay-type":"","overlay-color":"","overlay-opacity":"","overlay-gradient":""}},"footnotes":""},"class_list":["post-22","page","type-page","status-publish","hentry"],"post_mailing_queue_ids":[],"_links":{"self":[{"href":"https:\/\/agora.xtec.cat\/ceiplafarigola\/wp-json\/wp\/v2\/pages\/22","targetHints":{"allow":["GET"]}}],"collection":[{"href":"https:\/\/agora.xtec.cat\/ceiplafarigola\/wp-json\/wp\/v2\/pages"}],"about":[{"href":"https:\/\/agora.xtec.cat\/ceiplafarigola\/wp-json\/wp\/v2\/types\/page"}],"author":[{"embeddable":true,"href":"https:\/\/agora.xtec.cat\/ceiplafarigola\/wp-json\/wp\/v2\/users\/1"}],"replies":[{"embeddable":true,"href":"https:\/\/agora.xtec.cat\/ceiplafarigola\/wp-json\/wp\/v2\/comments?post=22"}],"version-history":[{"count":3,"href":"https:\/\/agora.xtec.cat\/ceiplafarigola\/wp-json\/wp\/v2\/pages\/22\/revisions"}],"predecessor-version":[{"id":751,"href":"https:\/\/agora.xtec.cat\/ceiplafarigola\/wp-json\/wp\/v2\/pages\/22\/revisions\/751"}],"wp:attachment":[{"href":"https:\/\/agora.xtec.cat\/ceiplafarigola\/wp-json\/wp\/v2\/media?parent=22"}],"curies":[{"name":"wp","href":"https:\/\/api.w.org\/{rel}","templated":true}]}}