{"id":1156,"date":"2020-07-07T14:50:11","date_gmt":"2020-07-07T12:50:11","guid":{"rendered":"https:\/\/agora.xtec.cat\/ceiplafarigola\/?page_id=1156"},"modified":"2025-10-06T16:27:35","modified_gmt":"2025-10-06T14:27:35","slug":"etwinning","status":"publish","type":"page","link":"https:\/\/agora.xtec.cat\/ceiplafarigola\/etwinning\/","title":{"rendered":"eTwinning"},"content":{"rendered":"<p><img loading=\"lazy\" decoding=\"async\" class=\"aligncenter size-medium wp-image-1140\" src=\"https:\/\/agora.xtec.cat\/ceiplafarigola\/wp-content\/uploads\/usu2166\/2020\/07\/Screenshot_20200707-094025_Samsung-Internet-300x210.jpg\" alt=\"\" width=\"300\" height=\"210\" srcset=\"https:\/\/agora.xtec.cat\/ceiplafarigola\/wp-content\/uploads\/usu2166\/2020\/07\/Screenshot_20200707-094025_Samsung-Internet-300x210.jpg 300w, https:\/\/agora.xtec.cat\/ceiplafarigola\/wp-content\/uploads\/usu2166\/2020\/07\/Screenshot_20200707-094025_Samsung-Internet-768x538.jpg 768w, https:\/\/agora.xtec.cat\/ceiplafarigola\/wp-content\/uploads\/usu2166\/2020\/07\/Screenshot_20200707-094025_Samsung-Internet-1024x717.jpg 1024w, https:\/\/agora.xtec.cat\/ceiplafarigola\/wp-content\/uploads\/usu2166\/2020\/07\/Screenshot_20200707-094025_Samsung-Internet.jpg 1202w\" sizes=\"auto, (max-width: 300px) 100vw, 300px\" \/><\/p>\n<p>CURS 24-25<\/p>\n<p><a href=\"https:\/\/agora.xtec.cat\/ceiplafarigola\/etwinning\/the-food-warchers\/\">&#8221; THE FOOD WATCHERS&#8221; 5th Grade<\/a><\/p>\n<p>Segell de Qualitat Nacional al projecte &#8220;The Food Watchers&#8221;<\/p>\n<p><a href=\"https:\/\/agora.xtec.cat\/ceiplafarigola\/wp-content\/uploads\/usu2166\/2025\/10\/Captura-de-pantalla-2025-10-06-162103.png\"><img loading=\"lazy\" decoding=\"async\" class=\"aligncenter size-medium wp-image-7807\" src=\"https:\/\/agora.xtec.cat\/ceiplafarigola\/wp-content\/uploads\/usu2166\/2025\/10\/Captura-de-pantalla-2025-10-06-162103-300x211.png\" alt=\"\" width=\"300\" height=\"211\" srcset=\"https:\/\/agora.xtec.cat\/ceiplafarigola\/wp-content\/uploads\/usu2166\/2025\/10\/Captura-de-pantalla-2025-10-06-162103-300x211.png 300w, https:\/\/agora.xtec.cat\/ceiplafarigola\/wp-content\/uploads\/usu2166\/2025\/10\/Captura-de-pantalla-2025-10-06-162103-1024x719.png 1024w, https:\/\/agora.xtec.cat\/ceiplafarigola\/wp-content\/uploads\/usu2166\/2025\/10\/Captura-de-pantalla-2025-10-06-162103-768x539.png 768w, https:\/\/agora.xtec.cat\/ceiplafarigola\/wp-content\/uploads\/usu2166\/2025\/10\/Captura-de-pantalla-2025-10-06-162103.png 1237w\" sizes=\"auto, (max-width: 300px) 100vw, 300px\" \/><\/a><\/p>\n<p>Segon Premi en els Premis Nacionals eTwinning Alemanya<\/p>\n<p><a href=\"https:\/\/agora.xtec.cat\/ceiplafarigola\/wp-content\/uploads\/usu2166\/2025\/10\/0f8521cb-e76b-48bb-9477-c043ac5537d9.jpg\"><img loading=\"lazy\" decoding=\"async\" class=\"aligncenter size-medium wp-image-7808\" src=\"https:\/\/agora.xtec.cat\/ceiplafarigola\/wp-content\/uploads\/usu2166\/2025\/10\/0f8521cb-e76b-48bb-9477-c043ac5537d9-225x300.jpg\" alt=\"\" width=\"225\" height=\"300\" srcset=\"https:\/\/agora.xtec.cat\/ceiplafarigola\/wp-content\/uploads\/usu2166\/2025\/10\/0f8521cb-e76b-48bb-9477-c043ac5537d9-225x300.jpg 225w, https:\/\/agora.xtec.cat\/ceiplafarigola\/wp-content\/uploads\/usu2166\/2025\/10\/0f8521cb-e76b-48bb-9477-c043ac5537d9-768x1024.jpg 768w, https:\/\/agora.xtec.cat\/ceiplafarigola\/wp-content\/uploads\/usu2166\/2025\/10\/0f8521cb-e76b-48bb-9477-c043ac5537d9-1152x1536.jpg 1152w, https:\/\/agora.xtec.cat\/ceiplafarigola\/wp-content\/uploads\/usu2166\/2025\/10\/0f8521cb-e76b-48bb-9477-c043ac5537d9.jpg 1536w\" sizes=\"auto, (max-width: 225px) 100vw, 225px\" \/><\/a><\/p>\n<p><a href=\"https:\/\/agora.xtec.cat\/ceiplafarigola\/etwinning\/empathy-across-borders\/\">&#8220;EMPATHY ACROSS BORDERS&#8221; 6th Grade<\/a><\/p>\n<p>Segell de Qualitat Nacional al projecte &#8221; Empathy Across Borders&#8221;<\/p>\n<p><a href=\"https:\/\/agora.xtec.cat\/ceiplafarigola\/wp-content\/uploads\/usu2166\/2025\/10\/Captura-de-pantalla-2025-10-06-162412.png\"><img loading=\"lazy\" decoding=\"async\" class=\"aligncenter size-medium wp-image-7809\" src=\"https:\/\/agora.xtec.cat\/ceiplafarigola\/wp-content\/uploads\/usu2166\/2025\/10\/Captura-de-pantalla-2025-10-06-162412-300x207.png\" alt=\"\" width=\"300\" height=\"207\" srcset=\"https:\/\/agora.xtec.cat\/ceiplafarigola\/wp-content\/uploads\/usu2166\/2025\/10\/Captura-de-pantalla-2025-10-06-162412-300x207.png 300w, https:\/\/agora.xtec.cat\/ceiplafarigola\/wp-content\/uploads\/usu2166\/2025\/10\/Captura-de-pantalla-2025-10-06-162412-1024x707.png 1024w, https:\/\/agora.xtec.cat\/ceiplafarigola\/wp-content\/uploads\/usu2166\/2025\/10\/Captura-de-pantalla-2025-10-06-162412-768x531.png 768w, https:\/\/agora.xtec.cat\/ceiplafarigola\/wp-content\/uploads\/usu2166\/2025\/10\/Captura-de-pantalla-2025-10-06-162412.png 1252w\" sizes=\"auto, (max-width: 300px) 100vw, 300px\" \/><\/a><\/p>\n<p>CURS 23-24<\/p>\n<p><a href=\"https:\/\/agora.xtec.cat\/ceiplafarigola\/?page_id=5483&amp;preview=true\">&#8220;ETWINNERS TRAVEL TRIBE&#8221; 5th Grade<\/a><\/p>\n<p><a href=\"https:\/\/agora.xtec.cat\/ceiplafarigola\/?page_id=5481&amp;preview=true\">&#8220;PODCAST.US&#8221; 6th Grade<\/a><\/p>\n<p>Segell de Qualitat Nacional al projecte &#8221; Podcast.Us&#8221;<\/p>\n<p><a href=\"https:\/\/agora.xtec.cat\/ceiplafarigola\/wp-content\/uploads\/usu2166\/2024\/09\/podacst.png\"><img loading=\"lazy\" decoding=\"async\" class=\"aligncenter size-medium wp-image-6608\" src=\"https:\/\/agora.xtec.cat\/ceiplafarigola\/wp-content\/uploads\/usu2166\/2024\/09\/podacst-300x210.png\" alt=\"\" width=\"300\" height=\"210\" srcset=\"https:\/\/agora.xtec.cat\/ceiplafarigola\/wp-content\/uploads\/usu2166\/2024\/09\/podacst-300x210.png 300w, https:\/\/agora.xtec.cat\/ceiplafarigola\/wp-content\/uploads\/usu2166\/2024\/09\/podacst-768x537.png 768w, https:\/\/agora.xtec.cat\/ceiplafarigola\/wp-content\/uploads\/usu2166\/2024\/09\/podacst.png 840w\" sizes=\"auto, (max-width: 300px) 100vw, 300px\" \/><\/a><\/p>\n<p>Segell de Qualitat Europeu al projecte &#8221; Podcast.Us&#8221;<\/p>\n<p><a href=\"https:\/\/agora.xtec.cat\/ceiplafarigola\/wp-content\/uploads\/usu2166\/2024\/11\/eql-podcast.png\"><img loading=\"lazy\" decoding=\"async\" class=\"aligncenter size-medium wp-image-6840\" src=\"https:\/\/agora.xtec.cat\/ceiplafarigola\/wp-content\/uploads\/usu2166\/2024\/11\/eql-podcast-300x210.png\" alt=\"\" width=\"300\" height=\"210\" srcset=\"https:\/\/agora.xtec.cat\/ceiplafarigola\/wp-content\/uploads\/usu2166\/2024\/11\/eql-podcast-300x210.png 300w, https:\/\/agora.xtec.cat\/ceiplafarigola\/wp-content\/uploads\/usu2166\/2024\/11\/eql-podcast.png 643w\" sizes=\"auto, (max-width: 300px) 100vw, 300px\" \/><\/a><\/p>\n<p>Premi europeu eTwinning 2025 ( categoria 7-11)<\/p>\n<p><a href=\"https:\/\/school-education.ec.europa.eu\/en\/etwinning\/european-prizes\/prizes-winners\/2025\"><strong>Consulta la llista de premiats<\/strong><\/a><\/p>\n<p><a href=\"https:\/\/school-education.ec.europa.eu\/en\/etwinning\/european-prizes\/prizes-winners\/2025\"><strong><a href=\"https:\/\/agora.xtec.cat\/ceiplafarigola\/wp-content\/uploads\/usu2166\/2025\/10\/Prizes-image_0.png\"><img loading=\"lazy\" decoding=\"async\" class=\"size-medium wp-image-7806 aligncenter\" src=\"https:\/\/agora.xtec.cat\/ceiplafarigola\/wp-content\/uploads\/usu2166\/2025\/10\/Prizes-image_0-300x125.png\" alt=\"\" width=\"300\" height=\"125\" srcset=\"https:\/\/agora.xtec.cat\/ceiplafarigola\/wp-content\/uploads\/usu2166\/2025\/10\/Prizes-image_0-300x125.png 300w, https:\/\/agora.xtec.cat\/ceiplafarigola\/wp-content\/uploads\/usu2166\/2025\/10\/Prizes-image_0-1024x427.png 1024w, https:\/\/agora.xtec.cat\/ceiplafarigola\/wp-content\/uploads\/usu2166\/2025\/10\/Prizes-image_0-768x320.png 768w, https:\/\/agora.xtec.cat\/ceiplafarigola\/wp-content\/uploads\/usu2166\/2025\/10\/Prizes-image_0-1536x641.png 1536w, https:\/\/agora.xtec.cat\/ceiplafarigola\/wp-content\/uploads\/usu2166\/2025\/10\/Prizes-image_0-2048x855.png 2048w\" sizes=\"auto, (max-width: 300px) 100vw, 300px\" \/><\/a><\/strong><\/a><\/p>\n<p>&nbsp;<\/p>\n<p>&nbsp;<\/p>\n<p>Segell de Qualitat Europeu al projecte &#8221; Etwinniers Travel Tribe&#8221;<\/p>\n<p><a href=\"https:\/\/agora.xtec.cat\/ceiplafarigola\/wp-content\/uploads\/usu2166\/2024\/11\/eql-ett.png\"><img loading=\"lazy\" decoding=\"async\" class=\"aligncenter size-medium wp-image-6841\" src=\"https:\/\/agora.xtec.cat\/ceiplafarigola\/wp-content\/uploads\/usu2166\/2024\/11\/eql-ett-300x210.png\" alt=\"\" width=\"300\" height=\"210\" srcset=\"https:\/\/agora.xtec.cat\/ceiplafarigola\/wp-content\/uploads\/usu2166\/2024\/11\/eql-ett-300x210.png 300w, https:\/\/agora.xtec.cat\/ceiplafarigola\/wp-content\/uploads\/usu2166\/2024\/11\/eql-ett.png 641w\" sizes=\"auto, (max-width: 300px) 100vw, 300px\" \/><\/a><\/p>\n<p>&nbsp;<\/p>\n<p>&nbsp;<\/p>\n<p>Segell de Qualitat Nacional al projecte &#8221; Etwinners Travel Tribe&#8221;<\/p>\n<p><a href=\"https:\/\/agora.xtec.cat\/ceiplafarigola\/wp-content\/uploads\/usu2166\/2024\/09\/ett.png\"><img loading=\"lazy\" decoding=\"async\" class=\"aligncenter size-medium wp-image-6607\" src=\"https:\/\/agora.xtec.cat\/ceiplafarigola\/wp-content\/uploads\/usu2166\/2024\/09\/ett-300x211.png\" alt=\"\" width=\"300\" height=\"211\" srcset=\"https:\/\/agora.xtec.cat\/ceiplafarigola\/wp-content\/uploads\/usu2166\/2024\/09\/ett-300x211.png 300w, https:\/\/agora.xtec.cat\/ceiplafarigola\/wp-content\/uploads\/usu2166\/2024\/09\/ett-768x539.png 768w, https:\/\/agora.xtec.cat\/ceiplafarigola\/wp-content\/uploads\/usu2166\/2024\/09\/ett.png 836w\" sizes=\"auto, (max-width: 300px) 100vw, 300px\" \/><\/a><\/p>\n<p>3r Premi en els Premis Nacionals eTwinning Alemanya<\/p>\n<p>CURS 22-23<\/p>\n<p><a href=\"https:\/\/agora.xtec.cat\/ceiplafarigola\/you-me-us-europe\/\">. &#8220;YOU, ME, US, EUROPE&#8221; 5th Grade<\/a><\/p>\n<p><a href=\"https:\/\/agora.xtec.cat\/ceiplafarigola\/our-green-habits\/\">. &#8220;OUR GREEN HABITS&#8221; 6th Grade<\/a><\/p>\n<p>&nbsp;<\/p>\n<p>Segell de Qualitat Europeu al projecte &#8221; You, Me, Us&#8230;Europe&#8221;<\/p>\n<p><a href=\"https:\/\/agora.xtec.cat\/ceiplafarigola\/wp-content\/uploads\/usu2166\/2024\/01\/WhatsApp-Image-2024-01-15-at-12.44.54.jpeg\"><img loading=\"lazy\" decoding=\"async\" class=\"aligncenter size-medium wp-image-6067\" src=\"https:\/\/agora.xtec.cat\/ceiplafarigola\/wp-content\/uploads\/usu2166\/2024\/01\/WhatsApp-Image-2024-01-15-at-12.44.54-300x212.jpeg\" alt=\"\" width=\"300\" height=\"212\" srcset=\"https:\/\/agora.xtec.cat\/ceiplafarigola\/wp-content\/uploads\/usu2166\/2024\/01\/WhatsApp-Image-2024-01-15-at-12.44.54-300x212.jpeg 300w, https:\/\/agora.xtec.cat\/ceiplafarigola\/wp-content\/uploads\/usu2166\/2024\/01\/WhatsApp-Image-2024-01-15-at-12.44.54-768x542.jpeg 768w, https:\/\/agora.xtec.cat\/ceiplafarigola\/wp-content\/uploads\/usu2166\/2024\/01\/WhatsApp-Image-2024-01-15-at-12.44.54.jpeg 963w\" sizes=\"auto, (max-width: 300px) 100vw, 300px\" \/><\/a><\/p>\n<p>Segell De Qualitat Nacional al projecte &#8221; You, Me, Us&#8230;Europe&#8221;<\/p>\n<p>&nbsp;<\/p>\n<p><a href=\"https:\/\/agora.xtec.cat\/ceiplafarigola\/wp-content\/uploads\/usu2166\/2023\/10\/WhatsApp-Image-2023-10-19-at-09.18.28.jpeg\"><img loading=\"lazy\" decoding=\"async\" class=\"aligncenter wp-image-5530 size-medium\" src=\"https:\/\/agora.xtec.cat\/ceiplafarigola\/wp-content\/uploads\/usu2166\/2023\/10\/WhatsApp-Image-2023-10-19-at-09.18.28-211x300.jpeg\" alt=\"\" width=\"211\" height=\"300\" srcset=\"https:\/\/agora.xtec.cat\/ceiplafarigola\/wp-content\/uploads\/usu2166\/2023\/10\/WhatsApp-Image-2023-10-19-at-09.18.28-211x300.jpeg 211w, https:\/\/agora.xtec.cat\/ceiplafarigola\/wp-content\/uploads\/usu2166\/2023\/10\/WhatsApp-Image-2023-10-19-at-09.18.28.jpeg 720w\" sizes=\"auto, (max-width: 211px) 100vw, 211px\" \/><\/a><\/p>\n<p>Premi al tercer millor projecte d&#8217;Alemanya al projecte &#8221; You, Me, Us&#8230;Europe&#8221;<\/p>\n<p><a href=\"https:\/\/agora.xtec.cat\/ceiplafarigola\/wp-content\/uploads\/usu2166\/2023\/09\/WhatsApp-Image-2023-09-29-at-12.39.22.jpeg\"><img loading=\"lazy\" decoding=\"async\" class=\"aligncenter wp-image-5479\" src=\"https:\/\/agora.xtec.cat\/ceiplafarigola\/wp-content\/uploads\/usu2166\/2023\/09\/WhatsApp-Image-2023-09-29-at-12.39.22-213x300.jpeg\" alt=\"\" width=\"162\" height=\"228\" srcset=\"https:\/\/agora.xtec.cat\/ceiplafarigola\/wp-content\/uploads\/usu2166\/2023\/09\/WhatsApp-Image-2023-09-29-at-12.39.22-213x300.jpeg 213w, https:\/\/agora.xtec.cat\/ceiplafarigola\/wp-content\/uploads\/usu2166\/2023\/09\/WhatsApp-Image-2023-09-29-at-12.39.22-728x1024.jpeg 728w, https:\/\/agora.xtec.cat\/ceiplafarigola\/wp-content\/uploads\/usu2166\/2023\/09\/WhatsApp-Image-2023-09-29-at-12.39.22-768x1080.jpeg 768w, https:\/\/agora.xtec.cat\/ceiplafarigola\/wp-content\/uploads\/usu2166\/2023\/09\/WhatsApp-Image-2023-09-29-at-12.39.22-1092x1536.jpeg 1092w, https:\/\/agora.xtec.cat\/ceiplafarigola\/wp-content\/uploads\/usu2166\/2023\/09\/WhatsApp-Image-2023-09-29-at-12.39.22.jpeg 1456w\" sizes=\"auto, (max-width: 162px) 100vw, 162px\" \/><\/a><\/p>\n<p>CURS 21-22<\/p>\n<p>&#8220;<a href=\"https:\/\/agora.xtec.cat\/ceiplafarigola\/connecting-friends\/\"> CONNECTING FRIENDS&#8221; 5th Grade<\/a><\/p>\n<p><a href=\"https:\/\/agora.xtec.cat\/ceiplafarigola\/u2e-ure-up-for-europe\/\">&#8221; U2E: U&#8217;RE UP FOR EUROPE!&#8221; 6th Grade<\/a><\/p>\n<p>Enguany hem rebut dos <strong>Segells de Qualitat Nacionals <\/strong>i dos <strong>Segells de Qualitat Europeus<\/strong>\u00a0en reconeixement a la bona feina realitzada en els dos projectes que hem dut a terme a 5\u00e8 i 6\u00e8.<\/p>\n<div id='gallery-1' class='gallery galleryid-1156 gallery-columns-2 gallery-size-medium'><figure class='gallery-item'>\n\t\t\t<div class='gallery-icon landscape'>\n\t\t\t\t<a href='https:\/\/agora.xtec.cat\/ceiplafarigola\/general\/segells-de-qualitat-pels-nostres-projectes\/attachment\/ql-ureup\/'><img loading=\"lazy\" decoding=\"async\" width=\"300\" height=\"208\" src=\"https:\/\/agora.xtec.cat\/ceiplafarigola\/wp-content\/uploads\/usu2166\/2022\/08\/ql-ureup-300x208.png\" class=\"attachment-medium size-medium\" alt=\"\" srcset=\"https:\/\/agora.xtec.cat\/ceiplafarigola\/wp-content\/uploads\/usu2166\/2022\/08\/ql-ureup-300x208.png 300w, https:\/\/agora.xtec.cat\/ceiplafarigola\/wp-content\/uploads\/usu2166\/2022\/08\/ql-ureup-768x533.png 768w, https:\/\/agora.xtec.cat\/ceiplafarigola\/wp-content\/uploads\/usu2166\/2022\/08\/ql-ureup.png 842w\" sizes=\"auto, (max-width: 300px) 100vw, 300px\" \/><\/a>\n\t\t\t<\/div><\/figure><figure class='gallery-item'>\n\t\t\t<div class='gallery-icon landscape'>\n\t\t\t\t<a href='https:\/\/agora.xtec.cat\/ceiplafarigola\/general\/segells-de-qualitat-pels-nostres-projectes\/attachment\/ql-connecting\/'><img loading=\"lazy\" decoding=\"async\" width=\"300\" height=\"210\" src=\"https:\/\/agora.xtec.cat\/ceiplafarigola\/wp-content\/uploads\/usu2166\/2022\/08\/ql-connecting-300x210.png\" class=\"attachment-medium size-medium\" alt=\"\" srcset=\"https:\/\/agora.xtec.cat\/ceiplafarigola\/wp-content\/uploads\/usu2166\/2022\/08\/ql-connecting-300x210.png 300w, https:\/\/agora.xtec.cat\/ceiplafarigola\/wp-content\/uploads\/usu2166\/2022\/08\/ql-connecting-1024x716.png 1024w, https:\/\/agora.xtec.cat\/ceiplafarigola\/wp-content\/uploads\/usu2166\/2022\/08\/ql-connecting-768x537.png 768w, https:\/\/agora.xtec.cat\/ceiplafarigola\/wp-content\/uploads\/usu2166\/2022\/08\/ql-connecting.png 1124w\" sizes=\"auto, (max-width: 300px) 100vw, 300px\" \/><\/a>\n\t\t\t<\/div><\/figure>\n\t\t<\/div>\n\n<p><a href=\"https:\/\/agora.xtec.cat\/ceiplafarigola\/wp-content\/uploads\/usu2166\/2023\/06\/Screenshot_20230614_153849.png\"><img loading=\"lazy\" decoding=\"async\" class=\"alignleft wp-image-5300 size-medium\" src=\"https:\/\/agora.xtec.cat\/ceiplafarigola\/wp-content\/uploads\/usu2166\/2023\/06\/Screenshot_20230614_153849-300x216.png\" alt=\"\" width=\"300\" height=\"216\" srcset=\"https:\/\/agora.xtec.cat\/ceiplafarigola\/wp-content\/uploads\/usu2166\/2023\/06\/Screenshot_20230614_153849-300x216.png 300w, https:\/\/agora.xtec.cat\/ceiplafarigola\/wp-content\/uploads\/usu2166\/2023\/06\/Screenshot_20230614_153849.png 720w\" sizes=\"auto, (max-width: 300px) 100vw, 300px\" \/><\/a> <a href=\"https:\/\/agora.xtec.cat\/ceiplafarigola\/wp-content\/uploads\/usu2166\/2023\/06\/Screenshot_20230614_153747.png\"><img loading=\"lazy\" decoding=\"async\" class=\"aligncenter wp-image-5299 size-medium\" src=\"https:\/\/agora.xtec.cat\/ceiplafarigola\/wp-content\/uploads\/usu2166\/2023\/06\/Screenshot_20230614_153747-300x214.png\" alt=\"\" width=\"300\" height=\"214\" srcset=\"https:\/\/agora.xtec.cat\/ceiplafarigola\/wp-content\/uploads\/usu2166\/2023\/06\/Screenshot_20230614_153747-300x214.png 300w, https:\/\/agora.xtec.cat\/ceiplafarigola\/wp-content\/uploads\/usu2166\/2023\/06\/Screenshot_20230614_153747.png 720w\" sizes=\"auto, (max-width: 300px) 100vw, 300px\" \/><\/a><\/p>\n<p><a href=\"https:\/\/agora.xtec.cat\/ceiplafarigola\/general\/segells-de-qualitat-etwinning\/\">CURS 20-21<\/a><\/p>\n<p>El nostre centre ha estat guardonat amb <strong>dos Segells de Qualitat<\/strong>, un per a cada un dels projectes eTwinning realitzat aquest curs.<\/p>\n<p><a href=\"https:\/\/agora.xtec.cat\/ceiplafarigola\/wp-content\/uploads\/usu2166\/2021\/09\/ql-twinopians.png\"><img loading=\"lazy\" decoding=\"async\" class=\"aligncenter size-medium wp-image-2687\" src=\"https:\/\/agora.xtec.cat\/ceiplafarigola\/wp-content\/uploads\/usu2166\/2021\/09\/ql-twinopians-300x207.png\" alt=\"\" width=\"300\" height=\"207\" srcset=\"https:\/\/agora.xtec.cat\/ceiplafarigola\/wp-content\/uploads\/usu2166\/2021\/09\/ql-twinopians-300x207.png 300w, https:\/\/agora.xtec.cat\/ceiplafarigola\/wp-content\/uploads\/usu2166\/2021\/09\/ql-twinopians.png 639w\" sizes=\"auto, (max-width: 300px) 100vw, 300px\" \/><\/a><a href=\"https:\/\/agora.xtec.cat\/ceiplafarigola\/wp-content\/uploads\/usu2166\/2023\/05\/Screenshot_25.png\"><img loading=\"lazy\" decoding=\"async\" class=\"aligncenter size-medium wp-image-5243\" src=\"https:\/\/agora.xtec.cat\/ceiplafarigola\/wp-content\/uploads\/usu2166\/2023\/05\/Screenshot_25-300x211.png\" alt=\"\" width=\"300\" height=\"211\" srcset=\"https:\/\/agora.xtec.cat\/ceiplafarigola\/wp-content\/uploads\/usu2166\/2023\/05\/Screenshot_25-300x211.png 300w, https:\/\/agora.xtec.cat\/ceiplafarigola\/wp-content\/uploads\/usu2166\/2023\/05\/Screenshot_25-768x541.png 768w, https:\/\/agora.xtec.cat\/ceiplafarigola\/wp-content\/uploads\/usu2166\/2023\/05\/Screenshot_25.png 838w\" sizes=\"auto, (max-width: 300px) 100vw, 300px\" \/><\/a><\/p>\n<p>A m\u00e9s, tamb\u00e9 hem rebut un segell de qualitat europeu per al nostre projecte TWINOPIANS.<\/p>\n<p><a href=\"https:\/\/agora.xtec.cat\/ceiplafarigola\/wp-content\/uploads\/usu2166\/2021\/12\/bcfbbc49.jpg\"><img loading=\"lazy\" decoding=\"async\" class=\"aligncenter size-medium wp-image-3172\" src=\"https:\/\/agora.xtec.cat\/ceiplafarigola\/wp-content\/uploads\/usu2166\/2021\/12\/bcfbbc49-300x212.jpg\" alt=\"\" width=\"300\" height=\"212\" srcset=\"https:\/\/agora.xtec.cat\/ceiplafarigola\/wp-content\/uploads\/usu2166\/2021\/12\/bcfbbc49-300x212.jpg 300w, https:\/\/agora.xtec.cat\/ceiplafarigola\/wp-content\/uploads\/usu2166\/2021\/12\/bcfbbc49.jpg 657w\" sizes=\"auto, (max-width: 300px) 100vw, 300px\" \/><\/a><\/p>\n<p>&nbsp;<\/p>\n<p>Aquest curs 2020\/2021 la nostra escola participa en dos projectes europeus dins la plataforma eTwinning.<\/p>\n<p>eTwinning \u00e9s la comunitat educativa m\u00e9s gran d&#8217;Europa i ens permet treballar de manera coordinada amb escoles d&#8217;altres pa\u00efsos d&#8217;arreu d&#8217;Europa.<\/p>\n<p>En aquest v\u00eddeo podreu con\u00e8ixer millor qu\u00e8 vol dir participar\u00a0 en un projecte d&#8217;aquestes caracter\u00edstiques.<\/p>\n<p>&nbsp;<\/p>\n<div class=\"ast-oembed-container \" style=\"height: 100%;\"><iframe loading=\"lazy\" title=\"La colaboraci\u00f3n en eTwinning\" width=\"500\" height=\"281\" src=\"https:\/\/www.youtube.com\/embed\/ZwOEwSyTHt4?feature=oembed\" frameborder=\"0\" allow=\"accelerometer; autoplay; clipboard-write; encrypted-media; gyroscope; picture-in-picture; web-share\" referrerpolicy=\"strict-origin-when-cross-origin\" allowfullscreen><\/iframe><\/div>\n<p>Cliqueu als enlla\u00e7os per veure la inform<a href=\"https:\/\/agora.xtec.cat\/ceiplafarigola\/wp-content\/uploads\/usu2166\/2024\/09\/ett.png\"><img loading=\"lazy\" decoding=\"async\" class=\"aligncenter size-medium wp-image-6607\" src=\"https:\/\/agora.xtec.cat\/ceiplafarigola\/wp-content\/uploads\/usu2166\/2024\/09\/ett-300x211.png\" alt=\"\" width=\"300\" height=\"211\" srcset=\"https:\/\/agora.xtec.cat\/ceiplafarigola\/wp-content\/uploads\/usu2166\/2024\/09\/ett-300x211.png 300w, https:\/\/agora.xtec.cat\/ceiplafarigola\/wp-content\/uploads\/usu2166\/2024\/09\/ett-768x539.png 768w, https:\/\/agora.xtec.cat\/ceiplafarigola\/wp-content\/uploads\/usu2166\/2024\/09\/ett.png 836w\" sizes=\"auto, (max-width: 300px) 100vw, 300px\" \/><\/a>aci\u00f3 i activitats de cadasc\u00fan dels projectes eTWINNING.<\/p>\n<p><a href=\"https:\/\/agora.xtec.cat\/ceiplafarigola\/connecting-penpals-etwinning-project\/\">\u00a0CONNECTING PENPALS 5TH GRADE<\/a><\/p>\n<p><a href=\"https:\/\/agora.xtec.cat\/ceiplafarigola\/twinopians-etwinning-project-6th\/\">TWINOPIANS 6TH GRADE<\/a><\/p>\n<p>&nbsp;<\/p>\n","protected":false},"excerpt":{"rendered":"<p>CURS 24-25 &#8221; THE FOOD WATCHERS&#8221; 5th Grade Segell de Qualitat Nacional al projecte &#8220;The Food Watchers&#8221; Segon Premi en els Premis Nacionals eTwinning Alemanya &#8220;EMPATHY ACROSS BORDERS&#8221; 6th Grade Segell de Qualitat Nacional al projecte &#8221; Empathy Across Borders&#8221; CURS 23-24 &#8220;ETWINNERS TRAVEL TRIBE&#8221; 5th Grade &#8220;PODCAST.US&#8221; 6th Grade Segell de Qualitat Nacional al [&hellip;]<\/p>\n","protected":false},"author":4,"featured_media":0,"parent":0,"menu_order":0,"comment_status":"closed","ping_status":"closed","template":"","meta":{"_bbp_topic_count":0,"_bbp_reply_count":0,"_bbp_total_topic_count":0,"_bbp_total_reply_count":0,"_bbp_voice_count":0,"_bbp_anonymous_reply_count":0,"_bbp_topic_count_hidden":0,"_bbp_reply_count_hidden":0,"_bbp_forum_subforum_count":0,"site-sidebar-layout":"default","site-content-layout":"","ast-site-content-layout":"","site-content-style":"default","site-sidebar-style":"default","ast-global-header-display":"","ast-banner-title-visibility":"","ast-main-header-display":"","ast-hfb-above-header-display":"","ast-hfb-below-header-display":"","ast-hfb-mobile-header-display":"","site-post-title":"","ast-breadcrumbs-content":"","ast-featured-img":"","footer-sml-layout":"","theme-transparent-header-meta":"","adv-header-id-meta":"","stick-header-meta":"","header-above-stick-meta":"","header-main-stick-meta":"","header-below-stick-meta":"","astra-migrate-meta-layouts":"default","ast-page-background-enabled":"default","ast-page-background-meta":{"desktop":{"background-color":"var(--ast-global-color-4)","background-image":"","background-repeat":"repeat","background-position":"center center","background-size":"auto","background-attachment":"scroll","background-type":"","background-media":"","overlay-type":"","overlay-color":"","overlay-opacity":"","overlay-gradient":""},"tablet":{"background-color":"","background-image":"","background-repeat":"repeat","background-position":"center center","background-size":"auto","background-attachment":"scroll","background-type":"","background-media":"","overlay-type":"","overlay-color":"","overlay-opacity":"","overlay-gradient":""},"mobile":{"background-color":"","background-image":"","background-repeat":"repeat","background-position":"center center","background-size":"auto","background-attachment":"scroll","background-type":"","background-media":"","overlay-type":"","overlay-color":"","overlay-opacity":"","overlay-gradient":""}},"ast-content-background-meta":{"desktop":{"background-color":"var(--ast-global-color-5)","background-image":"","background-repeat":"repeat","background-position":"center center","background-size":"auto","background-attachment":"scroll","background-type":"","background-media":"","overlay-type":"","overlay-color":"","overlay-opacity":"","overlay-gradient":""},"tablet":{"background-color":"var(--ast-global-color-5)","background-image":"","background-repeat":"repeat","background-position":"center center","background-size":"auto","background-attachment":"scroll","background-type":"","background-media":"","overlay-type":"","overlay-color":"","overlay-opacity":"","overlay-gradient":""},"mobile":{"background-color":"var(--ast-global-color-5)","background-image":"","background-repeat":"repeat","background-position":"center center","background-size":"auto","background-attachment":"scroll","background-type":"","background-media":"","overlay-type":"","overlay-color":"","overlay-opacity":"","overlay-gradient":""}},"footnotes":""},"class_list":["post-1156","page","type-page","status-publish","hentry"],"post_mailing_queue_ids":[],"_links":{"self":[{"href":"https:\/\/agora.xtec.cat\/ceiplafarigola\/wp-json\/wp\/v2\/pages\/1156","targetHints":{"allow":["GET"]}}],"collection":[{"href":"https:\/\/agora.xtec.cat\/ceiplafarigola\/wp-json\/wp\/v2\/pages"}],"about":[{"href":"https:\/\/agora.xtec.cat\/ceiplafarigola\/wp-json\/wp\/v2\/types\/page"}],"author":[{"embeddable":true,"href":"https:\/\/agora.xtec.cat\/ceiplafarigola\/wp-json\/wp\/v2\/users\/4"}],"replies":[{"embeddable":true,"href":"https:\/\/agora.xtec.cat\/ceiplafarigola\/wp-json\/wp\/v2\/comments?post=1156"}],"version-history":[{"count":6,"href":"https:\/\/agora.xtec.cat\/ceiplafarigola\/wp-json\/wp\/v2\/pages\/1156\/revisions"}],"predecessor-version":[{"id":7810,"href":"https:\/\/agora.xtec.cat\/ceiplafarigola\/wp-json\/wp\/v2\/pages\/1156\/revisions\/7810"}],"wp:attachment":[{"href":"https:\/\/agora.xtec.cat\/ceiplafarigola\/wp-json\/wp\/v2\/media?parent=1156"}],"curies":[{"name":"wp","href":"https:\/\/api.w.org\/{rel}","templated":true}]}}