{"id":708,"date":"2016-04-15T18:01:34","date_gmt":"2016-04-15T17:01:34","guid":{"rendered":"http:\/\/agora.xtec.cat\/ceiplafalguera\/?page_id=708"},"modified":"2025-08-28T13:34:53","modified_gmt":"2025-08-28T11:34:53","slug":"sortides","status":"publish","type":"page","link":"https:\/\/agora.xtec.cat\/ceiplafalguera\/sortides\/","title":{"rendered":"Sortides"},"content":{"rendered":"<p>A l&#8217;escola, les sortides esdevenen un complement a l&#8217;activitat lectiva di\u00e0ria i enriqueixen els aprenentatges que l&#8217;alumnat adquireix.<br \/>\nCada any, tots els grups (des d&#8217;I3 fins a 6\u00e8) gaudeixen de les seg\u00fcents propostes:<br \/>\n\ud83c\udfb5 Una sortida relacionada amb l&#8217;\u00e0mbit art\u00edstic musical (que pot incloure una audici\u00f3, museu, exposici\u00f3, etc.).<br \/>\n\ud83c\udfa8 Una sortida relacionada amb l&#8217;\u00e0mbit art\u00edstic pl\u00e0stic (que pot incloure la visita a un museu, una exposici\u00f3 o un taller).<br \/>\n\ud83c\udf33 Sortides a l&#8217;entorn proper (al bosc, la biblioteca, el municipi), segons la oferta i les necessitats educatives de l&#8217;aula.<br \/>\n\ud83c\udfad Quatre espectacles al Centre Cultural de Vilanova del Vall\u00e8s, dinamitzats per l&#8217;Associaci\u00f3 Cultural de Granollers (m\u00fasica, teatre, cinema, espectacle en angl\u00e8s).<\/p>\n<p>Per con\u00e8ixer m\u00e9s detall de les activitats que es porten a terme fora del centre escolar, podeu consultar el calendari actualitzat que trobareu <a href=\"https:\/\/agora.xtec.cat\/ceiplafalguera\/calendar\/agenda-de-lescola\/\">aqu\u00ed<\/a>.<\/p>\n","protected":false},"excerpt":{"rendered":"<p>A l&#8217;escola, les sortides esdevenen un complement a l&#8217;activitat lectiva di\u00e0ria i enriqueixen els aprenentatges que l&#8217;alumnat adquireix.<br \/>\nCada any, tots els grups (des d&#8217;I3 fins a 6\u00e8) gaudeixen de les seg\u00fcents propostes:<br \/>\n\ud83c\udfb5 Una sortida relacionada amb l&#8217;\u00e0mbit art\u00edstic musical (que pot incloure una audici\u00f3, museu,&hellip;  <a href=\"https:\/\/agora.xtec.cat\/ceiplafalguera\/sortides\/\" title=\"Read Sortides\">Llegeix m\u00e9s\u00bb<\/a><\/p>\n","protected":false},"author":1,"featured_media":0,"parent":0,"menu_order":0,"comment_status":"closed","ping_status":"closed","template":"","meta":{"_bbp_topic_count":0,"_bbp_reply_count":0,"_bbp_total_topic_count":0,"_bbp_total_reply_count":0,"_bbp_voice_count":0,"_bbp_anonymous_reply_count":0,"_bbp_topic_count_hidden":0,"_bbp_reply_count_hidden":0,"_bbp_forum_subforum_count":0,"footnotes":""},"class_list":["post-708","page","type-page","status-publish","hentry"],"post_mailing_queue_ids":[],"_links":{"self":[{"href":"https:\/\/agora.xtec.cat\/ceiplafalguera\/wp-json\/wp\/v2\/pages\/708","targetHints":{"allow":["GET"]}}],"collection":[{"href":"https:\/\/agora.xtec.cat\/ceiplafalguera\/wp-json\/wp\/v2\/pages"}],"about":[{"href":"https:\/\/agora.xtec.cat\/ceiplafalguera\/wp-json\/wp\/v2\/types\/page"}],"author":[{"embeddable":true,"href":"https:\/\/agora.xtec.cat\/ceiplafalguera\/wp-json\/wp\/v2\/users\/1"}],"replies":[{"embeddable":true,"href":"https:\/\/agora.xtec.cat\/ceiplafalguera\/wp-json\/wp\/v2\/comments?post=708"}],"version-history":[{"count":6,"href":"https:\/\/agora.xtec.cat\/ceiplafalguera\/wp-json\/wp\/v2\/pages\/708\/revisions"}],"predecessor-version":[{"id":4961,"href":"https:\/\/agora.xtec.cat\/ceiplafalguera\/wp-json\/wp\/v2\/pages\/708\/revisions\/4961"}],"wp:attachment":[{"href":"https:\/\/agora.xtec.cat\/ceiplafalguera\/wp-json\/wp\/v2\/media?parent=708"}],"curies":[{"name":"wp","href":"https:\/\/api.w.org\/{rel}","templated":true}]}}