{"id":4066,"date":"2022-12-02T15:16:14","date_gmt":"2022-12-02T14:16:14","guid":{"rendered":"https:\/\/agora.xtec.cat\/ceiplafalguera\/?page_id=4066"},"modified":"2025-11-13T15:03:26","modified_gmt":"2025-11-13T14:03:26","slug":"documents-de-centre-curs-2022-2023","status":"publish","type":"page","link":"https:\/\/agora.xtec.cat\/ceiplafalguera\/documents-descola\/documents-de-centre-curs-2022-2023\/","title":{"rendered":"Documents de Centre"},"content":{"rendered":"<p>En aquest apartat trobareu la documentaci\u00f3 de centre actualitzada de forma anual. Cliqueu en el enlla\u00e7os per llegir-los.<\/p>\n<p><a style=\"color: #2795b6;\" href=\"https:\/\/agora.xtec.cat\/ceiplafalguera\/wp-content\/uploads\/usu1049\/2022\/12\/PGA-2022-2023.pdf\">\ud83d\udcdd<\/a> <a href=\"https:\/\/agora.xtec.cat\/ceiplafalguera\/wp-content\/uploads\/usu1049\/2025\/09\/Pla-dacollida-families-25-26.pdf\">Document informatiu d&#8217;inici de curs<\/a><\/p>\n<p><a style=\"color: #2795b6;\" href=\"https:\/\/agora.xtec.cat\/ceiplafalguera\/wp-content\/uploads\/usu1049\/2022\/12\/PGA-2022-2023.pdf\">\ud83d\udcdd<\/a> <a href=\"https:\/\/agora.xtec.cat\/ceiplafalguera\/wp-content\/uploads\/usu1049\/2025\/08\/QUOTES-MATERIAL.png\">Quotes Curs 25-26<\/a><\/p>\n<p><a style=\"color: #2795b6;\" href=\"https:\/\/agora.xtec.cat\/ceiplafalguera\/wp-content\/uploads\/usu1049\/2022\/12\/PGA-2022-2023.pdf\">\ud83d\udcdd<\/a><a href=\"https:\/\/www.canva.com\/design\/DAG3WCW3Xfc\/-OUakXKEI8-0DjkRole2Mg\/view?utm_content=DAG3WCW3Xfc&amp;utm_campaign=designshare&amp;utm_medium=link2&amp;utm_source=uniquelinks&amp;utlId=h103602828b\"> Programaci\u00f3 General Anual (PGA) Curs 25-26<\/a><\/p>\n<p><a style=\"color: #2795b6;\" href=\"https:\/\/agora.xtec.cat\/ceiplafalguera\/wp-content\/uploads\/usu1049\/2022\/12\/PGA-2022-2023.pdf\">\ud83d\udcdd<\/a> <a href=\"https:\/\/agora.xtec.cat\/ceiplafalguera\/wp-content\/uploads\/usu1049\/2025\/11\/PlaFuncionament_LaFalguera-25-26.pdf\">Pla de funcionament del Menjador<\/a><\/p>\n<p><a style=\"color: #2795b6;\" href=\"https:\/\/agora.xtec.cat\/ceiplafalguera\/wp-content\/uploads\/usu1049\/2022\/12\/PGA-2022-2023.pdf\">\ud83d\udcdd<\/a> <a href=\"https:\/\/view.genial.ly\/6441076adbc982001878dcd4\/interactive-content-pdd-23-27\">Projecte de Direcci\u00f3 23-27\u00a0<\/a><\/p>\n<p>(Aquest \u00e9s el resum del PdD escollit, si voleu m\u00e9s informaci\u00f3 poseu-vos en contacte mitjan\u00e7ant l&#8217;adre\u00e7a de correu electr\u00f2nic: direccio@escolalafalguera.cat, i us el farem arribar el m\u00e9s aviat possible)<\/p>\n<p><a style=\"color: #2795b6;\" href=\"https:\/\/agora.xtec.cat\/ceiplafalguera\/wp-content\/uploads\/usu1049\/2022\/12\/PGA-2022-2023.pdf\">\ud83d\udcdd<\/a> <a href=\"https:\/\/sites.google.com\/escolalafalguera.cat\/edc-la-falguera\/presentaci%C3%B3-de-ledc\">Estrat\u00e8gia Digital<\/a><\/p>\n<p><a style=\"color: #2795b6;\" href=\"https:\/\/agora.xtec.cat\/ceiplafalguera\/wp-content\/uploads\/usu1049\/2022\/12\/PGA-2022-2023.pdf\">\ud83d\udcdd <\/a><a href=\"https:\/\/agora.xtec.cat\/ceiplafalguera\/pressupost-2025\/\">Pressupost 2025<\/a><\/p>\n<p>&nbsp;<\/p>\n<p><a href=\"https:\/\/agora.xtec.cat\/ceiplafalguera\/projecte-educatiu\/documents-de-centre-curs-2022-2023\/attachment\/documentos\/\" rel=\"attachment wp-att-4067\"><img loading=\"lazy\" decoding=\"async\" class=\"aligncenter wp-image-4067 size-thumbnail\" src=\"https:\/\/agora.xtec.cat\/ceiplafalguera\/wp-content\/uploads\/usu1049\/2022\/12\/documentos-150x150.png\" alt=\"\" width=\"150\" height=\"150\" srcset=\"https:\/\/agora.xtec.cat\/ceiplafalguera\/wp-content\/uploads\/usu1049\/2022\/12\/documentos-150x150.png 150w, https:\/\/agora.xtec.cat\/ceiplafalguera\/wp-content\/uploads\/usu1049\/2022\/12\/documentos-300x300.png 300w, https:\/\/agora.xtec.cat\/ceiplafalguera\/wp-content\/uploads\/usu1049\/2022\/12\/documentos.png 512w\" sizes=\"auto, (max-width: 150px) 100vw, 150px\" \/><\/a><\/p>\n","protected":false},"excerpt":{"rendered":"<p>En aquest apartat trobareu la documentaci\u00f3 de centre actualitzada de forma anual. Cliqueu en el enlla\u00e7os per llegir-los.<br \/>\n<a style=\"color: #2795b6;\" href=\"https:\/\/agora.xtec.cat\/ceiplafalguera\/wp-content\/uploads\/usu1049\/2022\/12\/PGA-2022-2023.pdf\">\ud83d\udcdd<\/a> <a href=\"https:\/\/agora.xtec.cat\/ceiplafalguera\/wp-content\/uploads\/usu1049\/2025\/09\/Pla-dacollida-families-25-26.pdf\">Document informatiu d&#8217;inici de curs<\/a><br \/>\n<a style=\"color: #2795b6;\" href=\"https:\/\/agora.xtec.cat\/ceiplafalguera\/wp-content\/uploads\/usu1049\/2022\/12\/PGA-2022-2023.pdf\">\ud83d\udcdd<\/a> <a href=\"https:\/\/agora.xtec.cat\/ceiplafalguera\/wp-content\/uploads\/usu1049\/2025\/08\/QUOTES-MATERIAL.png\">Quotes Curs 25-26<\/a><br \/>\n<a style=\"color: #2795b6;\" href=\"https:\/\/agora.xtec.cat\/ceiplafalguera\/wp-content\/uploads\/usu1049\/2022\/12\/PGA-2022-2023.pdf\">\ud83d\udcdd<\/a><a href=\"https:\/\/www.canva.com\/design\/DAG3WCW3Xfc\/-OUakXKEI8-0DjkRole2Mg\/view?utm_content=DAG3WCW3Xfc&amp;utm_campaign=designshare&amp;utm_medium=link2&amp;utm_source=uniquelinks&amp;utlId=h103602828b\"> Programaci\u00f3 General Anual (PGA) Curs 25-26<\/a><br \/>\n<a style=\"color:&hellip;  <a href=\"https:\/\/agora.xtec.cat\/ceiplafalguera\/documents-descola\/documents-de-centre-curs-2022-2023\/\" title=\"Read Documents de Centre\">Llegeix m\u00e9s\u00bb<\/a><\/p>\n","protected":false},"author":1,"featured_media":0,"parent":4852,"menu_order":1,"comment_status":"closed","ping_status":"closed","template":"","meta":{"_bbp_topic_count":0,"_bbp_reply_count":0,"_bbp_total_topic_count":0,"_bbp_total_reply_count":0,"_bbp_voice_count":0,"_bbp_anonymous_reply_count":0,"_bbp_topic_count_hidden":0,"_bbp_reply_count_hidden":0,"_bbp_forum_subforum_count":0,"footnotes":""},"class_list":["post-4066","page","type-page","status-publish","hentry"],"post_mailing_queue_ids":[],"_links":{"self":[{"href":"https:\/\/agora.xtec.cat\/ceiplafalguera\/wp-json\/wp\/v2\/pages\/4066","targetHints":{"allow":["GET"]}}],"collection":[{"href":"https:\/\/agora.xtec.cat\/ceiplafalguera\/wp-json\/wp\/v2\/pages"}],"about":[{"href":"https:\/\/agora.xtec.cat\/ceiplafalguera\/wp-json\/wp\/v2\/types\/page"}],"author":[{"embeddable":true,"href":"https:\/\/agora.xtec.cat\/ceiplafalguera\/wp-json\/wp\/v2\/users\/1"}],"replies":[{"embeddable":true,"href":"https:\/\/agora.xtec.cat\/ceiplafalguera\/wp-json\/wp\/v2\/comments?post=4066"}],"version-history":[{"count":6,"href":"https:\/\/agora.xtec.cat\/ceiplafalguera\/wp-json\/wp\/v2\/pages\/4066\/revisions"}],"predecessor-version":[{"id":5060,"href":"https:\/\/agora.xtec.cat\/ceiplafalguera\/wp-json\/wp\/v2\/pages\/4066\/revisions\/5060"}],"up":[{"embeddable":true,"href":"https:\/\/agora.xtec.cat\/ceiplafalguera\/wp-json\/wp\/v2\/pages\/4852"}],"wp:attachment":[{"href":"https:\/\/agora.xtec.cat\/ceiplafalguera\/wp-json\/wp\/v2\/media?parent=4066"}],"curies":[{"name":"wp","href":"https:\/\/api.w.org\/{rel}","templated":true}]}}