{"id":3856,"date":"2022-07-21T23:11:43","date_gmt":"2022-07-21T21:11:43","guid":{"rendered":"https:\/\/agora.xtec.cat\/ceiplafalguera\/?page_id=3856"},"modified":"2023-02-06T10:59:18","modified_gmt":"2023-02-06T09:59:18","slug":"vessant-artistica","status":"publish","type":"page","link":"https:\/\/agora.xtec.cat\/ceiplafalguera\/projecte-educatiu\/com-som\/vessant-artistica\/","title":{"rendered":"L&#8217;Art"},"content":{"rendered":"<p>Un dels pilar fonamentals de l&#8217;escola \u00e9s el projecte d&#8217;art, ent\u00e8s com un espai creatiu i interrelacionat amb la pl\u00e0stica, la m\u00fasica i la dansa, que comen\u00e7a en tots els \u00e0mbits a Infantil 3, fins a 6\u00e8.<\/p>\n<p><span style=\"font-weight: 400;\"><a href=\"https:\/\/agora.xtec.cat\/ceiplafalguera\/projecte-educatiu\/com-som\/vessant-artistica\/attachment\/inspiration\/\" rel=\"attachment wp-att-4185\"><img loading=\"lazy\" decoding=\"async\" class=\"alignleft  wp-image-4185\" src=\"https:\/\/agora.xtec.cat\/ceiplafalguera\/wp-content\/uploads\/usu1049\/2023\/02\/inspiration-150x150.png\" alt=\"\" width=\"34\" height=\"34\" srcset=\"https:\/\/agora.xtec.cat\/ceiplafalguera\/wp-content\/uploads\/usu1049\/2023\/02\/inspiration-150x150.png 150w, https:\/\/agora.xtec.cat\/ceiplafalguera\/wp-content\/uploads\/usu1049\/2023\/02\/inspiration-300x300.png 300w, https:\/\/agora.xtec.cat\/ceiplafalguera\/wp-content\/uploads\/usu1049\/2023\/02\/inspiration.png 512w\" sizes=\"auto, (max-width: 34px) 100vw, 34px\" \/><\/a><\/span>Els infants gaudeixen d&#8217;una sessi\u00f3 setmanal d&#8217;<strong>introducci\u00f3 a la <em>dansa<\/em> cotempor\u00e0ia<\/strong> i tradicional portada a terme per membres de la Factoria Mascar\u00f3.<\/p>\n<p><span style=\"font-weight: 400;\"><a href=\"https:\/\/agora.xtec.cat\/ceiplafalguera\/projecte-educatiu\/com-som\/vessant-artistica\/attachment\/inspiration\/\" rel=\"attachment wp-att-4185\"><img loading=\"lazy\" decoding=\"async\" class=\"alignleft  wp-image-4185\" src=\"https:\/\/agora.xtec.cat\/ceiplafalguera\/wp-content\/uploads\/usu1049\/2023\/02\/inspiration-150x150.png\" alt=\"\" width=\"34\" height=\"34\" srcset=\"https:\/\/agora.xtec.cat\/ceiplafalguera\/wp-content\/uploads\/usu1049\/2023\/02\/inspiration-150x150.png 150w, https:\/\/agora.xtec.cat\/ceiplafalguera\/wp-content\/uploads\/usu1049\/2023\/02\/inspiration-300x300.png 300w, https:\/\/agora.xtec.cat\/ceiplafalguera\/wp-content\/uploads\/usu1049\/2023\/02\/inspiration.png 512w\" sizes=\"auto, (max-width: 34px) 100vw, 34px\" \/><\/a><\/span>En relaci\u00f3 a l&#8217;<em><strong>educaci\u00f3 pl\u00e0stica<\/strong><\/em>, es porta a terme un <strong>projecte interdisciplinari i internivell<\/strong> a partir d&#8217;autors de diferent estil i g\u00e8nere, i a partir dels quals, es fa una visita a un museu o es porta a terme un taller a l&#8217;escola de forma anual, des de I4 fins a 6\u00e8. Fem <strong>Jornades Culturals<\/strong> a finals de curs (<span style=\"font-weight: 400;\">2a Setmana de juny del 2023).<\/span><\/p>\n<p><span style=\"font-weight: 400;\"><a href=\"https:\/\/agora.xtec.cat\/ceiplafalguera\/projecte-educatiu\/com-som\/vessant-artistica\/attachment\/inspiration\/\" rel=\"attachment wp-att-4185\"><img loading=\"lazy\" decoding=\"async\" class=\"alignleft  wp-image-4185\" src=\"https:\/\/agora.xtec.cat\/ceiplafalguera\/wp-content\/uploads\/usu1049\/2023\/02\/inspiration-150x150.png\" alt=\"\" width=\"34\" height=\"34\" srcset=\"https:\/\/agora.xtec.cat\/ceiplafalguera\/wp-content\/uploads\/usu1049\/2023\/02\/inspiration-150x150.png 150w, https:\/\/agora.xtec.cat\/ceiplafalguera\/wp-content\/uploads\/usu1049\/2023\/02\/inspiration-300x300.png 300w, https:\/\/agora.xtec.cat\/ceiplafalguera\/wp-content\/uploads\/usu1049\/2023\/02\/inspiration.png 512w\" sizes=\"auto, (max-width: 34px) 100vw, 34px\" \/><\/a>En relaci\u00f3 a l&#8217;<em><strong>educaci\u00f3 m\u00fasical<\/strong><\/em>, participem amb els grups de 5\u00e8 en el <strong>Projecte Cant\u00e0nia<\/strong>. <\/span><span style=\"font-weight: 400;\">S&#8217;introdueix un <strong>instrument musical<\/strong> a partir de 3r, i realitzem s<\/span><span style=\"font-weight: 400;\">ortides a l\u2019Auditori, Palau de la M\u00fasica i Liceu durant tota l\u2019escolaritat,\u00a0 sempre d\u2019acord amb les circumst\u00e0ncies i aforaments oferts.<\/span><\/p>\n<p>&nbsp;<\/p>\n<p>&nbsp;<\/p>\n","protected":false},"excerpt":{"rendered":"<p>Un dels pilar fonamentals de l&#8217;escola \u00e9s el projecte d&#8217;art, ent\u00e8s com un espai creatiu i interrelacionat amb la pl\u00e0stica, la m\u00fasica i la dansa, que comen\u00e7a en tots els \u00e0mbits a Infantil 3, fins a 6\u00e8.<br \/>\n<a href=\"https:\/\/agora.xtec.cat\/ceiplafalguera\/projecte-educatiu\/com-som\/vessant-artistica\/attachment\/inspiration\/\" rel=\"attachment wp-att-4185\"><\/a>Els infants gaudeixen d&#8217;una sessi\u00f3 setmanal&hellip;  <a href=\"https:\/\/agora.xtec.cat\/ceiplafalguera\/projecte-educatiu\/com-som\/vessant-artistica\/\" title=\"Read L&#8217;Art\">Llegeix m\u00e9s\u00bb<\/a><\/p>\n","protected":false},"author":1,"featured_media":0,"parent":3848,"menu_order":3,"comment_status":"closed","ping_status":"closed","template":"","meta":{"_bbp_topic_count":0,"_bbp_reply_count":0,"_bbp_total_topic_count":0,"_bbp_total_reply_count":0,"_bbp_voice_count":0,"_bbp_anonymous_reply_count":0,"_bbp_topic_count_hidden":0,"_bbp_reply_count_hidden":0,"_bbp_forum_subforum_count":0,"footnotes":""},"class_list":["post-3856","page","type-page","status-publish","hentry"],"post_mailing_queue_ids":[],"_links":{"self":[{"href":"https:\/\/agora.xtec.cat\/ceiplafalguera\/wp-json\/wp\/v2\/pages\/3856","targetHints":{"allow":["GET"]}}],"collection":[{"href":"https:\/\/agora.xtec.cat\/ceiplafalguera\/wp-json\/wp\/v2\/pages"}],"about":[{"href":"https:\/\/agora.xtec.cat\/ceiplafalguera\/wp-json\/wp\/v2\/types\/page"}],"author":[{"embeddable":true,"href":"https:\/\/agora.xtec.cat\/ceiplafalguera\/wp-json\/wp\/v2\/users\/1"}],"replies":[{"embeddable":true,"href":"https:\/\/agora.xtec.cat\/ceiplafalguera\/wp-json\/wp\/v2\/comments?post=3856"}],"version-history":[{"count":3,"href":"https:\/\/agora.xtec.cat\/ceiplafalguera\/wp-json\/wp\/v2\/pages\/3856\/revisions"}],"predecessor-version":[{"id":3981,"href":"https:\/\/agora.xtec.cat\/ceiplafalguera\/wp-json\/wp\/v2\/pages\/3856\/revisions\/3981"}],"up":[{"embeddable":true,"href":"https:\/\/agora.xtec.cat\/ceiplafalguera\/wp-json\/wp\/v2\/pages\/3848"}],"wp:attachment":[{"href":"https:\/\/agora.xtec.cat\/ceiplafalguera\/wp-json\/wp\/v2\/media?parent=3856"}],"curies":[{"name":"wp","href":"https:\/\/api.w.org\/{rel}","templated":true}]}}