{"id":3626,"date":"2022-04-22T16:00:31","date_gmt":"2022-04-22T14:00:31","guid":{"rendered":"https:\/\/agora.xtec.cat\/ceiplafalguera\/?page_id=3626"},"modified":"2024-03-06T13:19:12","modified_gmt":"2024-03-06T12:19:12","slug":"estrategia-digital-de-centre-2","status":"publish","type":"page","link":"https:\/\/agora.xtec.cat\/ceiplafalguera\/projecte-educatiu\/com-som\/estrategia-digital-de-centre-2\/","title":{"rendered":"La digitalitzaci\u00f3"},"content":{"rendered":"<p><a href=\"https:\/\/agora.xtec.cat\/ceiplafalguera\/wp-content\/uploads\/usu1049\/2022\/07\/web-design.png\"><img loading=\"lazy\" decoding=\"async\" class=\"alignleft wp-image-3780\" src=\"https:\/\/agora.xtec.cat\/ceiplafalguera\/wp-content\/uploads\/usu1049\/2022\/07\/web-design-150x150.png\" alt=\"\" width=\"100\" height=\"100\" \/><\/a>Les noves tecnologies s\u00f3n un mitj\u00e0 que ens ajuda a descobrir i aprendre. D&#8217;una forma contextualitzada, les eines digitals esdevenen elements de gran import\u00e0ncia i ajuda a l&#8217;hora de transformar els coneixements; en resum, no s\u00f3n una finalitat en s\u00ed mateixes sin\u00f3 el cam\u00ed per ampliar aprenentatges.<\/p>\n<p>El seu \u00fas a trav\u00e9s de les diferents etapes \u00e9s ben diferent, per\u00f2. Creiem que l&#8217;infant ha de manipular i experimentar, i \u00e9s per aquesta ra\u00f3 que no \u00e9s fins a 1r de Prim\u00e0ria que s&#8217;en comen\u00e7a a fer un \u00fas puntual. \u00c9s a partir de 4t que el treball a partir de recursos digitals s&#8217;intensifica, sempre sense deixar de banda l&#8217;aprenentatge a trav\u00e9s de la manipulaci\u00f3.<\/p>\n<p>Per tal de formalitzar la governan\u00e7a de la tecnologia a l&#8217;escola, la Comissi\u00f3 Digital, juntament amb l&#8217;Equip Directiu, actualment es troba immersa en l\u2019elaboraci\u00f3 de l\u2019Estrat\u00e8gia Digital de Centre (EDC),\u00a0un document que tamb\u00e9 recull les l\u00ednies d\u2019actuaci\u00f3 per aconseguir l\u2019assoliment de la\u00a0 compet\u00e8ncia digital per part de l\u2019alumnat, els docents i el centre.<\/p>\n<p>L\u2019EDC compr\u00e8n tots els \u00e0mbits del centre: organitzatius, metodol\u00f2gics, curriculars i comunicatius, els quals s\u2019han de veure necess\u00e0riament implicats i, si escau, transformats, des d\u2019una perspectiva d\u2019innovaci\u00f3 i de millora cont\u00ednua.<\/p>\n<p>&nbsp;<\/p>\n","protected":false},"excerpt":{"rendered":"<p><a href=\"https:\/\/agora.xtec.cat\/ceiplafalguera\/wp-content\/uploads\/usu1049\/2022\/07\/web-design.png\"><\/a>Les noves tecnologies s\u00f3n un mitj\u00e0 que ens ajuda a descobrir i aprendre. D&#8217;una forma contextualitzada, les eines digitals esdevenen elements de gran import\u00e0ncia i ajuda a l&#8217;hora de transformar els coneixements; en resum, no s\u00f3n una finalitat en s\u00ed mateixes sin\u00f3 el cam\u00ed&hellip;  <a href=\"https:\/\/agora.xtec.cat\/ceiplafalguera\/projecte-educatiu\/com-som\/estrategia-digital-de-centre-2\/\" title=\"Read La digitalitzaci\u00f3\">Llegeix m\u00e9s\u00bb<\/a><\/p>\n","protected":false},"author":1,"featured_media":0,"parent":3848,"menu_order":4,"comment_status":"closed","ping_status":"closed","template":"","meta":{"_bbp_topic_count":0,"_bbp_reply_count":0,"_bbp_total_topic_count":0,"_bbp_total_reply_count":0,"_bbp_voice_count":0,"_bbp_anonymous_reply_count":0,"_bbp_topic_count_hidden":0,"_bbp_reply_count_hidden":0,"_bbp_forum_subforum_count":0,"footnotes":""},"class_list":["post-3626","page","type-page","status-publish","hentry"],"post_mailing_queue_ids":[],"_links":{"self":[{"href":"https:\/\/agora.xtec.cat\/ceiplafalguera\/wp-json\/wp\/v2\/pages\/3626","targetHints":{"allow":["GET"]}}],"collection":[{"href":"https:\/\/agora.xtec.cat\/ceiplafalguera\/wp-json\/wp\/v2\/pages"}],"about":[{"href":"https:\/\/agora.xtec.cat\/ceiplafalguera\/wp-json\/wp\/v2\/types\/page"}],"author":[{"embeddable":true,"href":"https:\/\/agora.xtec.cat\/ceiplafalguera\/wp-json\/wp\/v2\/users\/1"}],"replies":[{"embeddable":true,"href":"https:\/\/agora.xtec.cat\/ceiplafalguera\/wp-json\/wp\/v2\/comments?post=3626"}],"version-history":[{"count":5,"href":"https:\/\/agora.xtec.cat\/ceiplafalguera\/wp-json\/wp\/v2\/pages\/3626\/revisions"}],"predecessor-version":[{"id":4632,"href":"https:\/\/agora.xtec.cat\/ceiplafalguera\/wp-json\/wp\/v2\/pages\/3626\/revisions\/4632"}],"up":[{"embeddable":true,"href":"https:\/\/agora.xtec.cat\/ceiplafalguera\/wp-json\/wp\/v2\/pages\/3848"}],"wp:attachment":[{"href":"https:\/\/agora.xtec.cat\/ceiplafalguera\/wp-json\/wp\/v2\/media?parent=3626"}],"curies":[{"name":"wp","href":"https:\/\/api.w.org\/{rel}","templated":true}]}}