{"id":28,"date":"2014-09-18T12:29:35","date_gmt":"2014-09-18T11:29:35","guid":{"rendered":"http:\/\/agora.xtec.cat\/ceiplafalguera\/?page_id=28"},"modified":"2025-12-03T15:28:58","modified_gmt":"2025-12-03T14:28:58","slug":"consell-escolar","status":"publish","type":"page","link":"https:\/\/agora.xtec.cat\/ceiplafalguera\/lescola\/consell-escolar\/","title":{"rendered":"Consell escolar"},"content":{"rendered":"<p><a href=\"https:\/\/agora.xtec.cat\/ceiplafalguera\/wp-content\/uploads\/usu1049\/2022\/07\/meeting.png\"><img loading=\"lazy\" decoding=\"async\" class=\"alignleft wp-image-3785\" src=\"https:\/\/agora.xtec.cat\/ceiplafalguera\/wp-content\/uploads\/usu1049\/2022\/07\/meeting-150x150.png\" alt=\"\" width=\"100\" height=\"100\" srcset=\"https:\/\/agora.xtec.cat\/ceiplafalguera\/wp-content\/uploads\/usu1049\/2022\/07\/meeting-150x150.png 150w, https:\/\/agora.xtec.cat\/ceiplafalguera\/wp-content\/uploads\/usu1049\/2022\/07\/meeting-300x300.png 300w, https:\/\/agora.xtec.cat\/ceiplafalguera\/wp-content\/uploads\/usu1049\/2022\/07\/meeting.png 512w\" sizes=\"auto, (max-width: 100px) 100vw, 100px\" \/><\/a>El consell escolar del centre \u00e9s l&#8217;<strong>\u00f2rgan col\u00b7legiat de participaci\u00f3<\/strong> de la comunitat escolar en el govern del centre. En el consell escolar hi ha representats tots els col\u00b7lectius que intervenen en la comunitat educativa: direcci\u00f3, mestres, personal d&#8217;administraci\u00f3 i serveis, fam\u00edlies i representant de l&#8217;administraci\u00f3 local.<\/p>\n<p>En els centres p\u00fablics, la funci\u00f3 principal del consell escolar \u00e9s <strong>participar en la presa de decisions en relaci\u00f3 amb aquells temes importants per al funcionament i l&#8217;organitzaci\u00f3 del centre<\/strong>: el projecte educatiu, la programaci\u00f3 general, la gesti\u00f3 econ\u00f2mica, etc.<\/p>\n<p>Els membres del consell escolar s\u00f3n elegits per un per\u00edode de quatre anys i es renoven per meitats cada dos anys.<\/p>\n<p>Actualment, aquest \u00f2rgan <strong>est\u00e0 composat<\/strong> per les seg\u00fcents persones:<\/p>\n<p><strong>President:<\/strong>\u00a0Ver\u00f2nica Gr\u00e0cia<\/p>\n<p><strong>Cap d\u2019estudis:<\/strong> Sara Blanchart<\/p>\n<p><strong>Secret\u00e0ria:<\/strong> Leti Madrid<\/p>\n<p><strong>Sector de mestres:<\/strong> Cristina Collado, Aida Cuestas, Marta Fern\u00e1ndez i Silvia Duran.<\/p>\n<p><strong>Sector fam\u00edlies:<\/strong> <span style=\"font-weight: 400;\">Albert Sol\u00e0, Mariam Salmanova, Tamara Ramon i <\/span>Carla Ginest\u00ed<\/p>\n<p><strong>Representant AFA:<\/strong> <span style=\"font-weight: 400;\">Alba Arr\u00e9bola<\/span><\/p>\n<p><strong>Representant PAS:\u00a0<\/strong>Imma Peir\u00f3<\/p>\n<p><strong>Representant PAE: <\/strong>Esther Barbany<\/p>\n<p><strong>Representant Ajuntament:<\/strong> Joan Manel Verdaguer<\/p>\n<p>Aquest consell escolar es va renovar el 27 de novembre de 2025 (dos membres del sector docent i dos membres del sector fam\u00edlies) segons la normativa establerta.<\/p>\n<p>Cliqueu en <a href=\"https:\/\/agora.xtec.cat\/ceiplafalguera\/categoria\/consell-escolar\/\">l&#8217;enlla\u00e7<\/a> \ud83d\udc41\ufe0f\u200d\ud83d\udde8\ufe0f per veure not\u00edcies relacionades amb el Consell Escolar.<\/p>\n<p>&nbsp;<\/p>\n","protected":false},"excerpt":{"rendered":"<p><a href=\"https:\/\/agora.xtec.cat\/ceiplafalguera\/wp-content\/uploads\/usu1049\/2022\/07\/meeting.png\"><\/a>El consell escolar del centre \u00e9s l&#8217;\u00f2rgan col\u00b7legiat de participaci\u00f3 de la comunitat escolar en el govern del centre. En el consell escolar hi ha representats tots els col\u00b7lectius que intervenen en la comunitat educativa: direcci\u00f3, mestres, personal d&#8217;administraci\u00f3 i serveis, fam\u00edlies i representant&hellip;  <a href=\"https:\/\/agora.xtec.cat\/ceiplafalguera\/lescola\/consell-escolar\/\" title=\"Read Consell escolar\">Llegeix m\u00e9s\u00bb<\/a><\/p>\n","protected":false},"author":1,"featured_media":0,"parent":22,"menu_order":5,"comment_status":"closed","ping_status":"closed","template":"","meta":{"_bbp_topic_count":0,"_bbp_reply_count":0,"_bbp_total_topic_count":0,"_bbp_total_reply_count":0,"_bbp_voice_count":0,"_bbp_anonymous_reply_count":0,"_bbp_topic_count_hidden":0,"_bbp_reply_count_hidden":0,"_bbp_forum_subforum_count":0,"footnotes":""},"class_list":["post-28","page","type-page","status-publish","hentry"],"post_mailing_queue_ids":[],"_links":{"self":[{"href":"https:\/\/agora.xtec.cat\/ceiplafalguera\/wp-json\/wp\/v2\/pages\/28","targetHints":{"allow":["GET"]}}],"collection":[{"href":"https:\/\/agora.xtec.cat\/ceiplafalguera\/wp-json\/wp\/v2\/pages"}],"about":[{"href":"https:\/\/agora.xtec.cat\/ceiplafalguera\/wp-json\/wp\/v2\/types\/page"}],"author":[{"embeddable":true,"href":"https:\/\/agora.xtec.cat\/ceiplafalguera\/wp-json\/wp\/v2\/users\/1"}],"replies":[{"embeddable":true,"href":"https:\/\/agora.xtec.cat\/ceiplafalguera\/wp-json\/wp\/v2\/comments?post=28"}],"version-history":[{"count":7,"href":"https:\/\/agora.xtec.cat\/ceiplafalguera\/wp-json\/wp\/v2\/pages\/28\/revisions"}],"predecessor-version":[{"id":5062,"href":"https:\/\/agora.xtec.cat\/ceiplafalguera\/wp-json\/wp\/v2\/pages\/28\/revisions\/5062"}],"up":[{"embeddable":true,"href":"https:\/\/agora.xtec.cat\/ceiplafalguera\/wp-json\/wp\/v2\/pages\/22"}],"wp:attachment":[{"href":"https:\/\/agora.xtec.cat\/ceiplafalguera\/wp-json\/wp\/v2\/media?parent=28"}],"curies":[{"name":"wp","href":"https:\/\/api.w.org\/{rel}","templated":true}]}}