{"id":26,"date":"2014-09-18T12:24:32","date_gmt":"2014-09-18T10:24:32","guid":{"rendered":"http:\/\/agora.xtec.cat\/ceiplafalguera\/?page_id=26"},"modified":"2023-02-02T11:18:27","modified_gmt":"2023-02-02T10:18:27","slug":"historia","status":"publish","type":"page","link":"https:\/\/agora.xtec.cat\/ceiplafalguera\/projecte-educatiu\/historia\/","title":{"rendered":"Qui som? (Projecte Educatiu de Centre)"},"content":{"rendered":"<p>La Falguera \u00e9s una escola p\u00fablica amb un projecte d&#8217;innovaci\u00f3 educativa, on la inclusi\u00f3, la coeducaci\u00f3, la perspectiva de g\u00e8nere i la democratitzaci\u00f3 de les aules s\u00f3n els pilars fonamentals per poder situar a l&#8217;infant com a centre del seu aprenentatge, sent capa\u00e7 de gestionar eines i estrat\u00e8gies per esdevenir un ciutad\u00e0 competent, solidari, comprom\u00e8s i amb esperit cr\u00edtic, en una societat en constant transformaci\u00f3. La Falguera pret\u00e9n unir voluntats i consensuar actuacions, tenint en compte les diferents sensibilitats que coexisteixen, per tal de donar la resposta adequada a les compet\u00e8ncies, sabers i habilitats dels nostres alumnes que els hi permetin poder incorporar-se a la societat com a persones independents i aut\u00f2nomes.<\/p>\n<p>Va ser inaugurada l&#8217;any 2006 i des d&#8217;aleshores hem estat creixent, a poc a poc per\u00f2 amb pas ferm. I ens hem fet grans, per\u00f2 mantenint la voluntat de seguir creixent encara m\u00e9s (no en grand\u00e0ria, s\u00ed en experi\u00e8ncies). Ho fem envoltats d&#8217;un entorn privilegiat, enmig d&#8217;un bosc mediterrani, amb el que hi mantenim una relaci\u00f3 ben especial.<\/p>\n<p>Fem una educaci\u00f3 basada en quatre eixos d&#8217;aprenentatge fonamentals: l&#8217;<em><strong>Art<\/strong>,<\/em> present a l&#8217;aula d&#8217;una forma natural i quotidiana; la import\u00e0ncia de les <strong>lleng\u00fces<\/strong>; la <em><strong>Natura<\/strong><\/em>, com no podia ser d&#8217;una altra manera tenint tan a prop un bosc que ens acompanya i ens ensenya, i la <strong>digitalitzaci\u00f3.<\/strong><\/p>\n<p>Ens definim a partir del <strong>m\u00e8tode dial\u00f2gic<\/strong>, <strong>proc\u00e9s cient\u00edfic<\/strong> i <strong>valors democr\u00e0tics<\/strong>, a trav\u00e9s d&#8217;un projecte propi (l&#8217;<strong>Involucra&#8217;t<\/strong>), desenvolupat en els darrers cinc anys, revisat i redefinit el curs 2020-2021, i que t\u00e9 com a objectiu principal l&#8217;apoderament dels alumnes, el desenvolupament de la intel\u00b7lig\u00e8ncia emocional, la socialitzaci\u00f3, l&#8217;empatia envers els altres i la capacitat d&#8217;autogesti\u00f3, autoregulaci\u00f3 i autoavaluaci\u00f3.<\/p>\n<p>Creiem en que una <strong>escola inclusiva<\/strong> i <strong>coeducadora<\/strong> \u00e9s possible.<\/p>\n<p>Aprenem sense llibres que marquin l\u00edmits i que ens dificultin sortir del cam\u00ed per explorar els seus voltants. Gaudim del passeig, a mesura que avancem, sense pressa i sense pausa.<\/p>\n<p align=\"center\"><iframe loading=\"lazy\" title=\"YouTube video player\" src=\"https:\/\/www.youtube.com\/embed\/OVp2G7-TGdM\" width=\"560\" height=\"315\" frameborder=\"0\" allowfullscreen=\"allowfullscreen\"><\/iframe><\/p>\n<blockquote><p><strong>Aquesta informaci\u00f3 queda completament definida i pot ser consultada en el <a href=\"http:\/\/agora.xtec.cat\/ceiplafalguera\/wp-content\/uploads\/usu1049\/2016\/06\/Nou-PEC-2016.pdf\">Projecte Educatiu de Centre \ud83d\udcc4<\/a>.<\/strong><\/p><\/blockquote>\n","protected":false},"excerpt":{"rendered":"<p>La Falguera \u00e9s una escola p\u00fablica amb un projecte d&#8217;innovaci\u00f3 educativa, on la inclusi\u00f3, la coeducaci\u00f3, la perspectiva de g\u00e8nere i la democratitzaci\u00f3 de les aules s\u00f3n els pilars fonamentals per poder situar a l&#8217;infant com a centre del seu aprenentatge, sent capa\u00e7 de gestionar&hellip;  <a href=\"https:\/\/agora.xtec.cat\/ceiplafalguera\/projecte-educatiu\/historia\/\" title=\"Read Qui som? (Projecte Educatiu de Centre)\">Llegeix m\u00e9s\u00bb<\/a><\/p>\n","protected":false},"author":1,"featured_media":0,"parent":64,"menu_order":1,"comment_status":"closed","ping_status":"closed","template":"","meta":{"_bbp_topic_count":0,"_bbp_reply_count":0,"_bbp_total_topic_count":0,"_bbp_total_reply_count":0,"_bbp_voice_count":0,"_bbp_anonymous_reply_count":0,"_bbp_topic_count_hidden":0,"_bbp_reply_count_hidden":0,"_bbp_forum_subforum_count":0,"footnotes":""},"class_list":["post-26","page","type-page","status-publish","hentry"],"post_mailing_queue_ids":[],"_links":{"self":[{"href":"https:\/\/agora.xtec.cat\/ceiplafalguera\/wp-json\/wp\/v2\/pages\/26","targetHints":{"allow":["GET"]}}],"collection":[{"href":"https:\/\/agora.xtec.cat\/ceiplafalguera\/wp-json\/wp\/v2\/pages"}],"about":[{"href":"https:\/\/agora.xtec.cat\/ceiplafalguera\/wp-json\/wp\/v2\/types\/page"}],"author":[{"embeddable":true,"href":"https:\/\/agora.xtec.cat\/ceiplafalguera\/wp-json\/wp\/v2\/users\/1"}],"replies":[{"embeddable":true,"href":"https:\/\/agora.xtec.cat\/ceiplafalguera\/wp-json\/wp\/v2\/comments?post=26"}],"version-history":[{"count":3,"href":"https:\/\/agora.xtec.cat\/ceiplafalguera\/wp-json\/wp\/v2\/pages\/26\/revisions"}],"predecessor-version":[{"id":4152,"href":"https:\/\/agora.xtec.cat\/ceiplafalguera\/wp-json\/wp\/v2\/pages\/26\/revisions\/4152"}],"up":[{"embeddable":true,"href":"https:\/\/agora.xtec.cat\/ceiplafalguera\/wp-json\/wp\/v2\/pages\/64"}],"wp:attachment":[{"href":"https:\/\/agora.xtec.cat\/ceiplafalguera\/wp-json\/wp\/v2\/media?parent=26"}],"curies":[{"name":"wp","href":"https:\/\/api.w.org\/{rel}","templated":true}]}}