{"id":9395,"date":"2020-09-09T23:12:02","date_gmt":"2020-09-09T21:12:02","guid":{"rendered":"http:\/\/agora.xtec.cat\/ceipladraga\/?page_id=9395"},"modified":"2026-04-08T08:15:57","modified_gmt":"2026-04-08T06:15:57","slug":"menus","status":"publish","type":"page","link":"https:\/\/agora.xtec.cat\/ceipladraga\/afa\/serveis-2\/menus\/","title":{"rendered":"Men\u00fas"},"content":{"rendered":"\n<div style=\"display: none;\">\n<p>&nbsp;<\/p>\n<\/div>\n\n\n\n<div style=\"display: none;\">&nbsp;<\/div>\n\n\n\n<div style=\"display: none;\">&nbsp;<\/div>\n\n\n\n<div style=\"display: none;\">&nbsp;<\/div>\n\n\n\n<div style=\"display: none;\">&nbsp;<\/div>\n\n\n\n<div style=\"display: none;\">&nbsp;<\/div>\n\n\n\n<div style=\"display: none;\">&nbsp;<\/div>\n\n\n\n<div style=\"display: none;\">&nbsp;<\/div>\n\n\n\n<div style=\"display: none;\">&nbsp;<\/div>\n\n\n\n<div style=\"display: none;\">&nbsp;<\/div>\n\n\n\n<div style=\"display: none;\">&nbsp;<\/div>\n\n\n\n<div style=\"display: none;\">&nbsp;<\/div>\n\n\n\n<div style=\"display: none;\">&nbsp;<\/div>\n\n\n\n<div style=\"display: none;\">&nbsp;<\/div>\n\n\n\n<div style=\"display: none;\">&nbsp;<\/div>\n\n\n\n<div style=\"display: none;\">&nbsp;<\/div>\n\n\n\n<div style=\"display: none;\">&nbsp;<\/div>\n\n\n\n<div style=\"display: none;\">&nbsp;<\/div>\n\n\n\n<div style=\"display: none;\">\u00a0<\/div>\n\n\n\n<p>Aqu\u00ed teniu una guia d&#8217;alimentaci\u00f3 en etapa escolar: <a href=\"https:\/\/agora.xtec.cat\/ceipladraga\/wp-content\/uploads\/usu1220\/2021\/03\/guia_alimentacio_etapa_escolar-2020.pdf\">guia d&#8217;alimentacio en l&#8217;etapa escolar<\/a>.<\/p>\n\n\n\n<p>Men\u00fas del mes d&#8217;Abril 2026<\/p>\n\n\n\n<p>Tots els men\u00fas (<code>basal, sense carn, sense gluten, sense lactosa, sense lactosa ni fruits secs, sense porc, sense prote\u00efna de la llet de vaca, sense peix ni fruits secs, sense peix ni marisc, multial\u00b7l\u00e8rgic i vegetari\u00e0)<\/code><\/p>\n\n\n\n<div data-wp-interactive=\"core\/file\" class=\"wp-block-file\"><object data-wp-bind--hidden=\"!state.hasPdfPreview\" hidden class=\"wp-block-file__embed\" data=\"https:\/\/agora.xtec.cat\/ceipladraga\/wp-content\/uploads\/usu1220\/2026\/04\/DIETES-ABRIL-26-LA-DRAGA.pdf\" type=\"application\/pdf\" style=\"width:100%;height:600px\" aria-label=\"Incrustaci\u00f3 del fitxer DIETES ABRIL 26 - LA DRAGA.\"><\/object><a id=\"wp-block-file--media-b4def733-9147-44eb-97ee-111430a4960e\" href=\"https:\/\/agora.xtec.cat\/ceipladraga\/wp-content\/uploads\/usu1220\/2026\/04\/DIETES-ABRIL-26-LA-DRAGA.pdf\">DIETES ABRIL 26 &#8211; LA DRAGA<\/a><a href=\"https:\/\/agora.xtec.cat\/ceipladraga\/wp-content\/uploads\/usu1220\/2026\/04\/DIETES-ABRIL-26-LA-DRAGA.pdf\" class=\"wp-block-file__button wp-element-button\" download aria-describedby=\"wp-block-file--media-b4def733-9147-44eb-97ee-111430a4960e\">Baixa<\/a><\/div>\n\n\n\n<h2 class=\"wp-block-heading\">B\u00fastia de suggeriments<\/h2>\n\n\n\n<p>Si voleu fer-nos arribar <strong>opinions<\/strong>, <strong>suggeriments <\/strong>o <strong>queixes sobre el servei de menjador<\/strong>, podeu fer-ho de manera <strong>an\u00f2nima <\/strong>a trav\u00e9s del seg\u00fcent enlla\u00e7.<br>Nom\u00e9s cal indicar <strong>el curs que est\u00e0 cursant el vostre infant<\/strong> per poder tenir en compte la resposta o la situaci\u00f3 concreta.<br>Les vostres aportacions ens ajuden a <strong>millorar i enriquir l\u2019espai de menjador<\/strong>.<br><br>Acc\u00e9s a la b\u00fastia <a href=\"https:\/\/docs.google.com\/forms\/d\/e\/1FAIpQLSdB9_i2cqZ9iI8h9g2eQoRV_uaPNZKDZGdbSHwj7YKTeCT1HQ\/viewform\">aqu\u00ed<\/a>.<\/p>\n\n\n\n<p><\/p>\n\n\n\n<p><\/p>\n\n\n\n<p><\/p>\n\n\n\n<p><\/p>\n\n\n\n<p><\/p>\n","protected":false},"excerpt":{"rendered":"<p>&nbsp; &nbsp; &nbsp; &nbsp; &nbsp; &nbsp; &nbsp; &nbsp; &nbsp; &nbsp; &nbsp; &nbsp; &nbsp; &nbsp; &nbsp; &nbsp; &nbsp; &nbsp; \u00a0 Aqu\u00ed [&hellip;]<\/p>\n","protected":false},"author":21,"featured_media":0,"parent":876,"menu_order":1,"comment_status":"closed","ping_status":"closed","template":"","meta":{"_bbp_topic_count":0,"_bbp_reply_count":0,"_bbp_total_topic_count":0,"_bbp_total_reply_count":0,"_bbp_voice_count":0,"_bbp_anonymous_reply_count":0,"_bbp_topic_count_hidden":0,"_bbp_reply_count_hidden":0,"_bbp_forum_subforum_count":0,"site-sidebar-layout":"default","site-content-layout":"","ast-site-content-layout":"default","site-content-style":"default","site-sidebar-style":"default","ast-global-header-display":"","ast-banner-title-visibility":"","ast-main-header-display":"","ast-hfb-above-header-display":"","ast-hfb-below-header-display":"","ast-hfb-mobile-header-display":"","site-post-title":"","ast-breadcrumbs-content":"","ast-featured-img":"","footer-sml-layout":"","theme-transparent-header-meta":"","adv-header-id-meta":"","stick-header-meta":"","header-above-stick-meta":"","header-main-stick-meta":"","header-below-stick-meta":"","astra-migrate-meta-layouts":"set","ast-page-background-enabled":"default","ast-page-background-meta":{"desktop":{"background-color":"var(--ast-global-color-4)","background-image":"","background-repeat":"repeat","background-position":"center center","background-size":"auto","background-attachment":"scroll","background-type":"","background-media":"","overlay-type":"","overlay-color":"","overlay-opacity":"","overlay-gradient":""},"tablet":{"background-color":"","background-image":"","background-repeat":"repeat","background-position":"center center","background-size":"auto","background-attachment":"scroll","background-type":"","background-media":"","overlay-type":"","overlay-color":"","overlay-opacity":"","overlay-gradient":""},"mobile":{"background-color":"","background-image":"","background-repeat":"repeat","background-position":"center center","background-size":"auto","background-attachment":"scroll","background-type":"","background-media":"","overlay-type":"","overlay-color":"","overlay-opacity":"","overlay-gradient":""}},"ast-content-background-meta":{"desktop":{"background-color":"var(--ast-global-color-5)","background-image":"","background-repeat":"repeat","background-position":"center center","background-size":"auto","background-attachment":"scroll","background-type":"","background-media":"","overlay-type":"","overlay-color":"","overlay-opacity":"","overlay-gradient":""},"tablet":{"background-color":"var(--ast-global-color-5)","background-image":"","background-repeat":"repeat","background-position":"center center","background-size":"auto","background-attachment":"scroll","background-type":"","background-media":"","overlay-type":"","overlay-color":"","overlay-opacity":"","overlay-gradient":""},"mobile":{"background-color":"var(--ast-global-color-5)","background-image":"","background-repeat":"repeat","background-position":"center center","background-size":"auto","background-attachment":"scroll","background-type":"","background-media":"","overlay-type":"","overlay-color":"","overlay-opacity":"","overlay-gradient":""}},"footnotes":""},"class_list":["post-9395","page","type-page","status-publish","hentry"],"post_mailing_queue_ids":[],"_links":{"self":[{"href":"https:\/\/agora.xtec.cat\/ceipladraga\/wp-json\/wp\/v2\/pages\/9395","targetHints":{"allow":["GET"]}}],"collection":[{"href":"https:\/\/agora.xtec.cat\/ceipladraga\/wp-json\/wp\/v2\/pages"}],"about":[{"href":"https:\/\/agora.xtec.cat\/ceipladraga\/wp-json\/wp\/v2\/types\/page"}],"author":[{"embeddable":true,"href":"https:\/\/agora.xtec.cat\/ceipladraga\/wp-json\/wp\/v2\/users\/21"}],"replies":[{"embeddable":true,"href":"https:\/\/agora.xtec.cat\/ceipladraga\/wp-json\/wp\/v2\/comments?post=9395"}],"version-history":[{"count":6,"href":"https:\/\/agora.xtec.cat\/ceipladraga\/wp-json\/wp\/v2\/pages\/9395\/revisions"}],"predecessor-version":[{"id":17407,"href":"https:\/\/agora.xtec.cat\/ceipladraga\/wp-json\/wp\/v2\/pages\/9395\/revisions\/17407"}],"up":[{"embeddable":true,"href":"https:\/\/agora.xtec.cat\/ceipladraga\/wp-json\/wp\/v2\/pages\/876"}],"wp:attachment":[{"href":"https:\/\/agora.xtec.cat\/ceipladraga\/wp-json\/wp\/v2\/media?parent=9395"}],"curies":[{"name":"wp","href":"https:\/\/api.w.org\/{rel}","templated":true}]}}