{"id":84,"date":"2014-09-18T14:11:31","date_gmt":"2014-09-18T12:11:31","guid":{"rendered":"http:\/\/agora.xtec.cat\/ceipladraga\/?page_id=84"},"modified":"2025-07-08T15:51:00","modified_gmt":"2025-07-08T13:51:00","slug":"activitats-extraescolars","status":"publish","type":"page","link":"https:\/\/agora.xtec.cat\/ceipladraga\/afa\/serveis-2\/activitats-extraescolars\/","title":{"rendered":"Activitats extraescolars Curs 2025-2026"},"content":{"rendered":"<p>Recordeu que en totes les activitats cal un nombre m\u00ednim d\u2019inscrits per tal que es dugui a terme l\u2019activitat.<\/p>\n<p>A continuaci\u00f3 detallem els horaris i els grups que s\u2019oferir\u00e0 cadascuna. Cliqueu a l&#8217;horari per descarregar-vos la guia amb totes les extraescolars pel curs 25-26.<\/p>\n<p><a href=\"https:\/\/agora.xtec.cat\/ceipladraga\/wp-content\/uploads\/usu1220\/2025\/07\/2025_2026_extraescolars.pdf\"><img loading=\"lazy\" decoding=\"async\" class=\"wp-image-16419 size-large aligncenter\" src=\"https:\/\/agora.xtec.cat\/ceipladraga\/wp-content\/uploads\/usu1220\/2025\/07\/extraescolars25_26-778x1024.png\" alt=\"Extraescolars 25-26\" width=\"778\" height=\"1024\" srcset=\"https:\/\/agora.xtec.cat\/ceipladraga\/wp-content\/uploads\/usu1220\/2025\/07\/extraescolars25_26-778x1024.png 778w, https:\/\/agora.xtec.cat\/ceipladraga\/wp-content\/uploads\/usu1220\/2025\/07\/extraescolars25_26-228x300.png 228w, https:\/\/agora.xtec.cat\/ceipladraga\/wp-content\/uploads\/usu1220\/2025\/07\/extraescolars25_26-768x1011.png 768w, https:\/\/agora.xtec.cat\/ceipladraga\/wp-content\/uploads\/usu1220\/2025\/07\/extraescolars25_26.png 877w\" sizes=\"auto, (max-width: 778px) 100vw, 778px\" \/><\/a><\/p>\n<p><span style=\"text-decoration: underline;\"><strong><a href=\"https:\/\/agora.xtec.cat\/ceipladraga\/wp-content\/uploads\/usu1220\/2025\/07\/2025_2026_extraescolars.pdf\">EXTRAESCOLARS DRAGA 2025-2026<\/a><\/strong><\/span><\/p>\n<p>Trobareu informaci\u00f3 m\u00e9s detallada de cada activitat, preus i per\u00edodes d&#8217;inscripci\u00f3 als tr\u00edptics que s\u2019adjunten aix\u00ed com a les webs de les empreses organitzadores.<\/p>\n<h3><strong>Sotrac<\/strong><\/h3>\n<p>Sotrac \u00e9s l\u2019empresa encarregada de realitzar l\u2019<strong>ACOLLIDA MATINAL<\/strong> i oferta diferents activitats moltes d\u2019elles ja consolidades des de fa molt de temps a la nostra escola.<\/p>\n<p>M\u00e9s informaci\u00f3 sobre el funcionament de l\u2019Acollida Matinal <a href=\"https:\/\/drive.google.com\/file\/d\/1NMnSQlrApvUszjEiQO54BMknsCrBDPXf\/view\">aqu\u00ed.<\/a><\/p>\n<p>Les propostes que s\u2019ofereixen s\u00f3n:<\/p>\n<p><strong>Teatre, Enfilart, Nataci\u00f3 i Casal tarda<\/strong><br \/>\nM\u00e9s informaci\u00f3 i inscripcions a la seva web:<br \/>\n<a href=\"http:\/\/www.sotrac.cat\/\">www.sotrac.cat<\/a><\/p>\n<p>o trucant al tel\u00e8fon 650479683<\/p>\n<h3>Consell Esportiu del Pla de l&#8217;Estany<\/h3>\n<p>El Consell Esportiu del Pla de l\u2019Estany ens ofereix diferents activitats extraescolars amb la finalitat d\u2019iniciar als alumnes a la pr\u00e0ctica d\u2019activitat f\u00edsica i crear h\u00e0bits esportius i saludables tot treballant els valors a trav\u00e9s de l\u2019esport.<\/p>\n<p>Les propostes que s\u2019ofereixen s\u00f3n <strong>MULTIESPORT (<\/strong>activitat esportiva plenament consolidada a la nostra escola) i <strong>BALL I RITME<\/strong>. L\u2019objectiu \u00e9s que a trav\u00e9s d\u2019una oferta poliesportiva de qualitat s\u2019ajudi a millorar el desenvolupament motor, personal i emocional del nen\/a participant.<\/p>\n<p>M\u00e9s informaci\u00f3 i inscripcions a la seva web:<\/p>\n<p><a href=\"http:\/\/www.ceplaestany.cat\">www.ceplaestany.cat<\/a><\/p>\n<p>o trucant al tel\u00e8fon 972581344.<\/p>\n<h3><strong>espai_TIC<\/strong><\/h3>\n<p>L\u2019acad\u00e8mia banyolina espai_TIC ens ofereix <strong>ROB\u00d2TICA EDUCATIVA I CREACI\u00d3 DE VIDEOJOCS <\/strong>per alumnes d\u2019educaci\u00f3 prim\u00e0ria on l\u2019aprenentatge es fa en petits grups cooperatius; aix\u00ed com <strong>ESCRIPTURA DIGITAL<\/strong> (mecanografia gamificada).<\/p>\n<p>M\u00e9s informaci\u00f3 i inscripcions a la seva web:<\/p>\n<p><a href=\"http:\/\/www.espaitic.cat\">www.espaitic.cat<\/a><\/p>\n<p>o trucant al tel\u00e8fon 691968867<\/p>\n<h3><strong>Little England<\/strong><\/h3>\n<p>L\u2019activitat d\u2019ANGL\u00c8S ser\u00e0 feta per l\u2019acad\u00e8mia banyolina Little England. D\u2019una forma din\u00e0mica i amb professors nadius potenciaran l\u2019aprenentatge d\u2019aquesta llengua.<\/p>\n<p>M\u00e9s informaci\u00f3 i inscripcions a la seva web:<\/p>\n<p><a href=\"http:\/\/www.littleengland.info\/%20\">www.littleengland.info\/ <\/a><\/p>\n<p>o trucant al tel\u00e8fon 692603563<\/p>\n<h3><strong>Dibuix Manga<\/strong><\/h3>\n<p>La Beti es una gran apassionada del Manga i la cultura Japonesa. Es Artista, especialitzada en dibuix Manga.<\/p>\n<p><a href=\"https:\/\/docs.google.com\/forms\/d\/e\/1FAIpQLScBnZLhAvZvjJPf8hPFyK9TVGYlbjyucnMEiMD35MZ48mOV6Q\/viewform\">Formulari d&#8217;inscripci\u00f3<\/a><\/p>\n<h3><strong>Cris\u00e0lide<\/strong><\/h3>\n<p>Cris\u00e0lide \u00e9s una proposta que integra natura i emocions. \u00c9s un espai guiat per a descobrir-se, connectar amb un mateix i expressar-se dins un context social, amb la natura com a element de benestar i afavoridor del desenvolupament de les compet\u00e8ncies emocionals.<br \/>\nM\u00e9s informaci\u00f3 i inscripcions:<\/p>\n<p><a href=\"https:\/\/docs.google.com\/forms\/d\/e\/1FAIpQLSc_xGMtyagtgsLkY9bLAHtcLm3EFsnfCL6S93DsOc34MKmSzg\/viewform\">https:\/\/docs.google.com\/forms\/d\/e\/1FAIpQLSc_xGMtyagtgsLkY9bLAHtcLm3EFsnfCL6S93DsOc34MKmSzg\/viewform<\/a><\/p>\n<h3><strong>L\u2019Art del proc\u00e9s<\/strong><\/h3>\n<p>L&#8217;art de proc\u00e9s \u00e9s l\u2019art que se centra en el proc\u00e9s i no en el resultat final.<\/p>\n<p>El que realment importa \u00e9s el cam\u00ed, aquest li permet expressar a l&#8217;infant pensaments i sentiments, explorar lliurement, prendre decisions i arriscar-se, en un m\u00f3n art\u00edstic on no existeix el b\u00e9 ni el malament.<\/p>\n<p>UN INFANT CREATIU, SER\u00c0 UN ADULT RESOLUTIU.<\/p>\n<p>M\u00e9s informaci\u00f3 i inscripcions:<\/p>\n<p>just4kids83@outlook.com<\/p>\n<p>Si voleu donar un cop d\u2019ull m\u00e9s detallat al nostre treball ho podeu fer per Instagram al compte @just4kids8<\/p>\n<h3><strong><span style=\"font-family: inherit; font-size: 1em;\">Taller d\u2019escriptura creativa<\/span><\/strong><\/h3>\n<p>DINAMITZAT PER ARIADNA ONOFRI I YONAY BOIX<\/p>\n<p>Activitat extraescolar d\u2019escriptura de contes i relats curts per iniciar-se a l\u2019escriptura creativa a trav\u00e9s del joc. Les hist\u00f2ries que s\u2019escriuran al taller, partiran d\u2019obres pict\u00f2riques figuratives. Els alumnes comen\u00e7aran comentant en grup les escenes representades a les pintures, on posaran en pr\u00e0ctica l\u2019expressi\u00f3 oral i la comprensi\u00f3 de les imatges\u2026<\/p>\n<p>M\u00e9s informaci\u00f3 i inscripcions:<\/p>\n<p>auladenarrativaicinema@gmail.com<\/p>\n<p>Blog de l&#8217;Associaci\u00f3<\/p>\n<p><a href=\"https:\/\/birdienumnumcine.wordpress.com\">https:\/\/birdienumnumcine.wordpress.com<\/a><\/p>\n","protected":false},"excerpt":{"rendered":"<p>Recordeu que en totes les activitats cal un nombre m\u00ednim d\u2019inscrits per tal que es dugui a terme l\u2019activitat. A [&hellip;]<\/p>\n","protected":false},"author":2,"featured_media":0,"parent":876,"menu_order":2,"comment_status":"closed","ping_status":"closed","template":"","meta":{"_bbp_topic_count":0,"_bbp_reply_count":0,"_bbp_total_topic_count":0,"_bbp_total_reply_count":0,"_bbp_voice_count":0,"_bbp_anonymous_reply_count":0,"_bbp_topic_count_hidden":0,"_bbp_reply_count_hidden":0,"_bbp_forum_subforum_count":0,"site-sidebar-layout":"default","site-content-layout":"","ast-site-content-layout":"default","site-content-style":"default","site-sidebar-style":"default","ast-global-header-display":"","ast-banner-title-visibility":"","ast-main-header-display":"","ast-hfb-above-header-display":"","ast-hfb-below-header-display":"","ast-hfb-mobile-header-display":"","site-post-title":"","ast-breadcrumbs-content":"","ast-featured-img":"","footer-sml-layout":"","theme-transparent-header-meta":"","adv-header-id-meta":"","stick-header-meta":"","header-above-stick-meta":"","header-main-stick-meta":"","header-below-stick-meta":"","astra-migrate-meta-layouts":"set","ast-page-background-enabled":"default","ast-page-background-meta":{"desktop":{"background-color":"var(--ast-global-color-4)","background-image":"","background-repeat":"repeat","background-position":"center center","background-size":"auto","background-attachment":"scroll","background-type":"","background-media":"","overlay-type":"","overlay-color":"","overlay-opacity":"","overlay-gradient":""},"tablet":{"background-color":"","background-image":"","background-repeat":"repeat","background-position":"center center","background-size":"auto","background-attachment":"scroll","background-type":"","background-media":"","overlay-type":"","overlay-color":"","overlay-opacity":"","overlay-gradient":""},"mobile":{"background-color":"","background-image":"","background-repeat":"repeat","background-position":"center center","background-size":"auto","background-attachment":"scroll","background-type":"","background-media":"","overlay-type":"","overlay-color":"","overlay-opacity":"","overlay-gradient":""}},"ast-content-background-meta":{"desktop":{"background-color":"var(--ast-global-color-5)","background-image":"","background-repeat":"repeat","background-position":"center center","background-size":"auto","background-attachment":"scroll","background-type":"","background-media":"","overlay-type":"","overlay-color":"","overlay-opacity":"","overlay-gradient":""},"tablet":{"background-color":"var(--ast-global-color-5)","background-image":"","background-repeat":"repeat","background-position":"center center","background-size":"auto","background-attachment":"scroll","background-type":"","background-media":"","overlay-type":"","overlay-color":"","overlay-opacity":"","overlay-gradient":""},"mobile":{"background-color":"var(--ast-global-color-5)","background-image":"","background-repeat":"repeat","background-position":"center center","background-size":"auto","background-attachment":"scroll","background-type":"","background-media":"","overlay-type":"","overlay-color":"","overlay-opacity":"","overlay-gradient":""}},"footnotes":""},"class_list":["post-84","page","type-page","status-publish","hentry"],"post_mailing_queue_ids":[],"_links":{"self":[{"href":"https:\/\/agora.xtec.cat\/ceipladraga\/wp-json\/wp\/v2\/pages\/84","targetHints":{"allow":["GET"]}}],"collection":[{"href":"https:\/\/agora.xtec.cat\/ceipladraga\/wp-json\/wp\/v2\/pages"}],"about":[{"href":"https:\/\/agora.xtec.cat\/ceipladraga\/wp-json\/wp\/v2\/types\/page"}],"author":[{"embeddable":true,"href":"https:\/\/agora.xtec.cat\/ceipladraga\/wp-json\/wp\/v2\/users\/2"}],"replies":[{"embeddable":true,"href":"https:\/\/agora.xtec.cat\/ceipladraga\/wp-json\/wp\/v2\/comments?post=84"}],"version-history":[{"count":6,"href":"https:\/\/agora.xtec.cat\/ceipladraga\/wp-json\/wp\/v2\/pages\/84\/revisions"}],"predecessor-version":[{"id":16421,"href":"https:\/\/agora.xtec.cat\/ceipladraga\/wp-json\/wp\/v2\/pages\/84\/revisions\/16421"}],"up":[{"embeddable":true,"href":"https:\/\/agora.xtec.cat\/ceipladraga\/wp-json\/wp\/v2\/pages\/876"}],"wp:attachment":[{"href":"https:\/\/agora.xtec.cat\/ceipladraga\/wp-json\/wp\/v2\/media?parent=84"}],"curies":[{"name":"wp","href":"https:\/\/api.w.org\/{rel}","templated":true}]}}