{"id":82,"date":"2014-09-18T14:10:51","date_gmt":"2014-09-18T14:10:51","guid":{"rendered":"http:\/\/agora.xtec.cat\/ceipladraga\/?page_id=82"},"modified":"2025-02-08T14:48:43","modified_gmt":"2025-02-08T13:48:43","slug":"mares-pares-delegades","status":"publish","type":"page","link":"https:\/\/agora.xtec.cat\/ceipladraga\/afa\/mares-pares-delegades\/","title":{"rendered":"Comissi\u00f3 fam\u00edlies i mestres"},"content":{"rendered":"<p><img loading=\"lazy\" decoding=\"async\" class=\"alignleft wp-image-13892 size-medium\" src=\"https:\/\/agora.xtec.cat\/ceipladraga\/wp-content\/uploads\/usu1220\/2023\/12\/197d4108-0f94-474d-a2c1-c66921f62b53-300x225.jpg\" alt=\"\" width=\"300\" height=\"225\" srcset=\"https:\/\/agora.xtec.cat\/ceipladraga\/wp-content\/uploads\/usu1220\/2023\/12\/197d4108-0f94-474d-a2c1-c66921f62b53-300x225.jpg 300w, https:\/\/agora.xtec.cat\/ceipladraga\/wp-content\/uploads\/usu1220\/2023\/12\/197d4108-0f94-474d-a2c1-c66921f62b53-1024x768.jpg 1024w, https:\/\/agora.xtec.cat\/ceipladraga\/wp-content\/uploads\/usu1220\/2023\/12\/197d4108-0f94-474d-a2c1-c66921f62b53-768x576.jpg 768w, https:\/\/agora.xtec.cat\/ceipladraga\/wp-content\/uploads\/usu1220\/2023\/12\/197d4108-0f94-474d-a2c1-c66921f62b53-1536x1152.jpg 1536w, https:\/\/agora.xtec.cat\/ceipladraga\/wp-content\/uploads\/usu1220\/2023\/12\/197d4108-0f94-474d-a2c1-c66921f62b53-200x150.jpg 200w, https:\/\/agora.xtec.cat\/ceipladraga\/wp-content\/uploads\/usu1220\/2023\/12\/197d4108-0f94-474d-a2c1-c66921f62b53.jpg 1600w\" sizes=\"auto, (max-width: 300px) 100vw, 300px\" \/>La Comissi\u00f3 Fam\u00edlies \u00e9s una eina que considerem b\u00e0sica de comunicaci\u00f3 i col\u00b7laboraci\u00f3 entre els\/les mestres i les fam\u00edlies de l&#8217;Escola de La Draga. Tamb\u00e9 serveix com a mitj\u00e0 per fer aportacions i propostes a l&#8217;Escola i l&#8217;AFA; sempre que aquestes no interfereixen en la tasca docent. \u00c9s una comissi\u00f3 oberta que hi pot participar qui vulgui les dates de la Comissi\u00f3 s\u00f3n:<\/p>\n<p>1a Comissi\u00f3 fam\u00edlies vespre\u00a0 8 de novembre a les 20h del vespre.\u00a0 <a href=\"https:\/\/agora.xtec.cat\/ceipladraga\/wp-content\/uploads\/usu1220\/2023\/12\/1aACTA-COMISSIO-FAMILIES.docx-2.pdf\">CLIQUEU AQU\u00cd PER VEURE L&#8217;ACTA<\/a><\/p>\n<p>2a Comissi\u00f3 fam\u00edlies vespre 10 de gener a les 20h del vespre.<\/p>\n<p>3a Comissi\u00f3 fam\u00edlies vespre 20 de mar\u00e7 a les 20h del vespre.<\/p>\n<p>4ta Comissi\u00f3 fam\u00edlies vespre 26 de juny a les 20h del vespre<img loading=\"lazy\" decoding=\"async\" class=\"aligncenter wp-image-13890 size-medium\" src=\"https:\/\/agora.xtec.cat\/ceipladraga\/wp-content\/uploads\/usu1220\/2023\/12\/d52ddfdc-edbe-493f-b957-6d22fab1e7d3-300x225.jpg\" alt=\"\" width=\"300\" height=\"225\" srcset=\"https:\/\/agora.xtec.cat\/ceipladraga\/wp-content\/uploads\/usu1220\/2023\/12\/d52ddfdc-edbe-493f-b957-6d22fab1e7d3-300x225.jpg 300w, https:\/\/agora.xtec.cat\/ceipladraga\/wp-content\/uploads\/usu1220\/2023\/12\/d52ddfdc-edbe-493f-b957-6d22fab1e7d3-1024x768.jpg 1024w, https:\/\/agora.xtec.cat\/ceipladraga\/wp-content\/uploads\/usu1220\/2023\/12\/d52ddfdc-edbe-493f-b957-6d22fab1e7d3-768x576.jpg 768w, https:\/\/agora.xtec.cat\/ceipladraga\/wp-content\/uploads\/usu1220\/2023\/12\/d52ddfdc-edbe-493f-b957-6d22fab1e7d3-1536x1152.jpg 1536w, https:\/\/agora.xtec.cat\/ceipladraga\/wp-content\/uploads\/usu1220\/2023\/12\/d52ddfdc-edbe-493f-b957-6d22fab1e7d3-200x150.jpg 200w, https:\/\/agora.xtec.cat\/ceipladraga\/wp-content\/uploads\/usu1220\/2023\/12\/d52ddfdc-edbe-493f-b957-6d22fab1e7d3.jpg 1600w\" sizes=\"auto, (max-width: 300px) 100vw, 300px\" \/><img loading=\"lazy\" decoding=\"async\" class=\"wp-image-13889 size-medium alignleft\" src=\"https:\/\/agora.xtec.cat\/ceipladraga\/wp-content\/uploads\/usu1220\/2023\/12\/c72111c0-c41a-43c5-a108-6668b6bc9198-300x225.jpg\" alt=\"\" width=\"300\" height=\"225\" srcset=\"https:\/\/agora.xtec.cat\/ceipladraga\/wp-content\/uploads\/usu1220\/2023\/12\/c72111c0-c41a-43c5-a108-6668b6bc9198-300x225.jpg 300w, https:\/\/agora.xtec.cat\/ceipladraga\/wp-content\/uploads\/usu1220\/2023\/12\/c72111c0-c41a-43c5-a108-6668b6bc9198-1024x768.jpg 1024w, https:\/\/agora.xtec.cat\/ceipladraga\/wp-content\/uploads\/usu1220\/2023\/12\/c72111c0-c41a-43c5-a108-6668b6bc9198-768x576.jpg 768w, https:\/\/agora.xtec.cat\/ceipladraga\/wp-content\/uploads\/usu1220\/2023\/12\/c72111c0-c41a-43c5-a108-6668b6bc9198-1536x1152.jpg 1536w, https:\/\/agora.xtec.cat\/ceipladraga\/wp-content\/uploads\/usu1220\/2023\/12\/c72111c0-c41a-43c5-a108-6668b6bc9198-200x150.jpg 200w, https:\/\/agora.xtec.cat\/ceipladraga\/wp-content\/uploads\/usu1220\/2023\/12\/c72111c0-c41a-43c5-a108-6668b6bc9198.jpg 1600w\" sizes=\"auto, (max-width: 300px) 100vw, 300px\" \/><\/p>\n<p>Per al curs 2023-2024, la coordinadora d&#8217;aquest grup \u00e9s Laura Aradas; si voleu posar-vos-hi en contacte podeu enviar un correu a<a href=\"mailto:ampa@ceipladraga.cat\"> ampa<span class=\"\">@ceipladraga.cat<\/span><\/a> i li farem arribar.<\/p>\n<p>La primera acta de la primera comissi\u00f3 la teniu aqu\u00ed. Cliqueu.<\/p>\n","protected":false},"excerpt":{"rendered":"<p>La Comissi\u00f3 Fam\u00edlies \u00e9s una eina que considerem b\u00e0sica de comunicaci\u00f3 i col\u00b7laboraci\u00f3 entre els\/les mestres i les fam\u00edlies de [&hellip;]<\/p>\n","protected":false},"author":2,"featured_media":0,"parent":66,"menu_order":4,"comment_status":"closed","ping_status":"closed","template":"","meta":{"_bbp_topic_count":0,"_bbp_reply_count":0,"_bbp_total_topic_count":0,"_bbp_total_reply_count":0,"_bbp_voice_count":0,"_bbp_anonymous_reply_count":0,"_bbp_topic_count_hidden":0,"_bbp_reply_count_hidden":0,"_bbp_forum_subforum_count":0,"site-sidebar-layout":"default","site-content-layout":"","ast-site-content-layout":"default","site-content-style":"default","site-sidebar-style":"default","ast-global-header-display":"","ast-banner-title-visibility":"","ast-main-header-display":"","ast-hfb-above-header-display":"","ast-hfb-below-header-display":"","ast-hfb-mobile-header-display":"","site-post-title":"","ast-breadcrumbs-content":"","ast-featured-img":"","footer-sml-layout":"","theme-transparent-header-meta":"","adv-header-id-meta":"","stick-header-meta":"","header-above-stick-meta":"","header-main-stick-meta":"","header-below-stick-meta":"","astra-migrate-meta-layouts":"set","ast-page-background-enabled":"default","ast-page-background-meta":{"desktop":{"background-color":"var(--ast-global-color-4)","background-image":"","background-repeat":"repeat","background-position":"center center","background-size":"auto","background-attachment":"scroll","background-type":"","background-media":"","overlay-type":"","overlay-color":"","overlay-opacity":"","overlay-gradient":""},"tablet":{"background-color":"","background-image":"","background-repeat":"repeat","background-position":"center center","background-size":"auto","background-attachment":"scroll","background-type":"","background-media":"","overlay-type":"","overlay-color":"","overlay-opacity":"","overlay-gradient":""},"mobile":{"background-color":"","background-image":"","background-repeat":"repeat","background-position":"center center","background-size":"auto","background-attachment":"scroll","background-type":"","background-media":"","overlay-type":"","overlay-color":"","overlay-opacity":"","overlay-gradient":""}},"ast-content-background-meta":{"desktop":{"background-color":"var(--ast-global-color-5)","background-image":"","background-repeat":"repeat","background-position":"center center","background-size":"auto","background-attachment":"scroll","background-type":"","background-media":"","overlay-type":"","overlay-color":"","overlay-opacity":"","overlay-gradient":""},"tablet":{"background-color":"var(--ast-global-color-5)","background-image":"","background-repeat":"repeat","background-position":"center center","background-size":"auto","background-attachment":"scroll","background-type":"","background-media":"","overlay-type":"","overlay-color":"","overlay-opacity":"","overlay-gradient":""},"mobile":{"background-color":"var(--ast-global-color-5)","background-image":"","background-repeat":"repeat","background-position":"center center","background-size":"auto","background-attachment":"scroll","background-type":"","background-media":"","overlay-type":"","overlay-color":"","overlay-opacity":"","overlay-gradient":""}},"footnotes":""},"class_list":["post-82","page","type-page","status-publish","hentry"],"post_mailing_queue_ids":[],"_links":{"self":[{"href":"https:\/\/agora.xtec.cat\/ceipladraga\/wp-json\/wp\/v2\/pages\/82","targetHints":{"allow":["GET"]}}],"collection":[{"href":"https:\/\/agora.xtec.cat\/ceipladraga\/wp-json\/wp\/v2\/pages"}],"about":[{"href":"https:\/\/agora.xtec.cat\/ceipladraga\/wp-json\/wp\/v2\/types\/page"}],"author":[{"embeddable":true,"href":"https:\/\/agora.xtec.cat\/ceipladraga\/wp-json\/wp\/v2\/users\/2"}],"replies":[{"embeddable":true,"href":"https:\/\/agora.xtec.cat\/ceipladraga\/wp-json\/wp\/v2\/comments?post=82"}],"version-history":[{"count":6,"href":"https:\/\/agora.xtec.cat\/ceipladraga\/wp-json\/wp\/v2\/pages\/82\/revisions"}],"predecessor-version":[{"id":15695,"href":"https:\/\/agora.xtec.cat\/ceipladraga\/wp-json\/wp\/v2\/pages\/82\/revisions\/15695"}],"up":[{"embeddable":true,"href":"https:\/\/agora.xtec.cat\/ceipladraga\/wp-json\/wp\/v2\/pages\/66"}],"wp:attachment":[{"href":"https:\/\/agora.xtec.cat\/ceipladraga\/wp-json\/wp\/v2\/media?parent=82"}],"curies":[{"name":"wp","href":"https:\/\/api.w.org\/{rel}","templated":true}]}}