{"id":73,"date":"2014-09-18T14:01:51","date_gmt":"2014-09-18T12:01:51","guid":{"rendered":"http:\/\/agora.xtec.cat\/ceipladraga\/?page_id=73"},"modified":"2025-09-01T07:41:00","modified_gmt":"2025-09-01T05:41:00","slug":"menjador-escolar","status":"publish","type":"page","link":"https:\/\/agora.xtec.cat\/ceipladraga\/afa\/serveis-2\/menjador-escolar\/","title":{"rendered":"Menjador escolar"},"content":{"rendered":"<div style=\"display: none;\"><a href=\"https:\/\/agora.xtec.cat\/ceipladraga\/wp-content\/uploads\/usu1220\/2023\/08\/Fitxa-inscripcio\u0301-nou-usuari.pptx\">Fitxa-inscripcio\u0301-nou-usuari<\/a><\/div>\n<div style=\"display: none;\"><\/div>\n<div style=\"display: none;\"><\/div>\n<div style=\"display: none;\"><\/div>\n<div style=\"display: none;\"><\/div>\n<p><img loading=\"lazy\" decoding=\"async\" class=\"alignright wp-image-12746\" src=\"https:\/\/agora.xtec.cat\/ceipladraga\/wp-content\/uploads\/usu1220\/2023\/03\/FPT_AO.jpg\" alt=\"\" width=\"281\" height=\"185\" srcset=\"https:\/\/agora.xtec.cat\/ceipladraga\/wp-content\/uploads\/usu1220\/2023\/03\/FPT_AO.jpg 472w, https:\/\/agora.xtec.cat\/ceipladraga\/wp-content\/uploads\/usu1220\/2023\/03\/FPT_AO-300x197.jpg 300w\" sizes=\"auto, (max-width: 281px) 100vw, 281px\" \/><\/p>\n<h6><\/h6>\n<p><span style=\"font-weight: 400;\">Benvolgudes fam\u00edlies;<\/span><\/p>\n<p style=\"text-align: justify;\"><span style=\"font-weight: 400;\">La Fundaci\u00f3 Pere Tarr\u00e9s i la Comissi\u00f3 de Menjador de l&#8217;AFA, volem donar-vos la benvinguda en aquest moment especial, en el que per tots nosaltres comen\u00e7a un nou per\u00edode escolar ple d\u2019il\u00b7lusions i projectes, durant el qual els nostres equips de Cuina i Monitors posaran a la vostra disposici\u00f3, i a la dels vostres fills i filles, tot el nostre esfor\u00e7 i comprom\u00eds, oferint-vos un servei d\u2019alimentaci\u00f3 sa en un entorn de confian\u00e7a, i en el que es fomentaran i posaran en pr\u00e0ctica tots els h\u00e0bits saludables i de conducta.<\/span><\/p>\n<p><b>Els vostres fills i filles estaran en bones mans, no en tingueu cap dubte&#8230;<\/b><\/p>\n<h5><span style=\"text-decoration: underline;\"><span style=\"font-weight: 400;\">A continuaci\u00f3 us volem informar que el proper curs escolar 2025\/2026 els preus del Servei Integral de Menjador s\u00f3n:<\/span><\/span><\/h5>\n<ul>\n<li style=\"list-style-type: none;\">\n<ul>\n<li style=\"list-style-type: none;\">\n<ul style=\"list-style-type: disc;\">\n<li><b>Alumne\/Usuari Fixe: 7&#8217;40 \u20ac \u00e0pat\/dia.<\/b><\/li>\n<li><b>Alumne\/Usuari Espor\u00e0dic:<\/b><strong> 7&#8217;83 \u20ac \u00e0pat\/dia<\/strong><\/li>\n<\/ul>\n<\/li>\n<\/ul>\n<\/li>\n<\/ul>\n<h6><span style=\"text-decoration: underline;\">Per apuntar-se podeu omplir una d&#8217;aquestes dues fitxes i enviar-la per e-mail a:<\/span>\u00a0 <a href=\"mailto:inscripcions.ladraga@gmail.com\">inscripcions.ladraga<span class=\"\">@gmail.com<\/span><\/a><\/h6>\n<ul>\n<li style=\"list-style-type: none;\">\n<ul>\n<li style=\"list-style-type: none;\">\n<ul style=\"list-style-type: disc;\">\n<li><a href=\"https:\/\/agora.xtec.cat\/ceipladraga\/wp-content\/uploads\/usu1220\/2025\/08\/Fitxa-inscripcio-nou-usuari_2025_2026_pdf.pdf\">Fitxa inscripcio\u0301 nou\/va usuari\/\u00e0ria<\/a><\/li>\n<li><a href=\"https:\/\/agora.xtec.cat\/ceipladraga\/wp-content\/uploads\/usu1220\/2025\/09\/Fitxa-inscripcio-usuari_curs_anterior_2025_2026-1.pdf\">Fitxa inscripcio\u0301 alumnes curs anterior<\/a><\/li>\n<\/ul>\n<\/li>\n<\/ul>\n<\/li>\n<\/ul>\n<p><em>Si no teniu opci\u00f3 d&#8217;omplir la fitxa, podeu enviar un e-mail a la mateixa adre\u00e7a electr\u00f2nica i indicar les dades necess\u00e0ries per fer la inscripci\u00f3 (les de la fitxa).<\/em><\/p>\n<p>En cas de ser usuari\/a nou, podeu consultar una explicaci\u00f3 m\u00e9s extensa de com funciona el menjador en aquest document:<\/p>\n<p><a href=\"https:\/\/agora.xtec.cat\/ceipladraga\/wp-content\/uploads\/usu1220\/2025\/08\/INFORMACIO-MENJADOR-25-26.pdf\">INFORMACI\u00d3 MENJADOR fam\u00edlies i3 (2025-2026)<\/a><\/p>\n<p><span style=\"text-decoration: underline;\">Aquest curs seguirem fent 2 torns de dinar:<\/span><\/p>\n<ul>\n<li style=\"list-style-type: none;\">\n<ul>\n<li style=\"list-style-type: none;\">\n<ul style=\"list-style-type: disc;\">\n<li>1r TORN de 2\/4 d&#8217;1 a 2\/4 de 2 d&#8217;I3 a 2n.<\/li>\n<li>2n TORN de 3\/4 de 2 a 3\/4 de 3 de 3r a 6\u00e8.<\/li>\n<\/ul>\n<\/li>\n<\/ul>\n<\/li>\n<\/ul>\n<h5><strong>Abs\u00e8ncies d\u2019alumnat fix: <\/strong>\u00a0<span style=\"font-weight: 400;\">sempre que se li comuniqui al coordinador abans de les 09:30h del mat\u00ed l\u2019abs\u00e8ncia d\u2019aquell dia no tindr\u00e0 cap cost per la fam\u00edlia. <\/span><\/h5>\n<p><span style=\"font-weight: 400;\"><span style=\"color: #ff0000;\"><strong>IMPORTANT!<\/strong><\/span> si una fam\u00edlia no ha avisat abans de les 09:30, aquell dia se li cobrar\u00e0 tot l&#8217;import del men\u00fa. \u00c9s molt important avisar a temps. Gr\u00e0cies!<\/span><\/p>\n<p><span style=\"font-weight: 400;\">En cas que un alumne necessiti <\/span><span style=\"font-weight: 400;\">dieta astringent<\/span><span style=\"font-weight: 400;\">, aquesta se servir\u00e0 3 dies seguits.<\/span><\/p>\n<p><span style=\"background-color: #ffcc00;\"><b>L\u2019horari del coordinador d\u2019atenci\u00f3 a les fam\u00edlies ser\u00e0 de 09:00h a 10:00h. presencialment o al tel\u00e8fon de menjador: 689.641.667<\/b><\/span><\/p>\n<p><span style=\"font-weight: 400;\">Per tots aquells temes relacionats amb dietes\/al\u00b7l\u00e8rgies, medicaments, entrades i sortides, rebuts etc. podeu consultar-ho directament amb el coordinador.<\/span><\/p>\n<p><span style=\"font-weight: 400;\">Nom\u00e9s ens queda agrair-vos la confian\u00e7a que heu dipositat en nosaltres perqu\u00e8 durant aquest curs tinguem cura dels vostres fills i filles.<\/span><\/p>\n<p><span style=\"font-weight: 400;\">Cordialment.<\/span><\/p>\n","protected":false},"excerpt":{"rendered":"<p>Fitxa-inscripcio\u0301-nou-usuari Benvolgudes fam\u00edlies; La Fundaci\u00f3 Pere Tarr\u00e9s i la Comissi\u00f3 de Menjador de l&#8217;AFA, volem donar-vos la benvinguda en aquest [&hellip;]<\/p>\n","protected":false},"author":2,"featured_media":0,"parent":876,"menu_order":1,"comment_status":"closed","ping_status":"closed","template":"","meta":{"_bbp_topic_count":0,"_bbp_reply_count":0,"_bbp_total_topic_count":0,"_bbp_total_reply_count":0,"_bbp_voice_count":0,"_bbp_anonymous_reply_count":0,"_bbp_topic_count_hidden":0,"_bbp_reply_count_hidden":0,"_bbp_forum_subforum_count":0,"site-sidebar-layout":"default","site-content-layout":"","ast-site-content-layout":"default","site-content-style":"default","site-sidebar-style":"default","ast-global-header-display":"","ast-banner-title-visibility":"","ast-main-header-display":"","ast-hfb-above-header-display":"","ast-hfb-below-header-display":"","ast-hfb-mobile-header-display":"","site-post-title":"","ast-breadcrumbs-content":"","ast-featured-img":"","footer-sml-layout":"","theme-transparent-header-meta":"","adv-header-id-meta":"","stick-header-meta":"","header-above-stick-meta":"","header-main-stick-meta":"","header-below-stick-meta":"","astra-migrate-meta-layouts":"set","ast-page-background-enabled":"default","ast-page-background-meta":{"desktop":{"background-color":"var(--ast-global-color-4)","background-image":"","background-repeat":"repeat","background-position":"center center","background-size":"auto","background-attachment":"scroll","background-type":"","background-media":"","overlay-type":"","overlay-color":"","overlay-opacity":"","overlay-gradient":""},"tablet":{"background-color":"","background-image":"","background-repeat":"repeat","background-position":"center center","background-size":"auto","background-attachment":"scroll","background-type":"","background-media":"","overlay-type":"","overlay-color":"","overlay-opacity":"","overlay-gradient":""},"mobile":{"background-color":"","background-image":"","background-repeat":"repeat","background-position":"center center","background-size":"auto","background-attachment":"scroll","background-type":"","background-media":"","overlay-type":"","overlay-color":"","overlay-opacity":"","overlay-gradient":""}},"ast-content-background-meta":{"desktop":{"background-color":"var(--ast-global-color-5)","background-image":"","background-repeat":"repeat","background-position":"center center","background-size":"auto","background-attachment":"scroll","background-type":"","background-media":"","overlay-type":"","overlay-color":"","overlay-opacity":"","overlay-gradient":""},"tablet":{"background-color":"var(--ast-global-color-5)","background-image":"","background-repeat":"repeat","background-position":"center center","background-size":"auto","background-attachment":"scroll","background-type":"","background-media":"","overlay-type":"","overlay-color":"","overlay-opacity":"","overlay-gradient":""},"mobile":{"background-color":"var(--ast-global-color-5)","background-image":"","background-repeat":"repeat","background-position":"center center","background-size":"auto","background-attachment":"scroll","background-type":"","background-media":"","overlay-type":"","overlay-color":"","overlay-opacity":"","overlay-gradient":""}},"footnotes":""},"class_list":["post-73","page","type-page","status-publish","hentry"],"post_mailing_queue_ids":[],"_links":{"self":[{"href":"https:\/\/agora.xtec.cat\/ceipladraga\/wp-json\/wp\/v2\/pages\/73","targetHints":{"allow":["GET"]}}],"collection":[{"href":"https:\/\/agora.xtec.cat\/ceipladraga\/wp-json\/wp\/v2\/pages"}],"about":[{"href":"https:\/\/agora.xtec.cat\/ceipladraga\/wp-json\/wp\/v2\/types\/page"}],"author":[{"embeddable":true,"href":"https:\/\/agora.xtec.cat\/ceipladraga\/wp-json\/wp\/v2\/users\/2"}],"replies":[{"embeddable":true,"href":"https:\/\/agora.xtec.cat\/ceipladraga\/wp-json\/wp\/v2\/comments?post=73"}],"version-history":[{"count":6,"href":"https:\/\/agora.xtec.cat\/ceipladraga\/wp-json\/wp\/v2\/pages\/73\/revisions"}],"predecessor-version":[{"id":16483,"href":"https:\/\/agora.xtec.cat\/ceipladraga\/wp-json\/wp\/v2\/pages\/73\/revisions\/16483"}],"up":[{"embeddable":true,"href":"https:\/\/agora.xtec.cat\/ceipladraga\/wp-json\/wp\/v2\/pages\/876"}],"wp:attachment":[{"href":"https:\/\/agora.xtec.cat\/ceipladraga\/wp-json\/wp\/v2\/media?parent=73"}],"curies":[{"name":"wp","href":"https:\/\/api.w.org\/{rel}","templated":true}]}}