{"id":66,"date":"2014-09-18T12:40:47","date_gmt":"2014-09-18T10:40:47","guid":{"rendered":"http:\/\/agora.xtec.cat\/ceipladraga\/?page_id=66"},"modified":"2025-02-08T13:11:13","modified_gmt":"2025-02-08T12:11:13","slug":"afa","status":"publish","type":"page","link":"https:\/\/agora.xtec.cat\/ceipladraga\/afa\/","title":{"rendered":"AFA"},"content":{"rendered":"<p>L\u2019Associaci\u00f3 de Fam\u00edlies d&#8217;Alumnes (AFA) \u00e9s la forma m\u00e9s efectiva que tenen els pares i mares d\u2019agrupar-se i organitzar-se dins el centre escolar.<\/p>\n<p>\u00c9s per aix\u00f2 que, des de l\u2019AFA, invertim temps i feina per aconseguir que totes les activitats que gestionem, es duguin de la millor manera possible.<\/p>\n<p>L\u2019AFA es troba representada en el Consell Escolar del Centre, el Consell Escolar Municipal, la FAPE (Federaci\u00f3 AFA\u2019s Pla de l\u2019Estany) i la FaPaC (Federaci\u00f3 d\u2019associacions de mares i pares d\u2019alumnes de Catalunya).<\/p>\n<p><strong>Qu\u00e8 fa l\u2019AFA?<\/strong><\/p>\n<ul>\n<li style=\"list-style-type: none;\">\n<ul>\n<li>Dona suport a tota la comunitat educativa per tal de millorar la qualitat de l\u2019ensenyament.<\/li>\n<li>Promou la participaci\u00f3 de les fam\u00edlies.<\/li>\n<li>\u00c9s un espai de reflexi\u00f3 i opini\u00f3 sobre el funcionament quotidi\u00e0 de l\u2019escola.<\/li>\n<li>Principal interlocutor entre els mestres i el col\u00b7lectiu de fam\u00edlies.<\/li>\n<li>Participa en la presa de decisions i en el govern del centre mitjan\u00e7ant el Consell Escolar Municipal (CEM)<\/li>\n<li>Administra i gestiona els recursos dels associats.<\/li>\n<\/ul>\n<\/li>\n<\/ul>\n<p><strong>Els serveis que oferim:<\/strong><\/p>\n<ol>\n<li style=\"list-style-type: none;\">\n<ol>\n<li><strong>Servei de menjador<\/strong>; (Comissi\u00f3 de Menjador)<\/li>\n<\/ol>\n<\/li>\n<\/ol>\n<p style=\"padding-left: 40px;\">Dins la gesti\u00f3 de menjador, ens ocupem del control i supervisi\u00f3 de les empreses contractistes, els men\u00fas, les incid\u00e8ncies, les millores que anem implementant dia a dia, la gesti\u00f3 i manteniment de la cuina.<\/p>\n<p style=\"padding-left: 40px;\">En aquest sentit, es vetlla perqu\u00e8 la qualitat del servei sigui la m\u00e9s \u00f2ptima possible amb un preu ajustat per les fam\u00edlies.<\/p>\n<ol>\n<li style=\"list-style-type: none;\">\n<ol start=\"2\">\n<li><strong>Activitats extraescolars<\/strong>; (Comissi\u00f3 d\u2019extraescolars)<\/li>\n<\/ol>\n<\/li>\n<\/ol>\n<p style=\"padding-left: 40px;\">Ens ocupem d\u2019oferir una oferta \u00e0mplia d\u2019activitats extraescolars als nostres infants dins la franja lectiva (als migdies i una hora despr\u00e9s de les classes a la tarda). Aix\u00ed mateix, vetllem perqu\u00e8 les activitats siguin variades i d\u2019inter\u00e8s per l\u2019alumnat amb preus ajustat per les fam\u00edlies.<\/p>\n<p style=\"padding-left: 40px;\">Venda de llibres escolars<\/p>\n<ol>\n<li style=\"list-style-type: none;\">\n<ol start=\"3\">\n<li><strong>Venda de llibres <\/strong><\/li>\n<\/ol>\n<\/li>\n<\/ol>\n<p style=\"padding-left: 40px;\">Amb la gesti\u00f3 de la venda de llibres, volem ajustar al m\u00e0xim els preus i sobretot aconseguir bonificacions dels prove\u00efdors de llibres, que repercutiran directament a l\u2019escola, per invertir posteriorment al projecte de Reciclatge de Llibres, dels que tothom se\u2019n beneficiar\u00e0.<\/p>\n<ol>\n<li style=\"list-style-type: none;\">\n<ol start=\"4\">\n<li><strong>Coordinaci\u00f3 de Fam\u00edlies delegades<\/strong>, volem arribar a totes les fam\u00edlies i millorar la comunicaci\u00f3 entre les fam\u00edlies i l\u2019escola.<\/li>\n<\/ol>\n<\/li>\n<\/ol>\n<p>L\u2019AFA tamb\u00e9 promou la participaci\u00f3 de les fam\u00edlies participant activament en l\u2019organitzaci\u00f3 de diferents activitats:<\/p>\n<ul>\n<li style=\"list-style-type: none;\">\n<ul>\n<li>Eduquem en fam\u00edlia.<\/li>\n<li>Sortides familiars.<\/li>\n<li>\u00a0Carnestoltes.<\/li>\n<li>Festa fi de curs.<\/li>\n<li>Venda de pons\u00e8ties i roses pels alumnes de 6\u00e8.<\/li>\n<\/ul>\n<\/li>\n<\/ul>\n<p>Al mateix temps col\u00b7laborem amb l\u2019escola en l\u2019adquisici\u00f3 de material pedag\u00f2gic i en el manteniment i la renovaci\u00f3 dels diferents espais escolars.<\/p>\n<p>L\u2019AFA es finan\u00e7a amb la quota volunt\u00e0ria que aporten les fam\u00edlies.<\/p>\n<p><strong><u>Canals d\u2019informaci\u00f3 de l\u2019AFA<\/u><\/strong><\/p>\n<p>Les vies d\u2019informaci\u00f3 s\u2019estructuren en 3 nivells: Butllet\u00ed mensual (a trav\u00e9s de la coordinadora de mares i pares delegats), web de l\u2019escola i correu electr\u00f2nic.<\/p>\n<p>Volem que cada mes pugueu rebre la informaci\u00f3 sobre les novetats i activitats que es duguin a terme a trav\u00e9s de l\u2019AFA. A partir d\u2019aquest passat mes de mar\u00e7 hem activitat el <strong>BUTLLET\u00cd MENSUAL<\/strong> que ho rebran les fam\u00edlies a trav\u00e9s de la comunicaci\u00f3 de la seva mare delegada.<\/p>\n<p>Un altre canal \u00e9s accedint directament a aquest apartat de l\u2019AFA a la <strong>WEB<\/strong> de l\u2019escola La Draga.<\/p>\n<p>L\u2019AFA de l\u2019Escola est\u00e0 oberta a totes les fam\u00edlies i us animem a participar, a aportar les vostres idees o fent-nos arribar les vostres preocupacions. Recordeu que ens podeu fer arribar qualsevol suggeriment a trav\u00e9s dels representants de l\u2019AFA del vostre curs, enviant un <strong>CORREU<\/strong> a <a href=\"mailto:ampa@ceipladraga.cat\">ampa@ceipladraga.cat<\/a><\/p>\n<p><strong>Consell Escolar<\/strong><\/p>\n<p>Hi ha dos classes de consells escolars:<\/p>\n<ol>\n<li style=\"list-style-type: none;\">\n<ol>\n<li><strong>Consell Escolar de La Draga<\/strong>. \u00c9s el m\u00e0xim \u00f2rgan rector de l\u2019escola. Est\u00e0 presidit per el\/la director\/a del Centre i est\u00e0 integrat per representats a tres bandes: l\u2019ajuntament, l\u2019escola i els pares i les mares.<\/li>\n<\/ol>\n<\/li>\n<\/ol>\n<p style=\"padding-left: 40px;\"><u>Funcions<\/u>: delibera i aprova els diferents serveis i activitats que ofereix l\u2019escola, aix\u00ed com el seu pressupost anual.<\/p>\n<ol>\n<li style=\"list-style-type: none;\">\n<ol start=\"2\">\n<li><strong>Consell Escolar Municipal.<\/strong> Tamb\u00e9 est\u00e0 integrat per representants de l\u2019ajuntament, les escoles i els pares i les mares. Val a dir, que el Consell Escolar Municipal representa i coordina el conjunt d\u2019escoles de Banyoles.<\/li>\n<\/ol>\n<\/li>\n<\/ol>\n<p><strong>Animeu-vos, formeu part de l\u2019AFA, perqu\u00e8 el resultat d\u2019aquesta gran SUMA \u00e9s l\u2019ESCOLA! <\/strong><\/p>\n","protected":false},"excerpt":{"rendered":"<p>L\u2019Associaci\u00f3 de Fam\u00edlies d&#8217;Alumnes (AFA) \u00e9s la forma m\u00e9s efectiva que tenen els pares i mares d\u2019agrupar-se i organitzar-se dins [&hellip;]<\/p>\n","protected":false},"author":2,"featured_media":0,"parent":0,"menu_order":0,"comment_status":"closed","ping_status":"closed","template":"","meta":{"_bbp_topic_count":0,"_bbp_reply_count":0,"_bbp_total_topic_count":0,"_bbp_total_reply_count":0,"_bbp_voice_count":0,"_bbp_anonymous_reply_count":0,"_bbp_topic_count_hidden":0,"_bbp_reply_count_hidden":0,"_bbp_forum_subforum_count":0,"site-sidebar-layout":"default","site-content-layout":"","ast-site-content-layout":"default","site-content-style":"default","site-sidebar-style":"default","ast-global-header-display":"","ast-banner-title-visibility":"","ast-main-header-display":"","ast-hfb-above-header-display":"","ast-hfb-below-header-display":"","ast-hfb-mobile-header-display":"","site-post-title":"","ast-breadcrumbs-content":"","ast-featured-img":"","footer-sml-layout":"","theme-transparent-header-meta":"","adv-header-id-meta":"","stick-header-meta":"","header-above-stick-meta":"","header-main-stick-meta":"","header-below-stick-meta":"","astra-migrate-meta-layouts":"set","ast-page-background-enabled":"default","ast-page-background-meta":{"desktop":{"background-color":"var(--ast-global-color-4)","background-image":"","background-repeat":"repeat","background-position":"center center","background-size":"auto","background-attachment":"scroll","background-type":"","background-media":"","overlay-type":"","overlay-color":"","overlay-opacity":"","overlay-gradient":""},"tablet":{"background-color":"","background-image":"","background-repeat":"repeat","background-position":"center center","background-size":"auto","background-attachment":"scroll","background-type":"","background-media":"","overlay-type":"","overlay-color":"","overlay-opacity":"","overlay-gradient":""},"mobile":{"background-color":"","background-image":"","background-repeat":"repeat","background-position":"center center","background-size":"auto","background-attachment":"scroll","background-type":"","background-media":"","overlay-type":"","overlay-color":"","overlay-opacity":"","overlay-gradient":""}},"ast-content-background-meta":{"desktop":{"background-color":"var(--ast-global-color-5)","background-image":"","background-repeat":"repeat","background-position":"center center","background-size":"auto","background-attachment":"scroll","background-type":"","background-media":"","overlay-type":"","overlay-color":"","overlay-opacity":"","overlay-gradient":""},"tablet":{"background-color":"var(--ast-global-color-5)","background-image":"","background-repeat":"repeat","background-position":"center center","background-size":"auto","background-attachment":"scroll","background-type":"","background-media":"","overlay-type":"","overlay-color":"","overlay-opacity":"","overlay-gradient":""},"mobile":{"background-color":"var(--ast-global-color-5)","background-image":"","background-repeat":"repeat","background-position":"center center","background-size":"auto","background-attachment":"scroll","background-type":"","background-media":"","overlay-type":"","overlay-color":"","overlay-opacity":"","overlay-gradient":""}},"footnotes":""},"class_list":["post-66","page","type-page","status-publish","hentry"],"post_mailing_queue_ids":[],"_links":{"self":[{"href":"https:\/\/agora.xtec.cat\/ceipladraga\/wp-json\/wp\/v2\/pages\/66","targetHints":{"allow":["GET"]}}],"collection":[{"href":"https:\/\/agora.xtec.cat\/ceipladraga\/wp-json\/wp\/v2\/pages"}],"about":[{"href":"https:\/\/agora.xtec.cat\/ceipladraga\/wp-json\/wp\/v2\/types\/page"}],"author":[{"embeddable":true,"href":"https:\/\/agora.xtec.cat\/ceipladraga\/wp-json\/wp\/v2\/users\/2"}],"replies":[{"embeddable":true,"href":"https:\/\/agora.xtec.cat\/ceipladraga\/wp-json\/wp\/v2\/comments?post=66"}],"version-history":[{"count":3,"href":"https:\/\/agora.xtec.cat\/ceipladraga\/wp-json\/wp\/v2\/pages\/66\/revisions"}],"predecessor-version":[{"id":15684,"href":"https:\/\/agora.xtec.cat\/ceipladraga\/wp-json\/wp\/v2\/pages\/66\/revisions\/15684"}],"wp:attachment":[{"href":"https:\/\/agora.xtec.cat\/ceipladraga\/wp-json\/wp\/v2\/media?parent=66"}],"curies":[{"name":"wp","href":"https:\/\/api.w.org\/{rel}","templated":true}]}}