{"id":5151,"date":"2018-04-15T21:26:19","date_gmt":"2018-04-15T19:26:19","guid":{"rendered":"http:\/\/agora.xtec.cat\/ceipladraga\/?page_id=5151"},"modified":"2025-04-10T12:15:09","modified_gmt":"2025-04-10T10:15:09","slug":"ens-voleu-coneixer","status":"publish","type":"page","link":"https:\/\/agora.xtec.cat\/ceipladraga\/lescola\/ens-voleu-coneixer\/","title":{"rendered":"Ens voleu con\u00e8ixer?"},"content":{"rendered":"\n<p>Cliqueu damunt la imatge i podreu accedir a la presentaci\u00f3 de la jornada de portes obertes del curs 24-25<\/p>\n\n\n\n<figure class=\"wp-block-image size-large is-resized\"><a href=\"https:\/\/drive.google.com\/file\/d\/1QBNi3PDw99jKnPoRx7dgYkhYbnmSgJLL\/view?usp=sharing\"><img loading=\"lazy\" decoding=\"async\" width=\"1024\" height=\"576\" src=\"https:\/\/agora.xtec.cat\/ceipladraga\/wp-content\/uploads\/usu1220\/2025\/03\/TITOLS-PER-VIDEO-DE-FOTOS-7-1024x576.png\" alt=\"\" class=\"wp-image-15816\" style=\"width:914px;height:auto\" srcset=\"https:\/\/agora.xtec.cat\/ceipladraga\/wp-content\/uploads\/usu1220\/2025\/03\/TITOLS-PER-VIDEO-DE-FOTOS-7-1024x576.png 1024w, https:\/\/agora.xtec.cat\/ceipladraga\/wp-content\/uploads\/usu1220\/2025\/03\/TITOLS-PER-VIDEO-DE-FOTOS-7-300x169.png 300w, https:\/\/agora.xtec.cat\/ceipladraga\/wp-content\/uploads\/usu1220\/2025\/03\/TITOLS-PER-VIDEO-DE-FOTOS-7-768x432.png 768w, https:\/\/agora.xtec.cat\/ceipladraga\/wp-content\/uploads\/usu1220\/2025\/03\/TITOLS-PER-VIDEO-DE-FOTOS-7.png 1440w\" sizes=\"auto, (max-width: 1024px) 100vw, 1024px\" \/><\/a><\/figure>\n\n\n\n<div style=\"height:30px\" aria-hidden=\"true\" class=\"wp-block-spacer\"><\/div>\n\n\n\n<h3 class=\"wp-block-heading\">PL\u00c0NOL DELS ESPAIS DE L&#8217;ESCOLA<\/h3>\n\n\n\n<div class=\"wp-block-getwid-image-hotspot alignfull\" data-appearance-animation=\"none\" data-image-points=\"[{&quot;link&quot;:&quot;&quot;,&quot;icon&quot;:&quot;&quot;,&quot;title&quot;:&quot;CAL GENERAL&quot;,&quot;color&quot;:&quot;&quot;,&quot;content&quot;:&quot;PLANTA BAIXA          \\n                         - consergeria\\n                         - Secretaria\\n                         - Despatx equip directiu\\n                         - Menjador\\n\\nPRIMERA PLANTA\\n                         - Biblioteca\\n                         - Aula de m\u00fasica\\n                         - Espai d'exposici\u00f3 DragArt\\n                         - Sala de mestres\\n                                \\n\\n\\n\\n&quot;,&quot;newTab&quot;:false,&quot;popUpOpen&quot;:false,&quot;popUpWidth&quot;:350,&quot;placement&quot;:&quot;top&quot;,&quot;position&quot;:{&quot;x&quot;:&quot;67.47%&quot;,&quot;y&quot;:&quot;30.82%&quot;}},{&quot;link&quot;:&quot;&quot;,&quot;icon&quot;:&quot;&quot;,&quot;title&quot;:&quot;PATI DRAGONET&quot;,&quot;color&quot;:&quot;&quot;,&quot;content&quot;:&quot;&quot;,&quot;backgroundColor&quot;:&quot;&quot;,&quot;newTab&quot;:false,&quot;popUpOpen&quot;:false,&quot;popUpWidth&quot;:350,&quot;placement&quot;:&quot;top&quot;,&quot;position&quot;:{&quot;x&quot;:&quot;80.24%&quot;,&quot;y&quot;:&quot;28.71%&quot;}},{&quot;link&quot;:&quot;&quot;,&quot;icon&quot;:&quot;&quot;,&quot;title&quot;:&quot;ENTRADA PRINCIPAL DE L'ESCOLA&quot;,&quot;color&quot;:&quot;&quot;,&quot;content&quot;:&quot;&quot;,&quot;backgroundColor&quot;:&quot;&quot;,&quot;newTab&quot;:false,&quot;popUpOpen&quot;:false,&quot;popUpWidth&quot;:350,&quot;placement&quot;:&quot;top&quot;,&quot;position&quot;:{&quot;x&quot;:&quot;89.02%&quot;,&quot;y&quot;:&quot;35.03%&quot;}},{&quot;link&quot;:&quot;&quot;,&quot;icon&quot;:&quot;&quot;,&quot;title&quot;:&quot;EDIFICI AULES&quot;,&quot;color&quot;:&quot;&quot;,&quot;content&quot;:&quot;PLANTA BAIXA:   - Aules d'educaci\u00f3 infantil (I3,I4,I5).  - Aula de psicomotricitat.    - Aula Parlem\\nPRIMERA PLANTA:     - Aules de 1r, 2n i 3r de Prim\u00e0ria,   - Aula d'angl\u00e8s, - Aula d'inform\u00e0tica, - Espai La R\u00e0dio, - Aula de religi\u00f3, - L'auleta, - El cau, - Aules petites de suport\\nSEGONA PLANTA:  - Aules de 4rt, 5\u00e8 i 6\u00e8 de Prim\u00e0ria, - Aula de ci\u00e8ncies&quot;,&quot;backgroundColor&quot;:&quot;&quot;,&quot;newTab&quot;:false,&quot;popUpOpen&quot;:false,&quot;popUpWidth&quot;:350,&quot;placement&quot;:&quot;top&quot;,&quot;position&quot;:{&quot;x&quot;:&quot;38.52%&quot;,&quot;y&quot;:&quot;12.57%&quot;}},{&quot;link&quot;:&quot;&quot;,&quot;icon&quot;:&quot;&quot;,&quot;title&quot;:&quot;GIMN\u00c0S&quot;,&quot;color&quot;:&quot;&quot;,&quot;content&quot;:&quot;&quot;,&quot;backgroundColor&quot;:&quot;&quot;,&quot;newTab&quot;:false,&quot;popUpOpen&quot;:false,&quot;popUpWidth&quot;:350,&quot;placement&quot;:&quot;top&quot;,&quot;position&quot;:{&quot;x&quot;:&quot;11.98%&quot;,&quot;y&quot;:&quot;13.97%&quot;}},{&quot;link&quot;:&quot;&quot;,&quot;icon&quot;:&quot;&quot;,&quot;title&quot;:&quot;HORT&quot;,&quot;color&quot;:&quot;&quot;,&quot;content&quot;:&quot;&quot;,&quot;backgroundColor&quot;:&quot;&quot;,&quot;newTab&quot;:false,&quot;popUpOpen&quot;:false,&quot;popUpWidth&quot;:350,&quot;placement&quot;:&quot;top&quot;,&quot;position&quot;:{&quot;x&quot;:&quot;2.79%&quot;,&quot;y&quot;:&quot;10.46%&quot;}},{&quot;link&quot;:&quot;&quot;,&quot;icon&quot;:&quot;&quot;,&quot;title&quot;:&quot;PATI GRAN&quot;,&quot;color&quot;:&quot;&quot;,&quot;content&quot;:&quot;&quot;,&quot;backgroundColor&quot;:&quot;&quot;,&quot;newTab&quot;:false,&quot;popUpOpen&quot;:false,&quot;popUpWidth&quot;:350,&quot;placement&quot;:&quot;top&quot;,&quot;position&quot;:{&quot;x&quot;:&quot;38.72%&quot;,&quot;y&quot;:&quot;53.99%&quot;}}]\" data-trigger=\"click\" data-theme=\"light\" data-tooltip-animation=\"perspective\" data-arrow=\"true\"><div class=\"wp-block-getwid-image-hotspot__wrapper\"><img loading=\"lazy\" decoding=\"async\" width=\"1829\" height=\"520\" src=\"https:\/\/agora.xtec.cat\/ceipladraga\/wp-content\/uploads\/usu1220\/2025\/01\/C8A8C351-610B-4833-9952-ACA131F25A73_1_201_a.jpeg\" alt=\"\" class=\"wp-block-getwid-image-hotspot__image wp-image-15437\" srcset=\"https:\/\/agora.xtec.cat\/ceipladraga\/wp-content\/uploads\/usu1220\/2025\/01\/C8A8C351-610B-4833-9952-ACA131F25A73_1_201_a.jpeg 1829w, https:\/\/agora.xtec.cat\/ceipladraga\/wp-content\/uploads\/usu1220\/2025\/01\/C8A8C351-610B-4833-9952-ACA131F25A73_1_201_a-300x85.jpeg 300w, https:\/\/agora.xtec.cat\/ceipladraga\/wp-content\/uploads\/usu1220\/2025\/01\/C8A8C351-610B-4833-9952-ACA131F25A73_1_201_a-1024x291.jpeg 1024w, https:\/\/agora.xtec.cat\/ceipladraga\/wp-content\/uploads\/usu1220\/2025\/01\/C8A8C351-610B-4833-9952-ACA131F25A73_1_201_a-768x218.jpeg 768w, https:\/\/agora.xtec.cat\/ceipladraga\/wp-content\/uploads\/usu1220\/2025\/01\/C8A8C351-610B-4833-9952-ACA131F25A73_1_201_a-1536x437.jpeg 1536w\" sizes=\"auto, (max-width: 1829px) 100vw, 1829px\" \/><div data-point-id=\"0\" class=\"wp-block-getwid-image-hotspot__dot has-animation-pulse\" style=\"left:67.47%;top:30.82%\"><div class=\"wp-block-getwid-image-hotspot__dot-wrapper\"><div class=\"wp-block-getwid-image-hotspot__dot-content\"><i class=\"fas fa-plus wp-block-getwid-image-hotspot__dot-icon\"><\/i><\/div><\/div><div class=\"wp-block-getwid-image-hotspot__dot-description\"><div class=\"wp-block-getwid-image-hotspot__dot-title\">CAL GENERAL<\/div><\/div><\/div><div data-point-id=\"1\" class=\"wp-block-getwid-image-hotspot__dot has-animation-pulse\" style=\"left:80.24%;top:28.71%\"><div class=\"wp-block-getwid-image-hotspot__dot-wrapper\"><div class=\"wp-block-getwid-image-hotspot__dot-content\"><i class=\"fas fa-plus wp-block-getwid-image-hotspot__dot-icon\"><\/i><\/div><\/div><div class=\"wp-block-getwid-image-hotspot__dot-description\"><div class=\"wp-block-getwid-image-hotspot__dot-title\">PATI DRAGONET<\/div><\/div><\/div><div data-point-id=\"2\" class=\"wp-block-getwid-image-hotspot__dot has-animation-pulse\" style=\"left:89.02%;top:35.03%\"><div class=\"wp-block-getwid-image-hotspot__dot-wrapper\"><div class=\"wp-block-getwid-image-hotspot__dot-content\"><i class=\"fas fa-plus wp-block-getwid-image-hotspot__dot-icon\"><\/i><\/div><\/div><div class=\"wp-block-getwid-image-hotspot__dot-description\"><div class=\"wp-block-getwid-image-hotspot__dot-title\">ENTRADA PRINCIPAL DE L&#8217;ESCOLA<\/div><\/div><\/div><div data-point-id=\"3\" class=\"wp-block-getwid-image-hotspot__dot has-animation-pulse\" style=\"left:38.52%;top:12.57%\"><div class=\"wp-block-getwid-image-hotspot__dot-wrapper\"><div class=\"wp-block-getwid-image-hotspot__dot-content\"><i class=\"fas fa-plus wp-block-getwid-image-hotspot__dot-icon\"><\/i><\/div><\/div><div class=\"wp-block-getwid-image-hotspot__dot-description\"><div class=\"wp-block-getwid-image-hotspot__dot-title\">EDIFICI AULES<\/div><\/div><\/div><div data-point-id=\"4\" class=\"wp-block-getwid-image-hotspot__dot has-animation-pulse\" style=\"left:11.98%;top:13.97%\"><div class=\"wp-block-getwid-image-hotspot__dot-wrapper\"><div class=\"wp-block-getwid-image-hotspot__dot-content\"><i class=\"fas fa-plus wp-block-getwid-image-hotspot__dot-icon\"><\/i><\/div><\/div><div class=\"wp-block-getwid-image-hotspot__dot-description\"><div class=\"wp-block-getwid-image-hotspot__dot-title\">GIMN\u00c0S<\/div><\/div><\/div><div data-point-id=\"5\" class=\"wp-block-getwid-image-hotspot__dot has-animation-pulse\" style=\"left:2.79%;top:10.46%\"><div class=\"wp-block-getwid-image-hotspot__dot-wrapper\"><div class=\"wp-block-getwid-image-hotspot__dot-content\"><i class=\"fas fa-plus wp-block-getwid-image-hotspot__dot-icon\"><\/i><\/div><\/div><div class=\"wp-block-getwid-image-hotspot__dot-description\"><div class=\"wp-block-getwid-image-hotspot__dot-title\">HORT<\/div><\/div><\/div><div data-point-id=\"6\" class=\"wp-block-getwid-image-hotspot__dot has-animation-pulse\" style=\"left:38.72%;top:53.99%\"><div class=\"wp-block-getwid-image-hotspot__dot-wrapper\"><div class=\"wp-block-getwid-image-hotspot__dot-content\"><i class=\"fas fa-plus wp-block-getwid-image-hotspot__dot-icon\"><\/i><\/div><\/div><div class=\"wp-block-getwid-image-hotspot__dot-description\"><div class=\"wp-block-getwid-image-hotspot__dot-title\">PATI GRAN<\/div><\/div><\/div><\/div><\/div>\n","protected":false},"excerpt":{"rendered":"<p>Cliqueu damunt la imatge i podreu accedir a la presentaci\u00f3 de la jornada de portes obertes del curs 24-25 PL\u00c0NOL [&hellip;]<\/p>\n","protected":false},"author":20,"featured_media":0,"parent":22,"menu_order":30,"comment_status":"closed","ping_status":"closed","template":"","meta":{"_bbp_topic_count":0,"_bbp_reply_count":0,"_bbp_total_topic_count":0,"_bbp_total_reply_count":0,"_bbp_voice_count":0,"_bbp_anonymous_reply_count":0,"_bbp_topic_count_hidden":0,"_bbp_reply_count_hidden":0,"_bbp_forum_subforum_count":0,"site-sidebar-layout":"default","site-content-layout":"","ast-site-content-layout":"default","site-content-style":"default","site-sidebar-style":"default","ast-global-header-display":"","ast-banner-title-visibility":"","ast-main-header-display":"","ast-hfb-above-header-display":"","ast-hfb-below-header-display":"","ast-hfb-mobile-header-display":"","site-post-title":"","ast-breadcrumbs-content":"","ast-featured-img":"","footer-sml-layout":"","theme-transparent-header-meta":"","adv-header-id-meta":"","stick-header-meta":"","header-above-stick-meta":"","header-main-stick-meta":"","header-below-stick-meta":"","astra-migrate-meta-layouts":"set","ast-page-background-enabled":"default","ast-page-background-meta":{"desktop":{"background-color":"var(--ast-global-color-4)","background-image":"","background-repeat":"repeat","background-position":"center center","background-size":"auto","background-attachment":"scroll","background-type":"","background-media":"","overlay-type":"","overlay-color":"","overlay-opacity":"","overlay-gradient":""},"tablet":{"background-color":"","background-image":"","background-repeat":"repeat","background-position":"center center","background-size":"auto","background-attachment":"scroll","background-type":"","background-media":"","overlay-type":"","overlay-color":"","overlay-opacity":"","overlay-gradient":""},"mobile":{"background-color":"","background-image":"","background-repeat":"repeat","background-position":"center center","background-size":"auto","background-attachment":"scroll","background-type":"","background-media":"","overlay-type":"","overlay-color":"","overlay-opacity":"","overlay-gradient":""}},"ast-content-background-meta":{"desktop":{"background-color":"var(--ast-global-color-5)","background-image":"","background-repeat":"repeat","background-position":"center center","background-size":"auto","background-attachment":"scroll","background-type":"","background-media":"","overlay-type":"","overlay-color":"","overlay-opacity":"","overlay-gradient":""},"tablet":{"background-color":"var(--ast-global-color-5)","background-image":"","background-repeat":"repeat","background-position":"center center","background-size":"auto","background-attachment":"scroll","background-type":"","background-media":"","overlay-type":"","overlay-color":"","overlay-opacity":"","overlay-gradient":""},"mobile":{"background-color":"var(--ast-global-color-5)","background-image":"","background-repeat":"repeat","background-position":"center center","background-size":"auto","background-attachment":"scroll","background-type":"","background-media":"","overlay-type":"","overlay-color":"","overlay-opacity":"","overlay-gradient":""}},"footnotes":""},"class_list":["post-5151","page","type-page","status-publish","hentry"],"post_mailing_queue_ids":[],"_links":{"self":[{"href":"https:\/\/agora.xtec.cat\/ceipladraga\/wp-json\/wp\/v2\/pages\/5151","targetHints":{"allow":["GET"]}}],"collection":[{"href":"https:\/\/agora.xtec.cat\/ceipladraga\/wp-json\/wp\/v2\/pages"}],"about":[{"href":"https:\/\/agora.xtec.cat\/ceipladraga\/wp-json\/wp\/v2\/types\/page"}],"author":[{"embeddable":true,"href":"https:\/\/agora.xtec.cat\/ceipladraga\/wp-json\/wp\/v2\/users\/20"}],"replies":[{"embeddable":true,"href":"https:\/\/agora.xtec.cat\/ceipladraga\/wp-json\/wp\/v2\/comments?post=5151"}],"version-history":[{"count":6,"href":"https:\/\/agora.xtec.cat\/ceipladraga\/wp-json\/wp\/v2\/pages\/5151\/revisions"}],"predecessor-version":[{"id":15969,"href":"https:\/\/agora.xtec.cat\/ceipladraga\/wp-json\/wp\/v2\/pages\/5151\/revisions\/15969"}],"up":[{"embeddable":true,"href":"https:\/\/agora.xtec.cat\/ceipladraga\/wp-json\/wp\/v2\/pages\/22"}],"wp:attachment":[{"href":"https:\/\/agora.xtec.cat\/ceipladraga\/wp-json\/wp\/v2\/media?parent=5151"}],"curies":[{"name":"wp","href":"https:\/\/api.w.org\/{rel}","templated":true}]}}