{"id":4658,"date":"2017-12-22T09:39:59","date_gmt":"2017-12-22T08:39:59","guid":{"rendered":"http:\/\/agora.xtec.cat\/ceipladraga\/?page_id=4658"},"modified":"2018-04-20T13:11:09","modified_gmt":"2018-04-20T11:11:09","slug":"biblioteca","status":"publish","type":"page","link":"https:\/\/agora.xtec.cat\/ceipladraga\/projecte-educatiu\/biblioteca\/","title":{"rendered":"Biblioteca"},"content":{"rendered":"<p><strong>SANT JORDI<\/strong><\/p>\n<p>Dilluns vinent \u00e9s Sant Jordi&#8230;mireu com s&#8217;ha engalanat la nostra biblioteca!.\u00a0 A m\u00e9s, ens han arribat un munt de llibres molt interessants. Veniu a fer-hi una ullada!<\/p>\n<p><img loading=\"lazy\" decoding=\"async\" class=\"aligncenter wp-image-5178\" src=\"http:\/\/agora.xtec.cat\/ceipladraga\/wp-content\/uploads\/usu1220\/2017\/12\/IMG_7415-1-768x1024.jpeg\" alt=\"\" width=\"503\" height=\"670\" srcset=\"https:\/\/agora.xtec.cat\/ceipladraga\/wp-content\/uploads\/usu1220\/2017\/12\/IMG_7415-1-768x1024.jpeg 768w, https:\/\/agora.xtec.cat\/ceipladraga\/wp-content\/uploads\/usu1220\/2017\/12\/IMG_7415-1-225x300.jpeg 225w\" sizes=\"auto, (max-width: 503px) 100vw, 503px\" \/><\/p>\n<p><img loading=\"lazy\" decoding=\"async\" class=\"aligncenter wp-image-5177\" src=\"http:\/\/agora.xtec.cat\/ceipladraga\/wp-content\/uploads\/usu1220\/2017\/12\/IMG_7414-1-768x1024.jpeg\" alt=\"\" width=\"306\" height=\"408\" srcset=\"https:\/\/agora.xtec.cat\/ceipladraga\/wp-content\/uploads\/usu1220\/2017\/12\/IMG_7414-1-768x1024.jpeg 768w, https:\/\/agora.xtec.cat\/ceipladraga\/wp-content\/uploads\/usu1220\/2017\/12\/IMG_7414-1-225x300.jpeg 225w\" sizes=\"auto, (max-width: 306px) 100vw, 306px\" \/><br \/>\n<img loading=\"lazy\" decoding=\"async\" class=\"wp-image-5175 aligncenter\" src=\"http:\/\/agora.xtec.cat\/ceipladraga\/wp-content\/uploads\/usu1220\/2017\/12\/IMG_7416-1024x768.jpeg\" alt=\"\" width=\"578\" height=\"434\" srcset=\"https:\/\/agora.xtec.cat\/ceipladraga\/wp-content\/uploads\/usu1220\/2017\/12\/IMG_7416-1024x768.jpeg 1024w, https:\/\/agora.xtec.cat\/ceipladraga\/wp-content\/uploads\/usu1220\/2017\/12\/IMG_7416-300x225.jpeg 300w, https:\/\/agora.xtec.cat\/ceipladraga\/wp-content\/uploads\/usu1220\/2017\/12\/IMG_7416-768x576.jpeg 768w, https:\/\/agora.xtec.cat\/ceipladraga\/wp-content\/uploads\/usu1220\/2017\/12\/IMG_7416-200x150.jpeg 200w\" sizes=\"auto, (max-width: 578px) 100vw, 578px\" \/><\/p>\n<p>&nbsp;<\/p>\n<p>&nbsp;<\/p>\n<p><strong>BENVINGUTS\/ES A LA NOSTRA S\u00daPER BIBLIOTECA!!!<\/strong><\/p>\n<p><span style=\"text-decoration: underline;\">Qu\u00e8 hi fem?<img loading=\"lazy\" decoding=\"async\" class=\"wp-image-4941 alignright\" src=\"http:\/\/agora.xtec.cat\/ceipladraga\/wp-content\/uploads\/usu1220\/2017\/12\/Trudi-i-Ratibibli-La-Draga.jpg\" alt=\"\" width=\"264\" height=\"198\" \/><\/span><\/p>\n<p>A la nostra biblioteca hi tenim 2 amics amagats que es diuen: Ratibibli i Trudi.<\/p>\n<p>Aquestes dues mascotes expliquen contes als nens i nenes m\u00e9s petits de l&#8217;escola.<\/p>\n<p>Tenim la biblioteca dividida en tres seccions: la primera \u00e9s la secci\u00f3 dels m\u00e9s petits amb molts i molts contes. La segona \u00e9s la secci\u00f3 d&#8217;imaginaci\u00f3 amb un munt de llibres per llegir i passar unes estones fant\u00e0stiques. I la tercera secci\u00f3 \u00e9s la de consulta, perqu\u00e8 si mai necessitem informaci\u00f3 la puguem trobar.<\/p>\n<p>Tots aquests llibres els podem demanar de pr\u00e9stec per\u00f2 al cap d&#8217;un mes els hem de retornar en bon estat!<\/p>\n<p>A les hores del pati tamb\u00e9 podem anar a la biblioteca a llegir o cercar informaci\u00f3, per\u00f2 cada curs t\u00e9 uns dies assignats!<\/p>\n<p>Veniu a visitar-la!<\/p>\n","protected":false},"excerpt":{"rendered":"<p>SANT JORDI Dilluns vinent \u00e9s Sant Jordi&#8230;mireu com s&#8217;ha engalanat la nostra biblioteca!.\u00a0 A m\u00e9s, ens han arribat un munt [&hellip;]<\/p>\n","protected":false},"author":1,"featured_media":0,"parent":64,"menu_order":0,"comment_status":"closed","ping_status":"closed","template":"page-templates\/side-menu.php","meta":{"_bbp_topic_count":0,"_bbp_reply_count":0,"_bbp_total_topic_count":0,"_bbp_total_reply_count":0,"_bbp_voice_count":0,"_bbp_anonymous_reply_count":0,"_bbp_topic_count_hidden":0,"_bbp_reply_count_hidden":0,"_bbp_forum_subforum_count":0,"site-sidebar-layout":"default","site-content-layout":"","ast-site-content-layout":"","site-content-style":"default","site-sidebar-style":"default","ast-global-header-display":"","ast-banner-title-visibility":"","ast-main-header-display":"","ast-hfb-above-header-display":"","ast-hfb-below-header-display":"","ast-hfb-mobile-header-display":"","site-post-title":"","ast-breadcrumbs-content":"","ast-featured-img":"","footer-sml-layout":"","theme-transparent-header-meta":"","adv-header-id-meta":"","stick-header-meta":"","header-above-stick-meta":"","header-main-stick-meta":"","header-below-stick-meta":"","astra-migrate-meta-layouts":"default","ast-page-background-enabled":"default","ast-page-background-meta":{"desktop":{"background-color":"var(--ast-global-color-4)","background-image":"","background-repeat":"repeat","background-position":"center center","background-size":"auto","background-attachment":"scroll","background-type":"","background-media":"","overlay-type":"","overlay-color":"","overlay-opacity":"","overlay-gradient":""},"tablet":{"background-color":"","background-image":"","background-repeat":"repeat","background-position":"center center","background-size":"auto","background-attachment":"scroll","background-type":"","background-media":"","overlay-type":"","overlay-color":"","overlay-opacity":"","overlay-gradient":""},"mobile":{"background-color":"","background-image":"","background-repeat":"repeat","background-position":"center center","background-size":"auto","background-attachment":"scroll","background-type":"","background-media":"","overlay-type":"","overlay-color":"","overlay-opacity":"","overlay-gradient":""}},"ast-content-background-meta":{"desktop":{"background-color":"var(--ast-global-color-5)","background-image":"","background-repeat":"repeat","background-position":"center center","background-size":"auto","background-attachment":"scroll","background-type":"","background-media":"","overlay-type":"","overlay-color":"","overlay-opacity":"","overlay-gradient":""},"tablet":{"background-color":"var(--ast-global-color-5)","background-image":"","background-repeat":"repeat","background-position":"center center","background-size":"auto","background-attachment":"scroll","background-type":"","background-media":"","overlay-type":"","overlay-color":"","overlay-opacity":"","overlay-gradient":""},"mobile":{"background-color":"var(--ast-global-color-5)","background-image":"","background-repeat":"repeat","background-position":"center center","background-size":"auto","background-attachment":"scroll","background-type":"","background-media":"","overlay-type":"","overlay-color":"","overlay-opacity":"","overlay-gradient":""}},"footnotes":""},"class_list":["post-4658","page","type-page","status-publish","hentry"],"post_mailing_queue_ids":[],"_links":{"self":[{"href":"https:\/\/agora.xtec.cat\/ceipladraga\/wp-json\/wp\/v2\/pages\/4658","targetHints":{"allow":["GET"]}}],"collection":[{"href":"https:\/\/agora.xtec.cat\/ceipladraga\/wp-json\/wp\/v2\/pages"}],"about":[{"href":"https:\/\/agora.xtec.cat\/ceipladraga\/wp-json\/wp\/v2\/types\/page"}],"author":[{"embeddable":true,"href":"https:\/\/agora.xtec.cat\/ceipladraga\/wp-json\/wp\/v2\/users\/1"}],"replies":[{"embeddable":true,"href":"https:\/\/agora.xtec.cat\/ceipladraga\/wp-json\/wp\/v2\/comments?post=4658"}],"version-history":[{"count":4,"href":"https:\/\/agora.xtec.cat\/ceipladraga\/wp-json\/wp\/v2\/pages\/4658\/revisions"}],"predecessor-version":[{"id":5180,"href":"https:\/\/agora.xtec.cat\/ceipladraga\/wp-json\/wp\/v2\/pages\/4658\/revisions\/5180"}],"up":[{"embeddable":true,"href":"https:\/\/agora.xtec.cat\/ceipladraga\/wp-json\/wp\/v2\/pages\/64"}],"wp:attachment":[{"href":"https:\/\/agora.xtec.cat\/ceipladraga\/wp-json\/wp\/v2\/media?parent=4658"}],"curies":[{"name":"wp","href":"https:\/\/api.w.org\/{rel}","templated":true}]}}