{"id":38,"date":"2014-09-18T12:34:08","date_gmt":"2014-09-18T12:34:08","guid":{"rendered":"http:\/\/agora.xtec.cat\/ceipladraga\/?page_id=38"},"modified":"2023-09-21T11:43:41","modified_gmt":"2023-09-21T09:43:41","slug":"salut","status":"publish","type":"page","link":"https:\/\/agora.xtec.cat\/ceipladraga\/lescola\/salut\/","title":{"rendered":"Salut"},"content":{"rendered":"<h5><strong>Administraci\u00f3 medicaments<\/strong><\/h5>\n<p>D\u2019acord amb el que determina la normativa referida a l\u2019Administraci\u00f3 de medicaments als alumnes aprovada en la Resoluci\u00f3 de 20 de juny de 2018 per la qual s\u2019aproven els documents per a l\u2019organitzaci\u00f3 i gesti\u00f3 dels centres:<\/p>\n<p>\u201cPer poder administrar medicaments als alumnes sempre que sigui imprescindible fer-ho en horari lectiu, cal que els pares, mares o tutors legals aportin un informe del metge on consti el nom de l&#8217;alumne, el nom del medicament que ha de prendre i la seva pauta d\u2019administraci\u00f3. Aix\u00ed mateix, els pares o tutors legals han d&#8217;aportar un escrit on es demani al director del centre educatiu l\u2019administraci\u00f3 al seu fill del medicament prescrit, d\u2019acord amb les pautes que constin en l\u2019informe esmentat i s\u2019autoritzi la seva administraci\u00f3 als docents del centre.\u201d<\/p>\n<p>En cas d\u2019incompliment d\u2019alguna d\u2019aquestes condicions NO es podr\u00e0 subministrar el medicament a l\u2019alumne\/a.<\/p>\n<p><a href=\"https:\/\/drive.google.com\/file\/d\/1wrOtxy3CBlnPV4UoLcRYOK3-fBvyJgYo\/view?usp=sharing\">Document autoritzaci\u00f3<\/a><\/p>\n<h5><strong>Polls<\/strong><\/h5>\n<p>Qu\u00e8 s\u00f3n i qu\u00e8 hem de fer? Us deixem dos enlla\u00e7os que us poden ajudar.<\/p>\n<p><a href=\"https:\/\/canalsalut.gencat.cat\/ca\/detalls\/article\/Polls-00001\">Canal Salut gencat<\/a><\/p>\n<p><a href=\"https:\/\/drive.google.com\/file\/d\/0BycdSwHdoxwXM1R6SWc1blE1OGs\/view?usp=sharing\">No m\u00e9s polls<\/a><img loading=\"lazy\" decoding=\"async\" class=\"aligncenter size-large wp-image-3771\" style=\"font-family: inherit; font-size: 1em;\" src=\"http:\/\/agora.xtec.cat\/ceipladraga\/wp-content\/uploads\/usu1220\/2017\/08\/Captura-de-pantalla-2017-08-26-a-les-13.03.20-1024x495.png\" alt=\"\" width=\"1024\" height=\"495\" srcset=\"https:\/\/agora.xtec.cat\/ceipladraga\/wp-content\/uploads\/usu1220\/2017\/08\/Captura-de-pantalla-2017-08-26-a-les-13.03.20-1024x495.png 1024w, https:\/\/agora.xtec.cat\/ceipladraga\/wp-content\/uploads\/usu1220\/2017\/08\/Captura-de-pantalla-2017-08-26-a-les-13.03.20-300x145.png 300w, https:\/\/agora.xtec.cat\/ceipladraga\/wp-content\/uploads\/usu1220\/2017\/08\/Captura-de-pantalla-2017-08-26-a-les-13.03.20-768x371.png 768w, https:\/\/agora.xtec.cat\/ceipladraga\/wp-content\/uploads\/usu1220\/2017\/08\/Captura-de-pantalla-2017-08-26-a-les-13.03.20.png 1175w\" sizes=\"auto, (max-width: 1024px) 100vw, 1024px\" \/><\/p>\n","protected":false},"excerpt":{"rendered":"<p>Administraci\u00f3 medicaments D\u2019acord amb el que determina la normativa referida a l\u2019Administraci\u00f3 de medicaments als alumnes aprovada en la Resoluci\u00f3 [&hellip;]<\/p>\n","protected":false},"author":2,"featured_media":0,"parent":22,"menu_order":80,"comment_status":"closed","ping_status":"closed","template":"page-templates\/side-menu.php","meta":{"_bbp_topic_count":0,"_bbp_reply_count":0,"_bbp_total_topic_count":0,"_bbp_total_reply_count":0,"_bbp_voice_count":0,"_bbp_anonymous_reply_count":0,"_bbp_topic_count_hidden":0,"_bbp_reply_count_hidden":0,"_bbp_forum_subforum_count":0,"site-sidebar-layout":"default","site-content-layout":"","ast-site-content-layout":"","site-content-style":"default","site-sidebar-style":"default","ast-global-header-display":"","ast-banner-title-visibility":"","ast-main-header-display":"","ast-hfb-above-header-display":"","ast-hfb-below-header-display":"","ast-hfb-mobile-header-display":"","site-post-title":"","ast-breadcrumbs-content":"","ast-featured-img":"","footer-sml-layout":"","theme-transparent-header-meta":"","adv-header-id-meta":"","stick-header-meta":"","header-above-stick-meta":"","header-main-stick-meta":"","header-below-stick-meta":"","astra-migrate-meta-layouts":"default","ast-page-background-enabled":"default","ast-page-background-meta":{"desktop":{"background-color":"var(--ast-global-color-4)","background-image":"","background-repeat":"repeat","background-position":"center center","background-size":"auto","background-attachment":"scroll","background-type":"","background-media":"","overlay-type":"","overlay-color":"","overlay-opacity":"","overlay-gradient":""},"tablet":{"background-color":"","background-image":"","background-repeat":"repeat","background-position":"center center","background-size":"auto","background-attachment":"scroll","background-type":"","background-media":"","overlay-type":"","overlay-color":"","overlay-opacity":"","overlay-gradient":""},"mobile":{"background-color":"","background-image":"","background-repeat":"repeat","background-position":"center center","background-size":"auto","background-attachment":"scroll","background-type":"","background-media":"","overlay-type":"","overlay-color":"","overlay-opacity":"","overlay-gradient":""}},"ast-content-background-meta":{"desktop":{"background-color":"var(--ast-global-color-5)","background-image":"","background-repeat":"repeat","background-position":"center center","background-size":"auto","background-attachment":"scroll","background-type":"","background-media":"","overlay-type":"","overlay-color":"","overlay-opacity":"","overlay-gradient":""},"tablet":{"background-color":"var(--ast-global-color-5)","background-image":"","background-repeat":"repeat","background-position":"center center","background-size":"auto","background-attachment":"scroll","background-type":"","background-media":"","overlay-type":"","overlay-color":"","overlay-opacity":"","overlay-gradient":""},"mobile":{"background-color":"var(--ast-global-color-5)","background-image":"","background-repeat":"repeat","background-position":"center center","background-size":"auto","background-attachment":"scroll","background-type":"","background-media":"","overlay-type":"","overlay-color":"","overlay-opacity":"","overlay-gradient":""}},"footnotes":""},"class_list":["post-38","page","type-page","status-publish","hentry"],"post_mailing_queue_ids":[],"_links":{"self":[{"href":"https:\/\/agora.xtec.cat\/ceipladraga\/wp-json\/wp\/v2\/pages\/38","targetHints":{"allow":["GET"]}}],"collection":[{"href":"https:\/\/agora.xtec.cat\/ceipladraga\/wp-json\/wp\/v2\/pages"}],"about":[{"href":"https:\/\/agora.xtec.cat\/ceipladraga\/wp-json\/wp\/v2\/types\/page"}],"author":[{"embeddable":true,"href":"https:\/\/agora.xtec.cat\/ceipladraga\/wp-json\/wp\/v2\/users\/2"}],"replies":[{"embeddable":true,"href":"https:\/\/agora.xtec.cat\/ceipladraga\/wp-json\/wp\/v2\/comments?post=38"}],"version-history":[{"count":3,"href":"https:\/\/agora.xtec.cat\/ceipladraga\/wp-json\/wp\/v2\/pages\/38\/revisions"}],"predecessor-version":[{"id":13514,"href":"https:\/\/agora.xtec.cat\/ceipladraga\/wp-json\/wp\/v2\/pages\/38\/revisions\/13514"}],"up":[{"embeddable":true,"href":"https:\/\/agora.xtec.cat\/ceipladraga\/wp-json\/wp\/v2\/pages\/22"}],"wp:attachment":[{"href":"https:\/\/agora.xtec.cat\/ceipladraga\/wp-json\/wp\/v2\/media?parent=38"}],"curies":[{"name":"wp","href":"https:\/\/api.w.org\/{rel}","templated":true}]}}