{"id":3517,"date":"2017-06-21T13:25:22","date_gmt":"2017-06-21T11:25:22","guid":{"rendered":"http:\/\/agora.xtec.cat\/ceipladraga\/?page_id=3517"},"modified":"2023-09-20T16:21:16","modified_gmt":"2023-09-20T14:21:16","slug":"p3","status":"publish","type":"page","link":"https:\/\/agora.xtec.cat\/ceipladraga\/especialitats\/aula-de-musica-2\/p3\/","title":{"rendered":"i3, i4 i i5"},"content":{"rendered":"<p>23 d&#8217;abril de 2020<\/p>\n<p>Feli\u00e7 diada de Sant Jordi a tothom!<\/p>\n<p>Avui us porto una proposta per a tots els gustos:<\/p>\n<ul>\n<li>Si teniu ganes de cantar, aquesta \u00e9s per vosaltres:<\/li>\n<\/ul>\n<div class=\"ast-oembed-container \" style=\"height: 100%;\"><iframe loading=\"lazy\" title=\"Sant Jordi\" width=\"500\" height=\"281\" src=\"https:\/\/www.youtube.com\/embed\/Q_O_OmJ31t8?feature=oembed\" frameborder=\"0\" allow=\"accelerometer; autoplay; clipboard-write; encrypted-media; gyroscope; picture-in-picture; web-share\" referrerpolicy=\"strict-origin-when-cross-origin\" allowfullscreen><\/iframe><\/div>\n<p>Aqu\u00ed teniu tamb\u00e9 la can\u00e7\u00f3 original de la D\u00e0maris Gelabert amb el conte en dibuixos i la lletra per anar llegint si sou m\u00e9s grans<\/p>\n<div class=\"ast-oembed-container \" style=\"height: 100%;\"><iframe loading=\"lazy\" title=\"SANT JORDI  (versi\u00f3 D\u00e0maris Gelabert - can\u00e7ons populars + noves)\" width=\"500\" height=\"281\" src=\"https:\/\/www.youtube.com\/embed\/-4wkoJ_ekBE?feature=oembed\" frameborder=\"0\" allow=\"accelerometer; autoplay; clipboard-write; encrypted-media; gyroscope; picture-in-picture; web-share\" referrerpolicy=\"strict-origin-when-cross-origin\" allowfullscreen><\/iframe><\/div>\n<ul>\n<li>Si teniu ganes de moure-us i ballar en fam\u00edlia, cliqueu aquest altre enlla\u00e7<\/li>\n<\/ul>\n<div class=\"ast-oembed-container \" style=\"height: 100%;\"><iframe loading=\"lazy\" title=\"Dracs i princeses\" width=\"500\" height=\"281\" src=\"https:\/\/www.youtube.com\/embed\/f4SrW_0U9CQ?feature=oembed\" frameborder=\"0\" allow=\"accelerometer; autoplay; clipboard-write; encrypted-media; gyroscope; picture-in-picture; web-share\" referrerpolicy=\"strict-origin-when-cross-origin\" allowfullscreen><\/iframe><\/div>\n<p>Totes les propostes que us envio s\u00f3n fetes amb la humil intenci\u00f3 que els nens i nenes de l&#8217;escola puguin passar una estona entretinguda a trav\u00e9s de la m\u00fasica. Disculpeu que els mitjans s\u00f3n molt senzills, nom\u00e9s tinc un m\u00f2bil vell i les quatre parets de la meva petita casa, des de la qual, per cert, us envio una forta abra\u00e7ada i el desig que estigueu tots b\u00e9 i ens retrobem aviat! Si us ha agradat, em podeu fer un petit retorn al meu correu laiajansana@ceipladraga.cat i m&#8217;encantar\u00e0 llegir els vostres comentaris!<\/p>\n<p>20 d&#8217;abril de 2020<\/p>\n<p>Hola fam\u00edlies!<\/p>\n<p>Avui us torno a portar una proposta musical molt breu per jugar en fam\u00edlia. Escoltareu una m\u00fasica de contrastos fort-fluix. Mentre sona fluix, ens amaguem la cara entre les mans, o amb un tros de tela, un barret&#8230; i quan sona fort, obrim ben amples els bra\u00e7os, fem una ganyota, o una est\u00e0tua divertida&#8230; imaginaci\u00f3 al poder! Us he gravat la proposta en un v\u00eddeo, i us enlla\u00e7o tamb\u00e9 la m\u00fasica (del CD R\u00edtmica a l&#8217;Escola 2) per si voleu fer-ho vosaltres. Una abra\u00e7ada ben confinada i esperem que fins ben aviat!<\/p>\n<div class=\"ast-oembed-container \" style=\"height: 100%;\"><iframe loading=\"lazy\" title=\"ganyotes i sorpreses\" width=\"500\" height=\"281\" src=\"https:\/\/www.youtube.com\/embed\/2FzOy-PEDqs?feature=oembed\" frameborder=\"0\" allow=\"accelerometer; autoplay; clipboard-write; encrypted-media; gyroscope; picture-in-picture; web-share\" referrerpolicy=\"strict-origin-when-cross-origin\" allowfullscreen><\/iframe><\/div>\n<!--[if lt IE 9]><script>document.createElement('audio');<\/script><![endif]-->\n<audio class=\"wp-audio-shortcode\" id=\"audio-3517-1\" preload=\"none\" style=\"width: 100%;\" controls=\"controls\"><source type=\"audio\/mpeg\" src=\"https:\/\/agora.xtec.cat\/ceipladraga\/wp-content\/uploads\/usu1220\/2020\/04\/39-Fort-Fluix.m4a?_=1\" \/><a href=\"https:\/\/agora.xtec.cat\/ceipladraga\/wp-content\/uploads\/usu1220\/2020\/04\/39-Fort-Fluix.m4a\">https:\/\/agora.xtec.cat\/ceipladraga\/wp-content\/uploads\/usu1220\/2020\/04\/39-Fort-Fluix.m4a<\/a><\/audio>\n<p>16 d&#8217;abril de 2020<\/p>\n<p>Hola fam\u00edlies!<\/p>\n<p style=\"text-align: justify;\">Avui en primer lloc, us deixo l&#8217;enlla\u00e7 al <a href=\"https:\/\/view.genial.ly\/5e83abcf59ee3c0df4e2ecb6\">Musijoc, el joc musical on-line<\/a> per jugar en fam\u00edlia que us van fer arribar les tutores. L&#8217;hem creat tres mestres de m\u00fasica que som molt amigues. Ens ho hem passat molt b\u00e9 fent-lo i hi hem posat molta il\u00b7lusi\u00f3 esperant que us faci passar una bona estona en fam\u00edlia.<\/p>\n<p style=\"text-align: justify;\">Desitjo que aquests dies per casa tot us estigui anant b\u00e9. Imagino que hi deu haver moments de tot&#8230; Per refor\u00e7ar rutines i h\u00e0bits d&#8217;autonomia, us comparteixo unes <a href=\"https:\/\/www.youtube.com\/playlist?list=PL4Usr2q7XP3eXaKXBcPYF9k2JbQFw6RHa\">can\u00e7onetes<\/a> que han preparat les companyes de l&#8217;escola Font de l&#8217;Abella. Les podeu utilitzar per fer m\u00e9s amena una rutina que costi: llevar-se, vestir-se, recollir, anar a fer pip\u00ed&#8230; Proveu a cantar-les per fer aquesta estona m\u00e9s divertida!<\/p>\n<p style=\"text-align: justify;\">Per \u00faltim, la proposta musical d&#8217;avui: EL JOC DE LES EST\u00c0TUES! Us convido a fer-la en fam\u00edlia per passar una bona estona i activar el cos!<\/p>\n<p style=\"text-align: justify;\">A les sessions de m\u00fasica i dansa utilitzo molt el moviment lliure a partir de diferents propostes: m\u00fasiques de contrastos, consignes de parts del cos, diferents materials com mocadors, cintes, saquets, instruments de percussi\u00f3, c\u00e8rcols&#8230; He preparat aquesta m\u00fasica amb molts silencis. Es tracta de ballar i convertir-se en una est\u00e0tua quan la m\u00fasica s&#8217;atura. Espero que us divertiu!<\/p>\n<div class=\"ast-oembed-container \" style=\"height: 100%;\"><iframe loading=\"lazy\" title=\"joc de les est\u00e0tues\" width=\"500\" height=\"281\" src=\"https:\/\/www.youtube.com\/embed\/DF3uz31Kmp0?feature=oembed\" frameborder=\"0\" allow=\"accelerometer; autoplay; clipboard-write; encrypted-media; gyroscope; picture-in-picture; web-share\" referrerpolicy=\"strict-origin-when-cross-origin\" allowfullscreen><\/iframe><\/div>\n<p>14 d&#8217;abril de 2020<\/p>\n<p style=\"text-align: justify;\">Estimades fam\u00edlies!<\/p>\n<p style=\"text-align: justify;\">Quan ens van enviar a casa el mes de mar\u00e7, mentre ens acomiad\u00e0vem pels passadissos, als mestres ens semblava molt llunyana la possibilitat de no tornar fins passat Setmana Santa&#8230; i ja veieu, ara ni tan sols sabem quan tornarem!<\/p>\n<p style=\"text-align: justify;\">Durant el confinament el dia a dia no \u00e9s f\u00e0cil, i suposo que molts de vosaltres us reincorporeu als vostres llocs de treball, potser teniu familiars malalts o altres dificultats&#8230; Des de les quatre parets de casa meva us envio\u00a0 una abra\u00e7ada ben forta i el desig que malgrat les circumst\u00e0ncies pugueu trobar petits espais d&#8217;alegria compartida amb els vostres fills i filles.\u00a0 \u00c9s amb aquesta voluntat que us faig arribar les propostes de m\u00fasica, pensades amb il\u00b7lusi\u00f3 i fetes amb el cor no per donar-vos m\u00e9s feina, sin\u00f3 perqu\u00e8 pugueu fer una activitat en fam\u00edlia que us ho faci passar b\u00e9 una estoneta d&#8217;aquests dies que a vegades es fan tan llargs.<\/p>\n<p style=\"text-align: justify;\">Disculpeu l&#8217;entradeta d&#8217;avui que \u00e9s una mica m\u00e9s llarga del normal, ja que davant d&#8217;aquesta situaci\u00f3 tan excepcional tamb\u00e9 em sento amb la necessitat de fer-vos arribar un missatge de proximitat i suport. Dit tot aix\u00f2&#8230; ANEM A FER M\u00daSICA!<\/p>\n<p>Necessiteu una pe\u00e7a de tela que tingui una mica de vol (un mocador de seda, un tros de llen\u00e7ol&#8230;)<\/p>\n<p style=\"text-align: justify;\">La proposta d&#8217;avui \u00e9s una can\u00e7oneta que no trobareu enlloc m\u00e9s, i que \u00e9s de les primeres que vaig ensenyar als nens i nenes de p3. La vaig adaptar al catal\u00e0 d&#8217;un v\u00eddeo casol\u00e0 molt mal gravat que vaig trobar un dia per youtube i que no he trobat mai m\u00e9s. \u00c9s un joc de mocadors pels m\u00e9s petits de la casa. Us n&#8217;he fet un v\u00eddeo perqu\u00e8 la pugueu cantar.<\/p>\n<div class=\"ast-oembed-container \" style=\"height: 100%;\"><iframe loading=\"lazy\" title=\"can\u00e7\u00f3 del mocador\" width=\"500\" height=\"281\" src=\"https:\/\/www.youtube.com\/embed\/wdB1ZcWoEJw?feature=oembed\" frameborder=\"0\" allow=\"accelerometer; autoplay; clipboard-write; encrypted-media; gyroscope; picture-in-picture; web-share\" referrerpolicy=\"strict-origin-when-cross-origin\" allowfullscreen><\/iframe><\/div>\n<p style=\"text-align: justify;\">La proposta continua amb una m\u00fasica de contrastos r\u00e0pid\/lent per moure&#8217;s lliurement ballant amb el mocador. Us convido a ballar amb la m\u00fasica movent el mocador al ritme de la m\u00fasica. Aquesta activitat \u00e9s d&#8217;una pedagoga musical que es diu N\u00faria Camps Barber (Nurcaba) i es dedica a preparar unes sessions de m\u00fasica en fam\u00edlia meravelloses. Us deixo enlla\u00e7ada la seva p\u00e0gina <a href=\"https:\/\/nurcaba.com\/#nurcaba\">web<\/a>, <a href=\"https:\/\/www.instagram.com\/nuria_music_yoga\/\">instagram<\/a> i <a href=\"https:\/\/www.youtube.com\/channel\/UCb8R886FU0vmdb166oB882w\">canal de youtube<\/a> on podeu trobar moltes altres propostes, i fins i tot, si us animeu, apuntar-vos a alguna de les seves sessions de m\u00fasica en fam\u00edlia per a totes les edats per streaming.<\/p>\n<div class=\"ast-oembed-container \" style=\"height: 100%;\"><iframe loading=\"lazy\" title=\"r\u00e0pid i lent\" width=\"500\" height=\"281\" src=\"https:\/\/www.youtube.com\/embed\/w1E16wdT5gs?feature=oembed\" frameborder=\"0\" allow=\"accelerometer; autoplay; clipboard-write; encrypted-media; gyroscope; picture-in-picture; web-share\" referrerpolicy=\"strict-origin-when-cross-origin\" allowfullscreen><\/iframe><\/div>\n<p>&nbsp;<\/p>\n<p>&nbsp;<\/p>\n<p>&nbsp;<\/p>\n<p>2\/4\/20<\/p>\n<p>Hola fam\u00edlies!<\/p>\n<p>Que voleu sortir a fer un petit volt en cotxe? No patiu, que no farem res mal fet&#8230; amb la imaginaci\u00f3 tamb\u00e9 ens ho podem passar molt b\u00e9! Veniu?<\/p>\n<div class=\"ast-oembed-container \" style=\"height: 100%;\"><iframe loading=\"lazy\" title=\"El cotxe del meu avi\" width=\"500\" height=\"281\" src=\"https:\/\/www.youtube.com\/embed\/XrtvU9-3bLU?feature=oembed\" frameborder=\"0\" allow=\"accelerometer; autoplay; clipboard-write; encrypted-media; gyroscope; picture-in-picture; web-share\" referrerpolicy=\"strict-origin-when-cross-origin\" allowfullscreen><\/iframe><\/div>\n<p>I si us heu quedat amb ganes de m\u00e9s, aqu\u00ed us deixo <a href=\"https:\/\/www.youtube.com\/watch?v=EtlXoSeuauA\">un enlla\u00e7 a una dansa<\/a> que vam estar treballant a classe, perfecte per moure una mica el cos aquests dies de confinament!<\/p>\n<p>&nbsp;<\/p>\n<hr \/>\n<p>30\/03\/20<\/p>\n<p>Hola fam\u00edlies! Continuem un dia m\u00e9s! Avui amb una can\u00e7\u00f3 que pensava ensenyar aviat als nens i nenes de p3, per\u00f2 que els de p4 i p5 ja coneixen molt b\u00e9! Espero que us agradi molt i que la pogueu aprofitar per cantar en fam\u00edlia.<\/p>\n<div class=\"ast-oembed-container \" style=\"height: 100%;\"><iframe loading=\"lazy\" title=\"Cinc petits micos\" width=\"500\" height=\"281\" src=\"https:\/\/www.youtube.com\/embed\/h_JslOQyCPQ?feature=oembed\" frameborder=\"0\" allow=\"accelerometer; autoplay; clipboard-write; encrypted-media; gyroscope; picture-in-picture; web-share\" referrerpolicy=\"strict-origin-when-cross-origin\" allowfullscreen><\/iframe><\/div>\n<p>Si us agraden les propostes i voleu fer-me una mica de retorn, m&#8217;encantar\u00e0 tenir not\u00edcies vostres a laiajansana@ceipladraga.com : v\u00eddeos, comentaris, salutacions&#8230;<\/p>\n<hr \/>\n<p>26\/03\/20<\/p>\n<p>Hola fam\u00edlies! Avui us porto dues propostes musicals:<\/p>\n<p><span style=\"font-family: inherit; font-size: 1em;\">Si teniu ganes de cantar, <\/span><a style=\"font-family: inherit; font-size: 1em;\" href=\"https:\/\/www.youtube.com\/watch?v=CHQnTfcv2g4\" target=\"_blank\" rel=\"noopener noreferrer\">cliqueu aqu\u00ed<\/a><span style=\"font-family: inherit; font-size: 1em;\">!<\/span><\/p>\n<ul>\n<li>I si teniu ganes de ballar una can\u00e7\u00f3 que hem treballat a classe de m\u00fasica,<a href=\"https:\/\/depaper.bandcamp.com\/album\/una-poma-un-pomer\"> cliqueu aqu\u00ed<\/a>! S\u00f3n les can\u00e7ons de l&#8217;espectacle &#8220;Una poma, un pomer&#8221; que vam anar a escoltar fa unes setmanes a l&#8217;Ateneu. Ens agrada molt ballar la can\u00e7\u00f3 5 pometes!<\/li>\n<\/ul>\n<hr \/>\n<p>23\/03\/20<\/p>\n<p>HOLA, HOLA!<\/p>\n<p>VOLEU DESCOBRIR LA PROPOSTA DE M\u00daSICA D&#8217;AVUI?<\/p>\n<p>PREMEU AQUESTA C\u00c0MERA&#8230;<\/p>\n<p><a href=\"https:\/\/youtu.be\/D2VlXcQ8JEA\" target=\"_blank\" rel=\"noopener noreferrer\"><img loading=\"lazy\" decoding=\"async\" class=\"alignnone size-full wp-image-7974\" src=\"https:\/\/agora.xtec.cat\/ceipladraga\/wp-content\/uploads\/usu1220\/2020\/03\/CAMERA-removebg-preview.png\" alt=\"\" width=\"244\" height=\"130\" \/><\/a><\/p>\n<p>Si us ha agradat, us faig un petit repte&#8230; La podeu cantar i enviar-me un petit v\u00eddeo a laiajansana@ceipladraga.cat<\/p>\n<p>M&#8217;encantar\u00e0 escoltar-vos des de casa vostra!<\/p>\n<p>&nbsp;<\/p>\n<p><iframe loading=\"lazy\" src=\"\/\/www.youtube.com\/embed\/JeZ4jT3XC58\" width=\"560\" height=\"314\"><\/iframe><\/p>\n<p>A la geganta Marcel\u00b7lina, un dia que s&#8217;estava tranquil\u00b7lament parant al sol, se li va acostar una abella i&#8230; zzzzzzuuuuuummmm pic! La va picar al dit! Ui, ui, ui, ai, ai, ai, quin fart de plorar! Que sabeu a on m\u00e9s la va picar? A la panxa, al nas, a la m\u00e0, al cul!<\/p>\n<p>Podeu jugar a inventar-vos molts altres llocs on l&#8217;abella va picar la pobra Marcel\u00b7lina, i divertir-vos molt fent veure que ploreu amb aquesta can\u00e7\u00f3.<\/p>\n<p>La hist\u00f2ria per\u00f2, t\u00e9 un final feli\u00e7: la geganta Marcel\u00b7lina un bon dia va callar, uns pardals la van fer riure i el mal li va passar.<\/p>\n<hr \/>\n<p>&nbsp;<\/p>\n<p>NING NONG, PRIMERES CAN\u00c7ONS<\/p>\n<p>L&#8217;estona de m\u00fasica a la nostra escola segueix sempre una estructura on es van tenint lloc les diferents activitats i que alterna moments m\u00e9s moguts i altres m\u00e9s relaxats: la benvinguda, la can\u00e7\u00f3, el moviment, la dansa, l&#8217;escolta, la descoberta&#8230; Un dels moments m\u00e9s esperats de cada sessi\u00f3 \u00e9s el Guant de can\u00e7ons.<\/p>\n<p>\u00c9s un material molt bonic que ens permet treballar les can\u00e7onetes populars catalanes de sempre, que tots els infants haurien de con\u00e8ixer i cantar de ben petitets. Recordeu que el que es canta de petit mai s&#8217;oblida, i aquestes s\u00f3n les can\u00e7ons que ens cantaven els nostres pares, i que nosaltres cantem als nostres fills i formen part del nostre bagatge hum\u00e0. Considero molt important tamb\u00e9 treballar-les a l&#8217;aula perqu\u00e8 tenim la sort de ser una escola amb una gran diversitat cultural, i per tant aquestes can\u00e7ons s\u00f3n l&#8217;oportunitat per a molts infants de con\u00e8ixer millor la nostra cultura i la nostra llengua.<\/p>\n<p>Com el treballem a l&#8217;aula? Doncs cantem una can\u00e7\u00f3 per triar i l&#8217;infant a qui li toqui pot escollir un personatge del llibre de feltre i enganxar-se&#8217;l en un guant per fer-lo ballar mentre cantem la can\u00e7\u00f3 corresponent. Us podeu imaginar que sempre tots volen posar-se el guant!<\/p>\n<p>Aqu\u00ed teniu un enlla\u00e7 d&#8217;Spotify a les can\u00e7ons que treballem amb aquest material i tamb\u00e9 una imatge del llibre\/guant perqu\u00e8 el pogueu con\u00e8ixer.<\/p>\n<p><a href=\"https:\/\/open.spotify.com\/album\/45kjQnDvkhuGGU4psBq6Q5\" target=\"_blank\" rel=\"noopener noreferrer\">Ning Nong, primeres can\u00e7ons de Jaume Barri<\/a><\/p>\n<p><img decoding=\"async\" src=\"https:\/\/www.sarriapetits.com\/wp-content\/uploads\/2012\/01\/canconer.jpg\" alt=\"Resultado de imagen de ning nong\" \/><\/p>\n","protected":false},"excerpt":{"rendered":"<p>23 d&#8217;abril de 2020 Feli\u00e7 diada de Sant Jordi a tothom! Avui us porto una proposta per a tots els [&hellip;]<\/p>\n","protected":false},"author":1,"featured_media":0,"parent":239,"menu_order":11,"comment_status":"closed","ping_status":"closed","template":"page-templates\/side-menu.php","meta":{"_bbp_topic_count":0,"_bbp_reply_count":0,"_bbp_total_topic_count":0,"_bbp_total_reply_count":0,"_bbp_voice_count":0,"_bbp_anonymous_reply_count":0,"_bbp_topic_count_hidden":0,"_bbp_reply_count_hidden":0,"_bbp_forum_subforum_count":0,"site-sidebar-layout":"default","site-content-layout":"","ast-site-content-layout":"","site-content-style":"default","site-sidebar-style":"default","ast-global-header-display":"","ast-banner-title-visibility":"","ast-main-header-display":"","ast-hfb-above-header-display":"","ast-hfb-below-header-display":"","ast-hfb-mobile-header-display":"","site-post-title":"","ast-breadcrumbs-content":"","ast-featured-img":"","footer-sml-layout":"","theme-transparent-header-meta":"","adv-header-id-meta":"","stick-header-meta":"","header-above-stick-meta":"","header-main-stick-meta":"","header-below-stick-meta":"","astra-migrate-meta-layouts":"default","ast-page-background-enabled":"default","ast-page-background-meta":{"desktop":{"background-color":"var(--ast-global-color-4)","background-image":"","background-repeat":"repeat","background-position":"center center","background-size":"auto","background-attachment":"scroll","background-type":"","background-media":"","overlay-type":"","overlay-color":"","overlay-opacity":"","overlay-gradient":""},"tablet":{"background-color":"","background-image":"","background-repeat":"repeat","background-position":"center center","background-size":"auto","background-attachment":"scroll","background-type":"","background-media":"","overlay-type":"","overlay-color":"","overlay-opacity":"","overlay-gradient":""},"mobile":{"background-color":"","background-image":"","background-repeat":"repeat","background-position":"center center","background-size":"auto","background-attachment":"scroll","background-type":"","background-media":"","overlay-type":"","overlay-color":"","overlay-opacity":"","overlay-gradient":""}},"ast-content-background-meta":{"desktop":{"background-color":"var(--ast-global-color-5)","background-image":"","background-repeat":"repeat","background-position":"center center","background-size":"auto","background-attachment":"scroll","background-type":"","background-media":"","overlay-type":"","overlay-color":"","overlay-opacity":"","overlay-gradient":""},"tablet":{"background-color":"var(--ast-global-color-5)","background-image":"","background-repeat":"repeat","background-position":"center center","background-size":"auto","background-attachment":"scroll","background-type":"","background-media":"","overlay-type":"","overlay-color":"","overlay-opacity":"","overlay-gradient":""},"mobile":{"background-color":"var(--ast-global-color-5)","background-image":"","background-repeat":"repeat","background-position":"center center","background-size":"auto","background-attachment":"scroll","background-type":"","background-media":"","overlay-type":"","overlay-color":"","overlay-opacity":"","overlay-gradient":""}},"footnotes":""},"class_list":["post-3517","page","type-page","status-publish","hentry"],"post_mailing_queue_ids":[],"_links":{"self":[{"href":"https:\/\/agora.xtec.cat\/ceipladraga\/wp-json\/wp\/v2\/pages\/3517","targetHints":{"allow":["GET"]}}],"collection":[{"href":"https:\/\/agora.xtec.cat\/ceipladraga\/wp-json\/wp\/v2\/pages"}],"about":[{"href":"https:\/\/agora.xtec.cat\/ceipladraga\/wp-json\/wp\/v2\/types\/page"}],"author":[{"embeddable":true,"href":"https:\/\/agora.xtec.cat\/ceipladraga\/wp-json\/wp\/v2\/users\/1"}],"replies":[{"embeddable":true,"href":"https:\/\/agora.xtec.cat\/ceipladraga\/wp-json\/wp\/v2\/comments?post=3517"}],"version-history":[{"count":5,"href":"https:\/\/agora.xtec.cat\/ceipladraga\/wp-json\/wp\/v2\/pages\/3517\/revisions"}],"predecessor-version":[{"id":13500,"href":"https:\/\/agora.xtec.cat\/ceipladraga\/wp-json\/wp\/v2\/pages\/3517\/revisions\/13500"}],"up":[{"embeddable":true,"href":"https:\/\/agora.xtec.cat\/ceipladraga\/wp-json\/wp\/v2\/pages\/239"}],"wp:attachment":[{"href":"https:\/\/agora.xtec.cat\/ceipladraga\/wp-json\/wp\/v2\/media?parent=3517"}],"curies":[{"name":"wp","href":"https:\/\/api.w.org\/{rel}","templated":true}]}}